{"id":18457,"date":"2024-01-29T08:23:50","date_gmt":"2024-01-29T08:23:50","guid":{"rendered":"https:\/\/testmidas.com\/catalogs\/"},"modified":"2025-09-05T08:45:48","modified_gmt":"2025-09-05T08:45:48","slug":"catalogs","status":"publish","type":"page","link":"https:\/\/midas.com.tr\/en\/catalogs\/","title":{"rendered":"Catalogs"},"content":{"rendered":"\t\t<div data-elementor-type=\"wp-page\" data-elementor-id=\"18457\" class=\"elementor elementor-18457 elementor-18435\" data-elementor-post-type=\"page\">\n\t\t\t\t\t\t<section class=\"elementor-section elementor-top-section elementor-element elementor-element-c72c4ba elementor-section-boxed elementor-section-height-default elementor-section-height-default\" data-id=\"c72c4ba\" data-element_type=\"section\">\r\n\t\t\t\t\t\t<div class=\"elementor-container elementor-column-gap-default jws_section_\" >\r\n\t\t\t\t<div class=\"elementor-column elementor-col-100 elementor-top-column elementor-element elementor-element-7eb02d1\" data-id=\"7eb02d1\" data-element_type=\"column\">\n\t\t\t<div class=\"elementor-widget-wrap elementor-element-populated\">\n\t\t\t\t\t\t<div class=\"elementor-element elementor-element-eff80f7 elementor-widget elementor-widget-heading\" data-id=\"eff80f7\" data-element_type=\"widget\" data-widget_type=\"heading.default\">\n\t\t\t\t<div class=\"elementor-widget-container\">\n\t\t\t<h1 class=\"elementor-heading-title elementor-size-default\">MIDAS JEWELRY CATALOGS<\/h1>\t\t<\/div>\n\t\t\t\t<\/div>\n\t\t\t\t<div class=\"elementor-element elementor-element-c9e6c1c elementor-widget elementor-widget-text-editor\" data-id=\"c9e6c1c\" data-element_type=\"widget\" data-widget_type=\"text-editor.default\">\n\t\t\t\t<div class=\"elementor-widget-container\">\n\t\t\t\t\t\t\t<p>At Midas, we bring gold to life with our exceptional craftsmanship and innovative technology. On this page, you will discover our carefully curated chain collections. Explore our HOLLOW Chain catalog featuring elegant hollow chain models, or delve into the SOLID Chain catalog that perfectly combines strength and elegance. You can also find our SOLIGHT catalog, showcasing finely crafted chains, as well as our unique FANCY Chains collections with artistic touches. Each catalog reflects Midas\u2019s expertise and passion for gold, designed to offer you the very best. Enjoy your exploration!     <\/p>\t\t\t\t\t\t<\/div>\n\t\t\t\t<\/div>\n\t\t\t\t\t<\/div>\n\t\t<\/div>\n\t\t\t\t      \r\n            \r\n              \r\n            \r\n            \t\r\n\t\t\t<\/div>\r\n\t\t<\/section>\r\n\t\t\t\t<section class=\"elementor-section elementor-top-section elementor-element elementor-element-a001108 elementor-section-boxed elementor-section-height-default elementor-section-height-default\" data-id=\"a001108\" data-element_type=\"section\">\r\n\t\t\t\t\t\t<div class=\"elementor-container elementor-column-gap-default jws_section_\" >\r\n\t\t\t\t<div class=\"elementor-column elementor-col-100 elementor-top-column elementor-element elementor-element-7dec304\" data-id=\"7dec304\" data-element_type=\"column\">\n\t\t\t<div class=\"elementor-widget-wrap elementor-element-populated\">\n\t\t\t\t\t\t<div class=\"elementor-element elementor-element-ac5db76 elementor-widget elementor-widget-image\" data-id=\"ac5db76\" data-element_type=\"widget\" data-widget_type=\"image.default\">\n\t\t\t\t<div class=\"elementor-widget-container\">\n\t\t\t\t\t\t\t\t\t\t\t\t\t\t<a href=\"https:\/\/midas.com.tr\/en\/hollow-chain\/\" target=\"_blank\">\n\t\t\t\t\t\t\t<img fetchpriority=\"high\" decoding=\"async\" width=\"1808\" height=\"900\" src=\"https:\/\/midas.com.tr\/wp-content\/uploads\/2024\/10\/HALLOW-CHAIN.avif\" class=\"elementor-animation-bob attachment-large size-large wp-image-20692\" alt=\"Gold Chain Manufacturer - Midas\" srcset=\"https:\/\/midas.com.tr\/wp-content\/uploads\/2024\/10\/HALLOW-CHAIN.avif 1808w, https:\/\/midas.com.tr\/wp-content\/uploads\/2024\/10\/HALLOW-CHAIN-768x382.avif 768w, https:\/\/midas.com.tr\/wp-content\/uploads\/2024\/10\/HALLOW-CHAIN-1536x765.avif 1536w, https:\/\/midas.com.tr\/wp-content\/uploads\/2024\/10\/HALLOW-CHAIN-1568x781.avif 1568w\" sizes=\"(max-width: 1808px) 100vw, 1808px\" \/>\t\t\t\t\t\t\t\t<\/a>\n\t\t\t\t\t\t\t\t\t\t\t\t\t<\/div>\n\t\t\t\t<\/div>\n\t\t\t\t\t<\/div>\n\t\t<\/div>\n\t\t\t\t      \r\n            \r\n              \r\n            \r\n            \t\r\n\t\t\t<\/div>\r\n\t\t<\/section>\r\n\t\t\t\t<section class=\"elementor-section elementor-top-section elementor-element elementor-element-1bb619c elementor-section-boxed elementor-section-height-default elementor-section-height-default\" data-id=\"1bb619c\" data-element_type=\"section\">\r\n\t\t\t\t\t\t<div class=\"elementor-container elementor-column-gap-default jws_section_\" >\r\n\t\t\t\t<div class=\"elementor-column elementor-col-100 elementor-top-column elementor-element elementor-element-2a44d27\" data-id=\"2a44d27\" data-element_type=\"column\">\n\t\t\t<div class=\"elementor-widget-wrap elementor-element-populated\">\n\t\t\t\t\t\t<div class=\"elementor-element elementor-element-6297c5f elementor-widget elementor-widget-image\" data-id=\"6297c5f\" data-element_type=\"widget\" data-widget_type=\"image.default\">\n\t\t\t\t<div class=\"elementor-widget-container\">\n\t\t\t\t\t\t\t\t\t\t\t\t\t\t<a href=\"https:\/\/midas.com.tr\/en\/solid-chain\/\" target=\"_blank\">\n\t\t\t\t\t\t\t<img decoding=\"async\" width=\"1808\" height=\"900\" src=\"https:\/\/midas.com.tr\/wp-content\/uploads\/2024\/10\/SOLID-CHAIN.avif\" class=\"elementor-animation-bob attachment-large size-large wp-image-20694\" alt=\"Gold Chain manufacturer - Midas\" srcset=\"https:\/\/midas.com.tr\/wp-content\/uploads\/2024\/10\/SOLID-CHAIN.avif 1808w, https:\/\/midas.com.tr\/wp-content\/uploads\/2024\/10\/SOLID-CHAIN-768x382.avif 768w, https:\/\/midas.com.tr\/wp-content\/uploads\/2024\/10\/SOLID-CHAIN-1536x765.avif 1536w, https:\/\/midas.com.tr\/wp-content\/uploads\/2024\/10\/SOLID-CHAIN-1568x781.avif 1568w\" sizes=\"(max-width: 1808px) 100vw, 1808px\" \/>\t\t\t\t\t\t\t\t<\/a>\n\t\t\t\t\t\t\t\t\t\t\t\t\t<\/div>\n\t\t\t\t<\/div>\n\t\t\t\t\t<\/div>\n\t\t<\/div>\n\t\t\t\t      \r\n            \r\n              \r\n            \r\n            \t\r\n\t\t\t<\/div>\r\n\t\t<\/section>\r\n\t\t\t\t<section class=\"elementor-section elementor-top-section elementor-element elementor-element-1b839ba elementor-section-boxed elementor-section-height-default elementor-section-height-default\" data-id=\"1b839ba\" data-element_type=\"section\">\r\n\t\t\t\t\t\t<div class=\"elementor-container elementor-column-gap-default jws_section_\" >\r\n\t\t\t\t<div class=\"elementor-column elementor-col-100 elementor-top-column elementor-element elementor-element-bcc0bff\" data-id=\"bcc0bff\" data-element_type=\"column\">\n\t\t\t<div class=\"elementor-widget-wrap elementor-element-populated\">\n\t\t\t\t\t\t<div class=\"elementor-element elementor-element-e058409 elementor-widget elementor-widget-image\" data-id=\"e058409\" data-element_type=\"widget\" data-widget_type=\"image.default\">\n\t\t\t\t<div class=\"elementor-widget-container\">\n\t\t\t\t\t\t\t\t\t\t\t\t\t\t<a href=\"https:\/\/midas.com.tr\/en\/hollow-fancy-chains\/\" target=\"_blank\">\n\t\t\t\t\t\t\t<img decoding=\"async\" width=\"1808\" height=\"900\" src=\"https:\/\/midas.com.tr\/wp-content\/uploads\/2024\/10\/HOLLOW-FANCY-CHAIN.avif\" class=\"elementor-animation-bob attachment-large size-large wp-image-20696\" alt=\"Gold Chain Manufacturer - Midas\" srcset=\"https:\/\/midas.com.tr\/wp-content\/uploads\/2024\/10\/HOLLOW-FANCY-CHAIN.avif 1808w, https:\/\/midas.com.tr\/wp-content\/uploads\/2024\/10\/HOLLOW-FANCY-CHAIN-768x382.avif 768w, https:\/\/midas.com.tr\/wp-content\/uploads\/2024\/10\/HOLLOW-FANCY-CHAIN-1536x765.avif 1536w, https:\/\/midas.com.tr\/wp-content\/uploads\/2024\/10\/HOLLOW-FANCY-CHAIN-1568x781.avif 1568w\" sizes=\"(max-width: 1808px) 100vw, 1808px\" \/>\t\t\t\t\t\t\t\t<\/a>\n\t\t\t\t\t\t\t\t\t\t\t\t\t<\/div>\n\t\t\t\t<\/div>\n\t\t\t\t\t<\/div>\n\t\t<\/div>\n\t\t\t\t      \r\n            \r\n              \r\n            \r\n            \t\r\n\t\t\t<\/div>\r\n\t\t<\/section>\r\n\t\t\t\t<section class=\"elementor-section elementor-top-section elementor-element elementor-element-a62f4f7 elementor-section-boxed elementor-section-height-default elementor-section-height-default\" data-id=\"a62f4f7\" data-element_type=\"section\">\r\n\t\t\t\t\t\t<div class=\"elementor-container elementor-column-gap-default jws_section_\" >\r\n\t\t\t\t<div class=\"elementor-column elementor-col-100 elementor-top-column elementor-element elementor-element-0e79688\" data-id=\"0e79688\" data-element_type=\"column\">\n\t\t\t<div class=\"elementor-widget-wrap elementor-element-populated\">\n\t\t\t\t\t\t<div class=\"elementor-element elementor-element-5d19751 elementor-widget elementor-widget-image\" data-id=\"5d19751\" data-element_type=\"widget\" data-widget_type=\"image.default\">\n\t\t\t\t<div class=\"elementor-widget-container\">\n\t\t\t\t\t\t\t\t\t\t\t\t\t\t<a href=\"https:\/\/midas.com.tr\/en\/so-light-chain-catalog\/\" target=\"_blank\">\n\t\t\t\t\t\t\t<img loading=\"lazy\" decoding=\"async\" width=\"1808\" height=\"900\" src=\"https:\/\/midas.com.tr\/wp-content\/uploads\/2024\/10\/SoLight.avif\" class=\"elementor-animation-bob attachment-large size-large wp-image-20698\" alt=\"Midas Gold Chain Manufacturer\" srcset=\"https:\/\/midas.com.tr\/wp-content\/uploads\/2024\/10\/SoLight.avif 1808w, https:\/\/midas.com.tr\/wp-content\/uploads\/2024\/10\/SoLight-768x382.avif 768w, https:\/\/midas.com.tr\/wp-content\/uploads\/2024\/10\/SoLight-1536x765.avif 1536w, https:\/\/midas.com.tr\/wp-content\/uploads\/2024\/10\/SoLight-1568x781.avif 1568w\" sizes=\"(max-width: 1808px) 100vw, 1808px\" \/>\t\t\t\t\t\t\t\t<\/a>\n\t\t\t\t\t\t\t\t\t\t\t\t\t<\/div>\n\t\t\t\t<\/div>\n\t\t\t\t\t<\/div>\n\t\t<\/div>\n\t\t\t\t      \r\n            \r\n              \r\n            \r\n            \t\r\n\t\t\t<\/div>\r\n\t\t<\/section>\r\n\t\t\t\t<section class=\"elementor-section elementor-top-section elementor-element elementor-element-2831061 elementor-section-boxed elementor-section-height-default elementor-section-height-default\" data-id=\"2831061\" data-element_type=\"section\">\r\n\t\t\t\t\t\t<div class=\"elementor-container elementor-column-gap-default jws_section_\" >\r\n\t\t\t\t<div class=\"elementor-column elementor-col-100 elementor-top-column elementor-element elementor-element-cbaf92c\" data-id=\"cbaf92c\" data-element_type=\"column\">\n\t\t\t<div class=\"elementor-widget-wrap elementor-element-populated\">\n\t\t\t\t\t\t<div class=\"elementor-element elementor-element-be47857 elementor-widget elementor-widget-text-editor\" data-id=\"be47857\" data-element_type=\"widget\" data-widget_type=\"text-editor.default\">\n\t\t\t\t<div class=\"elementor-widget-container\">\n\t\t\t\t\t\t\t<p>Beyond the chain models featured in our catalogs, Midas\u2019s fantasy jewelry collection offers elegant necklace, earring, and bracelet designs waiting for you. To view our full product range and access detailed information, you can register on our B2B platform.<span style=\"text-decoration: underline;\"><a href=\"http:\/\/www.midasb2b.com\" target=\"_blank\" rel=\"noopener\"><strong> Midas B2B<\/strong><\/a><\/span> provides you with personalized stock information, pricing options, and easy access to the latest collections. With just one click, discover the world of Midas more closely.  <\/p>\t\t\t\t\t\t<\/div>\n\t\t\t\t<\/div>\n\t\t\t\t\t<\/div>\n\t\t<\/div>\n\t\t\t\t      \r\n            \r\n              \r\n            \r\n            \t\r\n\t\t\t<\/div>\r\n\t\t<\/section>\r\n\t\t\t\t<\/div>\n\t\t","protected":false},"excerpt":{"rendered":"<p>MIDAS JEWELRY CATALOGS At Midas, we bring gold to life with our exceptional craftsmanship and innovative technology. On this page, you will discover our carefully curated chain collections. Explore our HOLLOW Chain catalog featuring elegant hollow chain models, or delve into the SOLID Chain catalog that perfectly combines strength and elegance. You can also find [&hellip;]<\/p>\n","protected":false},"author":1,"featured_media":0,"parent":0,"menu_order":0,"comment_status":"closed","ping_status":"closed","template":"","meta":{"footnotes":""},"class_list":["post-18457","page","type-page","status-publish","hentry"],"yoast_head":"<!-- This site is optimized with the Yoast SEO Premium plugin v23.9 (Yoast SEO v26.8) - https:\/\/yoast.com\/product\/yoast-seo-premium-wordpress\/ -->\n<title>Gold Chain Catalogs - Midas<\/title>\n<meta name=\"description\" content=\"You can browse the gold chain catalogs here, featuring solid and hollow gold chain models produced by Midas.\" \/>\n<meta name=\"robots\" content=\"index, follow, max-snippet:-1, max-image-preview:large, max-video-preview:-1\" \/>\n<link rel=\"canonical\" href=\"https:\/\/midas.com.tr\/en\/catalogs\/\" \/>\n<meta property=\"og:locale\" content=\"en_US\" \/>\n<meta property=\"og:type\" content=\"article\" \/>\n<meta property=\"og:title\" content=\"Catalogs\" \/>\n<meta property=\"og:description\" content=\"You can browse the gold chain catalogs here, featuring solid and hollow gold chain models produced by Midas.\" \/>\n<meta property=\"og:url\" content=\"https:\/\/midas.com.tr\/en\/catalogs\/\" \/>\n<meta property=\"og:site_name\" content=\"M\u0130DAS - The Premier Gold Chain Manufacturer\" \/>\n<meta property=\"article:modified_time\" content=\"2025-09-05T08:45:48+00:00\" \/>\n<meta name=\"twitter:card\" content=\"summary_large_image\" \/>\n<meta name=\"twitter:label1\" content=\"Est. reading time\" \/>\n\t<meta name=\"twitter:data1\" content=\"2 minutes\" \/>\n<script type=\"application\/ld+json\" class=\"yoast-schema-graph\">{\"@context\":\"https:\/\/schema.org\",\"@graph\":[{\"@type\":\"WebPage\",\"@id\":\"https:\/\/midas.com.tr\/en\/catalogs\/\",\"url\":\"https:\/\/midas.com.tr\/en\/catalogs\/\",\"name\":\"Gold Chain Catalogs - Midas\",\"isPartOf\":{\"@id\":\"https:\/\/midas.com.tr\/en\/#website\"},\"primaryImageOfPage\":{\"@id\":\"https:\/\/midas.com.tr\/en\/catalogs\/#primaryimage\"},\"image\":{\"@id\":\"https:\/\/midas.com.tr\/en\/catalogs\/#primaryimage\"},\"thumbnailUrl\":\"https:\/\/midas.com.tr\/wp-content\/uploads\/2024\/10\/HALLOW-CHAIN.avif\",\"datePublished\":\"2024-01-29T08:23:50+00:00\",\"dateModified\":\"2025-09-05T08:45:48+00:00\",\"description\":\"You can browse the gold chain catalogs here, featuring solid and hollow gold chain models produced by Midas.\",\"breadcrumb\":{\"@id\":\"https:\/\/midas.com.tr\/en\/catalogs\/#breadcrumb\"},\"inLanguage\":\"en-US\",\"potentialAction\":[{\"@type\":\"ReadAction\",\"target\":[\"https:\/\/midas.com.tr\/en\/catalogs\/\"]}]},{\"@type\":\"ImageObject\",\"inLanguage\":\"en-US\",\"@id\":\"https:\/\/midas.com.tr\/en\/catalogs\/#primaryimage\",\"url\":\"https:\/\/midas.com.tr\/wp-content\/uploads\/2024\/10\/HALLOW-CHAIN.avif\",\"contentUrl\":\"https:\/\/midas.com.tr\/wp-content\/uploads\/2024\/10\/HALLOW-CHAIN.avif\"},{\"@type\":\"BreadcrumbList\",\"@id\":\"https:\/\/midas.com.tr\/en\/catalogs\/#breadcrumb\",\"itemListElement\":[{\"@type\":\"ListItem\",\"position\":1,\"name\":\"Home\",\"item\":\"https:\/\/midas.com.tr\/en\/\"},{\"@type\":\"ListItem\",\"position\":2,\"name\":\"Catalogs\"}]},{\"@type\":\"WebSite\",\"@id\":\"https:\/\/midas.com.tr\/en\/#website\",\"url\":\"https:\/\/midas.com.tr\/en\/\",\"name\":\"Midas - Birinci S\u0131n\u0131f Alt\u0131n M\u00fccevher ve Zincir \u00dcreticisi\",\"description\":\"Premier Jewelry Company Midas Chain is a manufacturer from USA, with products under the category of fine Jewellery.\",\"publisher\":{\"@id\":\"https:\/\/midas.com.tr\/en\/#organization\"},\"potentialAction\":[{\"@type\":\"SearchAction\",\"target\":{\"@type\":\"EntryPoint\",\"urlTemplate\":\"https:\/\/midas.com.tr\/en\/?s={search_term_string}\"},\"query-input\":{\"@type\":\"PropertyValueSpecification\",\"valueRequired\":true,\"valueName\":\"search_term_string\"}}],\"inLanguage\":\"en-US\"},{\"@type\":\"Organization\",\"@id\":\"https:\/\/midas.com.tr\/en\/#organization\",\"name\":\"Midas -Birinci S\u0131n\u0131f Alt\u0131n M\u00fccevher ve Zincir \u00dcreticisi\",\"url\":\"https:\/\/midas.com.tr\/en\/\",\"logo\":{\"@type\":\"ImageObject\",\"inLanguage\":\"en-US\",\"@id\":\"https:\/\/midas.com.tr\/en\/#\/schema\/logo\/image\/\",\"url\":\"https:\/\/midas.com.tr\/wp-content\/uploads\/2021\/12\/midas-logo.png\",\"contentUrl\":\"https:\/\/midas.com.tr\/wp-content\/uploads\/2021\/12\/midas-logo.png\",\"width\":300,\"height\":106,\"caption\":\"Midas -Birinci S\u0131n\u0131f Alt\u0131n M\u00fccevher ve Zincir \u00dcreticisi\"},\"image\":{\"@id\":\"https:\/\/midas.com.tr\/en\/#\/schema\/logo\/image\/\"}}]}<\/script>\n<!-- \/ Yoast SEO Premium plugin. -->","yoast_head_json":{"title":"Gold Chain Catalogs - Midas","description":"You can browse the gold chain catalogs here, featuring solid and hollow gold chain models produced by Midas.","robots":{"index":"index","follow":"follow","max-snippet":"max-snippet:-1","max-image-preview":"max-image-preview:large","max-video-preview":"max-video-preview:-1"},"canonical":"https:\/\/midas.com.tr\/en\/catalogs\/","og_locale":"en_US","og_type":"article","og_title":"Catalogs","og_description":"You can browse the gold chain catalogs here, featuring solid and hollow gold chain models produced by Midas.","og_url":"https:\/\/midas.com.tr\/en\/catalogs\/","og_site_name":"M\u0130DAS - The Premier Gold Chain Manufacturer","article_modified_time":"2025-09-05T08:45:48+00:00","twitter_card":"summary_large_image","twitter_misc":{"Est. reading time":"2 minutes"},"schema":{"@context":"https:\/\/schema.org","@graph":[{"@type":"WebPage","@id":"https:\/\/midas.com.tr\/en\/catalogs\/","url":"https:\/\/midas.com.tr\/en\/catalogs\/","name":"Gold Chain Catalogs - Midas","isPartOf":{"@id":"https:\/\/midas.com.tr\/en\/#website"},"primaryImageOfPage":{"@id":"https:\/\/midas.com.tr\/en\/catalogs\/#primaryimage"},"image":{"@id":"https:\/\/midas.com.tr\/en\/catalogs\/#primaryimage"},"thumbnailUrl":"https:\/\/midas.com.tr\/wp-content\/uploads\/2024\/10\/HALLOW-CHAIN.avif","datePublished":"2024-01-29T08:23:50+00:00","dateModified":"2025-09-05T08:45:48+00:00","description":"You can browse the gold chain catalogs here, featuring solid and hollow gold chain models produced by Midas.","breadcrumb":{"@id":"https:\/\/midas.com.tr\/en\/catalogs\/#breadcrumb"},"inLanguage":"en-US","potentialAction":[{"@type":"ReadAction","target":["https:\/\/midas.com.tr\/en\/catalogs\/"]}]},{"@type":"ImageObject","inLanguage":"en-US","@id":"https:\/\/midas.com.tr\/en\/catalogs\/#primaryimage","url":"https:\/\/midas.com.tr\/wp-content\/uploads\/2024\/10\/HALLOW-CHAIN.avif","contentUrl":"https:\/\/midas.com.tr\/wp-content\/uploads\/2024\/10\/HALLOW-CHAIN.avif"},{"@type":"BreadcrumbList","@id":"https:\/\/midas.com.tr\/en\/catalogs\/#breadcrumb","itemListElement":[{"@type":"ListItem","position":1,"name":"Home","item":"https:\/\/midas.com.tr\/en\/"},{"@type":"ListItem","position":2,"name":"Catalogs"}]},{"@type":"WebSite","@id":"https:\/\/midas.com.tr\/en\/#website","url":"https:\/\/midas.com.tr\/en\/","name":"Midas - Birinci S\u0131n\u0131f Alt\u0131n M\u00fccevher ve Zincir \u00dcreticisi","description":"Premier Jewelry Company Midas Chain is a manufacturer from USA, with products under the category of fine Jewellery.","publisher":{"@id":"https:\/\/midas.com.tr\/en\/#organization"},"potentialAction":[{"@type":"SearchAction","target":{"@type":"EntryPoint","urlTemplate":"https:\/\/midas.com.tr\/en\/?s={search_term_string}"},"query-input":{"@type":"PropertyValueSpecification","valueRequired":true,"valueName":"search_term_string"}}],"inLanguage":"en-US"},{"@type":"Organization","@id":"https:\/\/midas.com.tr\/en\/#organization","name":"Midas -Birinci S\u0131n\u0131f Alt\u0131n M\u00fccevher ve Zincir \u00dcreticisi","url":"https:\/\/midas.com.tr\/en\/","logo":{"@type":"ImageObject","inLanguage":"en-US","@id":"https:\/\/midas.com.tr\/en\/#\/schema\/logo\/image\/","url":"https:\/\/midas.com.tr\/wp-content\/uploads\/2021\/12\/midas-logo.png","contentUrl":"https:\/\/midas.com.tr\/wp-content\/uploads\/2021\/12\/midas-logo.png","width":300,"height":106,"caption":"Midas -Birinci S\u0131n\u0131f Alt\u0131n M\u00fccevher ve Zincir \u00dcreticisi"},"image":{"@id":"https:\/\/midas.com.tr\/en\/#\/schema\/logo\/image\/"}}]}},"_links":{"self":[{"href":"https:\/\/midas.com.tr\/en\/wp-json\/wp\/v2\/pages\/18457","targetHints":{"allow":["GET"]}}],"collection":[{"href":"https:\/\/midas.com.tr\/en\/wp-json\/wp\/v2\/pages"}],"about":[{"href":"https:\/\/midas.com.tr\/en\/wp-json\/wp\/v2\/types\/page"}],"author":[{"embeddable":true,"href":"https:\/\/midas.com.tr\/en\/wp-json\/wp\/v2\/users\/1"}],"replies":[{"embeddable":true,"href":"https:\/\/midas.com.tr\/en\/wp-json\/wp\/v2\/comments?post=18457"}],"version-history":[{"count":6,"href":"https:\/\/midas.com.tr\/en\/wp-json\/wp\/v2\/pages\/18457\/revisions"}],"predecessor-version":[{"id":25181,"href":"https:\/\/midas.com.tr\/en\/wp-json\/wp\/v2\/pages\/18457\/revisions\/25181"}],"wp:attachment":[{"href":"https:\/\/midas.com.tr\/en\/wp-json\/wp\/v2\/media?parent=18457"}],"curies":[{"name":"wp","href":"https:\/\/api.w.org\/{rel}","templated":true}]}}