{"id":18461,"date":"2024-01-29T08:23:55","date_gmt":"2024-01-29T08:23:55","guid":{"rendered":"https:\/\/testmidas.com\/solid-chain\/"},"modified":"2025-09-05T08:43:13","modified_gmt":"2025-09-05T08:43:13","slug":"solid-chain","status":"publish","type":"page","link":"https:\/\/midas.com.tr\/en\/solid-chain\/","title":{"rendered":"Solid Chain"},"content":{"rendered":"\t\t<div data-elementor-type=\"wp-page\" data-elementor-id=\"18461\" class=\"elementor elementor-18461 elementor-18437\" data-elementor-post-type=\"page\">\n\t\t\t\t\t\t<section class=\"elementor-section elementor-top-section elementor-element elementor-element-b2a7583 elementor-section-boxed elementor-section-height-default elementor-section-height-default\" data-id=\"b2a7583\" data-element_type=\"section\">\r\n\t\t\t\t\t\t<div class=\"elementor-container elementor-column-gap-default jws_section_\" >\r\n\t\t\t\t<div class=\"elementor-column elementor-col-100 elementor-top-column elementor-element elementor-element-8f0138f\" data-id=\"8f0138f\" data-element_type=\"column\">\n\t\t\t<div class=\"elementor-widget-wrap elementor-element-populated\">\n\t\t\t\t\t\t<div class=\"elementor-element elementor-element-d3b9bc6 elementor-widget elementor-widget-heading\" data-id=\"d3b9bc6\" data-element_type=\"widget\" data-widget_type=\"heading.default\">\n\t\t\t\t<div class=\"elementor-widget-container\">\n\t\t\t<h1 class=\"elementor-heading-title elementor-size-default\">\u0130\u00e7i Dolu Alt\u0131n Zincir<\/h1>\t\t<\/div>\n\t\t\t\t<\/div>\n\t\t\t\t\t<\/div>\n\t\t<\/div>\n\t\t\t\t      \r\n            \r\n              \r\n            \r\n            \t\r\n\t\t\t<\/div>\r\n\t\t<\/section>\r\n\t\t\t\t<section class=\"elementor-section elementor-top-section elementor-element elementor-element-abdc961 elementor-section-boxed elementor-section-height-default elementor-section-height-default\" data-id=\"abdc961\" data-element_type=\"section\">\r\n\t\t\t\t\t\t<div class=\"elementor-container elementor-column-gap-default jws_section_\" >\r\n\t\t\t\t<div class=\"elementor-column elementor-col-100 elementor-top-column elementor-element elementor-element-3f42f14\" data-id=\"3f42f14\" data-element_type=\"column\">\n\t\t\t<div class=\"elementor-widget-wrap elementor-element-populated\">\n\t\t\t\t\t\t<div class=\"elementor-element elementor-element-26ac859 elementor-widget elementor-widget-text-editor\" data-id=\"26ac859\" data-element_type=\"widget\" data-widget_type=\"text-editor.default\">\n\t\t\t\t<div class=\"elementor-widget-container\">\n\t\t\t\t\t\t\t<p><strong>Midas<\/strong>, with its expertise in chain craftsmanship, proudly presents the finest examples of solid gold chains. In our <strong>SOLID CHAIN<\/strong> catalog, you&#8217;ll find solid gold chains available in 9K, 10K, 14K, 18K, 21K, and 22K options. Each selection is accompanied by detailed technical information. With a wide range of models and thickness options, Midas is here to help elevate your business through our premium solid gold chains, tailored to the needs of our wholesale partners.  <\/p>\t\t\t\t\t\t<\/div>\n\t\t\t\t<\/div>\n\t\t\t\t\t<\/div>\n\t\t<\/div>\n\t\t\t\t      \r\n            \r\n              \r\n            \r\n            \t\r\n\t\t\t<\/div>\r\n\t\t<\/section>\r\n\t\t\t\t<section class=\"elementor-section elementor-top-section elementor-element elementor-element-e894310 elementor-section-full_width elementor-section-height-default elementor-section-height-default\" data-id=\"e894310\" data-element_type=\"section\">\r\n\t\t\t\t\t\t<div class=\"elementor-container elementor-column-gap-default jws_section_\" >\r\n\t\t\t\t<div class=\"elementor-column elementor-col-100 elementor-top-column elementor-element elementor-element-250e379\" data-id=\"250e379\" data-element_type=\"column\">\n\t\t\t<div class=\"elementor-widget-wrap elementor-element-populated\">\n\t\t\t\t\t\t<div class=\"elementor-element elementor-element-d6a301e elementor-widget elementor-widget-jws_iframe\" data-id=\"d6a301e\" data-element_type=\"widget\" data-widget_type=\"jws_iframe.default\">\n\t\t\t\t<div class=\"elementor-widget-container\">\n\t\t\t            <div class=\"jws_iframe\">\r\n            <iframe style=\"max-width:1920;width:1920; height:964;\" title=\"A 3D model\" width=\"1920\" height=\"964\" src=\"https:\/\/online.fliphtml5.com\/lhnze\/mixv\/\" frameborder=\"0\" allow=\"autoplay; fullscreen; vr\" mozallowfullscreen=\"true\" webkitallowfullscreen=\"true\"><\/iframe>\r\n            <\/div>\r\n        \t\t<\/div>\n\t\t\t\t<\/div>\n\t\t\t\t\t<\/div>\n\t\t<\/div>\n\t\t\t\t      \r\n            \r\n              \r\n            \r\n            \t\r\n\t\t\t<\/div>\r\n\t\t<\/section>\r\n\t\t\t\t<\/div>\n\t\t","protected":false},"excerpt":{"rendered":"<p>\u0130\u00e7i Dolu Alt\u0131n Zincir Midas, with its expertise in chain craftsmanship, proudly presents the finest examples of solid gold chains. In our SOLID CHAIN catalog, you&#8217;ll find solid gold chains available in 9K, 10K, 14K, 18K, 21K, and 22K options. Each selection is accompanied by detailed technical information. With a wide range of models and [&hellip;]<\/p>\n","protected":false},"author":1,"featured_media":0,"parent":0,"menu_order":0,"comment_status":"closed","ping_status":"closed","template":"","meta":{"footnotes":""},"class_list":["post-18461","page","type-page","status-publish","hentry"],"yoast_head":"<!-- This site is optimized with the Yoast SEO Premium plugin v23.9 (Yoast SEO v26.8) - https:\/\/yoast.com\/product\/yoast-seo-premium-wordpress\/ -->\n<title>Solid Chain Catalog | Midas | Gold Jewelry and Chain Manufacturer<\/title>\n<meta name=\"description\" content=\"You can explore Midas&#039; Solid Chain Catalog, featuring 14K, 18K, and 22K gold chains, crafted by the leading gold jewelry and chain manufacturer and wholesale gold chain supplier.\" \/>\n<meta name=\"robots\" content=\"index, follow, max-snippet:-1, max-image-preview:large, max-video-preview:-1\" \/>\n<link rel=\"canonical\" href=\"https:\/\/midas.com.tr\/en\/solid-chain\/\" \/>\n<meta property=\"og:locale\" content=\"en_US\" \/>\n<meta property=\"og:type\" content=\"article\" \/>\n<meta property=\"og:title\" content=\"Solid Chain\" \/>\n<meta property=\"og:description\" content=\"You can explore Midas&#039; Solid Chain Catalog, featuring 14K, 18K, and 22K gold chains, crafted by the leading gold jewelry and chain manufacturer and wholesale gold chain supplier.\" \/>\n<meta property=\"og:url\" content=\"https:\/\/midas.com.tr\/en\/solid-chain\/\" \/>\n<meta property=\"og:site_name\" content=\"M\u0130DAS - The Premier Gold Chain Manufacturer\" \/>\n<meta property=\"article:modified_time\" content=\"2025-09-05T08:43:13+00:00\" \/>\n<meta name=\"twitter:card\" content=\"summary_large_image\" \/>\n<meta name=\"twitter:label1\" content=\"Est. reading time\" \/>\n\t<meta name=\"twitter:data1\" content=\"1 minute\" \/>\n<script type=\"application\/ld+json\" class=\"yoast-schema-graph\">{\"@context\":\"https:\/\/schema.org\",\"@graph\":[{\"@type\":\"WebPage\",\"@id\":\"https:\/\/midas.com.tr\/en\/solid-chain\/\",\"url\":\"https:\/\/midas.com.tr\/en\/solid-chain\/\",\"name\":\"Solid Chain Catalog | Midas | Gold Jewelry and Chain Manufacturer\",\"isPartOf\":{\"@id\":\"https:\/\/midas.com.tr\/en\/#website\"},\"datePublished\":\"2024-01-29T08:23:55+00:00\",\"dateModified\":\"2025-09-05T08:43:13+00:00\",\"description\":\"You can explore Midas' Solid Chain Catalog, featuring 14K, 18K, and 22K gold chains, crafted by the leading gold jewelry and chain manufacturer and wholesale gold chain supplier.\",\"breadcrumb\":{\"@id\":\"https:\/\/midas.com.tr\/en\/solid-chain\/#breadcrumb\"},\"inLanguage\":\"en-US\",\"potentialAction\":[{\"@type\":\"ReadAction\",\"target\":[\"https:\/\/midas.com.tr\/en\/solid-chain\/\"]}]},{\"@type\":\"BreadcrumbList\",\"@id\":\"https:\/\/midas.com.tr\/en\/solid-chain\/#breadcrumb\",\"itemListElement\":[{\"@type\":\"ListItem\",\"position\":1,\"name\":\"Home\",\"item\":\"https:\/\/midas.com.tr\/en\/\"},{\"@type\":\"ListItem\",\"position\":2,\"name\":\"Solid Chain\"}]},{\"@type\":\"WebSite\",\"@id\":\"https:\/\/midas.com.tr\/en\/#website\",\"url\":\"https:\/\/midas.com.tr\/en\/\",\"name\":\"Midas - Birinci S\u0131n\u0131f Alt\u0131n M\u00fccevher ve Zincir \u00dcreticisi\",\"description\":\"Premier Jewelry Company Midas Chain is a manufacturer from USA, with products under the category of fine Jewellery.\",\"publisher\":{\"@id\":\"https:\/\/midas.com.tr\/en\/#organization\"},\"potentialAction\":[{\"@type\":\"SearchAction\",\"target\":{\"@type\":\"EntryPoint\",\"urlTemplate\":\"https:\/\/midas.com.tr\/en\/?s={search_term_string}\"},\"query-input\":{\"@type\":\"PropertyValueSpecification\",\"valueRequired\":true,\"valueName\":\"search_term_string\"}}],\"inLanguage\":\"en-US\"},{\"@type\":\"Organization\",\"@id\":\"https:\/\/midas.com.tr\/en\/#organization\",\"name\":\"Midas -Birinci S\u0131n\u0131f Alt\u0131n M\u00fccevher ve Zincir \u00dcreticisi\",\"url\":\"https:\/\/midas.com.tr\/en\/\",\"logo\":{\"@type\":\"ImageObject\",\"inLanguage\":\"en-US\",\"@id\":\"https:\/\/midas.com.tr\/en\/#\/schema\/logo\/image\/\",\"url\":\"https:\/\/midas.com.tr\/wp-content\/uploads\/2021\/12\/midas-logo.png\",\"contentUrl\":\"https:\/\/midas.com.tr\/wp-content\/uploads\/2021\/12\/midas-logo.png\",\"width\":300,\"height\":106,\"caption\":\"Midas -Birinci S\u0131n\u0131f Alt\u0131n M\u00fccevher ve Zincir \u00dcreticisi\"},\"image\":{\"@id\":\"https:\/\/midas.com.tr\/en\/#\/schema\/logo\/image\/\"}}]}<\/script>\n<!-- \/ Yoast SEO Premium plugin. -->","yoast_head_json":{"title":"Solid Chain Catalog | Midas | Gold Jewelry and Chain Manufacturer","description":"You can explore Midas' Solid Chain Catalog, featuring 14K, 18K, and 22K gold chains, crafted by the leading gold jewelry and chain manufacturer and wholesale gold chain supplier.","robots":{"index":"index","follow":"follow","max-snippet":"max-snippet:-1","max-image-preview":"max-image-preview:large","max-video-preview":"max-video-preview:-1"},"canonical":"https:\/\/midas.com.tr\/en\/solid-chain\/","og_locale":"en_US","og_type":"article","og_title":"Solid Chain","og_description":"You can explore Midas' Solid Chain Catalog, featuring 14K, 18K, and 22K gold chains, crafted by the leading gold jewelry and chain manufacturer and wholesale gold chain supplier.","og_url":"https:\/\/midas.com.tr\/en\/solid-chain\/","og_site_name":"M\u0130DAS - The Premier Gold Chain Manufacturer","article_modified_time":"2025-09-05T08:43:13+00:00","twitter_card":"summary_large_image","twitter_misc":{"Est. reading time":"1 minute"},"schema":{"@context":"https:\/\/schema.org","@graph":[{"@type":"WebPage","@id":"https:\/\/midas.com.tr\/en\/solid-chain\/","url":"https:\/\/midas.com.tr\/en\/solid-chain\/","name":"Solid Chain Catalog | Midas | Gold Jewelry and Chain Manufacturer","isPartOf":{"@id":"https:\/\/midas.com.tr\/en\/#website"},"datePublished":"2024-01-29T08:23:55+00:00","dateModified":"2025-09-05T08:43:13+00:00","description":"You can explore Midas' Solid Chain Catalog, featuring 14K, 18K, and 22K gold chains, crafted by the leading gold jewelry and chain manufacturer and wholesale gold chain supplier.","breadcrumb":{"@id":"https:\/\/midas.com.tr\/en\/solid-chain\/#breadcrumb"},"inLanguage":"en-US","potentialAction":[{"@type":"ReadAction","target":["https:\/\/midas.com.tr\/en\/solid-chain\/"]}]},{"@type":"BreadcrumbList","@id":"https:\/\/midas.com.tr\/en\/solid-chain\/#breadcrumb","itemListElement":[{"@type":"ListItem","position":1,"name":"Home","item":"https:\/\/midas.com.tr\/en\/"},{"@type":"ListItem","position":2,"name":"Solid Chain"}]},{"@type":"WebSite","@id":"https:\/\/midas.com.tr\/en\/#website","url":"https:\/\/midas.com.tr\/en\/","name":"Midas - Birinci S\u0131n\u0131f Alt\u0131n M\u00fccevher ve Zincir \u00dcreticisi","description":"Premier Jewelry Company Midas Chain is a manufacturer from USA, with products under the category of fine Jewellery.","publisher":{"@id":"https:\/\/midas.com.tr\/en\/#organization"},"potentialAction":[{"@type":"SearchAction","target":{"@type":"EntryPoint","urlTemplate":"https:\/\/midas.com.tr\/en\/?s={search_term_string}"},"query-input":{"@type":"PropertyValueSpecification","valueRequired":true,"valueName":"search_term_string"}}],"inLanguage":"en-US"},{"@type":"Organization","@id":"https:\/\/midas.com.tr\/en\/#organization","name":"Midas -Birinci S\u0131n\u0131f Alt\u0131n M\u00fccevher ve Zincir \u00dcreticisi","url":"https:\/\/midas.com.tr\/en\/","logo":{"@type":"ImageObject","inLanguage":"en-US","@id":"https:\/\/midas.com.tr\/en\/#\/schema\/logo\/image\/","url":"https:\/\/midas.com.tr\/wp-content\/uploads\/2021\/12\/midas-logo.png","contentUrl":"https:\/\/midas.com.tr\/wp-content\/uploads\/2021\/12\/midas-logo.png","width":300,"height":106,"caption":"Midas -Birinci S\u0131n\u0131f Alt\u0131n M\u00fccevher ve Zincir \u00dcreticisi"},"image":{"@id":"https:\/\/midas.com.tr\/en\/#\/schema\/logo\/image\/"}}]}},"_links":{"self":[{"href":"https:\/\/midas.com.tr\/en\/wp-json\/wp\/v2\/pages\/18461","targetHints":{"allow":["GET"]}}],"collection":[{"href":"https:\/\/midas.com.tr\/en\/wp-json\/wp\/v2\/pages"}],"about":[{"href":"https:\/\/midas.com.tr\/en\/wp-json\/wp\/v2\/types\/page"}],"author":[{"embeddable":true,"href":"https:\/\/midas.com.tr\/en\/wp-json\/wp\/v2\/users\/1"}],"replies":[{"embeddable":true,"href":"https:\/\/midas.com.tr\/en\/wp-json\/wp\/v2\/comments?post=18461"}],"version-history":[{"count":4,"href":"https:\/\/midas.com.tr\/en\/wp-json\/wp\/v2\/pages\/18461\/revisions"}],"predecessor-version":[{"id":25177,"href":"https:\/\/midas.com.tr\/en\/wp-json\/wp\/v2\/pages\/18461\/revisions\/25177"}],"wp:attachment":[{"href":"https:\/\/midas.com.tr\/en\/wp-json\/wp\/v2\/media?parent=18461"}],"curies":[{"name":"wp","href":"https:\/\/api.w.org\/{rel}","templated":true}]}}