{"id":18578,"date":"2022-07-29T11:12:54","date_gmt":"2022-07-29T11:12:54","guid":{"rendered":"https:\/\/testmidas.com\/kvkk-basvuru-formu\/"},"modified":"2025-03-25T07:23:05","modified_gmt":"2025-03-25T07:23:05","slug":"kvkk-basvuru-formu","status":"publish","type":"page","link":"https:\/\/midas.com.tr\/en\/kvkk-basvuru-formu\/","title":{"rendered":"KVKK Application Form"},"content":{"rendered":"\t\t<div data-elementor-type=\"wp-page\" data-elementor-id=\"18578\" class=\"elementor elementor-18578 elementor-15913\" data-elementor-post-type=\"page\">\n\t\t\t\t\t\t<section class=\"elementor-section elementor-top-section elementor-element elementor-element-662b339a elementor-section-boxed elementor-section-height-default elementor-section-height-default\" data-id=\"662b339a\" data-element_type=\"section\">\r\n\t\t\t\t\t\t<div class=\"elementor-container elementor-column-gap-default jws_section_\" >\r\n\t\t\t\t<div class=\"elementor-column elementor-col-100 elementor-top-column elementor-element elementor-element-1740af69\" data-id=\"1740af69\" data-element_type=\"column\">\n\t\t\t<div class=\"elementor-widget-wrap elementor-element-populated\">\n\t\t\t\t\t\t<div class=\"elementor-element elementor-element-15371310 elementor-widget elementor-widget-heading\" data-id=\"15371310\" data-element_type=\"widget\" data-widget_type=\"heading.default\">\n\t\t\t\t<div class=\"elementor-widget-container\">\n\t\t\t<h1 class=\"elementor-heading-title elementor-size-default\">\nAPPLICATION FORM FOR DATA OWNERS TO EXERCISE THEIR RIGHTS UNDER THE LAW NO. 6698 ON THE PROTECTION OF PERSONAL DATA \n\n<\/h1>\t\t<\/div>\n\t\t\t\t<\/div>\n\t\t\t\t<div class=\"elementor-element elementor-element-8051a12 elementor-align-center elementor-widget elementor-widget-bloompixel-gradient-button\" data-id=\"8051a12\" data-element_type=\"widget\" data-widget_type=\"bloompixel-gradient-button.default\">\n\t\t\t\t<div class=\"elementor-widget-container\">\n\t\t\t\t\t<div class=\"elementor-button-wrapper button-with_border\">\r\n\t\t\t<a href=\"https:\/\/midas.com.tr\/wp-content\/uploads\/2022\/01\/basvuru-formu-1.pdf\" class=\"elementor-button-link elementor-button btn-main elementor-size-xs\" target=\"_blank\" role=\"button\">\r\n\t\t\t\t\t\t<span class=\"elementor-button-content-wrapper\">\r\n\t\t\t\t\t\t<span class=\"elementor-button-icon elementor-align-icon-right\">\r\n\t\t\t\t<i aria-hidden=\"true\" class=\"fas fa-file-download\"><\/i>  \r\n\t\t\t<\/span>\r\n\t\t\t\t\t\t<span class=\"elementor-button-text\">Download<\/span>\r\n\t\t<\/span>\r\n\t\t\t\t\t<\/a>\r\n\t\t<\/div>\r\n\t\t\t\t<\/div>\n\t\t\t\t<\/div>\n\t\t\t\t<div class=\"elementor-element elementor-element-3517f5db elementor-widget elementor-widget-text-editor\" data-id=\"3517f5db\" data-element_type=\"widget\" data-widget_type=\"text-editor.default\">\n\t\t\t\t<div class=\"elementor-widget-container\">\n\t\t\t\t\t\t\t<p>Within the scope of Article 11 of the Law No. 6698 on the Protection of Personal Data (\u201cKVKK\u201d), which entered into force on 6 April 2016, certain rights have been granted to personal data owners. Please fill out the following application form clearly and completely in order to communicate your requests regarding your personal data, which is processed by M\u0130DAS HED\u0130YEL\u0130K E\u015eYA SANAY\u0130 VE T\u0130CARET ANON\u0130M \u015e\u0130RKET\u0130 having its registered office at Yal\u00e7\u0131n Kore\u015f Cad.No.18 Bah\u00e7elievler\/\u0130stanbul and being registered under MERSIS No. 0621002146400017 in the capacity of data controller, containing your wet signature and deliver it to our address given above by hand or by registered mail. We will respond to your application as soon as possible, no later than 30 days after we receive it.<\/p>\t\t\t\t\t\t<\/div>\n\t\t\t\t<\/div>\n\t\t\t\t<div class=\"elementor-element elementor-element-c8e02fb elementor-widget elementor-widget-text-editor\" data-id=\"c8e02fb\" data-element_type=\"widget\" data-widget_type=\"text-editor.default\">\n\t\t\t\t<div class=\"elementor-widget-container\">\n\t\t\t\t\t\t\t<p>In case the information and documents you have sent us are incomplete or your request requires an additional cost, we will contact you to ask for your confirmation to proceed with the relevant transactions.<\/p>\t\t\t\t\t\t<\/div>\n\t\t\t\t<\/div>\n\t\t\t\t<div class=\"elementor-element elementor-element-8cd3959 elementor-widget elementor-widget-text-editor\" data-id=\"8cd3959\" data-element_type=\"widget\" data-widget_type=\"text-editor.default\">\n\t\t\t\t<div class=\"elementor-widget-container\">\n\t\t\t\t\t\t\t<p>The right to apply to our company with this form prepared in accordance with Article 11 of KVKK belongs directly to the personal data owner. For applications to be made on behalf of third parties, a power of attorney indicating that you are authorized to represent the person concerned must be present.<\/p>\t\t\t\t\t\t<\/div>\n\t\t\t\t<\/div>\n\t\t\t\t<div class=\"elementor-element elementor-element-2463d190 elementor-widget elementor-widget-heading\" data-id=\"2463d190\" data-element_type=\"widget\" data-widget_type=\"heading.default\">\n\t\t\t\t<div class=\"elementor-widget-container\">\n\t\t\t<h4 class=\"elementor-heading-title elementor-size-default\">INFORMATION ON THE PERSONAL DATA OWNER<\/h4>\t\t<\/div>\n\t\t\t\t<\/div>\n\t\t\t\t<div class=\"elementor-element elementor-element-144e9556 elementor-widget elementor-widget-text-editor\" data-id=\"144e9556\" data-element_type=\"widget\" data-widget_type=\"text-editor.default\">\n\t\t\t\t<div class=\"elementor-widget-container\">\n\t\t\t\t\t\t\t<table style=\"width: 100%;\"><tbody><tr><td style=\"background-color: #dddddd;\">Name and Surname<\/td><td style=\"width: 80%;\">\u00a0<\/td><\/tr><tr><td style=\"background-color: #dddddd;\">Turkish Identity Number\u0131<\/td><td style=\"width: 80%;\">\u00a0<\/td><\/tr><tr><td style=\"background-color: #dddddd;\">Phone Number\u0131<\/td><td style=\"width: 80%;\">\u00a0<\/td><\/tr><tr><td style=\"background-color: #dddddd;\">Address<\/td><td style=\"width: 80%;\">\u00a0<\/td><\/tr><tr><td style=\"background-color: #dddddd;\">E-mail<\/td><td style=\"width: 80%;\">\u00a0<\/td><\/tr><tr><td style=\"background-color: #dddddd;\">Your relationship with our company and the start and end date<\/td><td style=\"width: 80%;\">\u00a0<\/td><\/tr><\/tbody><\/table>\t\t\t\t\t\t<\/div>\n\t\t\t\t<\/div>\n\t\t\t\t<div class=\"elementor-element elementor-element-4c801097 elementor-widget elementor-widget-heading\" data-id=\"4c801097\" data-element_type=\"widget\" data-widget_type=\"heading.default\">\n\t\t\t\t<div class=\"elementor-widget-container\">\n\t\t\t<h4 class=\"elementor-heading-title elementor-size-default\">REQUESTS OF THE PERSONAL DATA OWNER<\/h4>\t\t<\/div>\n\t\t\t\t<\/div>\n\t\t\t\t<div class=\"elementor-element elementor-element-3620bbdd elementor-widget elementor-widget-text-editor\" data-id=\"3620bbdd\" data-element_type=\"widget\" data-widget_type=\"text-editor.default\">\n\t\t\t\t<div class=\"elementor-widget-container\">\n\t\t\t\t\t\t\t<p>Within the scope of Article 11 of KVKK, the rights you can exercise by applying to our Company, which is the data controller as per the relevant law, are listed below. Please put <strong>\u2713<\/strong> in the section next to the appropriate statement.<\/p>\t\t\t\t\t\t<\/div>\n\t\t\t\t<\/div>\n\t\t\t\t<div class=\"elementor-element elementor-element-cbadc93 elementor-widget elementor-widget-text-editor\" data-id=\"cbadc93\" data-element_type=\"widget\" data-widget_type=\"text-editor.default\">\n\t\t\t\t<div class=\"elementor-widget-container\">\n\t\t\t\t\t\t\t<p>\u00a0<\/p><table style=\"width: 100%;\"><tbody><tr><td style=\"background-color: #dddddd;\">Do you process my personal data? If yes, I would like to request information about these data.<\/td><td style=\"width: 80%;\">\u00a0<\/td><\/tr><tr><td style=\"background-color: #dddddd;\">What are your activities and methods for processing my personal data?<\/td><td style=\"width: 80%;\">\u00a0<\/td><\/tr><tr><td style=\"background-color: #dddddd;\">What is the purpose of processing my personal data by your company?<\/td><td style=\"width: 80%;\">\u00a0<\/td><\/tr><tr><td style=\"background-color: #dddddd;\">I would like to know whether my personal data are used in compliance with the respective purpose.<\/td><td style=\"width: 80%;\">\u00a0<\/td><\/tr><tr><td style=\"background-color: #dddddd;\"><table><tbody><tr><td width=\"529\">Are my personal data transferred to third parties at home or abroad? If yes, I request information on these third parties.<\/td><\/tr><\/tbody><\/table><\/td><td style=\"width: 80%;\">\u00a0<\/td><\/tr><tr><td style=\"background-color: #dddddd;\"><table><tbody><tr><td width=\"529\"><p>I request that the deficiency in my personal data processed by your company and\/or transferred to third parties be corrected and\/or updated.<\/p><\/td><\/tr><\/tbody><\/table><\/td><td style=\"width: 80%;\">\u00a0<\/td><\/tr><tr><td style=\"background-color: #dddddd;\"><p>I request the deletion, destruction, and anonymization of my personal data processed by your company and\/or transferred to third parties.<\/p><\/td><td style=\"width: 80%;\">\u00a0<\/td><\/tr><tr><td style=\"background-color: #dddddd;\">I think that my personal data processed by your company are analyzed exclusively through automated systems, and that this analysis has unfavorable circumstances for me. I object to this result.<\/td><td style=\"width: 80%;\">\u00a0<\/td><\/tr><\/tbody><\/table>\t\t\t\t\t\t<\/div>\n\t\t\t\t<\/div>\n\t\t\t\t<div class=\"elementor-element elementor-element-34c5d160 elementor-widget elementor-widget-heading\" data-id=\"34c5d160\" data-element_type=\"widget\" data-widget_type=\"heading.default\">\n\t\t\t\t<div class=\"elementor-widget-container\">\n\t\t\t<h4 class=\"elementor-heading-title elementor-size-default\">EXPLANATIONS OF DATA OWNER ABOUT THE REQUEST\n<\/h4>\t\t<\/div>\n\t\t\t\t<\/div>\n\t\t\t\t<div class=\"elementor-element elementor-element-75683c6a elementor-widget elementor-widget-text-editor\" data-id=\"75683c6a\" data-element_type=\"widget\" data-widget_type=\"text-editor.default\">\n\t\t\t\t<div class=\"elementor-widget-container\">\n\t\t\t\t\t\t\t<p>Please provide brief explanations about your request stated in Article 2 above in the section below.<\/p>\t\t\t\t\t\t<\/div>\n\t\t\t\t<\/div>\n\t\t\t\t<div class=\"elementor-element elementor-element-53ea489 elementor-widget elementor-widget-text-editor\" data-id=\"53ea489\" data-element_type=\"widget\" data-widget_type=\"text-editor.default\">\n\t\t\t\t<div class=\"elementor-widget-container\">\n\t\t\t\t\t\t\t<table style=\"width: 100%;\">\n<tbody>\n<tr>\n\n<td style=\"width: 80%;height:200px;border:solid 1px;\"><\/td>\n<\/tr>\n\n\n<\/tbody>\n<\/table>\t\t\t\t\t\t<\/div>\n\t\t\t\t<\/div>\n\t\t\t\t<div class=\"elementor-element elementor-element-47270fe9 elementor-widget elementor-widget-heading\" data-id=\"47270fe9\" data-element_type=\"widget\" data-widget_type=\"heading.default\">\n\t\t\t\t<div class=\"elementor-widget-container\">\n\t\t\t<h4 class=\"elementor-heading-title elementor-size-default\">DOCUMENTS ATTACHED TO THE APPLICATION FORM<\/h4>\t\t<\/div>\n\t\t\t\t<\/div>\n\t\t\t\t<div class=\"elementor-element elementor-element-723b70d8 elementor-widget elementor-widget-text-editor\" data-id=\"723b70d8\" data-element_type=\"widget\" data-widget_type=\"text-editor.default\">\n\t\t\t\t<div class=\"elementor-widget-container\">\n\t\t\t\t\t\t\t<p>Please write down the documents you have attached to your application form in the table below with their serial number and name. Please do not attach original documents to the application form. Original documents will be requested by our company when necessary. Our company cannot be held responsible for the loss of or damage to the original documents you will submit as an attachment to the application form.<\/p>\t\t\t\t\t\t<\/div>\n\t\t\t\t<\/div>\n\t\t\t\t<div class=\"elementor-element elementor-element-33a86b1 elementor-widget elementor-widget-text-editor\" data-id=\"33a86b1\" data-element_type=\"widget\" data-widget_type=\"text-editor.default\">\n\t\t\t\t<div class=\"elementor-widget-container\">\n\t\t\t\t\t\t\t<table style=\"width: 100%;\"><tbody><tr><td style=\"width: 20%; border: solid 1px;\">No<\/td><td style=\"width: 80%; border: solid 1px;\">Document Name<\/td><\/tr><tr><td style=\"width: 20%; border: solid 1px;\">\u00a0<\/td><td style=\"width: 80%; border: solid 1px;\">\u00a0<\/td><\/tr><tr><td style=\"width: 20%; border: solid 1px;\">\u00a0<\/td><td style=\"width: 80%; border: solid 1px;\">\u00a0<\/td><\/tr><tr><td style=\"width: 20%; border: solid 1px;\">\u00a0<\/td><td style=\"width: 80%; border: solid 1px;\">\u00a0<\/td><\/tr><tr><td style=\"width: 20%; border: solid 1px;\">\u00a0<\/td><td style=\"width: 80%; border: solid 1px;\">\u00a0<\/td><\/tr><tr><td style=\"width: 20%; border: solid 1px;\">\u00a0<\/td><td style=\"width: 80%; border: solid 1px;\">\u00a0<\/td><\/tr><tr><td style=\"width: 20%; border: solid 1px;\">\u00a0<\/td><td style=\"width: 80%; border: solid 1px;\">\u00a0<\/td><\/tr><\/tbody><\/table>\t\t\t\t\t\t<\/div>\n\t\t\t\t<\/div>\n\t\t\t\t<div class=\"elementor-element elementor-element-7224d10 elementor-widget elementor-widget-heading\" data-id=\"7224d10\" data-element_type=\"widget\" data-widget_type=\"heading.default\">\n\t\t\t\t<div class=\"elementor-widget-container\">\n\t\t\t<h4 class=\"elementor-heading-title elementor-size-default\">5-\tMETHOD OF NOTIFICATION <\/h4>\t\t<\/div>\n\t\t\t\t<\/div>\n\t\t\t\t<div class=\"elementor-element elementor-element-15ba0f95 elementor-widget elementor-widget-text-editor\" data-id=\"15ba0f95\" data-element_type=\"widget\" data-widget_type=\"text-editor.default\">\n\t\t\t\t<div class=\"elementor-widget-container\">\n\t\t\t\t\t\t\t<p>Please put <strong>\u2713<\/strong> next to the method you want to be notified regarding the response to your application:<\/p>\t\t\t\t\t\t<\/div>\n\t\t\t\t<\/div>\n\t\t\t\t<div class=\"elementor-element elementor-element-d097b36 elementor-widget elementor-widget-text-editor\" data-id=\"d097b36\" data-element_type=\"widget\" data-widget_type=\"text-editor.default\">\n\t\t\t\t<div class=\"elementor-widget-container\">\n\t\t\t\t\t\t\t<table style=\"width: 100%;\"><tbody><tr><td style=\"width: 80%; border: solid 1px;\">I want it to be sent in writing to my mailing address specified in Article 1 of the application form<\/td><td style=\"width: 20%; border: solid 1px;\">\u00a0<\/td><\/tr><tr><td style=\"width: 80%; border: solid 1px;\">I want it to be sent to my e-mail specified in Article 1 of the application form<\/td><td style=\"width: 20%; border: solid 1px;\">\u00a0<\/td><\/tr><tr><td style=\"width: 80%; border: solid 1px;\">I want it to be informed orally via my phone number specified in Article 1 of the application form<\/td><td style=\"width: 20%; border: solid 1px;\">\u00a0<\/td><\/tr><\/tbody><\/table>\t\t\t\t\t\t<\/div>\n\t\t\t\t<\/div>\n\t\t\t\t<div class=\"elementor-element elementor-element-4ff3b589 elementor-widget elementor-widget-heading\" data-id=\"4ff3b589\" data-element_type=\"widget\" data-widget_type=\"heading.default\">\n\t\t\t\t<div class=\"elementor-widget-container\">\n\t\t\t<h4 class=\"elementor-heading-title elementor-size-default\">6-\tDECLARATION OF THE APPLICANT <\/h4>\t\t<\/div>\n\t\t\t\t<\/div>\n\t\t\t\t<div class=\"elementor-element elementor-element-5cac3881 elementor-widget elementor-widget-text-editor\" data-id=\"5cac3881\" data-element_type=\"widget\" data-widget_type=\"text-editor.default\">\n\t\t\t\t<div class=\"elementor-widget-container\">\n\t\t\t\t\t\t\t<p>In line with my requests above, I request my application to your Company to be assessed and I would like to be informed in this regard as per Article 13 of Law no. 6698. I hereby declare and undertake that the information and documents I submitted to you in this application form are correct, up-to-date, and belong to me and that I allow this information to be processed by your Company limited to the purpose of evaluating and responding my application and delivering the response to me.<\/p>\t\t\t\t\t\t<\/div>\n\t\t\t\t<\/div>\n\t\t\t\t<div class=\"elementor-element elementor-element-604a894f elementor-widget elementor-widget-text-editor\" data-id=\"604a894f\" data-element_type=\"widget\" data-widget_type=\"text-editor.default\">\n\t\t\t\t<div class=\"elementor-widget-container\">\n\t\t\t\t\t\t\t<p><strong>Personal Data Owner\u2019s\/Representative\u2019s<\/strong><\/p><p><strong>\u00a0<\/strong><\/p><p>Name and Surname:<\/p><p>Date:<\/p><p>Signature:<\/p>\t\t\t\t\t\t<\/div>\n\t\t\t\t<\/div>\n\t\t\t\t\t<\/div>\n\t\t<\/div>\n\t\t\t\t      \r\n            \r\n              \r\n            \r\n            \t\r\n\t\t\t<\/div>\r\n\t\t<\/section>\r\n\t\t\t\t<\/div>\n\t\t","protected":false},"excerpt":{"rendered":"<p>APPLICATION FORM FOR DATA OWNERS TO EXERCISE THEIR RIGHTS UNDER THE LAW NO. 6698 ON THE PROTECTION OF PERSONAL DATA Download Within the scope of Article 11 of the Law No. 6698 on the Protection of Personal Data (\u201cKVKK\u201d), which entered into force on 6 April 2016, certain rights have been granted to personal data [&hellip;]<\/p>\n","protected":false},"author":1,"featured_media":0,"parent":0,"menu_order":0,"comment_status":"closed","ping_status":"closed","template":"","meta":{"footnotes":""},"class_list":["post-18578","page","type-page","status-publish","hentry"],"yoast_head":"<!-- This site is optimized with the Yoast SEO Premium plugin v23.9 (Yoast SEO v26.8) - https:\/\/yoast.com\/product\/yoast-seo-premium-wordpress\/ -->\n<title>KVKK Application Form | Midas<\/title>\n<meta name=\"description\" content=\"Midas KVKK Application Form\" \/>\n<meta name=\"robots\" content=\"index, follow, max-snippet:-1, max-image-preview:large, max-video-preview:-1\" \/>\n<link rel=\"canonical\" href=\"https:\/\/midas.com.tr\/en\/kvkk-basvuru-formu\/\" \/>\n<meta property=\"og:locale\" content=\"en_US\" \/>\n<meta property=\"og:type\" content=\"article\" \/>\n<meta property=\"og:title\" content=\"KVKK Application Form\" \/>\n<meta property=\"og:description\" content=\"Midas KVKK Application Form\" \/>\n<meta property=\"og:url\" content=\"https:\/\/midas.com.tr\/en\/kvkk-basvuru-formu\/\" \/>\n<meta property=\"og:site_name\" content=\"M\u0130DAS - The Premier Gold Chain Manufacturer\" \/>\n<meta property=\"article:modified_time\" content=\"2025-03-25T07:23:05+00:00\" \/>\n<meta name=\"twitter:card\" content=\"summary_large_image\" \/>\n<meta name=\"twitter:label1\" content=\"Est. reading time\" \/>\n\t<meta name=\"twitter:data1\" content=\"4 minutes\" \/>\n<script type=\"application\/ld+json\" class=\"yoast-schema-graph\">{\"@context\":\"https:\/\/schema.org\",\"@graph\":[{\"@type\":\"WebPage\",\"@id\":\"https:\/\/midas.com.tr\/en\/kvkk-basvuru-formu\/\",\"url\":\"https:\/\/midas.com.tr\/en\/kvkk-basvuru-formu\/\",\"name\":\"KVKK Application Form | Midas\",\"isPartOf\":{\"@id\":\"https:\/\/midas.com.tr\/en\/#website\"},\"datePublished\":\"2022-07-29T11:12:54+00:00\",\"dateModified\":\"2025-03-25T07:23:05+00:00\",\"description\":\"Midas KVKK Application Form\",\"breadcrumb\":{\"@id\":\"https:\/\/midas.com.tr\/en\/kvkk-basvuru-formu\/#breadcrumb\"},\"inLanguage\":\"en-US\",\"potentialAction\":[{\"@type\":\"ReadAction\",\"target\":[\"https:\/\/midas.com.tr\/en\/kvkk-basvuru-formu\/\"]}]},{\"@type\":\"BreadcrumbList\",\"@id\":\"https:\/\/midas.com.tr\/en\/kvkk-basvuru-formu\/#breadcrumb\",\"itemListElement\":[{\"@type\":\"ListItem\",\"position\":1,\"name\":\"Home\",\"item\":\"https:\/\/midas.com.tr\/en\/\"},{\"@type\":\"ListItem\",\"position\":2,\"name\":\"KVKK Application Form\"}]},{\"@type\":\"WebSite\",\"@id\":\"https:\/\/midas.com.tr\/en\/#website\",\"url\":\"https:\/\/midas.com.tr\/en\/\",\"name\":\"Midas - Birinci S\u0131n\u0131f Alt\u0131n M\u00fccevher ve Zincir \u00dcreticisi\",\"description\":\"Premier Jewelry Company Midas Chain is a manufacturer from USA, with products under the category of fine Jewellery.\",\"publisher\":{\"@id\":\"https:\/\/midas.com.tr\/en\/#organization\"},\"potentialAction\":[{\"@type\":\"SearchAction\",\"target\":{\"@type\":\"EntryPoint\",\"urlTemplate\":\"https:\/\/midas.com.tr\/en\/?s={search_term_string}\"},\"query-input\":{\"@type\":\"PropertyValueSpecification\",\"valueRequired\":true,\"valueName\":\"search_term_string\"}}],\"inLanguage\":\"en-US\"},{\"@type\":\"Organization\",\"@id\":\"https:\/\/midas.com.tr\/en\/#organization\",\"name\":\"Midas -Birinci S\u0131n\u0131f Alt\u0131n M\u00fccevher ve Zincir \u00dcreticisi\",\"url\":\"https:\/\/midas.com.tr\/en\/\",\"logo\":{\"@type\":\"ImageObject\",\"inLanguage\":\"en-US\",\"@id\":\"https:\/\/midas.com.tr\/en\/#\/schema\/logo\/image\/\",\"url\":\"https:\/\/midas.com.tr\/wp-content\/uploads\/2021\/12\/midas-logo.png\",\"contentUrl\":\"https:\/\/midas.com.tr\/wp-content\/uploads\/2021\/12\/midas-logo.png\",\"width\":300,\"height\":106,\"caption\":\"Midas -Birinci S\u0131n\u0131f Alt\u0131n M\u00fccevher ve Zincir \u00dcreticisi\"},\"image\":{\"@id\":\"https:\/\/midas.com.tr\/en\/#\/schema\/logo\/image\/\"}}]}<\/script>\n<!-- \/ Yoast SEO Premium plugin. -->","yoast_head_json":{"title":"KVKK Application Form | Midas","description":"Midas KVKK Application Form","robots":{"index":"index","follow":"follow","max-snippet":"max-snippet:-1","max-image-preview":"max-image-preview:large","max-video-preview":"max-video-preview:-1"},"canonical":"https:\/\/midas.com.tr\/en\/kvkk-basvuru-formu\/","og_locale":"en_US","og_type":"article","og_title":"KVKK Application Form","og_description":"Midas KVKK Application Form","og_url":"https:\/\/midas.com.tr\/en\/kvkk-basvuru-formu\/","og_site_name":"M\u0130DAS - The Premier Gold Chain Manufacturer","article_modified_time":"2025-03-25T07:23:05+00:00","twitter_card":"summary_large_image","twitter_misc":{"Est. reading time":"4 minutes"},"schema":{"@context":"https:\/\/schema.org","@graph":[{"@type":"WebPage","@id":"https:\/\/midas.com.tr\/en\/kvkk-basvuru-formu\/","url":"https:\/\/midas.com.tr\/en\/kvkk-basvuru-formu\/","name":"KVKK Application Form | Midas","isPartOf":{"@id":"https:\/\/midas.com.tr\/en\/#website"},"datePublished":"2022-07-29T11:12:54+00:00","dateModified":"2025-03-25T07:23:05+00:00","description":"Midas KVKK Application Form","breadcrumb":{"@id":"https:\/\/midas.com.tr\/en\/kvkk-basvuru-formu\/#breadcrumb"},"inLanguage":"en-US","potentialAction":[{"@type":"ReadAction","target":["https:\/\/midas.com.tr\/en\/kvkk-basvuru-formu\/"]}]},{"@type":"BreadcrumbList","@id":"https:\/\/midas.com.tr\/en\/kvkk-basvuru-formu\/#breadcrumb","itemListElement":[{"@type":"ListItem","position":1,"name":"Home","item":"https:\/\/midas.com.tr\/en\/"},{"@type":"ListItem","position":2,"name":"KVKK Application Form"}]},{"@type":"WebSite","@id":"https:\/\/midas.com.tr\/en\/#website","url":"https:\/\/midas.com.tr\/en\/","name":"Midas - Birinci S\u0131n\u0131f Alt\u0131n M\u00fccevher ve Zincir \u00dcreticisi","description":"Premier Jewelry Company Midas Chain is a manufacturer from USA, with products under the category of fine Jewellery.","publisher":{"@id":"https:\/\/midas.com.tr\/en\/#organization"},"potentialAction":[{"@type":"SearchAction","target":{"@type":"EntryPoint","urlTemplate":"https:\/\/midas.com.tr\/en\/?s={search_term_string}"},"query-input":{"@type":"PropertyValueSpecification","valueRequired":true,"valueName":"search_term_string"}}],"inLanguage":"en-US"},{"@type":"Organization","@id":"https:\/\/midas.com.tr\/en\/#organization","name":"Midas -Birinci S\u0131n\u0131f Alt\u0131n M\u00fccevher ve Zincir \u00dcreticisi","url":"https:\/\/midas.com.tr\/en\/","logo":{"@type":"ImageObject","inLanguage":"en-US","@id":"https:\/\/midas.com.tr\/en\/#\/schema\/logo\/image\/","url":"https:\/\/midas.com.tr\/wp-content\/uploads\/2021\/12\/midas-logo.png","contentUrl":"https:\/\/midas.com.tr\/wp-content\/uploads\/2021\/12\/midas-logo.png","width":300,"height":106,"caption":"Midas -Birinci S\u0131n\u0131f Alt\u0131n M\u00fccevher ve Zincir \u00dcreticisi"},"image":{"@id":"https:\/\/midas.com.tr\/en\/#\/schema\/logo\/image\/"}}]}},"_links":{"self":[{"href":"https:\/\/midas.com.tr\/en\/wp-json\/wp\/v2\/pages\/18578","targetHints":{"allow":["GET"]}}],"collection":[{"href":"https:\/\/midas.com.tr\/en\/wp-json\/wp\/v2\/pages"}],"about":[{"href":"https:\/\/midas.com.tr\/en\/wp-json\/wp\/v2\/types\/page"}],"author":[{"embeddable":true,"href":"https:\/\/midas.com.tr\/en\/wp-json\/wp\/v2\/users\/1"}],"replies":[{"embeddable":true,"href":"https:\/\/midas.com.tr\/en\/wp-json\/wp\/v2\/comments?post=18578"}],"version-history":[{"count":3,"href":"https:\/\/midas.com.tr\/en\/wp-json\/wp\/v2\/pages\/18578\/revisions"}],"predecessor-version":[{"id":24354,"href":"https:\/\/midas.com.tr\/en\/wp-json\/wp\/v2\/pages\/18578\/revisions\/24354"}],"wp:attachment":[{"href":"https:\/\/midas.com.tr\/en\/wp-json\/wp\/v2\/media?parent=18578"}],"curies":[{"name":"wp","href":"https:\/\/api.w.org\/{rel}","templated":true}]}}