{"id":20879,"date":"2024-10-10T10:33:40","date_gmt":"2024-10-10T10:33:40","guid":{"rendered":"https:\/\/testmidas.com\/gold-bracelet\/"},"modified":"2025-09-04T11:53:31","modified_gmt":"2025-09-04T11:53:31","slug":"gold-bracelet","status":"publish","type":"page","link":"https:\/\/midas.com.tr\/en\/gold-bracelet\/","title":{"rendered":"Gold Bracelet"},"content":{"rendered":"\t\t<div data-elementor-type=\"wp-page\" data-elementor-id=\"20879\" class=\"elementor elementor-20879 elementor-20836\" data-elementor-post-type=\"page\">\n\t\t\t\t\t\t<section class=\"elementor-section elementor-top-section elementor-element elementor-element-768b136 elementor-section-boxed elementor-section-height-default elementor-section-height-default\" data-id=\"768b136\" data-element_type=\"section\">\r\n\t\t\t\t\t\t<div class=\"elementor-container elementor-column-gap-default jws_section_\" >\r\n\t\t\t\t<div class=\"elementor-column elementor-col-100 elementor-top-column elementor-element elementor-element-e16ad36\" data-id=\"e16ad36\" data-element_type=\"column\">\n\t\t\t<div class=\"elementor-widget-wrap elementor-element-populated\">\n\t\t\t\t\t\t<div class=\"elementor-element elementor-element-6e6f146 elementor-widget elementor-widget-image\" data-id=\"6e6f146\" data-element_type=\"widget\" data-widget_type=\"image.default\">\n\t\t\t\t<div class=\"elementor-widget-container\">\n\t\t\t\t\t\t\t\t\t\t\t\t\t<img decoding=\"async\" src=\"https:\/\/midas.com.tr\/wp-content\/uploads\/elementor\/thumbs\/Altin-Bileklik-1-qxdfyyiyg01anudhfdo1312d6mcy1n68e5hijczwjs.webp\" title=\"Alt\u0131n Bileklik 1\" alt=\"Gold Bracelet wholesaler - M\u0130DAS\" loading=\"lazy\" \/>\t\t\t\t\t\t\t\t\t\t\t\t\t<\/div>\n\t\t\t\t<\/div>\n\t\t\t\t\t<\/div>\n\t\t<\/div>\n\t\t\t\t      \r\n            \r\n              \r\n            \r\n            \t\r\n\t\t\t<\/div>\r\n\t\t<\/section>\r\n\t\t\t\t<section class=\"elementor-section elementor-top-section elementor-element elementor-element-ede2412 elementor-section-boxed elementor-section-height-default elementor-section-height-default\" data-id=\"ede2412\" data-element_type=\"section\">\r\n\t\t\t\t\t\t<div class=\"elementor-container elementor-column-gap-default jws_section_\" >\r\n\t\t\t\t<div class=\"elementor-column elementor-col-100 elementor-top-column elementor-element elementor-element-457fe63\" data-id=\"457fe63\" data-element_type=\"column\">\n\t\t\t<div class=\"elementor-widget-wrap elementor-element-populated\">\n\t\t\t\t\t\t<div class=\"elementor-element elementor-element-4cd4c14 elementor-widget elementor-widget-heading\" data-id=\"4cd4c14\" data-element_type=\"widget\" data-widget_type=\"heading.default\">\n\t\t\t\t<div class=\"elementor-widget-container\">\n\t\t\t<h1 class=\"elementor-heading-title elementor-size-default\">Gold Bracelet<\/h1>\t\t<\/div>\n\t\t\t\t<\/div>\n\t\t\t\t\t<\/div>\n\t\t<\/div>\n\t\t\t\t      \r\n            \r\n              \r\n            \r\n            \t\r\n\t\t\t<\/div>\r\n\t\t<\/section>\r\n\t\t\t\t<section class=\"elementor-section elementor-top-section elementor-element elementor-element-0eba9dd elementor-section-boxed elementor-section-height-default elementor-section-height-default\" data-id=\"0eba9dd\" data-element_type=\"section\">\r\n\t\t\t\t\t\t<div class=\"elementor-container elementor-column-gap-default jws_section_\" >\r\n\t\t\t\t<div class=\"elementor-column elementor-col-100 elementor-top-column elementor-element elementor-element-14fae2d\" data-id=\"14fae2d\" data-element_type=\"column\">\n\t\t\t<div class=\"elementor-widget-wrap elementor-element-populated\">\n\t\t\t\t\t\t<div class=\"elementor-element elementor-element-2dce45d elementor-widget elementor-widget-text-editor\" data-id=\"2dce45d\" data-element_type=\"widget\" data-widget_type=\"text-editor.default\">\n\t\t\t\t<div class=\"elementor-widget-container\">\n\t\t\t\t\t\t\t<h2 style=\"color: #484848; font-size: 16px;\"><strong>Midas: Superior Quality and Professionalism in Gold Bracelet Manufacturing<\/strong><\/h2>\t\t\t\t\t\t<\/div>\n\t\t\t\t<\/div>\n\t\t\t\t\t<\/div>\n\t\t<\/div>\n\t\t\t\t      \r\n            \r\n              \r\n            \r\n            \t\r\n\t\t\t<\/div>\r\n\t\t<\/section>\r\n\t\t\t\t<section class=\"elementor-section elementor-top-section elementor-element elementor-element-8d4823e elementor-section-boxed elementor-section-height-default elementor-section-height-default\" data-id=\"8d4823e\" data-element_type=\"section\">\r\n\t\t\t\t\t\t<div class=\"elementor-container elementor-column-gap-default jws_section_\" >\r\n\t\t\t\t<div class=\"elementor-column elementor-col-100 elementor-top-column elementor-element elementor-element-3aaaf02\" data-id=\"3aaaf02\" data-element_type=\"column\">\n\t\t\t<div class=\"elementor-widget-wrap elementor-element-populated\">\n\t\t\t\t\t\t<div class=\"elementor-element elementor-element-2f035c7 elementor-widget elementor-widget-text-editor\" data-id=\"2f035c7\" data-element_type=\"widget\" data-widget_type=\"text-editor.default\">\n\t\t\t\t<div class=\"elementor-widget-container\">\n\t\t\t\t\t\t\t<p>By Bringing together superior quality and professionalism <strong>in gold bracelet production<\/strong>, Midas continues to strengthen its leading position in the industry day by day. As a <strong>wholesale gold bracelet<\/strong> manufacturer, we cater to the expectations of jewelers by offering products in various sizes and specifications tailored to customer demands.<\/p><p>With our advanced manufacturing technology and expert team, we offer a wide range of products, from minimalist small-figure bracelets to elaborate fantasy bracelets. Our minimalist designs provide excellent options for customers seeking a modern look with elegant and sophisticated details. Meanwhile, our fantasy bracelet collection stands out with stylish and eye-catching designs which are perfect for special occasions. Each fantasy bracelet is crafted with meticulous workmanship and high-quality materials to deliver a unique aesthetic.   <\/p><p>At <b>Midas<\/b>, we offer a diverse selection of bracelets, including both hollow and solid chain bracelets. Hollow chain bracelets, with their lightweight and elegant design, are ideal for everyday wear, while solid chain bracelets provide a bolder, more striking look for those seeking a more substantial appearance. <\/p><p>Our commitment to quality and customer satisfaction throughout the production process makes us as a leading <strong>gold jewelry manufacturer<\/strong> in the industry. Midas continues to be a trusted partner for jewelers with its carefully designed and meticulously crafted <strong>wholesale gold bracelet models<\/strong>. <\/p><p>To support our jeweler partners and explore our gold bracelet models in more detail, you can access Midas\u2019 B2B platform. Through the <strong><a href=\"https:\/\/www.midasb2b.com\" target=\"_blank\" rel=\"noopener\"><span style=\"text-decoration: underline;\">Midas B2B Platform<\/span><\/a><\/strong>, you can browse our products in detail and place your orders quickly and securely.<\/p>\t\t\t\t\t\t<\/div>\n\t\t\t\t<\/div>\n\t\t\t\t\t<\/div>\n\t\t<\/div>\n\t\t\t\t      \r\n            \r\n              \r\n            \r\n            \t\r\n\t\t\t<\/div>\r\n\t\t<\/section>\r\n\t\t\t\t<\/div>\n\t\t","protected":false},"excerpt":{"rendered":"<p>Gold Bracelet Midas: Superior Quality and Professionalism in Gold Bracelet Manufacturing By Bringing together superior quality and professionalism in gold bracelet production, Midas continues to strengthen its leading position in the industry day by day. As a wholesale gold bracelet manufacturer, we cater to the expectations of jewelers by offering products in various sizes and [&hellip;]<\/p>\n","protected":false},"author":4,"featured_media":0,"parent":0,"menu_order":0,"comment_status":"closed","ping_status":"closed","template":"","meta":{"footnotes":""},"class_list":["post-20879","page","type-page","status-publish","hentry"],"yoast_head":"<!-- This site is optimized with the Yoast SEO Premium plugin v23.9 (Yoast SEO v26.8) - https:\/\/yoast.com\/product\/yoast-seo-premium-wordpress\/ -->\n<title>Gold Bracelet - M\u0130DAS - The Premier Gold Chain Manufacturer<\/title>\n<meta name=\"description\" content=\"Explore all gold bracelet models crafted with Midas quality. Discover unique and refined gold bracelet designs.\" \/>\n<meta name=\"robots\" content=\"index, follow, max-snippet:-1, max-image-preview:large, max-video-preview:-1\" \/>\n<link rel=\"canonical\" href=\"https:\/\/midas.com.tr\/en\/gold-bracelet\/\" \/>\n<meta property=\"og:locale\" content=\"en_US\" \/>\n<meta property=\"og:type\" content=\"article\" \/>\n<meta property=\"og:title\" content=\"Gold Bracelet\" \/>\n<meta property=\"og:description\" content=\"Explore all gold bracelet models crafted with Midas quality. Discover unique and refined gold bracelet designs.\" \/>\n<meta property=\"og:url\" content=\"https:\/\/midas.com.tr\/en\/gold-bracelet\/\" \/>\n<meta property=\"og:site_name\" content=\"M\u0130DAS - The Premier Gold Chain Manufacturer\" \/>\n<meta property=\"article:modified_time\" content=\"2025-09-04T11:53:31+00:00\" \/>\n<meta property=\"og:image\" content=\"https:\/\/midas.com.tr\/wp-content\/uploads\/elementor\/thumbs\/Altin-Bileklik-1-qxdfyyiyg01anudhfdo1312d6mcy1n68e5hijczwjs.webp\" \/>\n<meta name=\"twitter:card\" content=\"summary_large_image\" \/>\n<meta name=\"twitter:label1\" content=\"Est. reading time\" \/>\n\t<meta name=\"twitter:data1\" content=\"2 minutes\" \/>\n<script type=\"application\/ld+json\" class=\"yoast-schema-graph\">{\"@context\":\"https:\/\/schema.org\",\"@graph\":[{\"@type\":\"WebPage\",\"@id\":\"https:\/\/midas.com.tr\/en\/gold-bracelet\/\",\"url\":\"https:\/\/midas.com.tr\/en\/gold-bracelet\/\",\"name\":\"Gold Bracelet - M\u0130DAS - The Premier Gold Chain Manufacturer\",\"isPartOf\":{\"@id\":\"https:\/\/midas.com.tr\/en\/#website\"},\"primaryImageOfPage\":{\"@id\":\"https:\/\/midas.com.tr\/en\/gold-bracelet\/#primaryimage\"},\"image\":{\"@id\":\"https:\/\/midas.com.tr\/en\/gold-bracelet\/#primaryimage\"},\"thumbnailUrl\":\"https:\/\/midas.com.tr\/wp-content\/uploads\/elementor\/thumbs\/Altin-Bileklik-1-qxdfyyiyg01anudhfdo1312d6mcy1n68e5hijczwjs.webp\",\"datePublished\":\"2024-10-10T10:33:40+00:00\",\"dateModified\":\"2025-09-04T11:53:31+00:00\",\"description\":\"Explore all gold bracelet models crafted with Midas quality. Discover unique and refined gold bracelet designs.\",\"breadcrumb\":{\"@id\":\"https:\/\/midas.com.tr\/en\/gold-bracelet\/#breadcrumb\"},\"inLanguage\":\"en-US\",\"potentialAction\":[{\"@type\":\"ReadAction\",\"target\":[\"https:\/\/midas.com.tr\/en\/gold-bracelet\/\"]}]},{\"@type\":\"ImageObject\",\"inLanguage\":\"en-US\",\"@id\":\"https:\/\/midas.com.tr\/en\/gold-bracelet\/#primaryimage\",\"url\":\"https:\/\/midas.com.tr\/wp-content\/uploads\/elementor\/thumbs\/Altin-Bileklik-1-qxdfyyiyg01anudhfdo1312d6mcy1n68e5hijczwjs.webp\",\"contentUrl\":\"https:\/\/midas.com.tr\/wp-content\/uploads\/elementor\/thumbs\/Altin-Bileklik-1-qxdfyyiyg01anudhfdo1312d6mcy1n68e5hijczwjs.webp\"},{\"@type\":\"BreadcrumbList\",\"@id\":\"https:\/\/midas.com.tr\/en\/gold-bracelet\/#breadcrumb\",\"itemListElement\":[{\"@type\":\"ListItem\",\"position\":1,\"name\":\"Home\",\"item\":\"https:\/\/midas.com.tr\/en\/\"},{\"@type\":\"ListItem\",\"position\":2,\"name\":\"Gold Bracelet\"}]},{\"@type\":\"WebSite\",\"@id\":\"https:\/\/midas.com.tr\/en\/#website\",\"url\":\"https:\/\/midas.com.tr\/en\/\",\"name\":\"Midas - Birinci S\u0131n\u0131f Alt\u0131n M\u00fccevher ve Zincir \u00dcreticisi\",\"description\":\"Premier Jewelry Company Midas Chain is a manufacturer from USA, with products under the category of fine Jewellery.\",\"publisher\":{\"@id\":\"https:\/\/midas.com.tr\/en\/#organization\"},\"potentialAction\":[{\"@type\":\"SearchAction\",\"target\":{\"@type\":\"EntryPoint\",\"urlTemplate\":\"https:\/\/midas.com.tr\/en\/?s={search_term_string}\"},\"query-input\":{\"@type\":\"PropertyValueSpecification\",\"valueRequired\":true,\"valueName\":\"search_term_string\"}}],\"inLanguage\":\"en-US\"},{\"@type\":\"Organization\",\"@id\":\"https:\/\/midas.com.tr\/en\/#organization\",\"name\":\"Midas -Birinci S\u0131n\u0131f Alt\u0131n M\u00fccevher ve Zincir \u00dcreticisi\",\"url\":\"https:\/\/midas.com.tr\/en\/\",\"logo\":{\"@type\":\"ImageObject\",\"inLanguage\":\"en-US\",\"@id\":\"https:\/\/midas.com.tr\/en\/#\/schema\/logo\/image\/\",\"url\":\"https:\/\/midas.com.tr\/wp-content\/uploads\/2021\/12\/midas-logo.png\",\"contentUrl\":\"https:\/\/midas.com.tr\/wp-content\/uploads\/2021\/12\/midas-logo.png\",\"width\":300,\"height\":106,\"caption\":\"Midas -Birinci S\u0131n\u0131f Alt\u0131n M\u00fccevher ve Zincir \u00dcreticisi\"},\"image\":{\"@id\":\"https:\/\/midas.com.tr\/en\/#\/schema\/logo\/image\/\"}}]}<\/script>\n<!-- \/ Yoast SEO Premium plugin. -->","yoast_head_json":{"title":"Gold Bracelet - M\u0130DAS - The Premier Gold Chain Manufacturer","description":"Explore all gold bracelet models crafted with Midas quality. Discover unique and refined gold bracelet designs.","robots":{"index":"index","follow":"follow","max-snippet":"max-snippet:-1","max-image-preview":"max-image-preview:large","max-video-preview":"max-video-preview:-1"},"canonical":"https:\/\/midas.com.tr\/en\/gold-bracelet\/","og_locale":"en_US","og_type":"article","og_title":"Gold Bracelet","og_description":"Explore all gold bracelet models crafted with Midas quality. Discover unique and refined gold bracelet designs.","og_url":"https:\/\/midas.com.tr\/en\/gold-bracelet\/","og_site_name":"M\u0130DAS - The Premier Gold Chain Manufacturer","article_modified_time":"2025-09-04T11:53:31+00:00","og_image":[{"url":"https:\/\/midas.com.tr\/wp-content\/uploads\/elementor\/thumbs\/Altin-Bileklik-1-qxdfyyiyg01anudhfdo1312d6mcy1n68e5hijczwjs.webp","type":"","width":"","height":""}],"twitter_card":"summary_large_image","twitter_misc":{"Est. reading time":"2 minutes"},"schema":{"@context":"https:\/\/schema.org","@graph":[{"@type":"WebPage","@id":"https:\/\/midas.com.tr\/en\/gold-bracelet\/","url":"https:\/\/midas.com.tr\/en\/gold-bracelet\/","name":"Gold Bracelet - M\u0130DAS - The Premier Gold Chain Manufacturer","isPartOf":{"@id":"https:\/\/midas.com.tr\/en\/#website"},"primaryImageOfPage":{"@id":"https:\/\/midas.com.tr\/en\/gold-bracelet\/#primaryimage"},"image":{"@id":"https:\/\/midas.com.tr\/en\/gold-bracelet\/#primaryimage"},"thumbnailUrl":"https:\/\/midas.com.tr\/wp-content\/uploads\/elementor\/thumbs\/Altin-Bileklik-1-qxdfyyiyg01anudhfdo1312d6mcy1n68e5hijczwjs.webp","datePublished":"2024-10-10T10:33:40+00:00","dateModified":"2025-09-04T11:53:31+00:00","description":"Explore all gold bracelet models crafted with Midas quality. Discover unique and refined gold bracelet designs.","breadcrumb":{"@id":"https:\/\/midas.com.tr\/en\/gold-bracelet\/#breadcrumb"},"inLanguage":"en-US","potentialAction":[{"@type":"ReadAction","target":["https:\/\/midas.com.tr\/en\/gold-bracelet\/"]}]},{"@type":"ImageObject","inLanguage":"en-US","@id":"https:\/\/midas.com.tr\/en\/gold-bracelet\/#primaryimage","url":"https:\/\/midas.com.tr\/wp-content\/uploads\/elementor\/thumbs\/Altin-Bileklik-1-qxdfyyiyg01anudhfdo1312d6mcy1n68e5hijczwjs.webp","contentUrl":"https:\/\/midas.com.tr\/wp-content\/uploads\/elementor\/thumbs\/Altin-Bileklik-1-qxdfyyiyg01anudhfdo1312d6mcy1n68e5hijczwjs.webp"},{"@type":"BreadcrumbList","@id":"https:\/\/midas.com.tr\/en\/gold-bracelet\/#breadcrumb","itemListElement":[{"@type":"ListItem","position":1,"name":"Home","item":"https:\/\/midas.com.tr\/en\/"},{"@type":"ListItem","position":2,"name":"Gold Bracelet"}]},{"@type":"WebSite","@id":"https:\/\/midas.com.tr\/en\/#website","url":"https:\/\/midas.com.tr\/en\/","name":"Midas - Birinci S\u0131n\u0131f Alt\u0131n M\u00fccevher ve Zincir \u00dcreticisi","description":"Premier Jewelry Company Midas Chain is a manufacturer from USA, with products under the category of fine Jewellery.","publisher":{"@id":"https:\/\/midas.com.tr\/en\/#organization"},"potentialAction":[{"@type":"SearchAction","target":{"@type":"EntryPoint","urlTemplate":"https:\/\/midas.com.tr\/en\/?s={search_term_string}"},"query-input":{"@type":"PropertyValueSpecification","valueRequired":true,"valueName":"search_term_string"}}],"inLanguage":"en-US"},{"@type":"Organization","@id":"https:\/\/midas.com.tr\/en\/#organization","name":"Midas -Birinci S\u0131n\u0131f Alt\u0131n M\u00fccevher ve Zincir \u00dcreticisi","url":"https:\/\/midas.com.tr\/en\/","logo":{"@type":"ImageObject","inLanguage":"en-US","@id":"https:\/\/midas.com.tr\/en\/#\/schema\/logo\/image\/","url":"https:\/\/midas.com.tr\/wp-content\/uploads\/2021\/12\/midas-logo.png","contentUrl":"https:\/\/midas.com.tr\/wp-content\/uploads\/2021\/12\/midas-logo.png","width":300,"height":106,"caption":"Midas -Birinci S\u0131n\u0131f Alt\u0131n M\u00fccevher ve Zincir \u00dcreticisi"},"image":{"@id":"https:\/\/midas.com.tr\/en\/#\/schema\/logo\/image\/"}}]}},"_links":{"self":[{"href":"https:\/\/midas.com.tr\/en\/wp-json\/wp\/v2\/pages\/20879","targetHints":{"allow":["GET"]}}],"collection":[{"href":"https:\/\/midas.com.tr\/en\/wp-json\/wp\/v2\/pages"}],"about":[{"href":"https:\/\/midas.com.tr\/en\/wp-json\/wp\/v2\/types\/page"}],"author":[{"embeddable":true,"href":"https:\/\/midas.com.tr\/en\/wp-json\/wp\/v2\/users\/4"}],"replies":[{"embeddable":true,"href":"https:\/\/midas.com.tr\/en\/wp-json\/wp\/v2\/comments?post=20879"}],"version-history":[{"count":13,"href":"https:\/\/midas.com.tr\/en\/wp-json\/wp\/v2\/pages\/20879\/revisions"}],"predecessor-version":[{"id":25086,"href":"https:\/\/midas.com.tr\/en\/wp-json\/wp\/v2\/pages\/20879\/revisions\/25086"}],"wp:attachment":[{"href":"https:\/\/midas.com.tr\/en\/wp-json\/wp\/v2\/media?parent=20879"}],"curies":[{"name":"wp","href":"https:\/\/api.w.org\/{rel}","templated":true}]}}