{"id":20887,"date":"2024-09-30T12:43:39","date_gmt":"2024-09-30T12:43:39","guid":{"rendered":"https:\/\/testmidas.com\/rope-chain\/"},"modified":"2025-09-05T07:56:06","modified_gmt":"2025-09-05T07:56:06","slug":"rope-chain","status":"publish","type":"page","link":"https:\/\/midas.com.tr\/en\/rope-chain\/","title":{"rendered":"Rope Chain"},"content":{"rendered":"\t\t<div data-elementor-type=\"wp-page\" data-elementor-id=\"20887\" class=\"elementor elementor-20887 elementor-20239\" data-elementor-post-type=\"page\">\n\t\t\t\t\t\t<section class=\"elementor-section elementor-top-section elementor-element elementor-element-c1766c1 elementor-section-boxed elementor-section-height-default elementor-section-height-default\" data-id=\"c1766c1\" data-element_type=\"section\">\r\n\t\t\t\t\t\t<div class=\"elementor-container elementor-column-gap-default jws_section_\" >\r\n\t\t\t\t<div class=\"elementor-column elementor-col-100 elementor-top-column elementor-element elementor-element-1285215\" data-id=\"1285215\" data-element_type=\"column\">\n\t\t\t<div class=\"elementor-widget-wrap elementor-element-populated\">\n\t\t\t\t\t\t<div class=\"elementor-element elementor-element-320ef5d elementor-widget elementor-widget-heading\" data-id=\"320ef5d\" data-element_type=\"widget\" data-widget_type=\"heading.default\">\n\t\t\t\t<div class=\"elementor-widget-container\">\n\t\t\t<h1 class=\"elementor-heading-title elementor-size-default\">Rope Chain<\/h1>\t\t<\/div>\n\t\t\t\t<\/div>\n\t\t\t\t\t<\/div>\n\t\t<\/div>\n\t\t\t\t      \r\n            \r\n              \r\n            \r\n            \t\r\n\t\t\t<\/div>\r\n\t\t<\/section>\r\n\t\t\t\t<section class=\"elementor-section elementor-top-section elementor-element elementor-element-01eb68c elementor-section-boxed elementor-section-height-default elementor-section-height-default\" data-id=\"01eb68c\" data-element_type=\"section\">\r\n\t\t\t\t\t\t<div class=\"elementor-container elementor-column-gap-default jws_section_\" >\r\n\t\t\t\t<div class=\"elementor-column elementor-col-100 elementor-top-column elementor-element elementor-element-1b1dd90\" data-id=\"1b1dd90\" data-element_type=\"column\">\n\t\t\t<div class=\"elementor-widget-wrap elementor-element-populated\">\n\t\t\t\t\t\t<div class=\"elementor-element elementor-element-27c19ac elementor-widget elementor-widget-image\" data-id=\"27c19ac\" data-element_type=\"widget\" data-widget_type=\"image.default\">\n\t\t\t\t<div class=\"elementor-widget-container\">\n\t\t\t\t\t\t\t\t\t\t\t\t\t<img fetchpriority=\"high\" decoding=\"async\" width=\"1376\" height=\"430\" src=\"https:\/\/midas.com.tr\/wp-content\/uploads\/2024\/09\/1376x430-1.avif\" class=\"attachment-large size-large wp-image-20242\" alt=\"Gold Chain manufacturer - Midas\" srcset=\"https:\/\/midas.com.tr\/wp-content\/uploads\/2024\/09\/1376x430-1.avif 1376w, https:\/\/midas.com.tr\/wp-content\/uploads\/2024\/09\/1376x430-1-768x240.avif 768w\" sizes=\"(max-width: 1376px) 100vw, 1376px\" \/>\t\t\t\t\t\t\t\t\t\t\t\t\t<\/div>\n\t\t\t\t<\/div>\n\t\t\t\t\t<\/div>\n\t\t<\/div>\n\t\t\t\t      \r\n            \r\n              \r\n            \r\n            \t\r\n\t\t\t<\/div>\r\n\t\t<\/section>\r\n\t\t\t\t<section class=\"elementor-section elementor-top-section elementor-element elementor-element-93b3e3c elementor-section-boxed elementor-section-height-default elementor-section-height-default\" data-id=\"93b3e3c\" data-element_type=\"section\">\r\n\t\t\t\t\t\t<div class=\"elementor-container elementor-column-gap-default jws_section_\" >\r\n\t\t\t\t<div class=\"elementor-column elementor-col-100 elementor-top-column elementor-element elementor-element-5094eeb\" data-id=\"5094eeb\" data-element_type=\"column\">\n\t\t\t<div class=\"elementor-widget-wrap elementor-element-populated\">\n\t\t\t\t\t\t<div class=\"elementor-element elementor-element-2b9de0f elementor-widget elementor-widget-text-editor\" data-id=\"2b9de0f\" data-element_type=\"widget\" data-widget_type=\"text-editor.default\">\n\t\t\t\t<div class=\"elementor-widget-container\">\n\t\t\t\t\t\t\t<p><span style=\"font-size: 18px;\">Midas is a specialized manufacturer of rope chains, offering a wide selection of models and finishes to meet the diverse needs of jewelry professionals. Combining advanced technology with expert craftsmanship, Midas provides both hollow and solid rope chain options tailored for different market preferences. <\/span><\/p><p><span style=\"font-size: 18px;\"> <strong data-start=\"549\" data-end=\"571\">Model Variety:<\/strong><br data-start=\"571\" data-end=\"574\">Our rope chains are available in various styles including classic, faceted, light, double, slim double, and slim light. This diversity ensures that the collection stays up to date with design trends and customer expectations.<\/span><\/p><p> <\/p><ul class=\"wp-block-list\" style=\"font-size: 18px;\"><li><p><strong><a href=\"https:\/\/midasb2b.com\/cat\/gold-hollow-rope\">Hollow Rope Chains:<\/a><\/strong> Available from 2.00 mm to 5.40 mm<\/p><\/li><\/ul><p> <\/p><ul class=\"wp-block-list\" style=\"font-size: 18px;\"><li><p><strong><a href=\"https:\/\/midasb2b.com\/cat\/gold-rope\">Solid Rope Chains:<\/a><\/strong> Available from 0.90 mm to 5.90 mm<\/p><\/li><\/ul><p> <\/p><p> These options make it possible to create both delicate and bold designs with ease.<\/p>\t\t\t\t\t\t<\/div>\n\t\t\t\t<\/div>\n\t\t\t\t\t<\/div>\n\t\t<\/div>\n\t\t\t\t      \r\n            \r\n              \r\n            \r\n            \t\r\n\t\t\t<\/div>\r\n\t\t<\/section>\r\n\t\t\t\t<section class=\"elementor-section elementor-top-section elementor-element elementor-element-48e5663 elementor-section-boxed elementor-section-height-default elementor-section-height-default\" data-id=\"48e5663\" data-element_type=\"section\">\r\n\t\t\t\t\t\t<div class=\"elementor-container elementor-column-gap-default jws_section_\" >\r\n\t\t\t\t<div class=\"elementor-column elementor-col-50 elementor-top-column elementor-element elementor-element-3c4a121\" data-id=\"3c4a121\" data-element_type=\"column\">\n\t\t\t<div class=\"elementor-widget-wrap elementor-element-populated\">\n\t\t\t\t\t\t<div class=\"elementor-element elementor-element-a4a2b09 elementor-widget elementor-widget-image\" data-id=\"a4a2b09\" data-element_type=\"widget\" data-widget_type=\"image.default\">\n\t\t\t\t<div class=\"elementor-widget-container\">\n\t\t\t\t\t\t\t\t\t\t\t\t\t<img decoding=\"async\" width=\"1080\" height=\"1080\" src=\"https:\/\/midas.com.tr\/wp-content\/uploads\/2024\/10\/ghdynb.webp\" class=\"attachment-large size-large wp-image-21750\" alt=\"Premier Gold Jewelry and Chain Manufacturer\" srcset=\"https:\/\/midas.com.tr\/wp-content\/uploads\/2024\/10\/ghdynb.webp 1080w, https:\/\/midas.com.tr\/wp-content\/uploads\/2024\/10\/ghdynb-768x768.webp 768w\" sizes=\"(max-width: 1080px) 100vw, 1080px\" \/>\t\t\t\t\t\t\t\t\t\t\t\t\t<\/div>\n\t\t\t\t<\/div>\n\t\t\t\t\t<\/div>\n\t\t<\/div>\n\t\t\t\t<div class=\"elementor-column elementor-col-50 elementor-top-column elementor-element elementor-element-f6651d8\" data-id=\"f6651d8\" data-element_type=\"column\">\n\t\t\t<div class=\"elementor-widget-wrap elementor-element-populated\">\n\t\t\t\t\t\t<div class=\"elementor-element elementor-element-acf62ec elementor-widget elementor-widget-text-editor\" data-id=\"acf62ec\" data-element_type=\"widget\" data-widget_type=\"text-editor.default\">\n\t\t\t\t<div class=\"elementor-widget-container\">\n\t\t\t\t\t\t\t<div style=\"font-size: 18px;\"><p><strong data-start=\"1020\" data-end=\"1058\">Gold Purity &amp; Color Options:<\/strong><br data-start=\"1058\" data-end=\"1061\">Based on customer requirements, Midas produces rope chains in 9K, 10K, 14K, 18K, 21K, and 22K gold. The chains are offered in a variety of finishes including Yellow Gold, White Gold, Rose Gold, and Green Gold, adding aesthetic richness to the collection. <\/p><\/div><p style=\"font-size: 18px;\"><strong data-start=\"1337\" data-end=\"1359\">Craftsmanship &amp; Quality:<\/strong><br data-start=\"1359\" data-end=\"1362\">Each rope chain is meticulously crafted with precision and care. M\u0130DAS\u2019s production expertise ensures durability while maintaining a refined and elegant appearance. <\/p><p style=\"font-size: 18px;\"><strong data-start=\"1555\" data-end=\"1589\">Wholesale Access &amp; Online Platform:<\/strong><br data-start=\"1589\" data-end=\"1592\">To explore our full range of rope chains and get more information, please visit our B2B platform at <a class=\"\" href=\"https:\/\/www.midasb2b.com\" target=\"_new\" rel=\"noopener\" data-start=\"1697\" data-end=\"1741\">www.midasb2b.com<\/a>.<\/p>\t\t\t\t\t\t<\/div>\n\t\t\t\t<\/div>\n\t\t\t\t\t<\/div>\n\t\t<\/div>\n\t\t\t\t      \r\n            \r\n              \r\n            \r\n            \t\r\n\t\t\t<\/div>\r\n\t\t<\/section>\r\n\t\t\t\t<\/div>\n\t\t","protected":false},"excerpt":{"rendered":"<p>Rope Chain Midas is a specialized manufacturer of rope chains, offering a wide selection of models and finishes to meet the diverse needs of jewelry professionals. Combining advanced technology with expert craftsmanship, Midas provides both hollow and solid rope chain options tailored for different market preferences. Model Variety:Our rope chains are available in various styles [&hellip;]<\/p>\n","protected":false},"author":4,"featured_media":0,"parent":0,"menu_order":0,"comment_status":"closed","ping_status":"closed","template":"","meta":{"footnotes":""},"class_list":["post-20887","page","type-page","status-publish","hentry"],"yoast_head":"<!-- This site is optimized with the Yoast SEO Premium plugin v23.9 (Yoast SEO v26.8) - https:\/\/yoast.com\/product\/yoast-seo-premium-wordpress\/ -->\n<title>Rope Chain - M\u0130DAS - The Premier Gold Chain Manufacturer<\/title>\n<meta name=\"description\" content=\"Midas Gold Rope Chains are crafted with intricate twists to create a bold yet elegant look, available in both solid and hollow options.\" \/>\n<meta name=\"robots\" content=\"index, follow, max-snippet:-1, max-image-preview:large, max-video-preview:-1\" \/>\n<link rel=\"canonical\" href=\"https:\/\/midas.com.tr\/en\/rope-chain\/\" \/>\n<meta property=\"og:locale\" content=\"en_US\" \/>\n<meta property=\"og:type\" content=\"article\" \/>\n<meta property=\"og:title\" content=\"Rope Chain\" \/>\n<meta property=\"og:description\" content=\"Midas Gold Rope Chains are crafted with intricate twists to create a bold yet elegant look, available in both solid and hollow options.\" \/>\n<meta property=\"og:url\" content=\"https:\/\/midas.com.tr\/en\/rope-chain\/\" \/>\n<meta property=\"og:site_name\" content=\"M\u0130DAS - The Premier Gold Chain Manufacturer\" \/>\n<meta property=\"article:modified_time\" content=\"2025-09-05T07:56:06+00:00\" \/>\n<meta name=\"twitter:card\" content=\"summary_large_image\" \/>\n<meta name=\"twitter:label1\" content=\"Est. reading time\" \/>\n\t<meta name=\"twitter:data1\" content=\"2 minutes\" \/>\n<script type=\"application\/ld+json\" class=\"yoast-schema-graph\">{\"@context\":\"https:\/\/schema.org\",\"@graph\":[{\"@type\":\"WebPage\",\"@id\":\"https:\/\/midas.com.tr\/en\/rope-chain\/\",\"url\":\"https:\/\/midas.com.tr\/en\/rope-chain\/\",\"name\":\"Rope Chain - M\u0130DAS - The Premier Gold Chain Manufacturer\",\"isPartOf\":{\"@id\":\"https:\/\/midas.com.tr\/en\/#website\"},\"primaryImageOfPage\":{\"@id\":\"https:\/\/midas.com.tr\/en\/rope-chain\/#primaryimage\"},\"image\":{\"@id\":\"https:\/\/midas.com.tr\/en\/rope-chain\/#primaryimage\"},\"thumbnailUrl\":\"https:\/\/midas.com.tr\/wp-content\/uploads\/2024\/09\/1376x430-1.avif\",\"datePublished\":\"2024-09-30T12:43:39+00:00\",\"dateModified\":\"2025-09-05T07:56:06+00:00\",\"description\":\"Midas Gold Rope Chains are crafted with intricate twists to create a bold yet elegant look, available in both solid and hollow options.\",\"breadcrumb\":{\"@id\":\"https:\/\/midas.com.tr\/en\/rope-chain\/#breadcrumb\"},\"inLanguage\":\"en-US\",\"potentialAction\":[{\"@type\":\"ReadAction\",\"target\":[\"https:\/\/midas.com.tr\/en\/rope-chain\/\"]}]},{\"@type\":\"ImageObject\",\"inLanguage\":\"en-US\",\"@id\":\"https:\/\/midas.com.tr\/en\/rope-chain\/#primaryimage\",\"url\":\"https:\/\/midas.com.tr\/wp-content\/uploads\/2024\/09\/1376x430-1.avif\",\"contentUrl\":\"https:\/\/midas.com.tr\/wp-content\/uploads\/2024\/09\/1376x430-1.avif\"},{\"@type\":\"BreadcrumbList\",\"@id\":\"https:\/\/midas.com.tr\/en\/rope-chain\/#breadcrumb\",\"itemListElement\":[{\"@type\":\"ListItem\",\"position\":1,\"name\":\"Home\",\"item\":\"https:\/\/midas.com.tr\/en\/\"},{\"@type\":\"ListItem\",\"position\":2,\"name\":\"Rope Chain\"}]},{\"@type\":\"WebSite\",\"@id\":\"https:\/\/midas.com.tr\/en\/#website\",\"url\":\"https:\/\/midas.com.tr\/en\/\",\"name\":\"Midas - Birinci S\u0131n\u0131f Alt\u0131n M\u00fccevher ve Zincir \u00dcreticisi\",\"description\":\"Premier Jewelry Company Midas Chain is a manufacturer from USA, with products under the category of fine Jewellery.\",\"publisher\":{\"@id\":\"https:\/\/midas.com.tr\/en\/#organization\"},\"potentialAction\":[{\"@type\":\"SearchAction\",\"target\":{\"@type\":\"EntryPoint\",\"urlTemplate\":\"https:\/\/midas.com.tr\/en\/?s={search_term_string}\"},\"query-input\":{\"@type\":\"PropertyValueSpecification\",\"valueRequired\":true,\"valueName\":\"search_term_string\"}}],\"inLanguage\":\"en-US\"},{\"@type\":\"Organization\",\"@id\":\"https:\/\/midas.com.tr\/en\/#organization\",\"name\":\"Midas -Birinci S\u0131n\u0131f Alt\u0131n M\u00fccevher ve Zincir \u00dcreticisi\",\"url\":\"https:\/\/midas.com.tr\/en\/\",\"logo\":{\"@type\":\"ImageObject\",\"inLanguage\":\"en-US\",\"@id\":\"https:\/\/midas.com.tr\/en\/#\/schema\/logo\/image\/\",\"url\":\"https:\/\/midas.com.tr\/wp-content\/uploads\/2021\/12\/midas-logo.png\",\"contentUrl\":\"https:\/\/midas.com.tr\/wp-content\/uploads\/2021\/12\/midas-logo.png\",\"width\":300,\"height\":106,\"caption\":\"Midas -Birinci S\u0131n\u0131f Alt\u0131n M\u00fccevher ve Zincir \u00dcreticisi\"},\"image\":{\"@id\":\"https:\/\/midas.com.tr\/en\/#\/schema\/logo\/image\/\"}}]}<\/script>\n<!-- \/ Yoast SEO Premium plugin. -->","yoast_head_json":{"title":"Rope Chain - M\u0130DAS - The Premier Gold Chain Manufacturer","description":"Midas Gold Rope Chains are crafted with intricate twists to create a bold yet elegant look, available in both solid and hollow options.","robots":{"index":"index","follow":"follow","max-snippet":"max-snippet:-1","max-image-preview":"max-image-preview:large","max-video-preview":"max-video-preview:-1"},"canonical":"https:\/\/midas.com.tr\/en\/rope-chain\/","og_locale":"en_US","og_type":"article","og_title":"Rope Chain","og_description":"Midas Gold Rope Chains are crafted with intricate twists to create a bold yet elegant look, available in both solid and hollow options.","og_url":"https:\/\/midas.com.tr\/en\/rope-chain\/","og_site_name":"M\u0130DAS - The Premier Gold Chain Manufacturer","article_modified_time":"2025-09-05T07:56:06+00:00","twitter_card":"summary_large_image","twitter_misc":{"Est. reading time":"2 minutes"},"schema":{"@context":"https:\/\/schema.org","@graph":[{"@type":"WebPage","@id":"https:\/\/midas.com.tr\/en\/rope-chain\/","url":"https:\/\/midas.com.tr\/en\/rope-chain\/","name":"Rope Chain - M\u0130DAS - The Premier Gold Chain Manufacturer","isPartOf":{"@id":"https:\/\/midas.com.tr\/en\/#website"},"primaryImageOfPage":{"@id":"https:\/\/midas.com.tr\/en\/rope-chain\/#primaryimage"},"image":{"@id":"https:\/\/midas.com.tr\/en\/rope-chain\/#primaryimage"},"thumbnailUrl":"https:\/\/midas.com.tr\/wp-content\/uploads\/2024\/09\/1376x430-1.avif","datePublished":"2024-09-30T12:43:39+00:00","dateModified":"2025-09-05T07:56:06+00:00","description":"Midas Gold Rope Chains are crafted with intricate twists to create a bold yet elegant look, available in both solid and hollow options.","breadcrumb":{"@id":"https:\/\/midas.com.tr\/en\/rope-chain\/#breadcrumb"},"inLanguage":"en-US","potentialAction":[{"@type":"ReadAction","target":["https:\/\/midas.com.tr\/en\/rope-chain\/"]}]},{"@type":"ImageObject","inLanguage":"en-US","@id":"https:\/\/midas.com.tr\/en\/rope-chain\/#primaryimage","url":"https:\/\/midas.com.tr\/wp-content\/uploads\/2024\/09\/1376x430-1.avif","contentUrl":"https:\/\/midas.com.tr\/wp-content\/uploads\/2024\/09\/1376x430-1.avif"},{"@type":"BreadcrumbList","@id":"https:\/\/midas.com.tr\/en\/rope-chain\/#breadcrumb","itemListElement":[{"@type":"ListItem","position":1,"name":"Home","item":"https:\/\/midas.com.tr\/en\/"},{"@type":"ListItem","position":2,"name":"Rope Chain"}]},{"@type":"WebSite","@id":"https:\/\/midas.com.tr\/en\/#website","url":"https:\/\/midas.com.tr\/en\/","name":"Midas - Birinci S\u0131n\u0131f Alt\u0131n M\u00fccevher ve Zincir \u00dcreticisi","description":"Premier Jewelry Company Midas Chain is a manufacturer from USA, with products under the category of fine Jewellery.","publisher":{"@id":"https:\/\/midas.com.tr\/en\/#organization"},"potentialAction":[{"@type":"SearchAction","target":{"@type":"EntryPoint","urlTemplate":"https:\/\/midas.com.tr\/en\/?s={search_term_string}"},"query-input":{"@type":"PropertyValueSpecification","valueRequired":true,"valueName":"search_term_string"}}],"inLanguage":"en-US"},{"@type":"Organization","@id":"https:\/\/midas.com.tr\/en\/#organization","name":"Midas -Birinci S\u0131n\u0131f Alt\u0131n M\u00fccevher ve Zincir \u00dcreticisi","url":"https:\/\/midas.com.tr\/en\/","logo":{"@type":"ImageObject","inLanguage":"en-US","@id":"https:\/\/midas.com.tr\/en\/#\/schema\/logo\/image\/","url":"https:\/\/midas.com.tr\/wp-content\/uploads\/2021\/12\/midas-logo.png","contentUrl":"https:\/\/midas.com.tr\/wp-content\/uploads\/2021\/12\/midas-logo.png","width":300,"height":106,"caption":"Midas -Birinci S\u0131n\u0131f Alt\u0131n M\u00fccevher ve Zincir \u00dcreticisi"},"image":{"@id":"https:\/\/midas.com.tr\/en\/#\/schema\/logo\/image\/"}}]}},"_links":{"self":[{"href":"https:\/\/midas.com.tr\/en\/wp-json\/wp\/v2\/pages\/20887","targetHints":{"allow":["GET"]}}],"collection":[{"href":"https:\/\/midas.com.tr\/en\/wp-json\/wp\/v2\/pages"}],"about":[{"href":"https:\/\/midas.com.tr\/en\/wp-json\/wp\/v2\/types\/page"}],"author":[{"embeddable":true,"href":"https:\/\/midas.com.tr\/en\/wp-json\/wp\/v2\/users\/4"}],"replies":[{"embeddable":true,"href":"https:\/\/midas.com.tr\/en\/wp-json\/wp\/v2\/comments?post=20887"}],"version-history":[{"count":12,"href":"https:\/\/midas.com.tr\/en\/wp-json\/wp\/v2\/pages\/20887\/revisions"}],"predecessor-version":[{"id":25161,"href":"https:\/\/midas.com.tr\/en\/wp-json\/wp\/v2\/pages\/20887\/revisions\/25161"}],"wp:attachment":[{"href":"https:\/\/midas.com.tr\/en\/wp-json\/wp\/v2\/media?parent=20887"}],"curies":[{"name":"wp","href":"https:\/\/api.w.org\/{rel}","templated":true}]}}