{"id":20889,"date":"2024-10-09T11:44:08","date_gmt":"2024-10-09T11:44:08","guid":{"rendered":"https:\/\/testmidas.com\/hollow-fancy-chains\/"},"modified":"2025-09-05T08:45:03","modified_gmt":"2025-09-05T08:45:03","slug":"hollow-fancy-chains","status":"publish","type":"page","link":"https:\/\/midas.com.tr\/en\/hollow-fancy-chains\/","title":{"rendered":"HOLLOW FANCY CHAINS"},"content":{"rendered":"\t\t<div data-elementor-type=\"wp-page\" data-elementor-id=\"20889\" class=\"elementor elementor-20889 elementor-20777\" data-elementor-post-type=\"page\">\n\t\t\t\t\t\t<section class=\"elementor-section elementor-top-section elementor-element elementor-element-df78672 elementor-section-boxed elementor-section-height-default elementor-section-height-default\" data-id=\"df78672\" data-element_type=\"section\">\r\n\t\t\t\t\t\t<div class=\"elementor-container elementor-column-gap-default jws_section_\" >\r\n\t\t\t\t<div class=\"elementor-column elementor-col-100 elementor-top-column elementor-element elementor-element-24121b3\" data-id=\"24121b3\" data-element_type=\"column\">\n\t\t\t<div class=\"elementor-widget-wrap elementor-element-populated\">\n\t\t\t\t\t\t<div class=\"elementor-element elementor-element-8ce69b1 elementor-widget elementor-widget-text-editor\" data-id=\"8ce69b1\" data-element_type=\"widget\" data-widget_type=\"text-editor.default\">\n\t\t\t\t<div class=\"elementor-widget-container\">\n\t\t\t\t\t\t\t<p>The <strong>MIDAS HOLLOW FANCY CHAIN<\/strong> catalog showcases meticulously handcrafted and uniquely designed <strong>fancy chain models<\/strong>. This collection features both single and two-tone options, blending aesthetic elegance with modern design. Our distinctive chain models are crafted with an emphasis on style and differentiation, making them a perfect choice for our wholesale partners. Explore our catalog to discover these exceptional options that can help you grow your business with MIDAS.   <\/p>\t\t\t\t\t\t<\/div>\n\t\t\t\t<\/div>\n\t\t\t\t\t<\/div>\n\t\t<\/div>\n\t\t\t\t      \r\n            \r\n              \r\n            \r\n            \t\r\n\t\t\t<\/div>\r\n\t\t<\/section>\r\n\t\t\t\t<section class=\"elementor-section elementor-top-section elementor-element elementor-element-28a2096 elementor-section-full_width elementor-section-height-default elementor-section-height-default\" data-id=\"28a2096\" data-element_type=\"section\">\r\n\t\t\t\t\t\t<div class=\"elementor-container elementor-column-gap-default jws_section_\" >\r\n\t\t\t\t<div class=\"elementor-column elementor-col-100 elementor-top-column elementor-element elementor-element-788780d\" data-id=\"788780d\" data-element_type=\"column\">\n\t\t\t<div class=\"elementor-widget-wrap elementor-element-populated\">\n\t\t\t\t\t\t<div class=\"elementor-element elementor-element-17fd0e8 elementor-widget elementor-widget-jws_iframe\" data-id=\"17fd0e8\" data-element_type=\"widget\" data-widget_type=\"jws_iframe.default\">\n\t\t\t\t<div class=\"elementor-widget-container\">\n\t\t\t            <div class=\"jws_iframe\">\r\n            <iframe style=\"max-width:1920;width:1920; height:964;\" title=\"A 3D model\" width=\"1920\" height=\"964\" src=\"https:\/\/online.fliphtml5.com\/lhnze\/bkyl\" frameborder=\"0\" allow=\"autoplay; fullscreen; vr\" mozallowfullscreen=\"true\" webkitallowfullscreen=\"true\"><\/iframe>\r\n            <\/div>\r\n        \t\t<\/div>\n\t\t\t\t<\/div>\n\t\t\t\t\t<\/div>\n\t\t<\/div>\n\t\t\t\t      \r\n            \r\n              \r\n            \r\n            \t\r\n\t\t\t<\/div>\r\n\t\t<\/section>\r\n\t\t\t\t<\/div>\n\t\t","protected":false},"excerpt":{"rendered":"<p>The MIDAS HOLLOW FANCY CHAIN catalog showcases meticulously handcrafted and uniquely designed fancy chain models. This collection features both single and two-tone options, blending aesthetic elegance with modern design. Our distinctive chain models are crafted with an emphasis on style and differentiation, making them a perfect choice for our wholesale partners. Explore our catalog to [&hellip;]<\/p>\n","protected":false},"author":4,"featured_media":0,"parent":0,"menu_order":0,"comment_status":"closed","ping_status":"closed","template":"","meta":{"footnotes":""},"class_list":["post-20889","page","type-page","status-publish","hentry"],"yoast_head":"<!-- This site is optimized with the Yoast SEO Premium plugin v23.9 (Yoast SEO v26.8) - https:\/\/yoast.com\/product\/yoast-seo-premium-wordpress\/ -->\n<title>HOLLOW FANCY CHAINS - M\u0130DAS - The Premier Gold Chain Manufacturer<\/title>\n<meta name=\"description\" content=\"Explore the Hollow Fancy Chain Catalog of Midas, a premier gold chain manufacturer, featuring handcrafted hollow gold chain models.\" \/>\n<meta name=\"robots\" content=\"index, follow, max-snippet:-1, max-image-preview:large, max-video-preview:-1\" \/>\n<link rel=\"canonical\" href=\"https:\/\/midas.com.tr\/en\/hollow-fancy-chains\/\" \/>\n<meta property=\"og:locale\" content=\"en_US\" \/>\n<meta property=\"og:type\" content=\"article\" \/>\n<meta property=\"og:title\" content=\"HOLLOW FANCY CHAINS\" \/>\n<meta property=\"og:description\" content=\"Explore the Hollow Fancy Chain Catalog of Midas, a premier gold chain manufacturer, featuring handcrafted hollow gold chain models.\" \/>\n<meta property=\"og:url\" content=\"https:\/\/midas.com.tr\/en\/hollow-fancy-chains\/\" \/>\n<meta property=\"og:site_name\" content=\"M\u0130DAS - The Premier Gold Chain Manufacturer\" \/>\n<meta property=\"article:modified_time\" content=\"2025-09-05T08:45:03+00:00\" \/>\n<meta name=\"twitter:card\" content=\"summary_large_image\" \/>\n<meta name=\"twitter:label1\" content=\"Est. reading time\" \/>\n\t<meta name=\"twitter:data1\" content=\"1 minute\" \/>\n<script type=\"application\/ld+json\" class=\"yoast-schema-graph\">{\"@context\":\"https:\/\/schema.org\",\"@graph\":[{\"@type\":\"WebPage\",\"@id\":\"https:\/\/midas.com.tr\/en\/hollow-fancy-chains\/\",\"url\":\"https:\/\/midas.com.tr\/en\/hollow-fancy-chains\/\",\"name\":\"HOLLOW FANCY CHAINS - M\u0130DAS - The Premier Gold Chain Manufacturer\",\"isPartOf\":{\"@id\":\"https:\/\/midas.com.tr\/en\/#website\"},\"datePublished\":\"2024-10-09T11:44:08+00:00\",\"dateModified\":\"2025-09-05T08:45:03+00:00\",\"description\":\"Explore the Hollow Fancy Chain Catalog of Midas, a premier gold chain manufacturer, featuring handcrafted hollow gold chain models.\",\"breadcrumb\":{\"@id\":\"https:\/\/midas.com.tr\/en\/hollow-fancy-chains\/#breadcrumb\"},\"inLanguage\":\"en-US\",\"potentialAction\":[{\"@type\":\"ReadAction\",\"target\":[\"https:\/\/midas.com.tr\/en\/hollow-fancy-chains\/\"]}]},{\"@type\":\"BreadcrumbList\",\"@id\":\"https:\/\/midas.com.tr\/en\/hollow-fancy-chains\/#breadcrumb\",\"itemListElement\":[{\"@type\":\"ListItem\",\"position\":1,\"name\":\"Home\",\"item\":\"https:\/\/midas.com.tr\/en\/\"},{\"@type\":\"ListItem\",\"position\":2,\"name\":\"HOLLOW FANCY CHAINS\"}]},{\"@type\":\"WebSite\",\"@id\":\"https:\/\/midas.com.tr\/en\/#website\",\"url\":\"https:\/\/midas.com.tr\/en\/\",\"name\":\"Midas - Birinci S\u0131n\u0131f Alt\u0131n M\u00fccevher ve Zincir \u00dcreticisi\",\"description\":\"Premier Jewelry Company Midas Chain is a manufacturer from USA, with products under the category of fine Jewellery.\",\"publisher\":{\"@id\":\"https:\/\/midas.com.tr\/en\/#organization\"},\"potentialAction\":[{\"@type\":\"SearchAction\",\"target\":{\"@type\":\"EntryPoint\",\"urlTemplate\":\"https:\/\/midas.com.tr\/en\/?s={search_term_string}\"},\"query-input\":{\"@type\":\"PropertyValueSpecification\",\"valueRequired\":true,\"valueName\":\"search_term_string\"}}],\"inLanguage\":\"en-US\"},{\"@type\":\"Organization\",\"@id\":\"https:\/\/midas.com.tr\/en\/#organization\",\"name\":\"Midas -Birinci S\u0131n\u0131f Alt\u0131n M\u00fccevher ve Zincir \u00dcreticisi\",\"url\":\"https:\/\/midas.com.tr\/en\/\",\"logo\":{\"@type\":\"ImageObject\",\"inLanguage\":\"en-US\",\"@id\":\"https:\/\/midas.com.tr\/en\/#\/schema\/logo\/image\/\",\"url\":\"https:\/\/midas.com.tr\/wp-content\/uploads\/2021\/12\/midas-logo.png\",\"contentUrl\":\"https:\/\/midas.com.tr\/wp-content\/uploads\/2021\/12\/midas-logo.png\",\"width\":300,\"height\":106,\"caption\":\"Midas -Birinci S\u0131n\u0131f Alt\u0131n M\u00fccevher ve Zincir \u00dcreticisi\"},\"image\":{\"@id\":\"https:\/\/midas.com.tr\/en\/#\/schema\/logo\/image\/\"}}]}<\/script>\n<!-- \/ Yoast SEO Premium plugin. -->","yoast_head_json":{"title":"HOLLOW FANCY CHAINS - M\u0130DAS - The Premier Gold Chain Manufacturer","description":"Explore the Hollow Fancy Chain Catalog of Midas, a premier gold chain manufacturer, featuring handcrafted hollow gold chain models.","robots":{"index":"index","follow":"follow","max-snippet":"max-snippet:-1","max-image-preview":"max-image-preview:large","max-video-preview":"max-video-preview:-1"},"canonical":"https:\/\/midas.com.tr\/en\/hollow-fancy-chains\/","og_locale":"en_US","og_type":"article","og_title":"HOLLOW FANCY CHAINS","og_description":"Explore the Hollow Fancy Chain Catalog of Midas, a premier gold chain manufacturer, featuring handcrafted hollow gold chain models.","og_url":"https:\/\/midas.com.tr\/en\/hollow-fancy-chains\/","og_site_name":"M\u0130DAS - The Premier Gold Chain Manufacturer","article_modified_time":"2025-09-05T08:45:03+00:00","twitter_card":"summary_large_image","twitter_misc":{"Est. reading time":"1 minute"},"schema":{"@context":"https:\/\/schema.org","@graph":[{"@type":"WebPage","@id":"https:\/\/midas.com.tr\/en\/hollow-fancy-chains\/","url":"https:\/\/midas.com.tr\/en\/hollow-fancy-chains\/","name":"HOLLOW FANCY CHAINS - M\u0130DAS - The Premier Gold Chain Manufacturer","isPartOf":{"@id":"https:\/\/midas.com.tr\/en\/#website"},"datePublished":"2024-10-09T11:44:08+00:00","dateModified":"2025-09-05T08:45:03+00:00","description":"Explore the Hollow Fancy Chain Catalog of Midas, a premier gold chain manufacturer, featuring handcrafted hollow gold chain models.","breadcrumb":{"@id":"https:\/\/midas.com.tr\/en\/hollow-fancy-chains\/#breadcrumb"},"inLanguage":"en-US","potentialAction":[{"@type":"ReadAction","target":["https:\/\/midas.com.tr\/en\/hollow-fancy-chains\/"]}]},{"@type":"BreadcrumbList","@id":"https:\/\/midas.com.tr\/en\/hollow-fancy-chains\/#breadcrumb","itemListElement":[{"@type":"ListItem","position":1,"name":"Home","item":"https:\/\/midas.com.tr\/en\/"},{"@type":"ListItem","position":2,"name":"HOLLOW FANCY CHAINS"}]},{"@type":"WebSite","@id":"https:\/\/midas.com.tr\/en\/#website","url":"https:\/\/midas.com.tr\/en\/","name":"Midas - Birinci S\u0131n\u0131f Alt\u0131n M\u00fccevher ve Zincir \u00dcreticisi","description":"Premier Jewelry Company Midas Chain is a manufacturer from USA, with products under the category of fine Jewellery.","publisher":{"@id":"https:\/\/midas.com.tr\/en\/#organization"},"potentialAction":[{"@type":"SearchAction","target":{"@type":"EntryPoint","urlTemplate":"https:\/\/midas.com.tr\/en\/?s={search_term_string}"},"query-input":{"@type":"PropertyValueSpecification","valueRequired":true,"valueName":"search_term_string"}}],"inLanguage":"en-US"},{"@type":"Organization","@id":"https:\/\/midas.com.tr\/en\/#organization","name":"Midas -Birinci S\u0131n\u0131f Alt\u0131n M\u00fccevher ve Zincir \u00dcreticisi","url":"https:\/\/midas.com.tr\/en\/","logo":{"@type":"ImageObject","inLanguage":"en-US","@id":"https:\/\/midas.com.tr\/en\/#\/schema\/logo\/image\/","url":"https:\/\/midas.com.tr\/wp-content\/uploads\/2021\/12\/midas-logo.png","contentUrl":"https:\/\/midas.com.tr\/wp-content\/uploads\/2021\/12\/midas-logo.png","width":300,"height":106,"caption":"Midas -Birinci S\u0131n\u0131f Alt\u0131n M\u00fccevher ve Zincir \u00dcreticisi"},"image":{"@id":"https:\/\/midas.com.tr\/en\/#\/schema\/logo\/image\/"}}]}},"_links":{"self":[{"href":"https:\/\/midas.com.tr\/en\/wp-json\/wp\/v2\/pages\/20889","targetHints":{"allow":["GET"]}}],"collection":[{"href":"https:\/\/midas.com.tr\/en\/wp-json\/wp\/v2\/pages"}],"about":[{"href":"https:\/\/midas.com.tr\/en\/wp-json\/wp\/v2\/types\/page"}],"author":[{"embeddable":true,"href":"https:\/\/midas.com.tr\/en\/wp-json\/wp\/v2\/users\/4"}],"replies":[{"embeddable":true,"href":"https:\/\/midas.com.tr\/en\/wp-json\/wp\/v2\/comments?post=20889"}],"version-history":[{"count":2,"href":"https:\/\/midas.com.tr\/en\/wp-json\/wp\/v2\/pages\/20889\/revisions"}],"predecessor-version":[{"id":25179,"href":"https:\/\/midas.com.tr\/en\/wp-json\/wp\/v2\/pages\/20889\/revisions\/25179"}],"wp:attachment":[{"href":"https:\/\/midas.com.tr\/en\/wp-json\/wp\/v2\/media?parent=20889"}],"curies":[{"name":"wp","href":"https:\/\/api.w.org\/{rel}","templated":true}]}}