{"id":20899,"date":"2024-10-08T07:23:47","date_gmt":"2024-10-08T07:23:47","guid":{"rendered":"https:\/\/testmidas.com\/our-policies\/"},"modified":"2025-09-02T08:19:06","modified_gmt":"2025-09-02T08:19:06","slug":"our-policies","status":"publish","type":"page","link":"https:\/\/midas.com.tr\/en\/our-policies\/","title":{"rendered":"Our policies"},"content":{"rendered":"\t\t<div data-elementor-type=\"wp-page\" data-elementor-id=\"20899\" class=\"elementor elementor-20899 elementor-20507\" data-elementor-post-type=\"page\">\n\t\t\t\t\t\t<section class=\"elementor-section elementor-top-section elementor-element elementor-element-809faa4 elementor-section-boxed elementor-section-height-default elementor-section-height-default\" data-id=\"809faa4\" data-element_type=\"section\">\r\n\t\t\t\t\t\t<div class=\"elementor-container elementor-column-gap-default jws_section_\" >\r\n\t\t\t\t<div class=\"elementor-column elementor-col-100 elementor-top-column elementor-element elementor-element-11de1fa\" data-id=\"11de1fa\" data-element_type=\"column\">\n\t\t\t<div class=\"elementor-widget-wrap elementor-element-populated\">\n\t\t\t\t\t\t<div class=\"elementor-element elementor-element-f5d901f elementor-widget elementor-widget-heading\" data-id=\"f5d901f\" data-element_type=\"widget\" data-widget_type=\"heading.default\">\n\t\t\t\t<div class=\"elementor-widget-container\">\n\t\t\t<h1 class=\"elementor-heading-title elementor-size-default\">Our policies<\/h1>\t\t<\/div>\n\t\t\t\t<\/div>\n\t\t\t\t\t<\/div>\n\t\t<\/div>\n\t\t\t\t      \r\n            \r\n              \r\n            \r\n            \t\r\n\t\t\t<\/div>\r\n\t\t<\/section>\r\n\t\t\t\t<section class=\"elementor-section elementor-top-section elementor-element elementor-element-5d3f129 elementor-section-boxed elementor-section-height-default elementor-section-height-default\" data-id=\"5d3f129\" data-element_type=\"section\">\r\n\t\t\t\t\t\t<div class=\"elementor-container elementor-column-gap-default jws_section_\" >\r\n\t\t\t\t<div class=\"elementor-column elementor-col-100 elementor-top-column elementor-element elementor-element-efb6f57\" data-id=\"efb6f57\" data-element_type=\"column\">\n\t\t\t<div class=\"elementor-widget-wrap elementor-element-populated\">\n\t\t\t\t\t\t<div class=\"elementor-element elementor-element-bbea159 elementor-widget elementor-widget-text-editor\" data-id=\"bbea159\" data-element_type=\"widget\" data-widget_type=\"text-editor.default\">\n\t\t\t\t<div class=\"elementor-widget-container\">\n\t\t\t\t\t\t\t<p>At Midas Giftware, we aim to maintain high quality and ethical standards at every stage of our business. Our ISO 9001, ISO 14001, and ISO 45001 certifications document our compliance with international standards in quality management, environmental responsibility, and occupational health and safety. Through our membership in the Responsible Jewellery Council (RJC), we place transparency, fairness, and responsible business practices at the heart of all our processes.<br \/><br \/><\/p><p>By combining creativity with meticulous craftsmanship, we strive to reflect aesthetics, value, and trust in every product we create. In line with our sustainable production approach, we work tirelessly to reduce our environmental impact, use our resources efficiently, and make positive contributions to society.<br \/><br \/><\/p><p>Guided by these principles, Midas Giftware continues to be a reliable, innovative, and responsible brand in our industry.<\/p>\t\t\t\t\t\t<\/div>\n\t\t\t\t<\/div>\n\t\t\t\t<div class=\"elementor-element elementor-element-223d42b elementor-widget elementor-widget-text-editor\" data-id=\"223d42b\" data-element_type=\"widget\" data-widget_type=\"text-editor.default\">\n\t\t\t\t<div class=\"elementor-widget-container\">\n\t\t\t\t\t\t\t\n            <div \n                class=\"elfsight-widget-pdf-embed elfsight-widget\" \n                data-elfsight-pdf-embed-options=\"%7B%22files%22%3A%5B%7B%22link%22%3A%22https%3A%5C%2F%5C%2Fmidas.com.tr%5C%2Fwp-content%5C%2Fuploads%5C%2F2022%5C%2F01%5C%2FEK.PL_.01-INTEGRATED-MANAGEMENT-SYSTEMS-POLICY.pdf%22%2C%22name%22%3A%22EK.PL.01%20-%20INTEGRATED%20MANAGEMENT%20SYSTEMS%20POLICY%22%2C%22previewImage%22%3Anull%7D%2C%7B%22link%22%3A%22https%3A%5C%2F%5C%2Fmidas.com.tr%5C%2Fwp-content%5C%2Fuploads%5C%2F2022%5C%2F01%5C%2FEK.PL_.02-ENVIRONMENTAL-POLICY.pdf%22%2C%22name%22%3A%22EK.PL.02%20-%20ENVIRONMENTAL%20POLICY%22%2C%22previewImage%22%3Anull%7D%2C%7B%22link%22%3A%22https%3A%5C%2F%5C%2Fmidas.com.tr%5C%2Fwp-content%5C%2Fuploads%5C%2F2022%5C%2F01%5C%2FEK.PL_.03-OCCUPATIONAL-HEALTH-AND-SAFETY-POLICY.pdf%22%2C%22name%22%3A%22EK.PL.03%20-%20OCCUPATIONAL%20HEALTH%20AND%20SAFETY%20POLICY%22%2C%22previewImage%22%3Anull%7D%2C%7B%22link%22%3A%22https%3A%5C%2F%5C%2Fmidas.com.tr%5C%2Fwp-content%5C%2Fuploads%5C%2F2022%5C%2F01%5C%2FEK.PL_.04-NON-DISCRIMINATION-AND-EQUALITY-POLICY.pdf%22%2C%22name%22%3A%22EK.PL.04%20-%20NON-DISCRIMINATION%20AND%20EQUALITY%20POLICY%22%2C%22previewImage%22%3Anull%7D%2C%7B%22link%22%3A%22https%3A%5C%2F%5C%2Fmidas.com.tr%5C%2Fwp-content%5C%2Fuploads%5C%2F2022%5C%2F01%5C%2FEK.PL_.05-HUMAN-RIGHTS-POLICY.pdf%22%2C%22name%22%3A%22EK.PL.05%20-%20HUMAN%20RIGHTS%20POLICY%22%2C%22previewImage%22%3Anull%7D%2C%7B%22link%22%3A%22https%3A%5C%2F%5C%2Fmidas.com.tr%5C%2Fwp-content%5C%2Fuploads%5C%2F2022%5C%2F01%5C%2FEK.PL_.06-ETHICAL-VALUES-AND-CODE-OF-CONDUCT-POLICY.pdf%22%2C%22name%22%3A%22EK.PL.06%20-%20ETHICAL%20VALUES%20AND%20CODE%20OF%20CONDUCT%20POLICY%22%2C%22previewImage%22%3Anull%7D%2C%7B%22link%22%3A%22https%3A%5C%2F%5C%2Fmidas.com.tr%5C%2Fwp-content%5C%2Fuploads%5C%2F2022%5C%2F01%5C%2FEK.PL_.07-ANTI-BRIBERY-AND-ANTI-CORRUPTION-POLICY.pdf%22%2C%22name%22%3A%22EK.PL.07%20-%20ANTI-BRIBERY%20AND%20ANTI-CORRUPTION%20POLICY%22%2C%22previewImage%22%3Anull%7D%2C%7B%22link%22%3A%22https%3A%5C%2F%5C%2Fmidas.com.tr%5C%2Fwp-content%5C%2Fuploads%5C%2F2022%5C%2F01%5C%2FEK.PL_.08-VIOLENCE-AND-HARASSMENT-PREVENTION-POLICY.pdf%22%2C%22name%22%3A%22EK.PL.08%20-%20VIOLENCE%20AND%20HARASSMENT%20PREVENTION%20POLICY%22%2C%22previewImage%22%3Anull%7D%2C%7B%22link%22%3A%22https%3A%5C%2F%5C%2Fmidas.com.tr%5C%2Fwp-content%5C%2Fuploads%5C%2F2022%5C%2F01%5C%2FEK.PL_.09-ANTI-MONEY-LAUNDERING-AML-AND-COUNTER-TERRORIST-FINANCING-CTF-POLICY.pdf%22%2C%22name%22%3A%22EK.PL.09%20-%20ANTI-MONEY%20LAUNDERING%20%28AML%29%20AND%20COUNTER-TERRORIST%20FINANCING%20%28CTF%29%20POLICY%22%2C%22previewImage%22%3Anull%7D%2C%7B%22link%22%3A%22https%3A%5C%2F%5C%2Fmidas.com.tr%5C%2Fwp-content%5C%2Fuploads%5C%2F2022%5C%2F01%5C%2FEK.PL_.10-SUPLY-CHAIN-POLICY.pdf%22%2C%22name%22%3A%22EK.PL.10%20-%20SUPLY%20CHAIN%20POLICY%22%2C%22previewImage%22%3Anull%7D%2C%7B%22link%22%3A%22https%3A%5C%2F%5C%2Fmidas.com.tr%5C%2Fwp-content%5C%2Fuploads%5C%2F2022%5C%2F01%5C%2FEK.PL_.11-COMPLAINT-AND-WHISTLEBLOWING-MECHANISM-POLICY.pdf%22%2C%22name%22%3A%22EK.PL.11%20-%20COMPLAINT%20AND%20WHISTLEBLOWING%20MECHANISM%20POLICY%22%2C%22previewImage%22%3Anull%7D%2C%7B%22link%22%3A%22https%3A%5C%2F%5C%2Fmidas.com.tr%5C%2Fwp-content%5C%2Fuploads%5C%2F2022%5C%2F01%5C%2FEK.PL_.12-SUSTAINABILITY-POLICY-1.pdf%22%2C%22name%22%3A%22EK.PL.12%20-%20SUSTAINABILITY%20POLICY%22%2C%22previewImage%22%3Anull%7D%2C%7B%22link%22%3A%22https%3A%5C%2F%5C%2Fmidas.com.tr%5C%2Fwp-content%5C%2Fuploads%5C%2F2022%5C%2F01%5C%2FEK.PL_.13-SECURITY-POLICY.pdf%22%2C%22name%22%3A%22EK.PL.13%20-%20SECURITY%20POLICY%22%2C%22previewImage%22%3Anull%7D%5D%2C%22widgetTitle%22%3A%22%22%2C%22layout%22%3A%22list%22%2C%22showIcon%22%3Afalse%2C%22icon%22%3A%22icon-1%22%2C%22previewImageSize%22%3A30%2C%22showDownloadLink%22%3Atrue%2C%22downloadLinkText%22%3A%22Download%22%2C%22width%22%3A800%2C%22heightFactor%22%3A1.41%2C%22iconColor%22%3A%22rgb%28222%2C%2043%2C%2051%29%22%2C%22nameColor%22%3A%22rgb%2817%2C%2017%2C%2017%29%22%2C%22downloadColor%22%3A%22rgb%2828%2C%20145%2C%20255%29%22%2C%22backgroundColor%22%3Anull%2C%22fileBackgroundColor%22%3Anull%2C%22widgetTitleColor%22%3A%22rgb%2817%2C%2017%2C%2017%29%22%2C%22nameFontSize%22%3A15%2C%22downloadFontSize%22%3A13%2C%22widgetTitleFontSize%22%3A20%2C%22widgetId%22%3A%222%22%7D\" \n                data-elfsight-pdf-embed-version=\"1.1.1\"\n                data-elfsight-widget-id=\"elfsight-pdf-embed-2\">\n            <\/div>\n            \t\t\t\t\t\t<\/div>\n\t\t\t\t<\/div>\n\t\t\t\t\t<\/div>\n\t\t<\/div>\n\t\t\t\t      \r\n            \r\n              \r\n            \r\n            \t\r\n\t\t\t<\/div>\r\n\t\t<\/section>\r\n\t\t\t\t<\/div>\n\t\t","protected":false},"excerpt":{"rendered":"<p>Our policies At Midas Giftware, we aim to maintain high quality and ethical standards at every stage of our business. Our ISO 9001, ISO 14001, and ISO 45001 certifications document our compliance with international standards in quality management, environmental responsibility, and occupational health and safety. Through our membership in the Responsible Jewellery Council (RJC), we [&hellip;]<\/p>\n","protected":false},"author":4,"featured_media":0,"parent":0,"menu_order":0,"comment_status":"closed","ping_status":"closed","template":"","meta":{"footnotes":""},"class_list":["post-20899","page","type-page","status-publish","hentry"],"yoast_head":"<!-- This site is optimized with the Yoast SEO Premium plugin v23.9 (Yoast SEO v26.8) - https:\/\/yoast.com\/product\/yoast-seo-premium-wordpress\/ -->\n<title>Our policies - M\u0130DAS - The Premier Gold Chain Manufacturer<\/title>\n<meta name=\"description\" content=\"See Midas Policies page to learn about our commitment to quality, sustainability and ethical practices in gold jewelry manufacturing.\" \/>\n<meta name=\"robots\" content=\"index, follow, max-snippet:-1, max-image-preview:large, max-video-preview:-1\" \/>\n<link rel=\"canonical\" href=\"https:\/\/midas.com.tr\/en\/our-policies\/\" \/>\n<meta property=\"og:locale\" content=\"en_US\" \/>\n<meta property=\"og:type\" content=\"article\" \/>\n<meta property=\"og:title\" content=\"Our policies\" \/>\n<meta property=\"og:description\" content=\"See Midas Policies page to learn about our commitment to quality, sustainability and ethical practices in gold jewelry manufacturing.\" \/>\n<meta property=\"og:url\" content=\"https:\/\/midas.com.tr\/en\/our-policies\/\" \/>\n<meta property=\"og:site_name\" content=\"M\u0130DAS - The Premier Gold Chain Manufacturer\" \/>\n<meta property=\"article:modified_time\" content=\"2025-09-02T08:19:06+00:00\" \/>\n<meta name=\"twitter:card\" content=\"summary_large_image\" \/>\n<meta name=\"twitter:label1\" content=\"Est. reading time\" \/>\n\t<meta name=\"twitter:data1\" content=\"1 minute\" \/>\n<script type=\"application\/ld+json\" class=\"yoast-schema-graph\">{\"@context\":\"https:\/\/schema.org\",\"@graph\":[{\"@type\":\"WebPage\",\"@id\":\"https:\/\/midas.com.tr\/en\/our-policies\/\",\"url\":\"https:\/\/midas.com.tr\/en\/our-policies\/\",\"name\":\"Our policies - M\u0130DAS - The Premier Gold Chain Manufacturer\",\"isPartOf\":{\"@id\":\"https:\/\/midas.com.tr\/en\/#website\"},\"datePublished\":\"2024-10-08T07:23:47+00:00\",\"dateModified\":\"2025-09-02T08:19:06+00:00\",\"description\":\"See Midas Policies page to learn about our commitment to quality, sustainability and ethical practices in gold jewelry manufacturing.\",\"breadcrumb\":{\"@id\":\"https:\/\/midas.com.tr\/en\/our-policies\/#breadcrumb\"},\"inLanguage\":\"en-US\",\"potentialAction\":[{\"@type\":\"ReadAction\",\"target\":[\"https:\/\/midas.com.tr\/en\/our-policies\/\"]}]},{\"@type\":\"BreadcrumbList\",\"@id\":\"https:\/\/midas.com.tr\/en\/our-policies\/#breadcrumb\",\"itemListElement\":[{\"@type\":\"ListItem\",\"position\":1,\"name\":\"Home\",\"item\":\"https:\/\/midas.com.tr\/en\/\"},{\"@type\":\"ListItem\",\"position\":2,\"name\":\"Our policies\"}]},{\"@type\":\"WebSite\",\"@id\":\"https:\/\/midas.com.tr\/en\/#website\",\"url\":\"https:\/\/midas.com.tr\/en\/\",\"name\":\"Midas - Birinci S\u0131n\u0131f Alt\u0131n M\u00fccevher ve Zincir \u00dcreticisi\",\"description\":\"Premier Jewelry Company Midas Chain is a manufacturer from USA, with products under the category of fine Jewellery.\",\"publisher\":{\"@id\":\"https:\/\/midas.com.tr\/en\/#organization\"},\"potentialAction\":[{\"@type\":\"SearchAction\",\"target\":{\"@type\":\"EntryPoint\",\"urlTemplate\":\"https:\/\/midas.com.tr\/en\/?s={search_term_string}\"},\"query-input\":{\"@type\":\"PropertyValueSpecification\",\"valueRequired\":true,\"valueName\":\"search_term_string\"}}],\"inLanguage\":\"en-US\"},{\"@type\":\"Organization\",\"@id\":\"https:\/\/midas.com.tr\/en\/#organization\",\"name\":\"Midas -Birinci S\u0131n\u0131f Alt\u0131n M\u00fccevher ve Zincir \u00dcreticisi\",\"url\":\"https:\/\/midas.com.tr\/en\/\",\"logo\":{\"@type\":\"ImageObject\",\"inLanguage\":\"en-US\",\"@id\":\"https:\/\/midas.com.tr\/en\/#\/schema\/logo\/image\/\",\"url\":\"https:\/\/midas.com.tr\/wp-content\/uploads\/2021\/12\/midas-logo.png\",\"contentUrl\":\"https:\/\/midas.com.tr\/wp-content\/uploads\/2021\/12\/midas-logo.png\",\"width\":300,\"height\":106,\"caption\":\"Midas -Birinci S\u0131n\u0131f Alt\u0131n M\u00fccevher ve Zincir \u00dcreticisi\"},\"image\":{\"@id\":\"https:\/\/midas.com.tr\/en\/#\/schema\/logo\/image\/\"}}]}<\/script>\n<!-- \/ Yoast SEO Premium plugin. -->","yoast_head_json":{"title":"Our policies - M\u0130DAS - The Premier Gold Chain Manufacturer","description":"See Midas Policies page to learn about our commitment to quality, sustainability and ethical practices in gold jewelry manufacturing.","robots":{"index":"index","follow":"follow","max-snippet":"max-snippet:-1","max-image-preview":"max-image-preview:large","max-video-preview":"max-video-preview:-1"},"canonical":"https:\/\/midas.com.tr\/en\/our-policies\/","og_locale":"en_US","og_type":"article","og_title":"Our policies","og_description":"See Midas Policies page to learn about our commitment to quality, sustainability and ethical practices in gold jewelry manufacturing.","og_url":"https:\/\/midas.com.tr\/en\/our-policies\/","og_site_name":"M\u0130DAS - The Premier Gold Chain Manufacturer","article_modified_time":"2025-09-02T08:19:06+00:00","twitter_card":"summary_large_image","twitter_misc":{"Est. reading time":"1 minute"},"schema":{"@context":"https:\/\/schema.org","@graph":[{"@type":"WebPage","@id":"https:\/\/midas.com.tr\/en\/our-policies\/","url":"https:\/\/midas.com.tr\/en\/our-policies\/","name":"Our policies - M\u0130DAS - The Premier Gold Chain Manufacturer","isPartOf":{"@id":"https:\/\/midas.com.tr\/en\/#website"},"datePublished":"2024-10-08T07:23:47+00:00","dateModified":"2025-09-02T08:19:06+00:00","description":"See Midas Policies page to learn about our commitment to quality, sustainability and ethical practices in gold jewelry manufacturing.","breadcrumb":{"@id":"https:\/\/midas.com.tr\/en\/our-policies\/#breadcrumb"},"inLanguage":"en-US","potentialAction":[{"@type":"ReadAction","target":["https:\/\/midas.com.tr\/en\/our-policies\/"]}]},{"@type":"BreadcrumbList","@id":"https:\/\/midas.com.tr\/en\/our-policies\/#breadcrumb","itemListElement":[{"@type":"ListItem","position":1,"name":"Home","item":"https:\/\/midas.com.tr\/en\/"},{"@type":"ListItem","position":2,"name":"Our policies"}]},{"@type":"WebSite","@id":"https:\/\/midas.com.tr\/en\/#website","url":"https:\/\/midas.com.tr\/en\/","name":"Midas - Birinci S\u0131n\u0131f Alt\u0131n M\u00fccevher ve Zincir \u00dcreticisi","description":"Premier Jewelry Company Midas Chain is a manufacturer from USA, with products under the category of fine Jewellery.","publisher":{"@id":"https:\/\/midas.com.tr\/en\/#organization"},"potentialAction":[{"@type":"SearchAction","target":{"@type":"EntryPoint","urlTemplate":"https:\/\/midas.com.tr\/en\/?s={search_term_string}"},"query-input":{"@type":"PropertyValueSpecification","valueRequired":true,"valueName":"search_term_string"}}],"inLanguage":"en-US"},{"@type":"Organization","@id":"https:\/\/midas.com.tr\/en\/#organization","name":"Midas -Birinci S\u0131n\u0131f Alt\u0131n M\u00fccevher ve Zincir \u00dcreticisi","url":"https:\/\/midas.com.tr\/en\/","logo":{"@type":"ImageObject","inLanguage":"en-US","@id":"https:\/\/midas.com.tr\/en\/#\/schema\/logo\/image\/","url":"https:\/\/midas.com.tr\/wp-content\/uploads\/2021\/12\/midas-logo.png","contentUrl":"https:\/\/midas.com.tr\/wp-content\/uploads\/2021\/12\/midas-logo.png","width":300,"height":106,"caption":"Midas -Birinci S\u0131n\u0131f Alt\u0131n M\u00fccevher ve Zincir \u00dcreticisi"},"image":{"@id":"https:\/\/midas.com.tr\/en\/#\/schema\/logo\/image\/"}}]}},"_links":{"self":[{"href":"https:\/\/midas.com.tr\/en\/wp-json\/wp\/v2\/pages\/20899","targetHints":{"allow":["GET"]}}],"collection":[{"href":"https:\/\/midas.com.tr\/en\/wp-json\/wp\/v2\/pages"}],"about":[{"href":"https:\/\/midas.com.tr\/en\/wp-json\/wp\/v2\/types\/page"}],"author":[{"embeddable":true,"href":"https:\/\/midas.com.tr\/en\/wp-json\/wp\/v2\/users\/4"}],"replies":[{"embeddable":true,"href":"https:\/\/midas.com.tr\/en\/wp-json\/wp\/v2\/comments?post=20899"}],"version-history":[{"count":11,"href":"https:\/\/midas.com.tr\/en\/wp-json\/wp\/v2\/pages\/20899\/revisions"}],"predecessor-version":[{"id":25035,"href":"https:\/\/midas.com.tr\/en\/wp-json\/wp\/v2\/pages\/20899\/revisions\/25035"}],"wp:attachment":[{"href":"https:\/\/midas.com.tr\/en\/wp-json\/wp\/v2\/media?parent=20899"}],"curies":[{"name":"wp","href":"https:\/\/api.w.org\/{rel}","templated":true}]}}