{"id":20905,"date":"2024-10-09T11:40:58","date_gmt":"2024-10-09T11:40:58","guid":{"rendered":"https:\/\/testmidas.com\/so-light-chain-catalog\/"},"modified":"2025-09-05T08:42:48","modified_gmt":"2025-09-05T08:42:48","slug":"so-light-chain-catalog","status":"publish","type":"page","link":"https:\/\/midas.com.tr\/en\/so-light-chain-catalog\/","title":{"rendered":"So Light Chain Catalog"},"content":{"rendered":"\t\t<div data-elementor-type=\"wp-page\" data-elementor-id=\"20905\" class=\"elementor elementor-20905 elementor-20772\" data-elementor-post-type=\"page\">\n\t\t\t\t\t\t<section class=\"elementor-section elementor-top-section elementor-element elementor-element-790fe7d elementor-section-boxed elementor-section-height-default elementor-section-height-default\" data-id=\"790fe7d\" data-element_type=\"section\">\r\n\t\t\t\t\t\t<div class=\"elementor-container elementor-column-gap-default jws_section_\" >\r\n\t\t\t\t<div class=\"elementor-column elementor-col-100 elementor-top-column elementor-element elementor-element-37fbccd\" data-id=\"37fbccd\" data-element_type=\"column\">\n\t\t\t<div class=\"elementor-widget-wrap elementor-element-populated\">\n\t\t\t\t\t\t<div class=\"elementor-element elementor-element-e34751b elementor-widget elementor-widget-heading\" data-id=\"e34751b\" data-element_type=\"widget\" data-widget_type=\"heading.default\">\n\t\t\t\t<div class=\"elementor-widget-container\">\n\t\t\t<h1 class=\"elementor-heading-title elementor-size-default\">Midas Gold SOLIGHT Catalog<\/h1>\t\t<\/div>\n\t\t\t\t<\/div>\n\t\t\t\t\t<\/div>\n\t\t<\/div>\n\t\t\t\t      \r\n            \r\n              \r\n            \r\n            \t\r\n\t\t\t<\/div>\r\n\t\t<\/section>\r\n\t\t\t\t<section class=\"elementor-section elementor-top-section elementor-element elementor-element-75215aa elementor-section-boxed elementor-section-height-default elementor-section-height-default\" data-id=\"75215aa\" data-element_type=\"section\">\r\n\t\t\t\t\t\t<div class=\"elementor-container elementor-column-gap-default jws_section_\" >\r\n\t\t\t\t<div class=\"elementor-column elementor-col-100 elementor-top-column elementor-element elementor-element-b3f0e5f\" data-id=\"b3f0e5f\" data-element_type=\"column\">\n\t\t\t<div class=\"elementor-widget-wrap elementor-element-populated\">\n\t\t\t\t\t\t<div class=\"elementor-element elementor-element-c731e7f elementor-widget elementor-widget-text-editor\" data-id=\"c731e7f\" data-element_type=\"widget\" data-widget_type=\"text-editor.default\">\n\t\t\t\t<div class=\"elementor-widget-container\">\n\t\t\t\t\t\t\t<p>At Midas, we take pride in offering the most delicate and elegant machine-made chains in our SOLIGHT catalog. Featuring technical details for 10K, 14K, and 18K gold options, these chain models combine durability with aesthetic excellence. Crafted with superior workmanship, they are designed to enhance any jeweler&#8217;s collection. Explore our catalog for wholesale orders, and discover how our broad product range and flexible order options can meet the needs of your business.   <\/p>\t\t\t\t\t\t<\/div>\n\t\t\t\t<\/div>\n\t\t\t\t\t<\/div>\n\t\t<\/div>\n\t\t\t\t      \r\n            \r\n              \r\n            \r\n            \t\r\n\t\t\t<\/div>\r\n\t\t<\/section>\r\n\t\t\t\t<section class=\"elementor-section elementor-top-section elementor-element elementor-element-341fd18 elementor-section-full_width elementor-section-height-default elementor-section-height-default\" data-id=\"341fd18\" data-element_type=\"section\">\r\n\t\t\t\t\t\t<div class=\"elementor-container elementor-column-gap-default jws_section_\" >\r\n\t\t\t\t<div class=\"elementor-column elementor-col-100 elementor-top-column elementor-element elementor-element-5de5b9b\" data-id=\"5de5b9b\" data-element_type=\"column\">\n\t\t\t<div class=\"elementor-widget-wrap elementor-element-populated\">\n\t\t\t\t\t\t<div class=\"elementor-element elementor-element-bb2831a elementor-widget elementor-widget-jws_iframe\" data-id=\"bb2831a\" data-element_type=\"widget\" data-widget_type=\"jws_iframe.default\">\n\t\t\t\t<div class=\"elementor-widget-container\">\n\t\t\t            <div class=\"jws_iframe\">\r\n            <iframe style=\"max-width:1920;width:1920; height:964;\" title=\"A 3D model\" width=\"1920\" height=\"964\" src=\"https:\/\/online.fliphtml5.com\/lhnze\/otvw\/#p=1\" frameborder=\"0\" allow=\"autoplay; fullscreen; vr\" mozallowfullscreen=\"true\" webkitallowfullscreen=\"true\"><\/iframe>\r\n            <\/div>\r\n        \t\t<\/div>\n\t\t\t\t<\/div>\n\t\t\t\t\t<\/div>\n\t\t<\/div>\n\t\t\t\t      \r\n            \r\n              \r\n            \r\n            \t\r\n\t\t\t<\/div>\r\n\t\t<\/section>\r\n\t\t\t\t<\/div>\n\t\t","protected":false},"excerpt":{"rendered":"<p>Midas Gold SOLIGHT Catalog At Midas, we take pride in offering the most delicate and elegant machine-made chains in our SOLIGHT catalog. Featuring technical details for 10K, 14K, and 18K gold options, these chain models combine durability with aesthetic excellence. Crafted with superior workmanship, they are designed to enhance any jeweler&#8217;s collection. Explore our catalog [&hellip;]<\/p>\n","protected":false},"author":4,"featured_media":0,"parent":0,"menu_order":0,"comment_status":"closed","ping_status":"closed","template":"","meta":{"footnotes":""},"class_list":["post-20905","page","type-page","status-publish","hentry"],"yoast_head":"<!-- This site is optimized with the Yoast SEO Premium plugin v23.9 (Yoast SEO v26.8) - https:\/\/yoast.com\/product\/yoast-seo-premium-wordpress\/ -->\n<title>So Light Chain Catalog - M\u0130DAS - The Premier Gold Chain Manufacturer<\/title>\n<meta name=\"robots\" content=\"index, follow, max-snippet:-1, max-image-preview:large, max-video-preview:-1\" \/>\n<link rel=\"canonical\" href=\"https:\/\/midas.com.tr\/en\/so-light-chain-catalog\/\" \/>\n<meta property=\"og:locale\" content=\"en_US\" \/>\n<meta property=\"og:type\" content=\"article\" \/>\n<meta property=\"og:title\" content=\"So Light Chain Catalog\" \/>\n<meta property=\"og:description\" content=\"Midas Gold SOLIGHT Catalog At Midas, we take pride in offering the most delicate and elegant machine-made chains in our SOLIGHT catalog. Featuring technical details for 10K, 14K, and 18K gold options, these chain models combine durability with aesthetic excellence. Crafted with superior workmanship, they are designed to enhance any jeweler&#8217;s collection. Explore our catalog [&hellip;]\" \/>\n<meta property=\"og:url\" content=\"https:\/\/midas.com.tr\/en\/so-light-chain-catalog\/\" \/>\n<meta property=\"og:site_name\" content=\"M\u0130DAS - The Premier Gold Chain Manufacturer\" \/>\n<meta property=\"article:modified_time\" content=\"2025-09-05T08:42:48+00:00\" \/>\n<meta name=\"twitter:card\" content=\"summary_large_image\" \/>\n<meta name=\"twitter:label1\" content=\"Est. reading time\" \/>\n\t<meta name=\"twitter:data1\" content=\"1 minute\" \/>\n<script type=\"application\/ld+json\" class=\"yoast-schema-graph\">{\"@context\":\"https:\/\/schema.org\",\"@graph\":[{\"@type\":\"WebPage\",\"@id\":\"https:\/\/midas.com.tr\/en\/so-light-chain-catalog\/\",\"url\":\"https:\/\/midas.com.tr\/en\/so-light-chain-catalog\/\",\"name\":\"So Light Chain Catalog - M\u0130DAS - The Premier Gold Chain Manufacturer\",\"isPartOf\":{\"@id\":\"https:\/\/midas.com.tr\/en\/#website\"},\"datePublished\":\"2024-10-09T11:40:58+00:00\",\"dateModified\":\"2025-09-05T08:42:48+00:00\",\"breadcrumb\":{\"@id\":\"https:\/\/midas.com.tr\/en\/so-light-chain-catalog\/#breadcrumb\"},\"inLanguage\":\"en-US\",\"potentialAction\":[{\"@type\":\"ReadAction\",\"target\":[\"https:\/\/midas.com.tr\/en\/so-light-chain-catalog\/\"]}]},{\"@type\":\"BreadcrumbList\",\"@id\":\"https:\/\/midas.com.tr\/en\/so-light-chain-catalog\/#breadcrumb\",\"itemListElement\":[{\"@type\":\"ListItem\",\"position\":1,\"name\":\"Home\",\"item\":\"https:\/\/midas.com.tr\/en\/\"},{\"@type\":\"ListItem\",\"position\":2,\"name\":\"So Light Chain Catalog\"}]},{\"@type\":\"WebSite\",\"@id\":\"https:\/\/midas.com.tr\/en\/#website\",\"url\":\"https:\/\/midas.com.tr\/en\/\",\"name\":\"Midas - Birinci S\u0131n\u0131f Alt\u0131n M\u00fccevher ve Zincir \u00dcreticisi\",\"description\":\"Premier Jewelry Company Midas Chain is a manufacturer from USA, with products under the category of fine Jewellery.\",\"publisher\":{\"@id\":\"https:\/\/midas.com.tr\/en\/#organization\"},\"potentialAction\":[{\"@type\":\"SearchAction\",\"target\":{\"@type\":\"EntryPoint\",\"urlTemplate\":\"https:\/\/midas.com.tr\/en\/?s={search_term_string}\"},\"query-input\":{\"@type\":\"PropertyValueSpecification\",\"valueRequired\":true,\"valueName\":\"search_term_string\"}}],\"inLanguage\":\"en-US\"},{\"@type\":\"Organization\",\"@id\":\"https:\/\/midas.com.tr\/en\/#organization\",\"name\":\"Midas -Birinci S\u0131n\u0131f Alt\u0131n M\u00fccevher ve Zincir \u00dcreticisi\",\"url\":\"https:\/\/midas.com.tr\/en\/\",\"logo\":{\"@type\":\"ImageObject\",\"inLanguage\":\"en-US\",\"@id\":\"https:\/\/midas.com.tr\/en\/#\/schema\/logo\/image\/\",\"url\":\"https:\/\/midas.com.tr\/wp-content\/uploads\/2021\/12\/midas-logo.png\",\"contentUrl\":\"https:\/\/midas.com.tr\/wp-content\/uploads\/2021\/12\/midas-logo.png\",\"width\":300,\"height\":106,\"caption\":\"Midas -Birinci S\u0131n\u0131f Alt\u0131n M\u00fccevher ve Zincir \u00dcreticisi\"},\"image\":{\"@id\":\"https:\/\/midas.com.tr\/en\/#\/schema\/logo\/image\/\"}}]}<\/script>\n<!-- \/ Yoast SEO Premium plugin. -->","yoast_head_json":{"title":"So Light Chain Catalog - M\u0130DAS - The Premier Gold Chain Manufacturer","robots":{"index":"index","follow":"follow","max-snippet":"max-snippet:-1","max-image-preview":"max-image-preview:large","max-video-preview":"max-video-preview:-1"},"canonical":"https:\/\/midas.com.tr\/en\/so-light-chain-catalog\/","og_locale":"en_US","og_type":"article","og_title":"So Light Chain Catalog","og_description":"Midas Gold SOLIGHT Catalog At Midas, we take pride in offering the most delicate and elegant machine-made chains in our SOLIGHT catalog. Featuring technical details for 10K, 14K, and 18K gold options, these chain models combine durability with aesthetic excellence. Crafted with superior workmanship, they are designed to enhance any jeweler&#8217;s collection. Explore our catalog [&hellip;]","og_url":"https:\/\/midas.com.tr\/en\/so-light-chain-catalog\/","og_site_name":"M\u0130DAS - The Premier Gold Chain Manufacturer","article_modified_time":"2025-09-05T08:42:48+00:00","twitter_card":"summary_large_image","twitter_misc":{"Est. reading time":"1 minute"},"schema":{"@context":"https:\/\/schema.org","@graph":[{"@type":"WebPage","@id":"https:\/\/midas.com.tr\/en\/so-light-chain-catalog\/","url":"https:\/\/midas.com.tr\/en\/so-light-chain-catalog\/","name":"So Light Chain Catalog - M\u0130DAS - The Premier Gold Chain Manufacturer","isPartOf":{"@id":"https:\/\/midas.com.tr\/en\/#website"},"datePublished":"2024-10-09T11:40:58+00:00","dateModified":"2025-09-05T08:42:48+00:00","breadcrumb":{"@id":"https:\/\/midas.com.tr\/en\/so-light-chain-catalog\/#breadcrumb"},"inLanguage":"en-US","potentialAction":[{"@type":"ReadAction","target":["https:\/\/midas.com.tr\/en\/so-light-chain-catalog\/"]}]},{"@type":"BreadcrumbList","@id":"https:\/\/midas.com.tr\/en\/so-light-chain-catalog\/#breadcrumb","itemListElement":[{"@type":"ListItem","position":1,"name":"Home","item":"https:\/\/midas.com.tr\/en\/"},{"@type":"ListItem","position":2,"name":"So Light Chain Catalog"}]},{"@type":"WebSite","@id":"https:\/\/midas.com.tr\/en\/#website","url":"https:\/\/midas.com.tr\/en\/","name":"Midas - Birinci S\u0131n\u0131f Alt\u0131n M\u00fccevher ve Zincir \u00dcreticisi","description":"Premier Jewelry Company Midas Chain is a manufacturer from USA, with products under the category of fine Jewellery.","publisher":{"@id":"https:\/\/midas.com.tr\/en\/#organization"},"potentialAction":[{"@type":"SearchAction","target":{"@type":"EntryPoint","urlTemplate":"https:\/\/midas.com.tr\/en\/?s={search_term_string}"},"query-input":{"@type":"PropertyValueSpecification","valueRequired":true,"valueName":"search_term_string"}}],"inLanguage":"en-US"},{"@type":"Organization","@id":"https:\/\/midas.com.tr\/en\/#organization","name":"Midas -Birinci S\u0131n\u0131f Alt\u0131n M\u00fccevher ve Zincir \u00dcreticisi","url":"https:\/\/midas.com.tr\/en\/","logo":{"@type":"ImageObject","inLanguage":"en-US","@id":"https:\/\/midas.com.tr\/en\/#\/schema\/logo\/image\/","url":"https:\/\/midas.com.tr\/wp-content\/uploads\/2021\/12\/midas-logo.png","contentUrl":"https:\/\/midas.com.tr\/wp-content\/uploads\/2021\/12\/midas-logo.png","width":300,"height":106,"caption":"Midas -Birinci S\u0131n\u0131f Alt\u0131n M\u00fccevher ve Zincir \u00dcreticisi"},"image":{"@id":"https:\/\/midas.com.tr\/en\/#\/schema\/logo\/image\/"}}]}},"_links":{"self":[{"href":"https:\/\/midas.com.tr\/en\/wp-json\/wp\/v2\/pages\/20905","targetHints":{"allow":["GET"]}}],"collection":[{"href":"https:\/\/midas.com.tr\/en\/wp-json\/wp\/v2\/pages"}],"about":[{"href":"https:\/\/midas.com.tr\/en\/wp-json\/wp\/v2\/types\/page"}],"author":[{"embeddable":true,"href":"https:\/\/midas.com.tr\/en\/wp-json\/wp\/v2\/users\/4"}],"replies":[{"embeddable":true,"href":"https:\/\/midas.com.tr\/en\/wp-json\/wp\/v2\/comments?post=20905"}],"version-history":[{"count":2,"href":"https:\/\/midas.com.tr\/en\/wp-json\/wp\/v2\/pages\/20905\/revisions"}],"predecessor-version":[{"id":25176,"href":"https:\/\/midas.com.tr\/en\/wp-json\/wp\/v2\/pages\/20905\/revisions\/25176"}],"wp:attachment":[{"href":"https:\/\/midas.com.tr\/en\/wp-json\/wp\/v2\/media?parent=20905"}],"curies":[{"name":"wp","href":"https:\/\/api.w.org\/{rel}","templated":true}]}}