{"id":20967,"date":"2024-10-08T07:54:10","date_gmt":"2024-10-08T07:54:10","guid":{"rendered":"https:\/\/testmidas.com\/responsible-jewellery-council-rjc\/"},"modified":"2026-03-05T09:44:58","modified_gmt":"2026-03-05T09:44:58","slug":"responsible-jewellery-council-rjc","status":"publish","type":"page","link":"https:\/\/midas.com.tr\/en\/responsible-jewellery-council-rjc\/","title":{"rendered":"Responsible Jewellery Council &#8211; RJC"},"content":{"rendered":"\t\t<div data-elementor-type=\"wp-page\" data-elementor-id=\"20967\" class=\"elementor elementor-20967 elementor-20555\" data-elementor-post-type=\"page\">\n\t\t\t\t\t\t<section class=\"elementor-section elementor-top-section elementor-element elementor-element-f86e9aa elementor-section-boxed elementor-section-height-default elementor-section-height-default\" data-id=\"f86e9aa\" data-element_type=\"section\">\r\n\t\t\t\t\t\t<div class=\"elementor-container elementor-column-gap-default jws_section_\" >\r\n\t\t\t\t<div class=\"elementor-column elementor-col-100 elementor-top-column elementor-element elementor-element-c721ef6\" data-id=\"c721ef6\" data-element_type=\"column\">\n\t\t\t<div class=\"elementor-widget-wrap elementor-element-populated\">\n\t\t\t\t\t\t<div class=\"elementor-element elementor-element-cd4216e elementor-widget elementor-widget-heading\" data-id=\"cd4216e\" data-element_type=\"widget\" data-widget_type=\"heading.default\">\n\t\t\t\t<div class=\"elementor-widget-container\">\n\t\t\t<h1 class=\"elementor-heading-title elementor-size-default\">Responsible Jewellery Council - RJC<\/h1>\t\t<\/div>\n\t\t\t\t<\/div>\n\t\t\t\t\t<\/div>\n\t\t<\/div>\n\t\t\t\t      \r\n            \r\n              \r\n            \r\n            \t\r\n\t\t\t<\/div>\r\n\t\t<\/section>\r\n\t\t\t\t<section class=\"elementor-section elementor-top-section elementor-element elementor-element-b5e6a53 elementor-section-boxed elementor-section-height-default elementor-section-height-default\" data-id=\"b5e6a53\" data-element_type=\"section\">\r\n\t\t\t\t\t\t<div class=\"elementor-container elementor-column-gap-default jws_section_\" >\r\n\t\t\t\t<div class=\"elementor-column elementor-col-33 elementor-top-column elementor-element elementor-element-d18a368\" data-id=\"d18a368\" data-element_type=\"column\">\n\t\t\t<div class=\"elementor-widget-wrap elementor-element-populated\">\n\t\t\t\t\t\t<div class=\"elementor-element elementor-element-c13acf4 elementor-widget-mobile__width-initial elementor-widget elementor-widget-image\" data-id=\"c13acf4\" data-element_type=\"widget\" data-widget_type=\"image.default\">\n\t\t\t\t<div class=\"elementor-widget-container\">\n\t\t\t\t\t\t\t\t\t\t\t\t\t\t<a href=\"#\">\n\t\t\t\t\t\t\t<img fetchpriority=\"high\" decoding=\"async\" width=\"451\" height=\"288\" src=\"https:\/\/midas.com.tr\/wp-content\/uploads\/2026\/02\/RJCcccavifff.avif\" class=\"attachment-large size-large wp-image-25333\" alt=\"\" \/>\t\t\t\t\t\t\t\t<\/a>\n\t\t\t\t\t\t\t\t\t\t\t\t\t<\/div>\n\t\t\t\t<\/div>\n\t\t\t\t<div class=\"elementor-element elementor-element-bc51595 elementor-widget-mobile__width-initial elementor-widget elementor-widget-image\" data-id=\"bc51595\" data-element_type=\"widget\" data-widget_type=\"image.default\">\n\t\t\t\t<div class=\"elementor-widget-container\">\n\t\t\t\t\t\t\t\t\t\t\t\t\t\t<a href=\"https:\/\/midas.com.tr\/en\/iso-9001-quality-management-system-midas-gold\/\">\n\t\t\t\t\t\t\t<img decoding=\"async\" width=\"701\" height=\"489\" src=\"https:\/\/midas.com.tr\/wp-content\/uploads\/2024\/10\/9001.webp\" class=\"attachment-large size-large wp-image-22068\" alt=\"Quality Management System\" \/>\t\t\t\t\t\t\t\t<\/a>\n\t\t\t\t\t\t\t\t\t\t\t\t\t<\/div>\n\t\t\t\t<\/div>\n\t\t\t\t<div class=\"elementor-element elementor-element-9e1527c elementor-widget-mobile__width-initial elementor-widget elementor-widget-image\" data-id=\"9e1527c\" data-element_type=\"widget\" data-widget_type=\"image.default\">\n\t\t\t\t<div class=\"elementor-widget-container\">\n\t\t\t\t\t\t\t\t\t\t\t\t\t\t<a href=\"https:\/\/midas.com.tr\/en\/iso-45001-occupational-health-and-safety\/\">\n\t\t\t\t\t\t\t<img decoding=\"async\" width=\"701\" height=\"489\" src=\"https:\/\/midas.com.tr\/wp-content\/uploads\/2024\/10\/45001.webp\" class=\"attachment-large size-large wp-image-22074\" alt=\"Occupational Health and Safety Management System - M\u0130DAS\" \/>\t\t\t\t\t\t\t\t<\/a>\n\t\t\t\t\t\t\t\t\t\t\t\t\t<\/div>\n\t\t\t\t<\/div>\n\t\t\t\t<div class=\"elementor-element elementor-element-1acf4a7 elementor-widget-mobile__width-initial elementor-widget elementor-widget-image\" data-id=\"1acf4a7\" data-element_type=\"widget\" data-widget_type=\"image.default\">\n\t\t\t\t<div class=\"elementor-widget-container\">\n\t\t\t\t\t\t\t\t\t\t\t\t\t\t<a href=\"https:\/\/midas.com.tr\/en\/iso-14001-environmental-management-system-midas-gold\/\">\n\t\t\t\t\t\t\t<img loading=\"lazy\" decoding=\"async\" width=\"701\" height=\"489\" src=\"https:\/\/midas.com.tr\/wp-content\/uploads\/2024\/10\/14001.webp\" class=\"attachment-large size-large wp-image-22076\" alt=\"Environmental Management System\" \/>\t\t\t\t\t\t\t\t<\/a>\n\t\t\t\t\t\t\t\t\t\t\t\t\t<\/div>\n\t\t\t\t<\/div>\n\t\t\t\t\t<\/div>\n\t\t<\/div>\n\t\t\t\t<div class=\"elementor-column elementor-col-66 elementor-top-column elementor-element elementor-element-1665db2\" data-id=\"1665db2\" data-element_type=\"column\">\n\t\t\t<div class=\"elementor-widget-wrap elementor-element-populated\">\n\t\t\t\t\t\t<div class=\"elementor-element elementor-element-229f3c5 elementor-widget elementor-widget-text-editor\" data-id=\"229f3c5\" data-element_type=\"widget\" data-widget_type=\"text-editor.default\">\n\t\t\t\t<div class=\"elementor-widget-container\">\n\t\t\t\t\t\t\t<p><strong>Responsible Jewellery Council (RJC) Certification: Midas&#8217; Commitment to Sustainability and Ethics<\/strong><\/p><p>In 2016, Midas formalized its commitment to ethical and sustainable business practices in the jewelry industry by obtaining Responsible Jewellery Council (RJC) certification. RJC is an international organization that sets and monitors standards for human rights, labor rights, environmental responsibility, and business ethics across the jewelry supply chain. Achieving this certification demonstrates Midas&#8217; dedication to upholding the highest ethical and sustainability standards in jewelry production.  <\/p>\t\t\t\t\t\t<\/div>\n\t\t\t\t<\/div>\n\t\t\t\t<section class=\"elementor-section elementor-inner-section elementor-element elementor-element-4153ec2 elementor-section-boxed elementor-section-height-default elementor-section-height-default\" data-id=\"4153ec2\" data-element_type=\"section\">\r\n\t\t\t\t\t\t<div class=\"elementor-container elementor-column-gap-default jws_section_\" >\r\n\t\t\t\t<div class=\"elementor-column elementor-col-50 elementor-inner-column elementor-element elementor-element-a6775e8\" data-id=\"a6775e8\" data-element_type=\"column\">\n\t\t\t<div class=\"elementor-widget-wrap elementor-element-populated\">\n\t\t\t\t\t\t<div class=\"elementor-element elementor-element-4245b5a elementor-widget elementor-widget-text-editor\" data-id=\"4245b5a\" data-element_type=\"widget\" data-widget_type=\"text-editor.default\">\n\t\t\t\t<div class=\"elementor-widget-container\">\n\t\t\t\t\t\t\t<p><strong style=\"color: #131313;\">The RJC certification<\/strong> ensures that Midas adheres to principles of transparency and accountability throughout all processes, from sourcing raw materials to delivering finished products. This involves minimizing environmental impact, safeguarding worker rights, and promoting fair trade practices. Additionally, the certification serves as a testament to Midas&#8217; ethical responsibilities toward its customers, partners, and society.  <\/p>\t\t\t\t\t\t<\/div>\n\t\t\t\t<\/div>\n\t\t\t\t\t<\/div>\n\t\t<\/div>\n\t\t\t\t<div class=\"elementor-column elementor-col-50 elementor-inner-column elementor-element elementor-element-6551976\" data-id=\"6551976\" data-element_type=\"column\">\n\t\t\t<div class=\"elementor-widget-wrap elementor-element-populated\">\n\t\t\t\t\t\t<div class=\"elementor-element elementor-element-5fba299 elementor-widget elementor-widget-image\" data-id=\"5fba299\" data-element_type=\"widget\" data-widget_type=\"image.default\">\n\t\t\t\t<div class=\"elementor-widget-container\">\n\t\t\t\t\t\t\t\t\t\t\t\t\t\t<a href=\"https:\/\/www.responsiblejewellery.com\/member\/midas-hediyelik-esya-ve-san-tic-a-s\/\" target=\"_blank\">\n\t\t\t\t\t\t\t<img loading=\"lazy\" decoding=\"async\" width=\"451\" height=\"288\" src=\"https:\/\/midas.com.tr\/wp-content\/uploads\/2026\/02\/aviff.avif\" class=\"attachment-large size-large wp-image-25339\" alt=\"\" \/>\t\t\t\t\t\t\t\t<\/a>\n\t\t\t\t\t\t\t\t\t\t\t\t\t<\/div>\n\t\t\t\t<\/div>\n\t\t\t\t\t<\/div>\n\t\t<\/div>\n\t\t\t\t      \r\n            \r\n              \r\n            \r\n            \t\r\n\t\t\t<\/div>\r\n\t\t<\/section>\r\n\t\t\t\t<section class=\"elementor-section elementor-inner-section elementor-element elementor-element-6ef634b elementor-section-boxed elementor-section-height-default elementor-section-height-default\" data-id=\"6ef634b\" data-element_type=\"section\">\r\n\t\t\t\t\t\t<div class=\"elementor-container elementor-column-gap-default jws_section_\" >\r\n\t\t\t\t<div class=\"elementor-column elementor-col-100 elementor-inner-column elementor-element elementor-element-2e31ac3\" data-id=\"2e31ac3\" data-element_type=\"column\">\n\t\t\t<div class=\"elementor-widget-wrap elementor-element-populated\">\n\t\t\t\t\t\t<div class=\"elementor-element elementor-element-6784d57 elementor-widget elementor-widget-text-editor\" data-id=\"6784d57\" data-element_type=\"widget\" data-widget_type=\"text-editor.default\">\n\t\t\t\t<div class=\"elementor-widget-container\">\n\t\t\t\t\t\t\t<p>By following best practices within the industry, Midas strengthens customer trust and contributes to a sustainable future through its RJC certification. This not only guarantees the quality of current operations but also reinforces a commitment to maintaining the same high standards in all future products and services. <\/p><p>Through its membership and certification with the <strong>Responsible Jewellery Council<\/strong>, Midas continues to lead the industry in ethics and sustainability, continually reinforcing its dedication to these principles.<\/p>\t\t\t\t\t\t<\/div>\n\t\t\t\t<\/div>\n\t\t\t\t\t<\/div>\n\t\t<\/div>\n\t\t\t\t      \r\n            \r\n              \r\n            \r\n            \t\r\n\t\t\t<\/div>\r\n\t\t<\/section>\r\n\t\t\t\t\t<\/div>\n\t\t<\/div>\n\t\t\t\t      \r\n            \r\n              \r\n            \r\n            \t\r\n\t\t\t<\/div>\r\n\t\t<\/section>\r\n\t\t\t\t<\/div>\n\t\t","protected":false},"excerpt":{"rendered":"<p>Responsible Jewellery Council &#8211; RJC Responsible Jewellery Council (RJC) Certification: Midas&#8217; Commitment to Sustainability and Ethics In 2016, Midas formalized its commitment to ethical and sustainable business practices in the jewelry industry by obtaining Responsible Jewellery Council (RJC) certification. RJC is an international organization that sets and monitors standards for human rights, labor rights, environmental [&hellip;]<\/p>\n","protected":false},"author":4,"featured_media":0,"parent":0,"menu_order":0,"comment_status":"closed","ping_status":"closed","template":"","meta":{"footnotes":""},"class_list":["post-20967","page","type-page","status-publish","hentry"],"yoast_head":"<!-- This site is optimized with the Yoast SEO Premium plugin v23.9 (Yoast SEO v26.8) - https:\/\/yoast.com\/product\/yoast-seo-premium-wordpress\/ -->\n<title>Responsible Jewellery Council - RJC - M\u0130DAS - The Premier Gold Chain Manufacturer<\/title>\n<meta name=\"description\" content=\"Learn about Midas\u2019s commitment to ethical standards in gold jewelry production as a proud member of the Responsible Jewellery Council (RJC).\" \/>\n<meta name=\"robots\" content=\"index, follow, max-snippet:-1, max-image-preview:large, max-video-preview:-1\" \/>\n<link rel=\"canonical\" href=\"https:\/\/midas.com.tr\/en\/responsible-jewellery-council-rjc\/\" \/>\n<meta property=\"og:locale\" content=\"en_US\" \/>\n<meta property=\"og:type\" content=\"article\" \/>\n<meta property=\"og:title\" content=\"Responsible Jewellery Council - RJC\" \/>\n<meta property=\"og:description\" content=\"Learn about Midas\u2019s commitment to ethical standards in gold jewelry production as a proud member of the Responsible Jewellery Council (RJC).\" \/>\n<meta property=\"og:url\" content=\"https:\/\/midas.com.tr\/en\/responsible-jewellery-council-rjc\/\" \/>\n<meta property=\"og:site_name\" content=\"M\u0130DAS - The Premier Gold Chain Manufacturer\" \/>\n<meta property=\"article:modified_time\" content=\"2026-03-05T09:44:58+00:00\" \/>\n<meta name=\"twitter:card\" content=\"summary_large_image\" \/>\n<meta name=\"twitter:label1\" content=\"Est. reading time\" \/>\n\t<meta name=\"twitter:data1\" content=\"2 minutes\" \/>\n<script type=\"application\/ld+json\" class=\"yoast-schema-graph\">{\"@context\":\"https:\/\/schema.org\",\"@graph\":[{\"@type\":\"WebPage\",\"@id\":\"https:\/\/midas.com.tr\/en\/responsible-jewellery-council-rjc\/\",\"url\":\"https:\/\/midas.com.tr\/en\/responsible-jewellery-council-rjc\/\",\"name\":\"Responsible Jewellery Council - RJC - M\u0130DAS - The Premier Gold Chain Manufacturer\",\"isPartOf\":{\"@id\":\"https:\/\/midas.com.tr\/en\/#website\"},\"primaryImageOfPage\":{\"@id\":\"https:\/\/midas.com.tr\/en\/responsible-jewellery-council-rjc\/#primaryimage\"},\"image\":{\"@id\":\"https:\/\/midas.com.tr\/en\/responsible-jewellery-council-rjc\/#primaryimage\"},\"thumbnailUrl\":\"https:\/\/midas.com.tr\/wp-content\/uploads\/2026\/02\/RJCcccavifff.avif\",\"datePublished\":\"2024-10-08T07:54:10+00:00\",\"dateModified\":\"2026-03-05T09:44:58+00:00\",\"description\":\"Learn about Midas\u2019s commitment to ethical standards in gold jewelry production as a proud member of the Responsible Jewellery Council (RJC).\",\"breadcrumb\":{\"@id\":\"https:\/\/midas.com.tr\/en\/responsible-jewellery-council-rjc\/#breadcrumb\"},\"inLanguage\":\"en-US\",\"potentialAction\":[{\"@type\":\"ReadAction\",\"target\":[\"https:\/\/midas.com.tr\/en\/responsible-jewellery-council-rjc\/\"]}]},{\"@type\":\"ImageObject\",\"inLanguage\":\"en-US\",\"@id\":\"https:\/\/midas.com.tr\/en\/responsible-jewellery-council-rjc\/#primaryimage\",\"url\":\"https:\/\/midas.com.tr\/wp-content\/uploads\/2026\/02\/RJCcccavifff.avif\",\"contentUrl\":\"https:\/\/midas.com.tr\/wp-content\/uploads\/2026\/02\/RJCcccavifff.avif\"},{\"@type\":\"BreadcrumbList\",\"@id\":\"https:\/\/midas.com.tr\/en\/responsible-jewellery-council-rjc\/#breadcrumb\",\"itemListElement\":[{\"@type\":\"ListItem\",\"position\":1,\"name\":\"Home\",\"item\":\"https:\/\/midas.com.tr\/en\/\"},{\"@type\":\"ListItem\",\"position\":2,\"name\":\"Responsible Jewellery Council &#8211; RJC\"}]},{\"@type\":\"WebSite\",\"@id\":\"https:\/\/midas.com.tr\/en\/#website\",\"url\":\"https:\/\/midas.com.tr\/en\/\",\"name\":\"Midas - Birinci S\u0131n\u0131f Alt\u0131n M\u00fccevher ve Zincir \u00dcreticisi\",\"description\":\"Premier Jewelry Company Midas Chain is a manufacturer from USA, with products under the category of fine Jewellery.\",\"publisher\":{\"@id\":\"https:\/\/midas.com.tr\/en\/#organization\"},\"potentialAction\":[{\"@type\":\"SearchAction\",\"target\":{\"@type\":\"EntryPoint\",\"urlTemplate\":\"https:\/\/midas.com.tr\/en\/?s={search_term_string}\"},\"query-input\":{\"@type\":\"PropertyValueSpecification\",\"valueRequired\":true,\"valueName\":\"search_term_string\"}}],\"inLanguage\":\"en-US\"},{\"@type\":\"Organization\",\"@id\":\"https:\/\/midas.com.tr\/en\/#organization\",\"name\":\"Midas -Birinci S\u0131n\u0131f Alt\u0131n M\u00fccevher ve Zincir \u00dcreticisi\",\"url\":\"https:\/\/midas.com.tr\/en\/\",\"logo\":{\"@type\":\"ImageObject\",\"inLanguage\":\"en-US\",\"@id\":\"https:\/\/midas.com.tr\/en\/#\/schema\/logo\/image\/\",\"url\":\"https:\/\/midas.com.tr\/wp-content\/uploads\/2021\/12\/midas-logo.png\",\"contentUrl\":\"https:\/\/midas.com.tr\/wp-content\/uploads\/2021\/12\/midas-logo.png\",\"width\":300,\"height\":106,\"caption\":\"Midas -Birinci S\u0131n\u0131f Alt\u0131n M\u00fccevher ve Zincir \u00dcreticisi\"},\"image\":{\"@id\":\"https:\/\/midas.com.tr\/en\/#\/schema\/logo\/image\/\"}}]}<\/script>\n<!-- \/ Yoast SEO Premium plugin. -->","yoast_head_json":{"title":"Responsible Jewellery Council - RJC - M\u0130DAS - The Premier Gold Chain Manufacturer","description":"Learn about Midas\u2019s commitment to ethical standards in gold jewelry production as a proud member of the Responsible Jewellery Council (RJC).","robots":{"index":"index","follow":"follow","max-snippet":"max-snippet:-1","max-image-preview":"max-image-preview:large","max-video-preview":"max-video-preview:-1"},"canonical":"https:\/\/midas.com.tr\/en\/responsible-jewellery-council-rjc\/","og_locale":"en_US","og_type":"article","og_title":"Responsible Jewellery Council - RJC","og_description":"Learn about Midas\u2019s commitment to ethical standards in gold jewelry production as a proud member of the Responsible Jewellery Council (RJC).","og_url":"https:\/\/midas.com.tr\/en\/responsible-jewellery-council-rjc\/","og_site_name":"M\u0130DAS - The Premier Gold Chain Manufacturer","article_modified_time":"2026-03-05T09:44:58+00:00","twitter_card":"summary_large_image","twitter_misc":{"Est. reading time":"2 minutes"},"schema":{"@context":"https:\/\/schema.org","@graph":[{"@type":"WebPage","@id":"https:\/\/midas.com.tr\/en\/responsible-jewellery-council-rjc\/","url":"https:\/\/midas.com.tr\/en\/responsible-jewellery-council-rjc\/","name":"Responsible Jewellery Council - RJC - M\u0130DAS - The Premier Gold Chain Manufacturer","isPartOf":{"@id":"https:\/\/midas.com.tr\/en\/#website"},"primaryImageOfPage":{"@id":"https:\/\/midas.com.tr\/en\/responsible-jewellery-council-rjc\/#primaryimage"},"image":{"@id":"https:\/\/midas.com.tr\/en\/responsible-jewellery-council-rjc\/#primaryimage"},"thumbnailUrl":"https:\/\/midas.com.tr\/wp-content\/uploads\/2026\/02\/RJCcccavifff.avif","datePublished":"2024-10-08T07:54:10+00:00","dateModified":"2026-03-05T09:44:58+00:00","description":"Learn about Midas\u2019s commitment to ethical standards in gold jewelry production as a proud member of the Responsible Jewellery Council (RJC).","breadcrumb":{"@id":"https:\/\/midas.com.tr\/en\/responsible-jewellery-council-rjc\/#breadcrumb"},"inLanguage":"en-US","potentialAction":[{"@type":"ReadAction","target":["https:\/\/midas.com.tr\/en\/responsible-jewellery-council-rjc\/"]}]},{"@type":"ImageObject","inLanguage":"en-US","@id":"https:\/\/midas.com.tr\/en\/responsible-jewellery-council-rjc\/#primaryimage","url":"https:\/\/midas.com.tr\/wp-content\/uploads\/2026\/02\/RJCcccavifff.avif","contentUrl":"https:\/\/midas.com.tr\/wp-content\/uploads\/2026\/02\/RJCcccavifff.avif"},{"@type":"BreadcrumbList","@id":"https:\/\/midas.com.tr\/en\/responsible-jewellery-council-rjc\/#breadcrumb","itemListElement":[{"@type":"ListItem","position":1,"name":"Home","item":"https:\/\/midas.com.tr\/en\/"},{"@type":"ListItem","position":2,"name":"Responsible Jewellery Council &#8211; RJC"}]},{"@type":"WebSite","@id":"https:\/\/midas.com.tr\/en\/#website","url":"https:\/\/midas.com.tr\/en\/","name":"Midas - Birinci S\u0131n\u0131f Alt\u0131n M\u00fccevher ve Zincir \u00dcreticisi","description":"Premier Jewelry Company Midas Chain is a manufacturer from USA, with products under the category of fine Jewellery.","publisher":{"@id":"https:\/\/midas.com.tr\/en\/#organization"},"potentialAction":[{"@type":"SearchAction","target":{"@type":"EntryPoint","urlTemplate":"https:\/\/midas.com.tr\/en\/?s={search_term_string}"},"query-input":{"@type":"PropertyValueSpecification","valueRequired":true,"valueName":"search_term_string"}}],"inLanguage":"en-US"},{"@type":"Organization","@id":"https:\/\/midas.com.tr\/en\/#organization","name":"Midas -Birinci S\u0131n\u0131f Alt\u0131n M\u00fccevher ve Zincir \u00dcreticisi","url":"https:\/\/midas.com.tr\/en\/","logo":{"@type":"ImageObject","inLanguage":"en-US","@id":"https:\/\/midas.com.tr\/en\/#\/schema\/logo\/image\/","url":"https:\/\/midas.com.tr\/wp-content\/uploads\/2021\/12\/midas-logo.png","contentUrl":"https:\/\/midas.com.tr\/wp-content\/uploads\/2021\/12\/midas-logo.png","width":300,"height":106,"caption":"Midas -Birinci S\u0131n\u0131f Alt\u0131n M\u00fccevher ve Zincir \u00dcreticisi"},"image":{"@id":"https:\/\/midas.com.tr\/en\/#\/schema\/logo\/image\/"}}]}},"_links":{"self":[{"href":"https:\/\/midas.com.tr\/en\/wp-json\/wp\/v2\/pages\/20967","targetHints":{"allow":["GET"]}}],"collection":[{"href":"https:\/\/midas.com.tr\/en\/wp-json\/wp\/v2\/pages"}],"about":[{"href":"https:\/\/midas.com.tr\/en\/wp-json\/wp\/v2\/types\/page"}],"author":[{"embeddable":true,"href":"https:\/\/midas.com.tr\/en\/wp-json\/wp\/v2\/users\/4"}],"replies":[{"embeddable":true,"href":"https:\/\/midas.com.tr\/en\/wp-json\/wp\/v2\/comments?post=20967"}],"version-history":[{"count":19,"href":"https:\/\/midas.com.tr\/en\/wp-json\/wp\/v2\/pages\/20967\/revisions"}],"predecessor-version":[{"id":25410,"href":"https:\/\/midas.com.tr\/en\/wp-json\/wp\/v2\/pages\/20967\/revisions\/25410"}],"wp:attachment":[{"href":"https:\/\/midas.com.tr\/en\/wp-json\/wp\/v2\/media?parent=20967"}],"curies":[{"name":"wp","href":"https:\/\/api.w.org\/{rel}","templated":true}]}}