{"id":20969,"date":"2024-10-08T07:12:45","date_gmt":"2024-10-08T07:12:45","guid":{"rendered":"https:\/\/testmidas.com\/our-certificates\/"},"modified":"2026-03-05T09:52:28","modified_gmt":"2026-03-05T09:52:28","slug":"our-certificates","status":"publish","type":"page","link":"https:\/\/midas.com.tr\/en\/our-certificates\/","title":{"rendered":"Our Certificates"},"content":{"rendered":"\t\t<div data-elementor-type=\"wp-page\" data-elementor-id=\"20969\" class=\"elementor elementor-20969 elementor-20503\" data-elementor-post-type=\"page\">\n\t\t\t\t\t\t<section class=\"elementor-section elementor-top-section elementor-element elementor-element-f8a7097 elementor-section-boxed elementor-section-height-default elementor-section-height-default\" data-id=\"f8a7097\" data-element_type=\"section\">\r\n\t\t\t\t\t\t<div class=\"elementor-container elementor-column-gap-default jws_section_\" >\r\n\t\t\t\t<div class=\"elementor-column elementor-col-100 elementor-top-column elementor-element elementor-element-db53961\" data-id=\"db53961\" data-element_type=\"column\">\n\t\t\t<div class=\"elementor-widget-wrap elementor-element-populated\">\n\t\t\t\t\t\t<div class=\"elementor-element elementor-element-f9b4e46 elementor-widget elementor-widget-heading\" data-id=\"f9b4e46\" data-element_type=\"widget\" data-widget_type=\"heading.default\">\n\t\t\t\t<div class=\"elementor-widget-container\">\n\t\t\t<h1 class=\"elementor-heading-title elementor-size-default\">Certificates<\/h1>\t\t<\/div>\n\t\t\t\t<\/div>\n\t\t\t\t\t<\/div>\n\t\t<\/div>\n\t\t\t\t      \r\n            \r\n              \r\n            \r\n            \t\r\n\t\t\t<\/div>\r\n\t\t<\/section>\r\n\t\t\t\t<section class=\"elementor-section elementor-top-section elementor-element elementor-element-58d297c elementor-section-boxed elementor-section-height-default elementor-section-height-default\" data-id=\"58d297c\" data-element_type=\"section\">\r\n\t\t\t\t\t\t<div class=\"elementor-container elementor-column-gap-default jws_section_\" >\r\n\t\t\t\t<div class=\"elementor-column elementor-col-100 elementor-top-column elementor-element elementor-element-4c9d8e5\" data-id=\"4c9d8e5\" data-element_type=\"column\">\n\t\t\t<div class=\"elementor-widget-wrap elementor-element-populated\">\n\t\t\t\t\t\t<div class=\"elementor-element elementor-element-bb2dcc3 elementor-widget elementor-widget-text-editor\" data-id=\"bb2dcc3\" data-element_type=\"widget\" data-widget_type=\"text-editor.default\">\n\t\t\t\t<div class=\"elementor-widget-container\">\n\t\t\t\t\t\t\t<p>Midas holds internationally recognized certifications and assessments, reflecting its strong commitment to quality, environmental responsibility, and occupational health and safety in gold jewelry production.<\/p>\t\t\t\t\t\t<\/div>\n\t\t\t\t<\/div>\n\t\t\t\t\t<\/div>\n\t\t<\/div>\n\t\t\t\t      \r\n            \r\n              \r\n            \r\n            \t\r\n\t\t\t<\/div>\r\n\t\t<\/section>\r\n\t\t\t\t<section class=\"elementor-section elementor-top-section elementor-element elementor-element-554873f elementor-section-boxed elementor-section-height-default elementor-section-height-default\" data-id=\"554873f\" data-element_type=\"section\">\r\n\t\t\t\t\t\t<div class=\"elementor-container elementor-column-gap-default jws_section_\" >\r\n\t\t\t\t<div class=\"elementor-column elementor-col-50 elementor-top-column elementor-element elementor-element-5c4563c\" data-id=\"5c4563c\" data-element_type=\"column\">\n\t\t\t<div class=\"elementor-widget-wrap elementor-element-populated\">\n\t\t\t\t\t\t<div class=\"elementor-element elementor-element-4a79ed6 elementor-widget__width-initial elementor-widget-mobile__width-initial elementor-widget elementor-widget-image\" data-id=\"4a79ed6\" data-element_type=\"widget\" data-widget_type=\"image.default\">\n\t\t\t\t<div class=\"elementor-widget-container\">\n\t\t\t\t\t\t\t\t\t\t\t\t\t\t<a href=\"https:\/\/midas.com.tr\/en\/responsible-jewellery-council-rjc\/\">\n\t\t\t\t\t\t\t<img decoding=\"async\" src=\"https:\/\/midas.com.tr\/wp-content\/uploads\/elementor\/thumbs\/RJCcccavifff-rjkr6kke22991yu975zpmzzzluaftkmjt3dyu5p6mo.avif\" title=\"RJCcccavifff\" alt=\"Responsible Jewellery Council\" loading=\"lazy\" \/>\t\t\t\t\t\t\t\t<\/a>\n\t\t\t\t\t\t\t\t\t\t\t\t\t<\/div>\n\t\t\t\t<\/div>\n\t\t\t\t<div class=\"elementor-element elementor-element-7da62de elementor-widget__width-initial elementor-widget-mobile__width-initial elementor-widget elementor-widget-image\" data-id=\"7da62de\" data-element_type=\"widget\" data-widget_type=\"image.default\">\n\t\t\t\t<div class=\"elementor-widget-container\">\n\t\t\t\t\t\t\t\t\t\t\t\t\t\t<a href=\"https:\/\/midas.com.tr\/en\/iso-45001-occupational-health-and-safety\/\">\n\t\t\t\t\t\t\t<img decoding=\"async\" src=\"https:\/\/midas.com.tr\/wp-content\/uploads\/elementor\/thumbs\/45001-qxdfyyidqgtvq2g12wgkl6ecxp22o87kqgfacy8qmo.webp\" title=\"ISO45001 Occupational Health and Safety Management System\" alt=\"Occupational Health and Safety Management System - M\u0130DAS\" loading=\"lazy\" \/>\t\t\t\t\t\t\t\t<\/a>\n\t\t\t\t\t\t\t\t\t\t\t\t\t<\/div>\n\t\t\t\t<\/div>\n\t\t\t\t\t<\/div>\n\t\t<\/div>\n\t\t\t\t<div class=\"elementor-column elementor-col-50 elementor-top-column elementor-element elementor-element-fef93e7\" data-id=\"fef93e7\" data-element_type=\"column\">\n\t\t\t<div class=\"elementor-widget-wrap elementor-element-populated\">\n\t\t\t\t\t\t<div class=\"elementor-element elementor-element-e44703a elementor-widget-mobile__width-initial elementor-widget elementor-widget-image\" data-id=\"e44703a\" data-element_type=\"widget\" data-widget_type=\"image.default\">\n\t\t\t\t<div class=\"elementor-widget-container\">\n\t\t\t\t\t\t\t\t\t\t\t\t\t\t<a href=\"https:\/\/midas.com.tr\/en\/iso-14001-environmental-management-system-midas-gold\/\">\n\t\t\t\t\t\t\t<img decoding=\"async\" src=\"https:\/\/midas.com.tr\/wp-content\/uploads\/elementor\/thumbs\/14001-qxdfyyidqgtvq2g12wgkl6ecxp22o87kqgfacy8qmo.webp\" title=\"ISO14001- Environmental-Management-System\" alt=\"Environmental Management System\" loading=\"lazy\" \/>\t\t\t\t\t\t\t\t<\/a>\n\t\t\t\t\t\t\t\t\t\t\t\t\t<\/div>\n\t\t\t\t<\/div>\n\t\t\t\t<div class=\"elementor-element elementor-element-6b14ab6 elementor-widget-mobile__width-initial elementor-widget elementor-widget-image\" data-id=\"6b14ab6\" data-element_type=\"widget\" data-widget_type=\"image.default\">\n\t\t\t\t<div class=\"elementor-widget-container\">\n\t\t\t\t\t\t\t\t\t\t\t\t\t\t<a href=\"https:\/\/midas.com.tr\/en\/iso-9001-quality-management-system-midas-gold\/\">\n\t\t\t\t\t\t\t<img decoding=\"async\" src=\"https:\/\/midas.com.tr\/wp-content\/uploads\/elementor\/thumbs\/9001-qxdfyyidqgtvq2g12wgkl6ecxp22o87kqgfacy8qmo.webp\" title=\"ISO9001 Quality-Management-System\" alt=\"Quality Management System\" loading=\"lazy\" \/>\t\t\t\t\t\t\t\t<\/a>\n\t\t\t\t\t\t\t\t\t\t\t\t\t<\/div>\n\t\t\t\t<\/div>\n\t\t\t\t\t<\/div>\n\t\t<\/div>\n\t\t\t\t      \r\n            \r\n              \r\n            \r\n            \t\r\n\t\t\t<\/div>\r\n\t\t<\/section>\r\n\t\t\t\t<\/div>\n\t\t","protected":false},"excerpt":{"rendered":"<p>Certificates Midas holds internationally recognized certifications and assessments, reflecting its strong commitment to quality, environmental responsibility, and occupational health and safety in gold jewelry production.<\/p>\n","protected":false},"author":4,"featured_media":0,"parent":0,"menu_order":0,"comment_status":"closed","ping_status":"closed","template":"","meta":{"footnotes":""},"class_list":["post-20969","page","type-page","status-publish","hentry"],"yoast_head":"<!-- This site is optimized with the Yoast SEO Premium plugin v23.9 (Yoast SEO v26.8) - https:\/\/yoast.com\/product\/yoast-seo-premium-wordpress\/ -->\n<title>Our Certificates - M\u0130DAS - The Premier Gold Chain Manufacturer<\/title>\n<meta name=\"description\" content=\"You can view Midas&#039;&#039; ISO and RJC certifications here, demonstrating our commitment to quality, environmental responsibility, and occupational health and safety in gold jewelry production.\" \/>\n<meta name=\"robots\" content=\"index, follow, max-snippet:-1, max-image-preview:large, max-video-preview:-1\" \/>\n<link rel=\"canonical\" href=\"https:\/\/midas.com.tr\/en\/our-certificates\/\" \/>\n<meta property=\"og:locale\" content=\"en_US\" \/>\n<meta property=\"og:type\" content=\"article\" \/>\n<meta property=\"og:title\" content=\"Our Certificates\" \/>\n<meta property=\"og:description\" content=\"You can view Midas&#039;&#039; ISO and RJC certifications here, demonstrating our commitment to quality, environmental responsibility, and occupational health and safety in gold jewelry production.\" \/>\n<meta property=\"og:url\" content=\"https:\/\/midas.com.tr\/en\/our-certificates\/\" \/>\n<meta property=\"og:site_name\" content=\"M\u0130DAS - The Premier Gold Chain Manufacturer\" \/>\n<meta property=\"article:modified_time\" content=\"2026-03-05T09:52:28+00:00\" \/>\n<meta property=\"og:image\" content=\"https:\/\/midas.com.tr\/wp-content\/uploads\/elementor\/thumbs\/RJCcccavifff-rjkr6kke22991yu975zpmzzzluaftkmjt3dyu5p6mo.avif\" \/>\n<meta name=\"twitter:card\" content=\"summary_large_image\" \/>\n<meta name=\"twitter:label1\" content=\"Est. reading time\" \/>\n\t<meta name=\"twitter:data1\" content=\"1 minute\" \/>\n<script type=\"application\/ld+json\" class=\"yoast-schema-graph\">{\"@context\":\"https:\/\/schema.org\",\"@graph\":[{\"@type\":\"WebPage\",\"@id\":\"https:\/\/midas.com.tr\/en\/our-certificates\/\",\"url\":\"https:\/\/midas.com.tr\/en\/our-certificates\/\",\"name\":\"Our Certificates - M\u0130DAS - The Premier Gold Chain Manufacturer\",\"isPartOf\":{\"@id\":\"https:\/\/midas.com.tr\/en\/#website\"},\"primaryImageOfPage\":{\"@id\":\"https:\/\/midas.com.tr\/en\/our-certificates\/#primaryimage\"},\"image\":{\"@id\":\"https:\/\/midas.com.tr\/en\/our-certificates\/#primaryimage\"},\"thumbnailUrl\":\"https:\/\/midas.com.tr\/wp-content\/uploads\/elementor\/thumbs\/RJCcccavifff-rjkr6kke22991yu975zpmzzzluaftkmjt3dyu5p6mo.avif\",\"datePublished\":\"2024-10-08T07:12:45+00:00\",\"dateModified\":\"2026-03-05T09:52:28+00:00\",\"description\":\"You can view Midas'' ISO and RJC certifications here, demonstrating our commitment to quality, environmental responsibility, and occupational health and safety in gold jewelry production.\",\"breadcrumb\":{\"@id\":\"https:\/\/midas.com.tr\/en\/our-certificates\/#breadcrumb\"},\"inLanguage\":\"en-US\",\"potentialAction\":[{\"@type\":\"ReadAction\",\"target\":[\"https:\/\/midas.com.tr\/en\/our-certificates\/\"]}]},{\"@type\":\"ImageObject\",\"inLanguage\":\"en-US\",\"@id\":\"https:\/\/midas.com.tr\/en\/our-certificates\/#primaryimage\",\"url\":\"https:\/\/midas.com.tr\/wp-content\/uploads\/elementor\/thumbs\/RJCcccavifff-rjkr6kke22991yu975zpmzzzluaftkmjt3dyu5p6mo.avif\",\"contentUrl\":\"https:\/\/midas.com.tr\/wp-content\/uploads\/elementor\/thumbs\/RJCcccavifff-rjkr6kke22991yu975zpmzzzluaftkmjt3dyu5p6mo.avif\"},{\"@type\":\"BreadcrumbList\",\"@id\":\"https:\/\/midas.com.tr\/en\/our-certificates\/#breadcrumb\",\"itemListElement\":[{\"@type\":\"ListItem\",\"position\":1,\"name\":\"Home\",\"item\":\"https:\/\/midas.com.tr\/en\/\"},{\"@type\":\"ListItem\",\"position\":2,\"name\":\"Our Certificates\"}]},{\"@type\":\"WebSite\",\"@id\":\"https:\/\/midas.com.tr\/en\/#website\",\"url\":\"https:\/\/midas.com.tr\/en\/\",\"name\":\"Midas - Birinci S\u0131n\u0131f Alt\u0131n M\u00fccevher ve Zincir \u00dcreticisi\",\"description\":\"Premier Jewelry Company Midas Chain is a manufacturer from USA, with products under the category of fine Jewellery.\",\"publisher\":{\"@id\":\"https:\/\/midas.com.tr\/en\/#organization\"},\"potentialAction\":[{\"@type\":\"SearchAction\",\"target\":{\"@type\":\"EntryPoint\",\"urlTemplate\":\"https:\/\/midas.com.tr\/en\/?s={search_term_string}\"},\"query-input\":{\"@type\":\"PropertyValueSpecification\",\"valueRequired\":true,\"valueName\":\"search_term_string\"}}],\"inLanguage\":\"en-US\"},{\"@type\":\"Organization\",\"@id\":\"https:\/\/midas.com.tr\/en\/#organization\",\"name\":\"Midas -Birinci S\u0131n\u0131f Alt\u0131n M\u00fccevher ve Zincir \u00dcreticisi\",\"url\":\"https:\/\/midas.com.tr\/en\/\",\"logo\":{\"@type\":\"ImageObject\",\"inLanguage\":\"en-US\",\"@id\":\"https:\/\/midas.com.tr\/en\/#\/schema\/logo\/image\/\",\"url\":\"https:\/\/midas.com.tr\/wp-content\/uploads\/2021\/12\/midas-logo.png\",\"contentUrl\":\"https:\/\/midas.com.tr\/wp-content\/uploads\/2021\/12\/midas-logo.png\",\"width\":300,\"height\":106,\"caption\":\"Midas -Birinci S\u0131n\u0131f Alt\u0131n M\u00fccevher ve Zincir \u00dcreticisi\"},\"image\":{\"@id\":\"https:\/\/midas.com.tr\/en\/#\/schema\/logo\/image\/\"}}]}<\/script>\n<!-- \/ Yoast SEO Premium plugin. -->","yoast_head_json":{"title":"Our Certificates - M\u0130DAS - The Premier Gold Chain Manufacturer","description":"You can view Midas'' ISO and RJC certifications here, demonstrating our commitment to quality, environmental responsibility, and occupational health and safety in gold jewelry production.","robots":{"index":"index","follow":"follow","max-snippet":"max-snippet:-1","max-image-preview":"max-image-preview:large","max-video-preview":"max-video-preview:-1"},"canonical":"https:\/\/midas.com.tr\/en\/our-certificates\/","og_locale":"en_US","og_type":"article","og_title":"Our Certificates","og_description":"You can view Midas'' ISO and RJC certifications here, demonstrating our commitment to quality, environmental responsibility, and occupational health and safety in gold jewelry production.","og_url":"https:\/\/midas.com.tr\/en\/our-certificates\/","og_site_name":"M\u0130DAS - The Premier Gold Chain Manufacturer","article_modified_time":"2026-03-05T09:52:28+00:00","og_image":[{"url":"https:\/\/midas.com.tr\/wp-content\/uploads\/elementor\/thumbs\/RJCcccavifff-rjkr6kke22991yu975zpmzzzluaftkmjt3dyu5p6mo.avif","type":"","width":"","height":""}],"twitter_card":"summary_large_image","twitter_misc":{"Est. reading time":"1 minute"},"schema":{"@context":"https:\/\/schema.org","@graph":[{"@type":"WebPage","@id":"https:\/\/midas.com.tr\/en\/our-certificates\/","url":"https:\/\/midas.com.tr\/en\/our-certificates\/","name":"Our Certificates - M\u0130DAS - The Premier Gold Chain Manufacturer","isPartOf":{"@id":"https:\/\/midas.com.tr\/en\/#website"},"primaryImageOfPage":{"@id":"https:\/\/midas.com.tr\/en\/our-certificates\/#primaryimage"},"image":{"@id":"https:\/\/midas.com.tr\/en\/our-certificates\/#primaryimage"},"thumbnailUrl":"https:\/\/midas.com.tr\/wp-content\/uploads\/elementor\/thumbs\/RJCcccavifff-rjkr6kke22991yu975zpmzzzluaftkmjt3dyu5p6mo.avif","datePublished":"2024-10-08T07:12:45+00:00","dateModified":"2026-03-05T09:52:28+00:00","description":"You can view Midas'' ISO and RJC certifications here, demonstrating our commitment to quality, environmental responsibility, and occupational health and safety in gold jewelry production.","breadcrumb":{"@id":"https:\/\/midas.com.tr\/en\/our-certificates\/#breadcrumb"},"inLanguage":"en-US","potentialAction":[{"@type":"ReadAction","target":["https:\/\/midas.com.tr\/en\/our-certificates\/"]}]},{"@type":"ImageObject","inLanguage":"en-US","@id":"https:\/\/midas.com.tr\/en\/our-certificates\/#primaryimage","url":"https:\/\/midas.com.tr\/wp-content\/uploads\/elementor\/thumbs\/RJCcccavifff-rjkr6kke22991yu975zpmzzzluaftkmjt3dyu5p6mo.avif","contentUrl":"https:\/\/midas.com.tr\/wp-content\/uploads\/elementor\/thumbs\/RJCcccavifff-rjkr6kke22991yu975zpmzzzluaftkmjt3dyu5p6mo.avif"},{"@type":"BreadcrumbList","@id":"https:\/\/midas.com.tr\/en\/our-certificates\/#breadcrumb","itemListElement":[{"@type":"ListItem","position":1,"name":"Home","item":"https:\/\/midas.com.tr\/en\/"},{"@type":"ListItem","position":2,"name":"Our Certificates"}]},{"@type":"WebSite","@id":"https:\/\/midas.com.tr\/en\/#website","url":"https:\/\/midas.com.tr\/en\/","name":"Midas - Birinci S\u0131n\u0131f Alt\u0131n M\u00fccevher ve Zincir \u00dcreticisi","description":"Premier Jewelry Company Midas Chain is a manufacturer from USA, with products under the category of fine Jewellery.","publisher":{"@id":"https:\/\/midas.com.tr\/en\/#organization"},"potentialAction":[{"@type":"SearchAction","target":{"@type":"EntryPoint","urlTemplate":"https:\/\/midas.com.tr\/en\/?s={search_term_string}"},"query-input":{"@type":"PropertyValueSpecification","valueRequired":true,"valueName":"search_term_string"}}],"inLanguage":"en-US"},{"@type":"Organization","@id":"https:\/\/midas.com.tr\/en\/#organization","name":"Midas -Birinci S\u0131n\u0131f Alt\u0131n M\u00fccevher ve Zincir \u00dcreticisi","url":"https:\/\/midas.com.tr\/en\/","logo":{"@type":"ImageObject","inLanguage":"en-US","@id":"https:\/\/midas.com.tr\/en\/#\/schema\/logo\/image\/","url":"https:\/\/midas.com.tr\/wp-content\/uploads\/2021\/12\/midas-logo.png","contentUrl":"https:\/\/midas.com.tr\/wp-content\/uploads\/2021\/12\/midas-logo.png","width":300,"height":106,"caption":"Midas -Birinci S\u0131n\u0131f Alt\u0131n M\u00fccevher ve Zincir \u00dcreticisi"},"image":{"@id":"https:\/\/midas.com.tr\/en\/#\/schema\/logo\/image\/"}}]}},"_links":{"self":[{"href":"https:\/\/midas.com.tr\/en\/wp-json\/wp\/v2\/pages\/20969","targetHints":{"allow":["GET"]}}],"collection":[{"href":"https:\/\/midas.com.tr\/en\/wp-json\/wp\/v2\/pages"}],"about":[{"href":"https:\/\/midas.com.tr\/en\/wp-json\/wp\/v2\/types\/page"}],"author":[{"embeddable":true,"href":"https:\/\/midas.com.tr\/en\/wp-json\/wp\/v2\/users\/4"}],"replies":[{"embeddable":true,"href":"https:\/\/midas.com.tr\/en\/wp-json\/wp\/v2\/comments?post=20969"}],"version-history":[{"count":14,"href":"https:\/\/midas.com.tr\/en\/wp-json\/wp\/v2\/pages\/20969\/revisions"}],"predecessor-version":[{"id":25425,"href":"https:\/\/midas.com.tr\/en\/wp-json\/wp\/v2\/pages\/20969\/revisions\/25425"}],"wp:attachment":[{"href":"https:\/\/midas.com.tr\/en\/wp-json\/wp\/v2\/media?parent=20969"}],"curies":[{"name":"wp","href":"https:\/\/api.w.org\/{rel}","templated":true}]}}