{"id":20984,"date":"2024-10-09T13:08:19","date_gmt":"2024-10-09T13:08:19","guid":{"rendered":"https:\/\/testmidas.com\/gold-earring-manufacturer\/"},"modified":"2025-09-04T11:03:19","modified_gmt":"2025-09-04T11:03:19","slug":"gold-earring","status":"publish","type":"page","link":"https:\/\/midas.com.tr\/en\/gold-earring\/","title":{"rendered":"Gold Earrings"},"content":{"rendered":"\t\t<div data-elementor-type=\"wp-page\" data-elementor-id=\"20984\" class=\"elementor elementor-20984 elementor-20791\" data-elementor-post-type=\"page\">\n\t\t\t\t\t\t<section class=\"elementor-section elementor-top-section elementor-element elementor-element-7ac18a1 elementor-section-boxed elementor-section-height-default elementor-section-height-default\" data-id=\"7ac18a1\" data-element_type=\"section\">\r\n\t\t\t\t\t\t<div class=\"elementor-container elementor-column-gap-default jws_section_\" >\r\n\t\t\t\t<div class=\"elementor-column elementor-col-100 elementor-top-column elementor-element elementor-element-4c2fbbb\" data-id=\"4c2fbbb\" data-element_type=\"column\">\n\t\t\t<div class=\"elementor-widget-wrap elementor-element-populated\">\n\t\t\t\t\t\t<div class=\"elementor-element elementor-element-54dc2b8 elementor-widget elementor-widget-image\" data-id=\"54dc2b8\" data-element_type=\"widget\" data-widget_type=\"image.default\">\n\t\t\t\t<div class=\"elementor-widget-container\">\n\t\t\t\t\t\t\t\t\t\t\t\t\t<img decoding=\"async\" src=\"https:\/\/midas.com.tr\/wp-content\/uploads\/elementor\/thumbs\/post1-kopya-1-qyatcwh8ory445f34wljlk20cqw7xvg6dhubbrviq0.jpg\" title=\"post1 kopya\" alt=\"Gold Earring\" loading=\"lazy\" \/>\t\t\t\t\t\t\t\t\t\t\t\t\t<\/div>\n\t\t\t\t<\/div>\n\t\t\t\t\t<\/div>\n\t\t<\/div>\n\t\t\t\t      \r\n            \r\n              \r\n            \r\n            \t\r\n\t\t\t<\/div>\r\n\t\t<\/section>\r\n\t\t\t\t<section class=\"elementor-section elementor-top-section elementor-element elementor-element-05edc95 elementor-section-boxed elementor-section-height-default elementor-section-height-default\" data-id=\"05edc95\" data-element_type=\"section\">\r\n\t\t\t\t\t\t<div class=\"elementor-container elementor-column-gap-default jws_section_\" >\r\n\t\t\t\t<div class=\"elementor-column elementor-col-100 elementor-top-column elementor-element elementor-element-29dda2c\" data-id=\"29dda2c\" data-element_type=\"column\">\n\t\t\t<div class=\"elementor-widget-wrap elementor-element-populated\">\n\t\t\t\t\t\t<div class=\"elementor-element elementor-element-a03f5bd elementor-widget elementor-widget-heading\" data-id=\"a03f5bd\" data-element_type=\"widget\" data-widget_type=\"heading.default\">\n\t\t\t\t<div class=\"elementor-widget-container\">\n\t\t\t<h1 class=\"elementor-heading-title elementor-size-default\">Gold Earrings<\/h1>\t\t<\/div>\n\t\t\t\t<\/div>\n\t\t\t\t\t<\/div>\n\t\t<\/div>\n\t\t\t\t      \r\n            \r\n              \r\n            \r\n            \t\r\n\t\t\t<\/div>\r\n\t\t<\/section>\r\n\t\t\t\t<section class=\"elementor-section elementor-top-section elementor-element elementor-element-be72d7e elementor-section-boxed elementor-section-height-default elementor-section-height-default\" data-id=\"be72d7e\" data-element_type=\"section\">\r\n\t\t\t\t\t\t<div class=\"elementor-container elementor-column-gap-default jws_section_\" >\r\n\t\t\t\t<div class=\"elementor-column elementor-col-100 elementor-top-column elementor-element elementor-element-6ae02fd\" data-id=\"6ae02fd\" data-element_type=\"column\">\n\t\t\t<div class=\"elementor-widget-wrap elementor-element-populated\">\n\t\t\t\t\t\t<div class=\"elementor-element elementor-element-5d9d845 elementor-widget elementor-widget-text-editor\" data-id=\"5d9d845\" data-element_type=\"widget\" data-widget_type=\"text-editor.default\">\n\t\t\t\t<div class=\"elementor-widget-container\">\n\t\t\t\t\t\t\t<h2 style=\"color: #484848; font-size: 16px;\"><strong>Midas Gold Earrings &#8211; Elegance and Quality Combined<\/strong><\/h2>\t\t\t\t\t\t<\/div>\n\t\t\t\t<\/div>\n\t\t\t\t\t<\/div>\n\t\t<\/div>\n\t\t\t\t      \r\n            \r\n              \r\n            \r\n            \t\r\n\t\t\t<\/div>\r\n\t\t<\/section>\r\n\t\t\t\t<section class=\"elementor-section elementor-top-section elementor-element elementor-element-9ea045d elementor-section-boxed elementor-section-height-default elementor-section-height-default\" data-id=\"9ea045d\" data-element_type=\"section\">\r\n\t\t\t\t\t\t<div class=\"elementor-container elementor-column-gap-default jws_section_\" >\r\n\t\t\t\t<div class=\"elementor-column elementor-col-100 elementor-top-column elementor-element elementor-element-9ebc5d3\" data-id=\"9ebc5d3\" data-element_type=\"column\">\n\t\t\t<div class=\"elementor-widget-wrap elementor-element-populated\">\n\t\t\t\t\t\t<div class=\"elementor-element elementor-element-2846075 elementor-widget elementor-widget-text-editor\" data-id=\"2846075\" data-element_type=\"widget\" data-widget_type=\"text-editor.default\">\n\t\t\t\t<div class=\"elementor-widget-container\">\n\t\t\t\t\t\t\t<p><strong>As one of Turkey\u2019s leading gold jewelry manufacturers<\/strong>, Midas offers exceptional earring designs that embody elegance, quality, and masterful craftsmanship. Each <strong>wholesale <\/strong>model reflects our expertise and commitment to excellence, providing jewelers with unique options that add value to their collections.  <\/p><p>Our earring collection features a diverse selection, including fantasy, bold, and lightweight models. With elegant details and refined finishes, these designs are ideal for both everyday wear and special occasions. Meticulously crafted clasps, studs, and hoops ensure versatility and style, appealing to every taste and preference.  <\/p>\t\t\t\t\t\t<\/div>\n\t\t\t\t<\/div>\n\t\t\t\t\t<\/div>\n\t\t<\/div>\n\t\t\t\t      \r\n            \r\n              \r\n            \r\n            \t\r\n\t\t\t<\/div>\r\n\t\t<\/section>\r\n\t\t\t\t<section class=\"elementor-section elementor-top-section elementor-element elementor-element-42a1cd7 elementor-section-boxed elementor-section-height-default elementor-section-height-default\" data-id=\"42a1cd7\" data-element_type=\"section\">\r\n\t\t\t\t\t\t<div class=\"elementor-container elementor-column-gap-default jws_section_\" >\r\n\t\t\t\t<div class=\"elementor-column elementor-col-100 elementor-top-column elementor-element elementor-element-19486f0\" data-id=\"19486f0\" data-element_type=\"column\">\n\t\t\t<div class=\"elementor-widget-wrap elementor-element-populated\">\n\t\t\t\t\t\t<div class=\"elementor-element elementor-element-17aa297 elementor-widget elementor-widget-text-editor\" data-id=\"17aa297\" data-element_type=\"widget\" data-widget_type=\"text-editor.default\">\n\t\t\t\t<div class=\"elementor-widget-container\">\n\t\t\t\t\t\t\t<p><strong>Midas <\/strong>offers its partners a unique range of gold earring models, from fixed and dangling to chain-link and Dorika-adorned designs. With thousands of variations, our earrings enrich displays with diversity and sophistication. Every piece is produced in line with Midas\u2019 high-quality standards, combining aesthetic perfection with lasting value.   <\/p>\t\t\t\t\t\t<\/div>\n\t\t\t\t<\/div>\n\t\t\t\t\t<\/div>\n\t\t<\/div>\n\t\t\t\t      \r\n            \r\n              \r\n            \r\n            \t\r\n\t\t\t<\/div>\r\n\t\t<\/section>\r\n\t\t\t\t<section class=\"elementor-section elementor-top-section elementor-element elementor-element-8bd13e0 elementor-section-boxed elementor-section-height-default elementor-section-height-default\" data-id=\"8bd13e0\" data-element_type=\"section\">\r\n\t\t\t\t\t\t<div class=\"elementor-container elementor-column-gap-default jws_section_\" >\r\n\t\t\t\t<div class=\"elementor-column elementor-col-100 elementor-top-column elementor-element elementor-element-3095428\" data-id=\"3095428\" data-element_type=\"column\">\n\t\t\t<div class=\"elementor-widget-wrap elementor-element-populated\">\n\t\t\t\t\t\t<div class=\"elementor-element elementor-element-e8974b6 elementor-widget elementor-widget-text-editor\" data-id=\"e8974b6\" data-element_type=\"widget\" data-widget_type=\"text-editor.default\">\n\t\t\t\t<div class=\"elementor-widget-container\">\n\t\t\t\t\t\t\t<p>Our <strong>wholesale gold earring <\/strong>collection strengthens Midas\u2019 leading position in the industry while enabling our partners to offer superior quality and variety to their customers. Each model is designed for long-lasting wear, aesthetic appeal, and market competitiveness. <\/p><p>Discover our full range of gold earrings on the <strong><span style=\"text-decoration: underline;\"><a href=\"https:\/\/www.midasb2b.com\/\" target=\"_blank\" rel=\"noopener\">Midas B2B platform<\/a><\/span><\/strong>, where you can browse detailed product information and place orders quickly and easily.<\/p>\t\t\t\t\t\t<\/div>\n\t\t\t\t<\/div>\n\t\t\t\t\t<\/div>\n\t\t<\/div>\n\t\t\t\t      \r\n            \r\n              \r\n            \r\n            \t\r\n\t\t\t<\/div>\r\n\t\t<\/section>\r\n\t\t\t\t<\/div>\n\t\t","protected":false},"excerpt":{"rendered":"<p>Gold Earrings Midas Gold Earrings &#8211; Elegance and Quality Combined As one of Turkey\u2019s leading gold jewelry manufacturers, Midas offers exceptional earring designs that embody elegance, quality, and masterful craftsmanship. Each wholesale model reflects our expertise and commitment to excellence, providing jewelers with unique options that add value to their collections. Our earring collection features [&hellip;]<\/p>\n","protected":false},"author":4,"featured_media":0,"parent":0,"menu_order":0,"comment_status":"closed","ping_status":"closed","template":"","meta":{"footnotes":""},"class_list":["post-20984","page","type-page","status-publish","hentry"],"yoast_head":"<!-- This site is optimized with the Yoast SEO Premium plugin v23.9 (Yoast SEO v26.8) - https:\/\/yoast.com\/product\/yoast-seo-premium-wordpress\/ -->\n<title>Gold Earrings - M\u0130DAS - The Premier Gold Chain Manufacturer<\/title>\n<meta name=\"description\" content=\"Since 1983, Midas has been producing gold earring models without compromising on quality. Visit us to explore our Gold Earring collection.\" \/>\n<meta name=\"robots\" content=\"index, follow, max-snippet:-1, max-image-preview:large, max-video-preview:-1\" \/>\n<link rel=\"canonical\" href=\"https:\/\/midas.com.tr\/en\/gold-earring\/\" \/>\n<meta property=\"og:locale\" content=\"en_US\" \/>\n<meta property=\"og:type\" content=\"article\" \/>\n<meta property=\"og:title\" content=\"Gold Earrings\" \/>\n<meta property=\"og:description\" content=\"Since 1983, Midas has been producing gold earring models without compromising on quality. Visit us to explore our Gold Earring collection.\" \/>\n<meta property=\"og:url\" content=\"https:\/\/midas.com.tr\/en\/gold-earring\/\" \/>\n<meta property=\"og:site_name\" content=\"M\u0130DAS - The Premier Gold Chain Manufacturer\" \/>\n<meta property=\"article:modified_time\" content=\"2025-09-04T11:03:19+00:00\" \/>\n<meta property=\"og:image\" content=\"https:\/\/midas.com.tr\/wp-content\/uploads\/elementor\/thumbs\/post1-kopya-1-qyatcwh8ory445f34wljlk20cqw7xvg6dhubbrviq0.jpg\" \/>\n<meta name=\"twitter:card\" content=\"summary_large_image\" \/>\n<meta name=\"twitter:label1\" content=\"Est. reading time\" \/>\n\t<meta name=\"twitter:data1\" content=\"2 minutes\" \/>\n<script type=\"application\/ld+json\" class=\"yoast-schema-graph\">{\"@context\":\"https:\/\/schema.org\",\"@graph\":[{\"@type\":\"WebPage\",\"@id\":\"https:\/\/midas.com.tr\/en\/gold-earring\/\",\"url\":\"https:\/\/midas.com.tr\/en\/gold-earring\/\",\"name\":\"Gold Earrings - M\u0130DAS - The Premier Gold Chain Manufacturer\",\"isPartOf\":{\"@id\":\"https:\/\/midas.com.tr\/en\/#website\"},\"primaryImageOfPage\":{\"@id\":\"https:\/\/midas.com.tr\/en\/gold-earring\/#primaryimage\"},\"image\":{\"@id\":\"https:\/\/midas.com.tr\/en\/gold-earring\/#primaryimage\"},\"thumbnailUrl\":\"https:\/\/midas.com.tr\/wp-content\/uploads\/elementor\/thumbs\/post1-kopya-1-qyatcwh8ory445f34wljlk20cqw7xvg6dhubbrviq0.jpg\",\"datePublished\":\"2024-10-09T13:08:19+00:00\",\"dateModified\":\"2025-09-04T11:03:19+00:00\",\"description\":\"Since 1983, Midas has been producing gold earring models without compromising on quality. Visit us to explore our Gold Earring collection.\",\"breadcrumb\":{\"@id\":\"https:\/\/midas.com.tr\/en\/gold-earring\/#breadcrumb\"},\"inLanguage\":\"en-US\",\"potentialAction\":[{\"@type\":\"ReadAction\",\"target\":[\"https:\/\/midas.com.tr\/en\/gold-earring\/\"]}]},{\"@type\":\"ImageObject\",\"inLanguage\":\"en-US\",\"@id\":\"https:\/\/midas.com.tr\/en\/gold-earring\/#primaryimage\",\"url\":\"https:\/\/midas.com.tr\/wp-content\/uploads\/elementor\/thumbs\/post1-kopya-1-qyatcwh8ory445f34wljlk20cqw7xvg6dhubbrviq0.jpg\",\"contentUrl\":\"https:\/\/midas.com.tr\/wp-content\/uploads\/elementor\/thumbs\/post1-kopya-1-qyatcwh8ory445f34wljlk20cqw7xvg6dhubbrviq0.jpg\"},{\"@type\":\"BreadcrumbList\",\"@id\":\"https:\/\/midas.com.tr\/en\/gold-earring\/#breadcrumb\",\"itemListElement\":[{\"@type\":\"ListItem\",\"position\":1,\"name\":\"Home\",\"item\":\"https:\/\/midas.com.tr\/en\/\"},{\"@type\":\"ListItem\",\"position\":2,\"name\":\"Gold Earrings\"}]},{\"@type\":\"WebSite\",\"@id\":\"https:\/\/midas.com.tr\/en\/#website\",\"url\":\"https:\/\/midas.com.tr\/en\/\",\"name\":\"Midas - Birinci S\u0131n\u0131f Alt\u0131n M\u00fccevher ve Zincir \u00dcreticisi\",\"description\":\"Premier Jewelry Company Midas Chain is a manufacturer from USA, with products under the category of fine Jewellery.\",\"publisher\":{\"@id\":\"https:\/\/midas.com.tr\/en\/#organization\"},\"potentialAction\":[{\"@type\":\"SearchAction\",\"target\":{\"@type\":\"EntryPoint\",\"urlTemplate\":\"https:\/\/midas.com.tr\/en\/?s={search_term_string}\"},\"query-input\":{\"@type\":\"PropertyValueSpecification\",\"valueRequired\":true,\"valueName\":\"search_term_string\"}}],\"inLanguage\":\"en-US\"},{\"@type\":\"Organization\",\"@id\":\"https:\/\/midas.com.tr\/en\/#organization\",\"name\":\"Midas -Birinci S\u0131n\u0131f Alt\u0131n M\u00fccevher ve Zincir \u00dcreticisi\",\"url\":\"https:\/\/midas.com.tr\/en\/\",\"logo\":{\"@type\":\"ImageObject\",\"inLanguage\":\"en-US\",\"@id\":\"https:\/\/midas.com.tr\/en\/#\/schema\/logo\/image\/\",\"url\":\"https:\/\/midas.com.tr\/wp-content\/uploads\/2021\/12\/midas-logo.png\",\"contentUrl\":\"https:\/\/midas.com.tr\/wp-content\/uploads\/2021\/12\/midas-logo.png\",\"width\":300,\"height\":106,\"caption\":\"Midas -Birinci S\u0131n\u0131f Alt\u0131n M\u00fccevher ve Zincir \u00dcreticisi\"},\"image\":{\"@id\":\"https:\/\/midas.com.tr\/en\/#\/schema\/logo\/image\/\"}}]}<\/script>\n<!-- \/ Yoast SEO Premium plugin. -->","yoast_head_json":{"title":"Gold Earrings - M\u0130DAS - The Premier Gold Chain Manufacturer","description":"Since 1983, Midas has been producing gold earring models without compromising on quality. Visit us to explore our Gold Earring collection.","robots":{"index":"index","follow":"follow","max-snippet":"max-snippet:-1","max-image-preview":"max-image-preview:large","max-video-preview":"max-video-preview:-1"},"canonical":"https:\/\/midas.com.tr\/en\/gold-earring\/","og_locale":"en_US","og_type":"article","og_title":"Gold Earrings","og_description":"Since 1983, Midas has been producing gold earring models without compromising on quality. Visit us to explore our Gold Earring collection.","og_url":"https:\/\/midas.com.tr\/en\/gold-earring\/","og_site_name":"M\u0130DAS - The Premier Gold Chain Manufacturer","article_modified_time":"2025-09-04T11:03:19+00:00","og_image":[{"url":"https:\/\/midas.com.tr\/wp-content\/uploads\/elementor\/thumbs\/post1-kopya-1-qyatcwh8ory445f34wljlk20cqw7xvg6dhubbrviq0.jpg","type":"","width":"","height":""}],"twitter_card":"summary_large_image","twitter_misc":{"Est. reading time":"2 minutes"},"schema":{"@context":"https:\/\/schema.org","@graph":[{"@type":"WebPage","@id":"https:\/\/midas.com.tr\/en\/gold-earring\/","url":"https:\/\/midas.com.tr\/en\/gold-earring\/","name":"Gold Earrings - M\u0130DAS - The Premier Gold Chain Manufacturer","isPartOf":{"@id":"https:\/\/midas.com.tr\/en\/#website"},"primaryImageOfPage":{"@id":"https:\/\/midas.com.tr\/en\/gold-earring\/#primaryimage"},"image":{"@id":"https:\/\/midas.com.tr\/en\/gold-earring\/#primaryimage"},"thumbnailUrl":"https:\/\/midas.com.tr\/wp-content\/uploads\/elementor\/thumbs\/post1-kopya-1-qyatcwh8ory445f34wljlk20cqw7xvg6dhubbrviq0.jpg","datePublished":"2024-10-09T13:08:19+00:00","dateModified":"2025-09-04T11:03:19+00:00","description":"Since 1983, Midas has been producing gold earring models without compromising on quality. Visit us to explore our Gold Earring collection.","breadcrumb":{"@id":"https:\/\/midas.com.tr\/en\/gold-earring\/#breadcrumb"},"inLanguage":"en-US","potentialAction":[{"@type":"ReadAction","target":["https:\/\/midas.com.tr\/en\/gold-earring\/"]}]},{"@type":"ImageObject","inLanguage":"en-US","@id":"https:\/\/midas.com.tr\/en\/gold-earring\/#primaryimage","url":"https:\/\/midas.com.tr\/wp-content\/uploads\/elementor\/thumbs\/post1-kopya-1-qyatcwh8ory445f34wljlk20cqw7xvg6dhubbrviq0.jpg","contentUrl":"https:\/\/midas.com.tr\/wp-content\/uploads\/elementor\/thumbs\/post1-kopya-1-qyatcwh8ory445f34wljlk20cqw7xvg6dhubbrviq0.jpg"},{"@type":"BreadcrumbList","@id":"https:\/\/midas.com.tr\/en\/gold-earring\/#breadcrumb","itemListElement":[{"@type":"ListItem","position":1,"name":"Home","item":"https:\/\/midas.com.tr\/en\/"},{"@type":"ListItem","position":2,"name":"Gold Earrings"}]},{"@type":"WebSite","@id":"https:\/\/midas.com.tr\/en\/#website","url":"https:\/\/midas.com.tr\/en\/","name":"Midas - Birinci S\u0131n\u0131f Alt\u0131n M\u00fccevher ve Zincir \u00dcreticisi","description":"Premier Jewelry Company Midas Chain is a manufacturer from USA, with products under the category of fine Jewellery.","publisher":{"@id":"https:\/\/midas.com.tr\/en\/#organization"},"potentialAction":[{"@type":"SearchAction","target":{"@type":"EntryPoint","urlTemplate":"https:\/\/midas.com.tr\/en\/?s={search_term_string}"},"query-input":{"@type":"PropertyValueSpecification","valueRequired":true,"valueName":"search_term_string"}}],"inLanguage":"en-US"},{"@type":"Organization","@id":"https:\/\/midas.com.tr\/en\/#organization","name":"Midas -Birinci S\u0131n\u0131f Alt\u0131n M\u00fccevher ve Zincir \u00dcreticisi","url":"https:\/\/midas.com.tr\/en\/","logo":{"@type":"ImageObject","inLanguage":"en-US","@id":"https:\/\/midas.com.tr\/en\/#\/schema\/logo\/image\/","url":"https:\/\/midas.com.tr\/wp-content\/uploads\/2021\/12\/midas-logo.png","contentUrl":"https:\/\/midas.com.tr\/wp-content\/uploads\/2021\/12\/midas-logo.png","width":300,"height":106,"caption":"Midas -Birinci S\u0131n\u0131f Alt\u0131n M\u00fccevher ve Zincir \u00dcreticisi"},"image":{"@id":"https:\/\/midas.com.tr\/en\/#\/schema\/logo\/image\/"}}]}},"_links":{"self":[{"href":"https:\/\/midas.com.tr\/en\/wp-json\/wp\/v2\/pages\/20984","targetHints":{"allow":["GET"]}}],"collection":[{"href":"https:\/\/midas.com.tr\/en\/wp-json\/wp\/v2\/pages"}],"about":[{"href":"https:\/\/midas.com.tr\/en\/wp-json\/wp\/v2\/types\/page"}],"author":[{"embeddable":true,"href":"https:\/\/midas.com.tr\/en\/wp-json\/wp\/v2\/users\/4"}],"replies":[{"embeddable":true,"href":"https:\/\/midas.com.tr\/en\/wp-json\/wp\/v2\/comments?post=20984"}],"version-history":[{"count":6,"href":"https:\/\/midas.com.tr\/en\/wp-json\/wp\/v2\/pages\/20984\/revisions"}],"predecessor-version":[{"id":25084,"href":"https:\/\/midas.com.tr\/en\/wp-json\/wp\/v2\/pages\/20984\/revisions\/25084"}],"wp:attachment":[{"href":"https:\/\/midas.com.tr\/en\/wp-json\/wp\/v2\/media?parent=20984"}],"curies":[{"name":"wp","href":"https:\/\/api.w.org\/{rel}","templated":true}]}}