{"id":21229,"date":"2024-10-16T08:18:36","date_gmt":"2024-10-16T08:18:36","guid":{"rendered":"https:\/\/testmidas.com\/nonna-chain\/"},"modified":"2025-09-05T07:28:37","modified_gmt":"2025-09-05T07:28:37","slug":"nonna-chain","status":"publish","type":"page","link":"https:\/\/midas.com.tr\/en\/nonna-chain\/","title":{"rendered":"Nonna Chain"},"content":{"rendered":"\t\t<div data-elementor-type=\"wp-page\" data-elementor-id=\"21229\" class=\"elementor elementor-21229 elementor-21214\" data-elementor-post-type=\"page\">\n\t\t\t\t\t\t<section class=\"elementor-section elementor-top-section elementor-element elementor-element-ed6541b elementor-section-boxed elementor-section-height-default elementor-section-height-default\" data-id=\"ed6541b\" data-element_type=\"section\">\r\n\t\t\t\t\t\t<div class=\"elementor-container elementor-column-gap-default jws_section_\" >\r\n\t\t\t\t<div class=\"elementor-column elementor-col-100 elementor-top-column elementor-element elementor-element-a2c5b09\" data-id=\"a2c5b09\" data-element_type=\"column\">\n\t\t\t<div class=\"elementor-widget-wrap elementor-element-populated\">\n\t\t\t\t\t\t<div class=\"elementor-element elementor-element-ea7e6b9 elementor-widget elementor-widget-heading\" data-id=\"ea7e6b9\" data-element_type=\"widget\" data-widget_type=\"heading.default\">\n\t\t\t\t<div class=\"elementor-widget-container\">\n\t\t\t<h1 class=\"elementor-heading-title elementor-size-default\">Nonna Chain<\/h1>\t\t<\/div>\n\t\t\t\t<\/div>\n\t\t\t\t\t<\/div>\n\t\t<\/div>\n\t\t\t\t      \r\n            \r\n              \r\n            \r\n            \t\r\n\t\t\t<\/div>\r\n\t\t<\/section>\r\n\t\t\t\t<section class=\"elementor-section elementor-top-section elementor-element elementor-element-28c6f11 elementor-section-boxed elementor-section-height-default elementor-section-height-default\" data-id=\"28c6f11\" data-element_type=\"section\">\r\n\t\t\t\t\t\t<div class=\"elementor-container elementor-column-gap-default jws_section_\" >\r\n\t\t\t\t<div class=\"elementor-column elementor-col-100 elementor-top-column elementor-element elementor-element-7ecd6ad\" data-id=\"7ecd6ad\" data-element_type=\"column\">\n\t\t\t<div class=\"elementor-widget-wrap elementor-element-populated\">\n\t\t\t\t\t\t<div class=\"elementor-element elementor-element-1b5d32d elementor-widget elementor-widget-image\" data-id=\"1b5d32d\" data-element_type=\"widget\" data-widget_type=\"image.default\">\n\t\t\t\t<div class=\"elementor-widget-container\">\n\t\t\t\t\t\t\t\t\t\t\t\t\t<img fetchpriority=\"high\" decoding=\"async\" width=\"2560\" height=\"800\" src=\"https:\/\/midas.com.tr\/wp-content\/uploads\/2024\/11\/nonna-2572x860-kopya-1-scaled.avif\" class=\"attachment-large size-large wp-image-22245\" alt=\"Nonna Gold Chain Wholesaler\" srcset=\"https:\/\/midas.com.tr\/wp-content\/uploads\/2024\/11\/nonna-2572x860-kopya-1-scaled.avif 2560w, https:\/\/midas.com.tr\/wp-content\/uploads\/2024\/11\/nonna-2572x860-kopya-1-768x240.avif 768w, https:\/\/midas.com.tr\/wp-content\/uploads\/2024\/11\/nonna-2572x860-kopya-1-1536x480.avif 1536w, https:\/\/midas.com.tr\/wp-content\/uploads\/2024\/11\/nonna-2572x860-kopya-1-2048x640.avif 2048w, https:\/\/midas.com.tr\/wp-content\/uploads\/2024\/11\/nonna-2572x860-kopya-1-1568x490.avif 1568w\" sizes=\"(max-width: 2560px) 100vw, 2560px\" \/>\t\t\t\t\t\t\t\t\t\t\t\t\t<\/div>\n\t\t\t\t<\/div>\n\t\t\t\t\t<\/div>\n\t\t<\/div>\n\t\t\t\t      \r\n            \r\n              \r\n            \r\n            \t\r\n\t\t\t<\/div>\r\n\t\t<\/section>\r\n\t\t\t\t<section class=\"elementor-section elementor-top-section elementor-element elementor-element-e7a3bc0 elementor-section-boxed elementor-section-height-default elementor-section-height-default\" data-id=\"e7a3bc0\" data-element_type=\"section\">\r\n\t\t\t\t\t\t<div class=\"elementor-container elementor-column-gap-default jws_section_\" >\r\n\t\t\t\t<div class=\"elementor-column elementor-col-100 elementor-top-column elementor-element elementor-element-db74cc4\" data-id=\"db74cc4\" data-element_type=\"column\">\n\t\t\t<div class=\"elementor-widget-wrap elementor-element-populated\">\n\t\t\t\t\t\t<div class=\"elementor-element elementor-element-9e9f75a elementor-widget elementor-widget-text-editor\" data-id=\"9e9f75a\" data-element_type=\"widget\" data-widget_type=\"text-editor.default\">\n\t\t\t\t<div class=\"elementor-widget-container\">\n\t\t\t\t\t\t\t<p style=\"font-size: 18px;\">The Nonna Chain stands out as one of the most sought-after designs of recent years, combining elegance and sophistication in a distinctive structure. Its unique design not only makes it visually appealing but also highly durable. The <strong>Nonna Chain<\/strong>&#8216;s characteristic structure features small links, each passing through two others, while twisted links are intricately intertwined with four other links. This exceptional craftsmanship gives the chain its strength while offering a dynamic texture and movement.  <\/p>\t\t\t\t\t\t<\/div>\n\t\t\t\t<\/div>\n\t\t\t\t\t<\/div>\n\t\t<\/div>\n\t\t\t\t      \r\n            \r\n              \r\n            \r\n            \t\r\n\t\t\t<\/div>\r\n\t\t<\/section>\r\n\t\t\t\t<section class=\"elementor-section elementor-top-section elementor-element elementor-element-16a3def elementor-section-boxed elementor-section-height-default elementor-section-height-default\" data-id=\"16a3def\" data-element_type=\"section\">\r\n\t\t\t\t\t\t<div class=\"elementor-container elementor-column-gap-default jws_section_\" >\r\n\t\t\t\t<div class=\"elementor-column elementor-col-50 elementor-top-column elementor-element elementor-element-9156a81\" data-id=\"9156a81\" data-element_type=\"column\">\n\t\t\t<div class=\"elementor-widget-wrap elementor-element-populated\">\n\t\t\t\t\t\t<div class=\"elementor-element elementor-element-974de8f elementor-widget elementor-widget-image\" data-id=\"974de8f\" data-element_type=\"widget\" data-widget_type=\"image.default\">\n\t\t\t\t<div class=\"elementor-widget-container\">\n\t\t\t\t\t\t\t\t\t\t\t\t\t<img decoding=\"async\" width=\"1920\" height=\"1920\" src=\"https:\/\/midas.com.tr\/wp-content\/uploads\/2024\/11\/1920x1920-nonna.avif\" class=\"attachment-large size-large wp-image-22272\" alt=\"Nonna Gold Chain\" srcset=\"https:\/\/midas.com.tr\/wp-content\/uploads\/2024\/11\/1920x1920-nonna.avif 1920w, https:\/\/midas.com.tr\/wp-content\/uploads\/2024\/11\/1920x1920-nonna-768x768.avif 768w, https:\/\/midas.com.tr\/wp-content\/uploads\/2024\/11\/1920x1920-nonna-1536x1536.avif 1536w, https:\/\/midas.com.tr\/wp-content\/uploads\/2024\/11\/1920x1920-nonna-1568x1568.avif 1568w\" sizes=\"(max-width: 1920px) 100vw, 1920px\" \/>\t\t\t\t\t\t\t\t\t\t\t\t\t<\/div>\n\t\t\t\t<\/div>\n\t\t\t\t\t<\/div>\n\t\t<\/div>\n\t\t\t\t<div class=\"elementor-column elementor-col-50 elementor-top-column elementor-element elementor-element-df5c64e\" data-id=\"df5c64e\" data-element_type=\"column\">\n\t\t\t<div class=\"elementor-widget-wrap elementor-element-populated\">\n\t\t\t\t\t\t<div class=\"elementor-element elementor-element-96cda66 elementor-widget elementor-widget-text-editor\" data-id=\"96cda66\" data-element_type=\"widget\" data-widget_type=\"text-editor.default\">\n\t\t\t\t<div class=\"elementor-widget-container\">\n\t\t\t\t\t\t\t<p style=\"font-size: 18px;\">The Nonna Chain is perfect for everyday wear, offering subtle elegance, but also adds a touch of modern sophistication to special occasions with its eye-catching design. Thanks to its robust construction, it maintains its brilliance and aesthetic appeal for many years. <\/p><p style=\"font-size: 18px;\"><span style=\"font-weight: bold; color: var(--heading);\">At Midas<\/span>, we offer the Nonna Chain in various colors, lengths, and thickness options. We provide both solid and hollow designs to meet the diverse needs of our clients: <\/p><ul style=\"font-size: 18px;\"><li><a href=\"https:\/\/midasb2b.com\/cat\/grand%20nonna\"><strong>Solid Nonna Chain:<\/strong><\/a> Available in thicknesses ranging from 1.80 mm to 7.95 mm, offering durability and strength for those seeking a more substantial chain.<\/li><\/ul><div> <\/div><div><p style=\"font-size: 18px;\"> <\/p><\/div><ul style=\"font-size: 18px;\"><li><a href=\"https:\/\/midasb2b.com\/cat\/gold-hollow-nonna\"><strong>Hollow Nonna Chain: <\/strong><\/a>Ranges from 1.80 mm to 7.50 mm in thickness, prized for its lightweight elegance.<\/li><\/ul>\t\t\t\t\t\t<\/div>\n\t\t\t\t<\/div>\n\t\t\t\t\t<\/div>\n\t\t<\/div>\n\t\t\t\t      \r\n            \r\n              \r\n            \r\n            \t\r\n\t\t\t<\/div>\r\n\t\t<\/section>\r\n\t\t\t\t<section class=\"elementor-section elementor-top-section elementor-element elementor-element-61b8fdf elementor-section-boxed elementor-section-height-default elementor-section-height-default\" data-id=\"61b8fdf\" data-element_type=\"section\">\r\n\t\t\t\t\t\t<div class=\"elementor-container elementor-column-gap-default jws_section_\" >\r\n\t\t\t\t<div class=\"elementor-column elementor-col-100 elementor-top-column elementor-element elementor-element-695784d\" data-id=\"695784d\" data-element_type=\"column\">\n\t\t\t<div class=\"elementor-widget-wrap elementor-element-populated\">\n\t\t\t\t\t\t<div class=\"elementor-element elementor-element-e89607b elementor-widget elementor-widget-text-editor\" data-id=\"e89607b\" data-element_type=\"widget\" data-widget_type=\"text-editor.default\">\n\t\t\t\t<div class=\"elementor-widget-container\">\n\t\t\t\t\t\t\t<p><b>  <\/b>The<b> Nonna Chain<\/b> is available in 9K, 10K, 14K, 18K, 21K, and 22K gold options and comes in a variety of colors to suit individual preferences. Recently, it has become one of the most preferred models in wholesale, thanks to its durability and refined appearance, making it an essential piece in jewelers\u2019 collections. <\/p><p><b>At Midas,<\/b> we produce the Nonna Chain with exceptional craftsmanship, offering it in different sizes, thicknesses, and colors to our wholesale partners. For more information and to see how the Nonna Chain can enhance your collection, visit us at <a href=\"http:\/\/www.midasb2b.com\"><span style=\"text-decoration: underline;\">www.midasb2b.com<\/span><\/a>. <\/p>\t\t\t\t\t\t<\/div>\n\t\t\t\t<\/div>\n\t\t\t\t\t<\/div>\n\t\t<\/div>\n\t\t\t\t      \r\n            \r\n              \r\n            \r\n            \t\r\n\t\t\t<\/div>\r\n\t\t<\/section>\r\n\t\t\t\t<\/div>\n\t\t","protected":false},"excerpt":{"rendered":"<p>Nonna Chain The Nonna Chain stands out as one of the most sought-after designs of recent years, combining elegance and sophistication in a distinctive structure. Its unique design not only makes it visually appealing but also highly durable. The Nonna Chain&#8216;s characteristic structure features small links, each passing through two others, while twisted links are [&hellip;]<\/p>\n","protected":false},"author":4,"featured_media":0,"parent":0,"menu_order":0,"comment_status":"closed","ping_status":"closed","template":"","meta":{"footnotes":""},"class_list":["post-21229","page","type-page","status-publish","hentry"],"yoast_head":"<!-- This site is optimized with the Yoast SEO Premium plugin v23.9 (Yoast SEO v26.8) - https:\/\/yoast.com\/product\/yoast-seo-premium-wordpress\/ -->\n<title>Nonna Chain - M\u0130DAS - The Premier Gold Chain Manufacturer<\/title>\n<meta name=\"description\" content=\"Discover Midas\u2019 Gold Nonna Chain, a refined and intricate design available in both solid and hollow options, combining timeless elegance with versatile style.\" \/>\n<meta name=\"robots\" content=\"index, follow, max-snippet:-1, max-image-preview:large, max-video-preview:-1\" \/>\n<link rel=\"canonical\" href=\"https:\/\/midas.com.tr\/en\/nonna-chain\/\" \/>\n<meta property=\"og:locale\" content=\"en_US\" \/>\n<meta property=\"og:type\" content=\"article\" \/>\n<meta property=\"og:title\" content=\"Nonna Chain\" \/>\n<meta property=\"og:description\" content=\"Discover Midas\u2019 Gold Nonna Chain, a refined and intricate design available in both solid and hollow options, combining timeless elegance with versatile style.\" \/>\n<meta property=\"og:url\" content=\"https:\/\/midas.com.tr\/en\/nonna-chain\/\" \/>\n<meta property=\"og:site_name\" content=\"M\u0130DAS - The Premier Gold Chain Manufacturer\" \/>\n<meta property=\"article:modified_time\" content=\"2025-09-05T07:28:37+00:00\" \/>\n<meta name=\"twitter:card\" content=\"summary_large_image\" \/>\n<meta name=\"twitter:label1\" content=\"Est. reading time\" \/>\n\t<meta name=\"twitter:data1\" content=\"2 minutes\" \/>\n<script type=\"application\/ld+json\" class=\"yoast-schema-graph\">{\"@context\":\"https:\/\/schema.org\",\"@graph\":[{\"@type\":\"WebPage\",\"@id\":\"https:\/\/midas.com.tr\/en\/nonna-chain\/\",\"url\":\"https:\/\/midas.com.tr\/en\/nonna-chain\/\",\"name\":\"Nonna Chain - M\u0130DAS - The Premier Gold Chain Manufacturer\",\"isPartOf\":{\"@id\":\"https:\/\/midas.com.tr\/en\/#website\"},\"primaryImageOfPage\":{\"@id\":\"https:\/\/midas.com.tr\/en\/nonna-chain\/#primaryimage\"},\"image\":{\"@id\":\"https:\/\/midas.com.tr\/en\/nonna-chain\/#primaryimage\"},\"thumbnailUrl\":\"https:\/\/midas.com.tr\/wp-content\/uploads\/2024\/11\/nonna-2572x860-kopya-1-scaled.avif\",\"datePublished\":\"2024-10-16T08:18:36+00:00\",\"dateModified\":\"2025-09-05T07:28:37+00:00\",\"description\":\"Discover Midas\u2019 Gold Nonna Chain, a refined and intricate design available in both solid and hollow options, combining timeless elegance with versatile style.\",\"breadcrumb\":{\"@id\":\"https:\/\/midas.com.tr\/en\/nonna-chain\/#breadcrumb\"},\"inLanguage\":\"en-US\",\"potentialAction\":[{\"@type\":\"ReadAction\",\"target\":[\"https:\/\/midas.com.tr\/en\/nonna-chain\/\"]}]},{\"@type\":\"ImageObject\",\"inLanguage\":\"en-US\",\"@id\":\"https:\/\/midas.com.tr\/en\/nonna-chain\/#primaryimage\",\"url\":\"https:\/\/midas.com.tr\/wp-content\/uploads\/2024\/11\/nonna-2572x860-kopya-1-scaled.avif\",\"contentUrl\":\"https:\/\/midas.com.tr\/wp-content\/uploads\/2024\/11\/nonna-2572x860-kopya-1-scaled.avif\"},{\"@type\":\"BreadcrumbList\",\"@id\":\"https:\/\/midas.com.tr\/en\/nonna-chain\/#breadcrumb\",\"itemListElement\":[{\"@type\":\"ListItem\",\"position\":1,\"name\":\"Home\",\"item\":\"https:\/\/midas.com.tr\/en\/\"},{\"@type\":\"ListItem\",\"position\":2,\"name\":\"Nonna Chain\"}]},{\"@type\":\"WebSite\",\"@id\":\"https:\/\/midas.com.tr\/en\/#website\",\"url\":\"https:\/\/midas.com.tr\/en\/\",\"name\":\"Midas - Birinci S\u0131n\u0131f Alt\u0131n M\u00fccevher ve Zincir \u00dcreticisi\",\"description\":\"Premier Jewelry Company Midas Chain is a manufacturer from USA, with products under the category of fine Jewellery.\",\"publisher\":{\"@id\":\"https:\/\/midas.com.tr\/en\/#organization\"},\"potentialAction\":[{\"@type\":\"SearchAction\",\"target\":{\"@type\":\"EntryPoint\",\"urlTemplate\":\"https:\/\/midas.com.tr\/en\/?s={search_term_string}\"},\"query-input\":{\"@type\":\"PropertyValueSpecification\",\"valueRequired\":true,\"valueName\":\"search_term_string\"}}],\"inLanguage\":\"en-US\"},{\"@type\":\"Organization\",\"@id\":\"https:\/\/midas.com.tr\/en\/#organization\",\"name\":\"Midas -Birinci S\u0131n\u0131f Alt\u0131n M\u00fccevher ve Zincir \u00dcreticisi\",\"url\":\"https:\/\/midas.com.tr\/en\/\",\"logo\":{\"@type\":\"ImageObject\",\"inLanguage\":\"en-US\",\"@id\":\"https:\/\/midas.com.tr\/en\/#\/schema\/logo\/image\/\",\"url\":\"https:\/\/midas.com.tr\/wp-content\/uploads\/2021\/12\/midas-logo.png\",\"contentUrl\":\"https:\/\/midas.com.tr\/wp-content\/uploads\/2021\/12\/midas-logo.png\",\"width\":300,\"height\":106,\"caption\":\"Midas -Birinci S\u0131n\u0131f Alt\u0131n M\u00fccevher ve Zincir \u00dcreticisi\"},\"image\":{\"@id\":\"https:\/\/midas.com.tr\/en\/#\/schema\/logo\/image\/\"}}]}<\/script>\n<!-- \/ Yoast SEO Premium plugin. -->","yoast_head_json":{"title":"Nonna Chain - M\u0130DAS - The Premier Gold Chain Manufacturer","description":"Discover Midas\u2019 Gold Nonna Chain, a refined and intricate design available in both solid and hollow options, combining timeless elegance with versatile style.","robots":{"index":"index","follow":"follow","max-snippet":"max-snippet:-1","max-image-preview":"max-image-preview:large","max-video-preview":"max-video-preview:-1"},"canonical":"https:\/\/midas.com.tr\/en\/nonna-chain\/","og_locale":"en_US","og_type":"article","og_title":"Nonna Chain","og_description":"Discover Midas\u2019 Gold Nonna Chain, a refined and intricate design available in both solid and hollow options, combining timeless elegance with versatile style.","og_url":"https:\/\/midas.com.tr\/en\/nonna-chain\/","og_site_name":"M\u0130DAS - The Premier Gold Chain Manufacturer","article_modified_time":"2025-09-05T07:28:37+00:00","twitter_card":"summary_large_image","twitter_misc":{"Est. reading time":"2 minutes"},"schema":{"@context":"https:\/\/schema.org","@graph":[{"@type":"WebPage","@id":"https:\/\/midas.com.tr\/en\/nonna-chain\/","url":"https:\/\/midas.com.tr\/en\/nonna-chain\/","name":"Nonna Chain - M\u0130DAS - The Premier Gold Chain Manufacturer","isPartOf":{"@id":"https:\/\/midas.com.tr\/en\/#website"},"primaryImageOfPage":{"@id":"https:\/\/midas.com.tr\/en\/nonna-chain\/#primaryimage"},"image":{"@id":"https:\/\/midas.com.tr\/en\/nonna-chain\/#primaryimage"},"thumbnailUrl":"https:\/\/midas.com.tr\/wp-content\/uploads\/2024\/11\/nonna-2572x860-kopya-1-scaled.avif","datePublished":"2024-10-16T08:18:36+00:00","dateModified":"2025-09-05T07:28:37+00:00","description":"Discover Midas\u2019 Gold Nonna Chain, a refined and intricate design available in both solid and hollow options, combining timeless elegance with versatile style.","breadcrumb":{"@id":"https:\/\/midas.com.tr\/en\/nonna-chain\/#breadcrumb"},"inLanguage":"en-US","potentialAction":[{"@type":"ReadAction","target":["https:\/\/midas.com.tr\/en\/nonna-chain\/"]}]},{"@type":"ImageObject","inLanguage":"en-US","@id":"https:\/\/midas.com.tr\/en\/nonna-chain\/#primaryimage","url":"https:\/\/midas.com.tr\/wp-content\/uploads\/2024\/11\/nonna-2572x860-kopya-1-scaled.avif","contentUrl":"https:\/\/midas.com.tr\/wp-content\/uploads\/2024\/11\/nonna-2572x860-kopya-1-scaled.avif"},{"@type":"BreadcrumbList","@id":"https:\/\/midas.com.tr\/en\/nonna-chain\/#breadcrumb","itemListElement":[{"@type":"ListItem","position":1,"name":"Home","item":"https:\/\/midas.com.tr\/en\/"},{"@type":"ListItem","position":2,"name":"Nonna Chain"}]},{"@type":"WebSite","@id":"https:\/\/midas.com.tr\/en\/#website","url":"https:\/\/midas.com.tr\/en\/","name":"Midas - Birinci S\u0131n\u0131f Alt\u0131n M\u00fccevher ve Zincir \u00dcreticisi","description":"Premier Jewelry Company Midas Chain is a manufacturer from USA, with products under the category of fine Jewellery.","publisher":{"@id":"https:\/\/midas.com.tr\/en\/#organization"},"potentialAction":[{"@type":"SearchAction","target":{"@type":"EntryPoint","urlTemplate":"https:\/\/midas.com.tr\/en\/?s={search_term_string}"},"query-input":{"@type":"PropertyValueSpecification","valueRequired":true,"valueName":"search_term_string"}}],"inLanguage":"en-US"},{"@type":"Organization","@id":"https:\/\/midas.com.tr\/en\/#organization","name":"Midas -Birinci S\u0131n\u0131f Alt\u0131n M\u00fccevher ve Zincir \u00dcreticisi","url":"https:\/\/midas.com.tr\/en\/","logo":{"@type":"ImageObject","inLanguage":"en-US","@id":"https:\/\/midas.com.tr\/en\/#\/schema\/logo\/image\/","url":"https:\/\/midas.com.tr\/wp-content\/uploads\/2021\/12\/midas-logo.png","contentUrl":"https:\/\/midas.com.tr\/wp-content\/uploads\/2021\/12\/midas-logo.png","width":300,"height":106,"caption":"Midas -Birinci S\u0131n\u0131f Alt\u0131n M\u00fccevher ve Zincir \u00dcreticisi"},"image":{"@id":"https:\/\/midas.com.tr\/en\/#\/schema\/logo\/image\/"}}]}},"_links":{"self":[{"href":"https:\/\/midas.com.tr\/en\/wp-json\/wp\/v2\/pages\/21229","targetHints":{"allow":["GET"]}}],"collection":[{"href":"https:\/\/midas.com.tr\/en\/wp-json\/wp\/v2\/pages"}],"about":[{"href":"https:\/\/midas.com.tr\/en\/wp-json\/wp\/v2\/types\/page"}],"author":[{"embeddable":true,"href":"https:\/\/midas.com.tr\/en\/wp-json\/wp\/v2\/users\/4"}],"replies":[{"embeddable":true,"href":"https:\/\/midas.com.tr\/en\/wp-json\/wp\/v2\/comments?post=21229"}],"version-history":[{"count":6,"href":"https:\/\/midas.com.tr\/en\/wp-json\/wp\/v2\/pages\/21229\/revisions"}],"predecessor-version":[{"id":25146,"href":"https:\/\/midas.com.tr\/en\/wp-json\/wp\/v2\/pages\/21229\/revisions\/25146"}],"wp:attachment":[{"href":"https:\/\/midas.com.tr\/en\/wp-json\/wp\/v2\/media?parent=21229"}],"curies":[{"name":"wp","href":"https:\/\/api.w.org\/{rel}","templated":true}]}}