{"id":21322,"date":"2024-10-16T13:39:30","date_gmt":"2024-10-16T13:39:30","guid":{"rendered":"https:\/\/testmidas.com\/figaro-chain\/"},"modified":"2025-09-05T07:44:14","modified_gmt":"2025-09-05T07:44:14","slug":"figaro-chain","status":"publish","type":"page","link":"https:\/\/midas.com.tr\/en\/figaro-chain\/","title":{"rendered":"FIGARO Chain"},"content":{"rendered":"\t\t<div data-elementor-type=\"wp-page\" data-elementor-id=\"21322\" class=\"elementor elementor-21322 elementor-21267\" data-elementor-post-type=\"page\">\n\t\t\t\t\t\t<section class=\"elementor-section elementor-top-section elementor-element elementor-element-71462ff elementor-section-boxed elementor-section-height-default elementor-section-height-default\" data-id=\"71462ff\" data-element_type=\"section\">\r\n\t\t\t\t\t\t<div class=\"elementor-container elementor-column-gap-default jws_section_\" >\r\n\t\t\t\t<div class=\"elementor-column elementor-col-100 elementor-top-column elementor-element elementor-element-a4033cf\" data-id=\"a4033cf\" data-element_type=\"column\">\n\t\t\t<div class=\"elementor-widget-wrap elementor-element-populated\">\n\t\t\t\t\t\t<div class=\"elementor-element elementor-element-820e0b8 elementor-widget elementor-widget-heading\" data-id=\"820e0b8\" data-element_type=\"widget\" data-widget_type=\"heading.default\">\n\t\t\t\t<div class=\"elementor-widget-container\">\n\t\t\t<h1 class=\"elementor-heading-title elementor-size-default\">FIGARO Chain<\/h1>\t\t<\/div>\n\t\t\t\t<\/div>\n\t\t\t\t\t<\/div>\n\t\t<\/div>\n\t\t\t\t      \r\n            \r\n              \r\n            \r\n            \t\r\n\t\t\t<\/div>\r\n\t\t<\/section>\r\n\t\t\t\t<section class=\"elementor-section elementor-top-section elementor-element elementor-element-5729b4d elementor-section-boxed elementor-section-height-default elementor-section-height-default\" data-id=\"5729b4d\" data-element_type=\"section\">\r\n\t\t\t\t\t\t<div class=\"elementor-container elementor-column-gap-default jws_section_\" >\r\n\t\t\t\t<div class=\"elementor-column elementor-col-100 elementor-top-column elementor-element elementor-element-a244df7\" data-id=\"a244df7\" data-element_type=\"column\">\n\t\t\t<div class=\"elementor-widget-wrap elementor-element-populated\">\n\t\t\t\t\t\t<div class=\"elementor-element elementor-element-f12dde2 elementor-widget elementor-widget-image\" data-id=\"f12dde2\" data-element_type=\"widget\" data-widget_type=\"image.default\">\n\t\t\t\t<div class=\"elementor-widget-container\">\n\t\t\t\t\t\t\t\t\t\t\t\t\t<img fetchpriority=\"high\" decoding=\"async\" width=\"2560\" height=\"800\" src=\"https:\/\/midas.com.tr\/wp-content\/uploads\/2024\/11\/Figaro-20-kopya-scaled.jpg\" class=\"attachment-large size-large wp-image-22266\" alt=\"Figaro Alt\u0131n zincir toptanc\u0131s\u0131\" srcset=\"https:\/\/midas.com.tr\/wp-content\/uploads\/2024\/11\/Figaro-20-kopya-scaled.jpg 2560w, https:\/\/midas.com.tr\/wp-content\/uploads\/2024\/11\/Figaro-20-kopya-768x240.jpg 768w, https:\/\/midas.com.tr\/wp-content\/uploads\/2024\/11\/Figaro-20-kopya-1536x480.jpg 1536w, https:\/\/midas.com.tr\/wp-content\/uploads\/2024\/11\/Figaro-20-kopya-2048x640.jpg 2048w, https:\/\/midas.com.tr\/wp-content\/uploads\/2024\/11\/Figaro-20-kopya-1568x490.jpg 1568w\" sizes=\"(max-width: 2560px) 100vw, 2560px\" \/>\t\t\t\t\t\t\t\t\t\t\t\t\t<\/div>\n\t\t\t\t<\/div>\n\t\t\t\t\t<\/div>\n\t\t<\/div>\n\t\t\t\t      \r\n            \r\n              \r\n            \r\n            \t\r\n\t\t\t<\/div>\r\n\t\t<\/section>\r\n\t\t\t\t<section class=\"elementor-section elementor-top-section elementor-element elementor-element-9de3488 elementor-section-boxed elementor-section-height-default elementor-section-height-default\" data-id=\"9de3488\" data-element_type=\"section\">\r\n\t\t\t\t\t\t<div class=\"elementor-container elementor-column-gap-default jws_section_\" >\r\n\t\t\t\t<div class=\"elementor-column elementor-col-100 elementor-top-column elementor-element elementor-element-b1b67ad\" data-id=\"b1b67ad\" data-element_type=\"column\">\n\t\t\t<div class=\"elementor-widget-wrap elementor-element-populated\">\n\t\t\t\t\t\t<div class=\"elementor-element elementor-element-f47c6b4 elementor-widget elementor-widget-text-editor\" data-id=\"f47c6b4\" data-element_type=\"widget\" data-widget_type=\"text-editor.default\">\n\t\t\t\t<div class=\"elementor-widget-container\">\n\t\t\t\t\t\t\t<p>The <strong>Figaro chain<\/strong> stands out with its distinctive pattern one larger link followed by several smaller ones in a repeating sequence. This classic structure gives the Figaro chain both visual elegance and functional durability. At Midas, this iconic model is crafted with precision and offered in both solid and hollow gold options to meet the diverse needs of the jewelry industry. <\/p>\t\t\t\t\t\t<\/div>\n\t\t\t\t<\/div>\n\t\t\t\t\t<\/div>\n\t\t<\/div>\n\t\t\t\t      \r\n            \r\n              \r\n            \r\n            \t\r\n\t\t\t<\/div>\r\n\t\t<\/section>\r\n\t\t\t\t<section class=\"elementor-section elementor-top-section elementor-element elementor-element-cef9f49 elementor-section-boxed elementor-section-height-default elementor-section-height-default\" data-id=\"cef9f49\" data-element_type=\"section\">\r\n\t\t\t\t\t\t<div class=\"elementor-container elementor-column-gap-default jws_section_\" >\r\n\t\t\t\t<div class=\"elementor-column elementor-col-50 elementor-top-column elementor-element elementor-element-3ff88cf\" data-id=\"3ff88cf\" data-element_type=\"column\">\n\t\t\t<div class=\"elementor-widget-wrap elementor-element-populated\">\n\t\t\t\t\t\t<div class=\"elementor-element elementor-element-03a0ad0 elementor-widget elementor-widget-image\" data-id=\"03a0ad0\" data-element_type=\"widget\" data-widget_type=\"image.default\">\n\t\t\t\t<div class=\"elementor-widget-container\">\n\t\t\t\t\t\t\t\t\t\t\t\t\t<img decoding=\"async\" width=\"1620\" height=\"1340\" src=\"https:\/\/midas.com.tr\/wp-content\/uploads\/2024\/10\/Figaro.webp\" class=\"attachment-large size-large wp-image-21271\" alt=\"Figar\u0131 Alt\u0131n Zincir 14K\" srcset=\"https:\/\/midas.com.tr\/wp-content\/uploads\/2024\/10\/Figaro.webp 1620w, https:\/\/midas.com.tr\/wp-content\/uploads\/2024\/10\/Figaro-768x635.webp 768w, https:\/\/midas.com.tr\/wp-content\/uploads\/2024\/10\/Figaro-1536x1271.webp 1536w, https:\/\/midas.com.tr\/wp-content\/uploads\/2024\/10\/Figaro-1568x1297.webp 1568w\" sizes=\"(max-width: 1620px) 100vw, 1620px\" \/>\t\t\t\t\t\t\t\t\t\t\t\t\t<\/div>\n\t\t\t\t<\/div>\n\t\t\t\t\t<\/div>\n\t\t<\/div>\n\t\t\t\t<div class=\"elementor-column elementor-col-50 elementor-top-column elementor-element elementor-element-6c9ce8c\" data-id=\"6c9ce8c\" data-element_type=\"column\">\n\t\t\t<div class=\"elementor-widget-wrap elementor-element-populated\">\n\t\t\t\t\t\t<div class=\"elementor-element elementor-element-ba89288 elementor-widget elementor-widget-text-editor\" data-id=\"ba89288\" data-element_type=\"widget\" data-widget_type=\"text-editor.default\">\n\t\t\t\t<div class=\"elementor-widget-container\">\n\t\t\t\t\t\t\t<p><strong>Figaro Chain Models:<\/strong><\/p><ul><li><span style=\"text-decoration: underline;\"><strong><strong><a href=\"https:\/\/midasb2b.com\/cat\/gold-figaro\">\u2022 Solid Figaro Chain:<\/a><\/strong><\/strong><\/span><ul><li data-start=\"608\" data-end=\"791\"><p data-start=\"610\" data-end=\"791\"><strong data-start=\"610\" data-end=\"626\">Thickness Range:<\/strong> From 1.10 mm for delicate and refined designs, up to 11.50 mm for bolder and more prominent styles.<\/p><\/li><li data-start=\"792\" data-end=\"966\"><p data-start=\"794\" data-end=\"966\"><strong data-start=\"794\" data-end=\"806\">Karat Options:<\/strong><br>14K Figaro chain models are available in our store inventory.<br>9K, 10K, 18K, 21K, and 22K options are available for custom production upon request. <\/p><\/li><\/ul><\/li><\/ul><div> <\/div><ul><li><strong><strong><span style=\"text-decoration: underline;\"><a href=\"https:\/\/midasb2b.com\/cat\/gold-hollow-figaro\">\u2022 Hollow Figaro Chain:<\/a><\/span><\/strong><\/strong><ul><li data-start=\"998\" data-end=\"1148\"><p data-start=\"1000\" data-end=\"1148\"><strong data-start=\"1000\" data-end=\"1016\">Thickness Range:<\/strong> Lightweight hollow Figaro chain models range from 2.00 mm to 8.00 mm, offering versatility for everyday wear or statement pieces.<\/p><\/li><li data-start=\"1149\" data-end=\"1323\"><p data-start=\"1151\" data-end=\"1323\"><strong data-start=\"1151\" data-end=\"1163\">Karat Options:<\/strong><br>14K Figaro chain models are available in our store inventory.<br>9K, 10K, 18K, 21K, and 22K options are available for custom production upon request. <\/p><\/li><\/ul><\/li><\/ul>\t\t\t\t\t\t<\/div>\n\t\t\t\t<\/div>\n\t\t\t\t\t<\/div>\n\t\t<\/div>\n\t\t\t\t      \r\n            \r\n              \r\n            \r\n            \t\r\n\t\t\t<\/div>\r\n\t\t<\/section>\r\n\t\t\t\t<section class=\"elementor-section elementor-top-section elementor-element elementor-element-bf80deb elementor-section-boxed elementor-section-height-default elementor-section-height-default\" data-id=\"bf80deb\" data-element_type=\"section\">\r\n\t\t\t\t\t\t<div class=\"elementor-container elementor-column-gap-default jws_section_\" >\r\n\t\t\t\t<div class=\"elementor-column elementor-col-100 elementor-top-column elementor-element elementor-element-8424d3e\" data-id=\"8424d3e\" data-element_type=\"column\">\n\t\t\t<div class=\"elementor-widget-wrap elementor-element-populated\">\n\t\t\t\t\t\t<div class=\"elementor-element elementor-element-ba55e4b elementor-widget elementor-widget-text-editor\" data-id=\"ba55e4b\" data-element_type=\"widget\" data-widget_type=\"text-editor.default\">\n\t\t\t\t<div class=\"elementor-widget-container\">\n\t\t\t\t\t\t\t<p><strong>Figaro Chain Collection:<\/strong><\/p><ul><li data-start=\"1354\" data-end=\"1496\"><p data-start=\"1356\" data-end=\"1496\"><strong data-start=\"1356\" data-end=\"1375\">Link Patterns:<\/strong> Midas enriches the Figaro collection with a variety of link sequences such as 1+1, 3+1, 5+1, 6+6, 8+3, and 15+2.<\/p><\/li><li data-start=\"1497\" data-end=\"1660\"><p data-start=\"1499\" data-end=\"1660\"><strong data-start=\"1499\" data-end=\"1523\">Design Variations:<\/strong> Available in diverse designs and finishes, including pressed, barred, engraved, beveled, and two-tone options.<\/p><\/li><\/ul><p><strong>Midas<\/strong> Figaro chains are crafted with premium materials and exceptional craftsmanship, offered in both solid and hollow options to meet a wide range of customer preferences. With their durability and distinctive design, Figaro chains are suitable for both everyday wear and custom creations. You can source our Figaro chain models wholesale with the trusted quality of Midas.  <\/p><p><strong>Why Choose Midas Figaro Chains?<\/strong><\/p><ul><li data-start=\"1545\" data-end=\"1583\"><p data-start=\"1547\" data-end=\"1583\">Wide range of thickness and karat options<\/p><\/li><li data-start=\"1584\" data-end=\"1640\"><p data-start=\"1586\" data-end=\"1640\">Flexible custom manufacturing for wholesale orders<\/p><\/li><li data-start=\"1641\" data-end=\"1690\"><p data-start=\"1643\" data-end=\"1690\">Reliable craftsmanship and consistent production timelines<\/p><\/li><li data-start=\"1691\" data-end=\"1754\"><p data-start=\"1693\" data-end=\"1754\">Real-time stock tracking and ordering via our B2B platform<\/p><\/li><\/ul><p>You can visit <strong><a class=\"\" href=\"https:\/\/www.midasb2b.com\" target=\"_new\" rel=\"noopener\" data-start=\"1900\" data-end=\"1944\">www.midasb2b.com<\/a><\/strong> to explore all Figaro chain options and view detailed product information.<\/p>\t\t\t\t\t\t<\/div>\n\t\t\t\t<\/div>\n\t\t\t\t\t<\/div>\n\t\t<\/div>\n\t\t\t\t      \r\n            \r\n              \r\n            \r\n            \t\r\n\t\t\t<\/div>\r\n\t\t<\/section>\r\n\t\t\t\t<\/div>\n\t\t","protected":false},"excerpt":{"rendered":"<p>FIGARO Chain The Figaro chain stands out with its distinctive pattern one larger link followed by several smaller ones in a repeating sequence. This classic structure gives the Figaro chain both visual elegance and functional durability. At Midas, this iconic model is crafted with precision and offered in both solid and hollow gold options to [&hellip;]<\/p>\n","protected":false},"author":4,"featured_media":0,"parent":0,"menu_order":0,"comment_status":"closed","ping_status":"closed","template":"","meta":{"footnotes":""},"class_list":["post-21322","page","type-page","status-publish","hentry"],"yoast_head":"<!-- This site is optimized with the Yoast SEO Premium plugin v23.9 (Yoast SEO v26.8) - https:\/\/yoast.com\/product\/yoast-seo-premium-wordpress\/ -->\n<title>FIGARO Chain - M\u0130DAS - The Premier Gold Chain Manufacturer<\/title>\n<meta name=\"description\" content=\"Discover the Midas Gold Figaro Chain, a classic design that combines elegance with versatility, available in both solid and hollow options.\" \/>\n<meta name=\"robots\" content=\"index, follow, max-snippet:-1, max-image-preview:large, max-video-preview:-1\" \/>\n<link rel=\"canonical\" href=\"https:\/\/midas.com.tr\/en\/figaro-chain\/\" \/>\n<meta property=\"og:locale\" content=\"en_US\" \/>\n<meta property=\"og:type\" content=\"article\" \/>\n<meta property=\"og:title\" content=\"FIGARO Chain\" \/>\n<meta property=\"og:description\" content=\"Discover the Midas Gold Figaro Chain, a classic design that combines elegance with versatility, available in both solid and hollow options.\" \/>\n<meta property=\"og:url\" content=\"https:\/\/midas.com.tr\/en\/figaro-chain\/\" \/>\n<meta property=\"og:site_name\" content=\"M\u0130DAS - The Premier Gold Chain Manufacturer\" \/>\n<meta property=\"article:modified_time\" content=\"2025-09-05T07:44:14+00:00\" \/>\n<meta property=\"og:image\" content=\"https:\/\/midas.com.tr\/wp-content\/uploads\/2024\/11\/Figaro-20-kopya-scaled.jpg\" \/>\n\t<meta property=\"og:image:width\" content=\"2560\" \/>\n\t<meta property=\"og:image:height\" content=\"800\" \/>\n\t<meta property=\"og:image:type\" content=\"image\/jpeg\" \/>\n<meta name=\"twitter:card\" content=\"summary_large_image\" \/>\n<meta name=\"twitter:label1\" content=\"Est. reading time\" \/>\n\t<meta name=\"twitter:data1\" content=\"2 minutes\" \/>\n<script type=\"application\/ld+json\" class=\"yoast-schema-graph\">{\"@context\":\"https:\/\/schema.org\",\"@graph\":[{\"@type\":\"WebPage\",\"@id\":\"https:\/\/midas.com.tr\/en\/figaro-chain\/\",\"url\":\"https:\/\/midas.com.tr\/en\/figaro-chain\/\",\"name\":\"FIGARO Chain - M\u0130DAS - The Premier Gold Chain Manufacturer\",\"isPartOf\":{\"@id\":\"https:\/\/midas.com.tr\/en\/#website\"},\"primaryImageOfPage\":{\"@id\":\"https:\/\/midas.com.tr\/en\/figaro-chain\/#primaryimage\"},\"image\":{\"@id\":\"https:\/\/midas.com.tr\/en\/figaro-chain\/#primaryimage\"},\"thumbnailUrl\":\"https:\/\/midas.com.tr\/wp-content\/uploads\/2024\/11\/Figaro-20-kopya-scaled.jpg\",\"datePublished\":\"2024-10-16T13:39:30+00:00\",\"dateModified\":\"2025-09-05T07:44:14+00:00\",\"description\":\"Discover the Midas Gold Figaro Chain, a classic design that combines elegance with versatility, available in both solid and hollow options.\",\"breadcrumb\":{\"@id\":\"https:\/\/midas.com.tr\/en\/figaro-chain\/#breadcrumb\"},\"inLanguage\":\"en-US\",\"potentialAction\":[{\"@type\":\"ReadAction\",\"target\":[\"https:\/\/midas.com.tr\/en\/figaro-chain\/\"]}]},{\"@type\":\"ImageObject\",\"inLanguage\":\"en-US\",\"@id\":\"https:\/\/midas.com.tr\/en\/figaro-chain\/#primaryimage\",\"url\":\"https:\/\/midas.com.tr\/wp-content\/uploads\/2024\/11\/Figaro-20-kopya-scaled.jpg\",\"contentUrl\":\"https:\/\/midas.com.tr\/wp-content\/uploads\/2024\/11\/Figaro-20-kopya-scaled.jpg\"},{\"@type\":\"BreadcrumbList\",\"@id\":\"https:\/\/midas.com.tr\/en\/figaro-chain\/#breadcrumb\",\"itemListElement\":[{\"@type\":\"ListItem\",\"position\":1,\"name\":\"Home\",\"item\":\"https:\/\/midas.com.tr\/en\/\"},{\"@type\":\"ListItem\",\"position\":2,\"name\":\"FIGARO Chain\"}]},{\"@type\":\"WebSite\",\"@id\":\"https:\/\/midas.com.tr\/en\/#website\",\"url\":\"https:\/\/midas.com.tr\/en\/\",\"name\":\"Midas - Birinci S\u0131n\u0131f Alt\u0131n M\u00fccevher ve Zincir \u00dcreticisi\",\"description\":\"Premier Jewelry Company Midas Chain is a manufacturer from USA, with products under the category of fine Jewellery.\",\"publisher\":{\"@id\":\"https:\/\/midas.com.tr\/en\/#organization\"},\"potentialAction\":[{\"@type\":\"SearchAction\",\"target\":{\"@type\":\"EntryPoint\",\"urlTemplate\":\"https:\/\/midas.com.tr\/en\/?s={search_term_string}\"},\"query-input\":{\"@type\":\"PropertyValueSpecification\",\"valueRequired\":true,\"valueName\":\"search_term_string\"}}],\"inLanguage\":\"en-US\"},{\"@type\":\"Organization\",\"@id\":\"https:\/\/midas.com.tr\/en\/#organization\",\"name\":\"Midas -Birinci S\u0131n\u0131f Alt\u0131n M\u00fccevher ve Zincir \u00dcreticisi\",\"url\":\"https:\/\/midas.com.tr\/en\/\",\"logo\":{\"@type\":\"ImageObject\",\"inLanguage\":\"en-US\",\"@id\":\"https:\/\/midas.com.tr\/en\/#\/schema\/logo\/image\/\",\"url\":\"https:\/\/midas.com.tr\/wp-content\/uploads\/2021\/12\/midas-logo.png\",\"contentUrl\":\"https:\/\/midas.com.tr\/wp-content\/uploads\/2021\/12\/midas-logo.png\",\"width\":300,\"height\":106,\"caption\":\"Midas -Birinci S\u0131n\u0131f Alt\u0131n M\u00fccevher ve Zincir \u00dcreticisi\"},\"image\":{\"@id\":\"https:\/\/midas.com.tr\/en\/#\/schema\/logo\/image\/\"}}]}<\/script>\n<!-- \/ Yoast SEO Premium plugin. -->","yoast_head_json":{"title":"FIGARO Chain - M\u0130DAS - The Premier Gold Chain Manufacturer","description":"Discover the Midas Gold Figaro Chain, a classic design that combines elegance with versatility, available in both solid and hollow options.","robots":{"index":"index","follow":"follow","max-snippet":"max-snippet:-1","max-image-preview":"max-image-preview:large","max-video-preview":"max-video-preview:-1"},"canonical":"https:\/\/midas.com.tr\/en\/figaro-chain\/","og_locale":"en_US","og_type":"article","og_title":"FIGARO Chain","og_description":"Discover the Midas Gold Figaro Chain, a classic design that combines elegance with versatility, available in both solid and hollow options.","og_url":"https:\/\/midas.com.tr\/en\/figaro-chain\/","og_site_name":"M\u0130DAS - The Premier Gold Chain Manufacturer","article_modified_time":"2025-09-05T07:44:14+00:00","og_image":[{"width":2560,"height":800,"url":"https:\/\/midas.com.tr\/wp-content\/uploads\/2024\/11\/Figaro-20-kopya-scaled.jpg","type":"image\/jpeg"}],"twitter_card":"summary_large_image","twitter_misc":{"Est. reading time":"2 minutes"},"schema":{"@context":"https:\/\/schema.org","@graph":[{"@type":"WebPage","@id":"https:\/\/midas.com.tr\/en\/figaro-chain\/","url":"https:\/\/midas.com.tr\/en\/figaro-chain\/","name":"FIGARO Chain - M\u0130DAS - The Premier Gold Chain Manufacturer","isPartOf":{"@id":"https:\/\/midas.com.tr\/en\/#website"},"primaryImageOfPage":{"@id":"https:\/\/midas.com.tr\/en\/figaro-chain\/#primaryimage"},"image":{"@id":"https:\/\/midas.com.tr\/en\/figaro-chain\/#primaryimage"},"thumbnailUrl":"https:\/\/midas.com.tr\/wp-content\/uploads\/2024\/11\/Figaro-20-kopya-scaled.jpg","datePublished":"2024-10-16T13:39:30+00:00","dateModified":"2025-09-05T07:44:14+00:00","description":"Discover the Midas Gold Figaro Chain, a classic design that combines elegance with versatility, available in both solid and hollow options.","breadcrumb":{"@id":"https:\/\/midas.com.tr\/en\/figaro-chain\/#breadcrumb"},"inLanguage":"en-US","potentialAction":[{"@type":"ReadAction","target":["https:\/\/midas.com.tr\/en\/figaro-chain\/"]}]},{"@type":"ImageObject","inLanguage":"en-US","@id":"https:\/\/midas.com.tr\/en\/figaro-chain\/#primaryimage","url":"https:\/\/midas.com.tr\/wp-content\/uploads\/2024\/11\/Figaro-20-kopya-scaled.jpg","contentUrl":"https:\/\/midas.com.tr\/wp-content\/uploads\/2024\/11\/Figaro-20-kopya-scaled.jpg"},{"@type":"BreadcrumbList","@id":"https:\/\/midas.com.tr\/en\/figaro-chain\/#breadcrumb","itemListElement":[{"@type":"ListItem","position":1,"name":"Home","item":"https:\/\/midas.com.tr\/en\/"},{"@type":"ListItem","position":2,"name":"FIGARO Chain"}]},{"@type":"WebSite","@id":"https:\/\/midas.com.tr\/en\/#website","url":"https:\/\/midas.com.tr\/en\/","name":"Midas - Birinci S\u0131n\u0131f Alt\u0131n M\u00fccevher ve Zincir \u00dcreticisi","description":"Premier Jewelry Company Midas Chain is a manufacturer from USA, with products under the category of fine Jewellery.","publisher":{"@id":"https:\/\/midas.com.tr\/en\/#organization"},"potentialAction":[{"@type":"SearchAction","target":{"@type":"EntryPoint","urlTemplate":"https:\/\/midas.com.tr\/en\/?s={search_term_string}"},"query-input":{"@type":"PropertyValueSpecification","valueRequired":true,"valueName":"search_term_string"}}],"inLanguage":"en-US"},{"@type":"Organization","@id":"https:\/\/midas.com.tr\/en\/#organization","name":"Midas -Birinci S\u0131n\u0131f Alt\u0131n M\u00fccevher ve Zincir \u00dcreticisi","url":"https:\/\/midas.com.tr\/en\/","logo":{"@type":"ImageObject","inLanguage":"en-US","@id":"https:\/\/midas.com.tr\/en\/#\/schema\/logo\/image\/","url":"https:\/\/midas.com.tr\/wp-content\/uploads\/2021\/12\/midas-logo.png","contentUrl":"https:\/\/midas.com.tr\/wp-content\/uploads\/2021\/12\/midas-logo.png","width":300,"height":106,"caption":"Midas -Birinci S\u0131n\u0131f Alt\u0131n M\u00fccevher ve Zincir \u00dcreticisi"},"image":{"@id":"https:\/\/midas.com.tr\/en\/#\/schema\/logo\/image\/"}}]}},"_links":{"self":[{"href":"https:\/\/midas.com.tr\/en\/wp-json\/wp\/v2\/pages\/21322","targetHints":{"allow":["GET"]}}],"collection":[{"href":"https:\/\/midas.com.tr\/en\/wp-json\/wp\/v2\/pages"}],"about":[{"href":"https:\/\/midas.com.tr\/en\/wp-json\/wp\/v2\/types\/page"}],"author":[{"embeddable":true,"href":"https:\/\/midas.com.tr\/en\/wp-json\/wp\/v2\/users\/4"}],"replies":[{"embeddable":true,"href":"https:\/\/midas.com.tr\/en\/wp-json\/wp\/v2\/comments?post=21322"}],"version-history":[{"count":6,"href":"https:\/\/midas.com.tr\/en\/wp-json\/wp\/v2\/pages\/21322\/revisions"}],"predecessor-version":[{"id":25154,"href":"https:\/\/midas.com.tr\/en\/wp-json\/wp\/v2\/pages\/21322\/revisions\/25154"}],"wp:attachment":[{"href":"https:\/\/midas.com.tr\/en\/wp-json\/wp\/v2\/media?parent=21322"}],"curies":[{"name":"wp","href":"https:\/\/api.w.org\/{rel}","templated":true}]}}