{"id":21357,"date":"2024-10-17T08:16:06","date_gmt":"2024-10-17T08:16:06","guid":{"rendered":"https:\/\/testmidas.com\/forzentina-chain\/"},"modified":"2025-09-05T07:57:05","modified_gmt":"2025-09-05T07:57:05","slug":"forzentina-chain","status":"publish","type":"page","link":"https:\/\/midas.com.tr\/en\/forzentina-chain\/","title":{"rendered":"Forzentina Chain"},"content":{"rendered":"\t\t<div data-elementor-type=\"wp-page\" data-elementor-id=\"21357\" class=\"elementor elementor-21357 elementor-21324\" data-elementor-post-type=\"page\">\n\t\t\t\t\t\t<section class=\"elementor-section elementor-top-section elementor-element elementor-element-25e20d2 elementor-section-boxed elementor-section-height-default elementor-section-height-default\" data-id=\"25e20d2\" data-element_type=\"section\">\r\n\t\t\t\t\t\t<div class=\"elementor-container elementor-column-gap-default jws_section_\" >\r\n\t\t\t\t<div class=\"elementor-column elementor-col-100 elementor-top-column elementor-element elementor-element-d66a495\" data-id=\"d66a495\" data-element_type=\"column\">\n\t\t\t<div class=\"elementor-widget-wrap elementor-element-populated\">\n\t\t\t\t\t\t<div class=\"elementor-element elementor-element-61af1d4 elementor-widget elementor-widget-heading\" data-id=\"61af1d4\" data-element_type=\"widget\" data-widget_type=\"heading.default\">\n\t\t\t\t<div class=\"elementor-widget-container\">\n\t\t\t<h1 class=\"elementor-heading-title elementor-size-default\">Forzentina Chain<\/h1>\t\t<\/div>\n\t\t\t\t<\/div>\n\t\t\t\t\t<\/div>\n\t\t<\/div>\n\t\t\t\t      \r\n            \r\n              \r\n            \r\n            \t\r\n\t\t\t<\/div>\r\n\t\t<\/section>\r\n\t\t\t\t<section class=\"elementor-section elementor-top-section elementor-element elementor-element-52b3f6b elementor-section-boxed elementor-section-height-default elementor-section-height-default\" data-id=\"52b3f6b\" data-element_type=\"section\">\r\n\t\t\t\t\t\t<div class=\"elementor-container elementor-column-gap-default jws_section_\" >\r\n\t\t\t\t<div class=\"elementor-column elementor-col-100 elementor-top-column elementor-element elementor-element-7537ed4\" data-id=\"7537ed4\" data-element_type=\"column\">\n\t\t\t<div class=\"elementor-widget-wrap elementor-element-populated\">\n\t\t\t\t\t\t<div class=\"elementor-element elementor-element-e59e256 elementor-widget elementor-widget-image\" data-id=\"e59e256\" data-element_type=\"widget\" data-widget_type=\"image.default\">\n\t\t\t\t<div class=\"elementor-widget-container\">\n\t\t\t\t\t\t\t\t\t\t\t\t\t<img fetchpriority=\"high\" decoding=\"async\" width=\"2560\" height=\"800\" src=\"https:\/\/midas.com.tr\/wp-content\/uploads\/2024\/11\/forse-yatay-min-scaled.avif\" class=\"attachment-large size-large wp-image-22418\" alt=\"Midas gold Chain Manufacturer\" srcset=\"https:\/\/midas.com.tr\/wp-content\/uploads\/2024\/11\/forse-yatay-min-scaled.avif 2560w, https:\/\/midas.com.tr\/wp-content\/uploads\/2024\/11\/forse-yatay-min-768x240.avif 768w, https:\/\/midas.com.tr\/wp-content\/uploads\/2024\/11\/forse-yatay-min-1536x480.avif 1536w, https:\/\/midas.com.tr\/wp-content\/uploads\/2024\/11\/forse-yatay-min-2048x640.avif 2048w, https:\/\/midas.com.tr\/wp-content\/uploads\/2024\/11\/forse-yatay-min-1568x490.avif 1568w\" sizes=\"(max-width: 2560px) 100vw, 2560px\" \/>\t\t\t\t\t\t\t\t\t\t\t\t\t<\/div>\n\t\t\t\t<\/div>\n\t\t\t\t\t<\/div>\n\t\t<\/div>\n\t\t\t\t      \r\n            \r\n              \r\n            \r\n            \t\r\n\t\t\t<\/div>\r\n\t\t<\/section>\r\n\t\t\t\t<section class=\"elementor-section elementor-top-section elementor-element elementor-element-70d1498 elementor-section-boxed elementor-section-height-default elementor-section-height-default\" data-id=\"70d1498\" data-element_type=\"section\">\r\n\t\t\t\t\t\t<div class=\"elementor-container elementor-column-gap-default jws_section_\" >\r\n\t\t\t\t<div class=\"elementor-column elementor-col-100 elementor-top-column elementor-element elementor-element-d93d6d8\" data-id=\"d93d6d8\" data-element_type=\"column\">\n\t\t\t<div class=\"elementor-widget-wrap elementor-element-populated\">\n\t\t\t\t\t\t<div class=\"elementor-element elementor-element-45288b2 elementor-widget elementor-widget-text-editor\" data-id=\"45288b2\" data-element_type=\"widget\" data-widget_type=\"text-editor.default\">\n\t\t\t\t<div class=\"elementor-widget-container\">\n\t\t\t\t\t\t\t<p>As a brand specializing in high-quality gold chain production, <strong>Midas<\/strong>offers its wholesale partners an extensive range of <strong>Forzentina chain<\/strong>s. Combining elegance and durability, our Forzentina chains are the ideal choice to support your wholesale business. <\/p>\t\t\t\t\t\t<\/div>\n\t\t\t\t<\/div>\n\t\t\t\t\t<\/div>\n\t\t<\/div>\n\t\t\t\t      \r\n            \r\n              \r\n            \r\n            \t\r\n\t\t\t<\/div>\r\n\t\t<\/section>\r\n\t\t\t\t<section class=\"elementor-section elementor-top-section elementor-element elementor-element-94a94c9 elementor-section-boxed elementor-section-height-default elementor-section-height-default\" data-id=\"94a94c9\" data-element_type=\"section\">\r\n\t\t\t\t\t\t<div class=\"elementor-container elementor-column-gap-default jws_section_\" >\r\n\t\t\t\t<div class=\"elementor-column elementor-col-66 elementor-top-column elementor-element elementor-element-be69644\" data-id=\"be69644\" data-element_type=\"column\">\n\t\t\t<div class=\"elementor-widget-wrap elementor-element-populated\">\n\t\t\t\t\t\t<div class=\"elementor-element elementor-element-3059c51 elementor-widget elementor-widget-image\" data-id=\"3059c51\" data-element_type=\"widget\" data-widget_type=\"image.default\">\n\t\t\t\t<div class=\"elementor-widget-container\">\n\t\t\t\t\t\t\t\t\t\t\t\t\t<img decoding=\"async\" width=\"900\" height=\"902\" src=\"https:\/\/midas.com.tr\/wp-content\/uploads\/2024\/11\/1-1-kopya.webp\" class=\"attachment-large size-large wp-image-22475\" alt=\"Gold Chain Wholesaler\" srcset=\"https:\/\/midas.com.tr\/wp-content\/uploads\/2024\/11\/1-1-kopya.webp 900w, https:\/\/midas.com.tr\/wp-content\/uploads\/2024\/11\/1-1-kopya-768x770.webp 768w\" sizes=\"(max-width: 900px) 100vw, 900px\" \/>\t\t\t\t\t\t\t\t\t\t\t\t\t<\/div>\n\t\t\t\t<\/div>\n\t\t\t\t\t<\/div>\n\t\t<\/div>\n\t\t\t\t<div class=\"elementor-column elementor-col-33 elementor-top-column elementor-element elementor-element-675a7bb\" data-id=\"675a7bb\" data-element_type=\"column\">\n\t\t\t<div class=\"elementor-widget-wrap elementor-element-populated\">\n\t\t\t\t\t\t<div class=\"elementor-element elementor-element-6165a97 elementor-widget elementor-widget-text-editor\" data-id=\"6165a97\" data-element_type=\"widget\" data-widget_type=\"text-editor.default\">\n\t\t\t\t<div class=\"elementor-widget-container\">\n\t\t\t\t\t\t\t<p><strong>Hollow Forzentina Chains:<br><\/strong><\/p>\n<ul>\n<li>Thickness Options: Our hollow Forzentina chains are available in various thicknesses, providing lightweight comfort and versatility. Thickness options range from 1.45 mm to 6.80 mm, offering solutions for every style. <br><br><\/li>\n<li>Gold Purity Options: Available in 9K, 10K, 14K, 18K, 21K, and 22K gold.<br><br><\/li>\n<\/ul>\n<p><strong>Solid Forzentina Chains:<\/strong><\/p>\n<ul>\n<li>Thickness Options: Solid Forzentina chains offer a denser and more durable structure. They are available in a range of thicknesses from 0.65 mm to 5.35 mm, catering to both aesthetic and functional needs. <br><br><\/li>\n<li>Gold Purity Options: Offered in 9K, 10K, 14K, 18K, 21K, and 22K gold.<\/li>\n<\/ul>\t\t\t\t\t\t<\/div>\n\t\t\t\t<\/div>\n\t\t\t\t\t<\/div>\n\t\t<\/div>\n\t\t\t\t      \r\n            \r\n              \r\n            \r\n            \t\r\n\t\t\t<\/div>\r\n\t\t<\/section>\r\n\t\t\t\t<section class=\"elementor-section elementor-top-section elementor-element elementor-element-fc2096d elementor-section-boxed elementor-section-height-default elementor-section-height-default\" data-id=\"fc2096d\" data-element_type=\"section\">\r\n\t\t\t\t\t\t<div class=\"elementor-container elementor-column-gap-default jws_section_\" >\r\n\t\t\t\t<div class=\"elementor-column elementor-col-100 elementor-top-column elementor-element elementor-element-a013d58\" data-id=\"a013d58\" data-element_type=\"column\">\n\t\t\t<div class=\"elementor-widget-wrap elementor-element-populated\">\n\t\t\t\t\t\t<div class=\"elementor-element elementor-element-dc8af6d elementor-widget elementor-widget-text-editor\" data-id=\"dc8af6d\" data-element_type=\"widget\" data-widget_type=\"text-editor.default\">\n\t\t\t\t<div class=\"elementor-widget-container\">\n\t\t\t\t\t\t\t<p><strong>What is a Forzentina Chain?<\/strong><\/p><p>Forzentina chains are gold chains known for their intricate weaving and design techniques. These chains are widely used in both classic and modern jewelry designs, offering a blend of elegance and strength. Forzentina chains are especially valued for their aesthetic appeal and robust structure.  <\/p>\t\t\t\t\t\t<\/div>\n\t\t\t\t<\/div>\n\t\t\t\t\t<\/div>\n\t\t<\/div>\n\t\t\t\t      \r\n            \r\n              \r\n            \r\n            \t\r\n\t\t\t<\/div>\r\n\t\t<\/section>\r\n\t\t\t\t<section class=\"elementor-section elementor-top-section elementor-element elementor-element-48ad440 elementor-section-boxed elementor-section-height-default elementor-section-height-default\" data-id=\"48ad440\" data-element_type=\"section\">\r\n\t\t\t\t\t\t<div class=\"elementor-container elementor-column-gap-default jws_section_\" >\r\n\t\t\t\t<div class=\"elementor-column elementor-col-33 elementor-top-column elementor-element elementor-element-c06ef11\" data-id=\"c06ef11\" data-element_type=\"column\">\n\t\t\t<div class=\"elementor-widget-wrap elementor-element-populated\">\n\t\t\t\t\t\t<div class=\"elementor-element elementor-element-0081fbc elementor-widget elementor-widget-text-editor\" data-id=\"0081fbc\" data-element_type=\"widget\" data-widget_type=\"text-editor.default\">\n\t\t\t\t<div class=\"elementor-widget-container\">\n\t\t\t\t\t\t\t<p><strong>Forzentina Chain Designs:<\/strong><\/p><ul><li><strong>Classic Forzentina Chain<\/strong>: Timeless and elegant, featuring smooth and uniform links for a refined look. <br><br><\/li><li><strong>D\/C Forzentina Chain<\/strong>: Sophisticated, with the edges of the links polished for a sleek, smooth finish.<br><br><\/li><li><strong>D\/C Anchor Forzentina Chain<\/strong>: Bars are inserted between the links, giving the chain a modern and dynamic appearance<br><br><\/li><li><strong>Flat Long Link Forzentina Chain<\/strong>: The links are flattened using pressing techniques, adding a unique texture to the chain.<br><br><\/li><li><strong>Long Forzentina Chain<\/strong>: Designed with elongated links, creating a sleek and stylish appearance.<\/li><\/ul>\t\t\t\t\t\t<\/div>\n\t\t\t\t<\/div>\n\t\t\t\t\t<\/div>\n\t\t<\/div>\n\t\t\t\t<div class=\"elementor-column elementor-col-66 elementor-top-column elementor-element elementor-element-8c2521d\" data-id=\"8c2521d\" data-element_type=\"column\">\n\t\t\t<div class=\"elementor-widget-wrap elementor-element-populated\">\n\t\t\t\t\t\t<div class=\"elementor-element elementor-element-677c6cd elementor-widget elementor-widget-image\" data-id=\"677c6cd\" data-element_type=\"widget\" data-widget_type=\"image.default\">\n\t\t\t\t<div class=\"elementor-widget-container\">\n\t\t\t\t\t\t\t\t\t\t\t\t\t<img decoding=\"async\" width=\"1080\" height=\"1080\" src=\"https:\/\/midas.com.tr\/wp-content\/uploads\/2024\/11\/Forse-kare-min.avif\" class=\"attachment-large size-large wp-image-22420\" alt=\"Midas Zincir- Alt\u0131n Zincir Toptanc\u0131s\u0131\" srcset=\"https:\/\/midas.com.tr\/wp-content\/uploads\/2024\/11\/Forse-kare-min.avif 1080w, https:\/\/midas.com.tr\/wp-content\/uploads\/2024\/11\/Forse-kare-min-768x768.avif 768w\" sizes=\"(max-width: 1080px) 100vw, 1080px\" \/>\t\t\t\t\t\t\t\t\t\t\t\t\t<\/div>\n\t\t\t\t<\/div>\n\t\t\t\t\t<\/div>\n\t\t<\/div>\n\t\t\t\t      \r\n            \r\n              \r\n            \r\n            \t\r\n\t\t\t<\/div>\r\n\t\t<\/section>\r\n\t\t\t\t<section class=\"elementor-section elementor-top-section elementor-element elementor-element-caac9f8 elementor-section-boxed elementor-section-height-default elementor-section-height-default\" data-id=\"caac9f8\" data-element_type=\"section\">\r\n\t\t\t\t\t\t<div class=\"elementor-container elementor-column-gap-default jws_section_\" >\r\n\t\t\t\t<div class=\"elementor-column elementor-col-100 elementor-top-column elementor-element elementor-element-b3fa023\" data-id=\"b3fa023\" data-element_type=\"column\">\n\t\t\t<div class=\"elementor-widget-wrap elementor-element-populated\">\n\t\t\t\t\t\t<div class=\"elementor-element elementor-element-ce2759b elementor-widget elementor-widget-text-editor\" data-id=\"ce2759b\" data-element_type=\"widget\" data-widget_type=\"text-editor.default\">\n\t\t\t\t<div class=\"elementor-widget-container\">\n\t\t\t\t\t\t\t<p><strong>Midas <\/strong>Forzentina chains are crafted using high-quality materials and expert craftsmanship. Available in both hollow and solid options, and in various thicknesses and gold purities, these chains offer elegant design and durability for all your needs. You can explore Midas rich Forzentina chain collection and more on our B2B platform at <strong><a href=\"http:\/\/www.midasb2b.com\">www.midasb2b.com<\/a><\/strong>, where you can also place your orders.  <\/p>\t\t\t\t\t\t<\/div>\n\t\t\t\t<\/div>\n\t\t\t\t\t<\/div>\n\t\t<\/div>\n\t\t\t\t      \r\n            \r\n              \r\n            \r\n            \t\r\n\t\t\t<\/div>\r\n\t\t<\/section>\r\n\t\t\t\t<\/div>\n\t\t","protected":false},"excerpt":{"rendered":"<p>Forzentina Chain As a brand specializing in high-quality gold chain production, Midasoffers its wholesale partners an extensive range of Forzentina chains. Combining elegance and durability, our Forzentina chains are the ideal choice to support your wholesale business. Hollow Forzentina Chains: Thickness Options: Our hollow Forzentina chains are available in various thicknesses, providing lightweight comfort and [&hellip;]<\/p>\n","protected":false},"author":4,"featured_media":0,"parent":0,"menu_order":0,"comment_status":"closed","ping_status":"closed","template":"","meta":{"footnotes":""},"class_list":["post-21357","page","type-page","status-publish","hentry"],"yoast_head":"<!-- This site is optimized with the Yoast SEO Premium plugin v23.9 (Yoast SEO v26.8) - https:\/\/yoast.com\/product\/yoast-seo-premium-wordpress\/ -->\n<title>Forzentina Chain - M\u0130DAS - The Premier Gold Chain Manufacturer<\/title>\n<meta name=\"description\" content=\"Explore Midas Gold Forza Chain, available in both solid and hollow options, whether by the meter or as finished pieces, for wholesale.\" \/>\n<meta name=\"robots\" content=\"index, follow, max-snippet:-1, max-image-preview:large, max-video-preview:-1\" \/>\n<link rel=\"canonical\" href=\"https:\/\/midas.com.tr\/en\/forzentina-chain\/\" \/>\n<meta property=\"og:locale\" content=\"en_US\" \/>\n<meta property=\"og:type\" content=\"article\" \/>\n<meta property=\"og:title\" content=\"Forzentina Chain\" \/>\n<meta property=\"og:description\" content=\"Explore Midas Gold Forza Chain, available in both solid and hollow options, whether by the meter or as finished pieces, for wholesale.\" \/>\n<meta property=\"og:url\" content=\"https:\/\/midas.com.tr\/en\/forzentina-chain\/\" \/>\n<meta property=\"og:site_name\" content=\"M\u0130DAS - The Premier Gold Chain Manufacturer\" \/>\n<meta property=\"article:modified_time\" content=\"2025-09-05T07:57:05+00:00\" \/>\n<meta name=\"twitter:card\" content=\"summary_large_image\" \/>\n<meta name=\"twitter:label1\" content=\"Est. reading time\" \/>\n\t<meta name=\"twitter:data1\" content=\"3 minutes\" \/>\n<script type=\"application\/ld+json\" class=\"yoast-schema-graph\">{\"@context\":\"https:\/\/schema.org\",\"@graph\":[{\"@type\":\"WebPage\",\"@id\":\"https:\/\/midas.com.tr\/en\/forzentina-chain\/\",\"url\":\"https:\/\/midas.com.tr\/en\/forzentina-chain\/\",\"name\":\"Forzentina Chain - M\u0130DAS - The Premier Gold Chain Manufacturer\",\"isPartOf\":{\"@id\":\"https:\/\/midas.com.tr\/en\/#website\"},\"primaryImageOfPage\":{\"@id\":\"https:\/\/midas.com.tr\/en\/forzentina-chain\/#primaryimage\"},\"image\":{\"@id\":\"https:\/\/midas.com.tr\/en\/forzentina-chain\/#primaryimage\"},\"thumbnailUrl\":\"https:\/\/midas.com.tr\/wp-content\/uploads\/2024\/11\/forse-yatay-min-scaled.avif\",\"datePublished\":\"2024-10-17T08:16:06+00:00\",\"dateModified\":\"2025-09-05T07:57:05+00:00\",\"description\":\"Explore Midas Gold Forza Chain, available in both solid and hollow options, whether by the meter or as finished pieces, for wholesale.\",\"breadcrumb\":{\"@id\":\"https:\/\/midas.com.tr\/en\/forzentina-chain\/#breadcrumb\"},\"inLanguage\":\"en-US\",\"potentialAction\":[{\"@type\":\"ReadAction\",\"target\":[\"https:\/\/midas.com.tr\/en\/forzentina-chain\/\"]}]},{\"@type\":\"ImageObject\",\"inLanguage\":\"en-US\",\"@id\":\"https:\/\/midas.com.tr\/en\/forzentina-chain\/#primaryimage\",\"url\":\"https:\/\/midas.com.tr\/wp-content\/uploads\/2024\/11\/forse-yatay-min-scaled.avif\",\"contentUrl\":\"https:\/\/midas.com.tr\/wp-content\/uploads\/2024\/11\/forse-yatay-min-scaled.avif\"},{\"@type\":\"BreadcrumbList\",\"@id\":\"https:\/\/midas.com.tr\/en\/forzentina-chain\/#breadcrumb\",\"itemListElement\":[{\"@type\":\"ListItem\",\"position\":1,\"name\":\"Home\",\"item\":\"https:\/\/midas.com.tr\/en\/\"},{\"@type\":\"ListItem\",\"position\":2,\"name\":\"Forzentina Chain\"}]},{\"@type\":\"WebSite\",\"@id\":\"https:\/\/midas.com.tr\/en\/#website\",\"url\":\"https:\/\/midas.com.tr\/en\/\",\"name\":\"Midas - Birinci S\u0131n\u0131f Alt\u0131n M\u00fccevher ve Zincir \u00dcreticisi\",\"description\":\"Premier Jewelry Company Midas Chain is a manufacturer from USA, with products under the category of fine Jewellery.\",\"publisher\":{\"@id\":\"https:\/\/midas.com.tr\/en\/#organization\"},\"potentialAction\":[{\"@type\":\"SearchAction\",\"target\":{\"@type\":\"EntryPoint\",\"urlTemplate\":\"https:\/\/midas.com.tr\/en\/?s={search_term_string}\"},\"query-input\":{\"@type\":\"PropertyValueSpecification\",\"valueRequired\":true,\"valueName\":\"search_term_string\"}}],\"inLanguage\":\"en-US\"},{\"@type\":\"Organization\",\"@id\":\"https:\/\/midas.com.tr\/en\/#organization\",\"name\":\"Midas -Birinci S\u0131n\u0131f Alt\u0131n M\u00fccevher ve Zincir \u00dcreticisi\",\"url\":\"https:\/\/midas.com.tr\/en\/\",\"logo\":{\"@type\":\"ImageObject\",\"inLanguage\":\"en-US\",\"@id\":\"https:\/\/midas.com.tr\/en\/#\/schema\/logo\/image\/\",\"url\":\"https:\/\/midas.com.tr\/wp-content\/uploads\/2021\/12\/midas-logo.png\",\"contentUrl\":\"https:\/\/midas.com.tr\/wp-content\/uploads\/2021\/12\/midas-logo.png\",\"width\":300,\"height\":106,\"caption\":\"Midas -Birinci S\u0131n\u0131f Alt\u0131n M\u00fccevher ve Zincir \u00dcreticisi\"},\"image\":{\"@id\":\"https:\/\/midas.com.tr\/en\/#\/schema\/logo\/image\/\"}}]}<\/script>\n<!-- \/ Yoast SEO Premium plugin. -->","yoast_head_json":{"title":"Forzentina Chain - M\u0130DAS - The Premier Gold Chain Manufacturer","description":"Explore Midas Gold Forza Chain, available in both solid and hollow options, whether by the meter or as finished pieces, for wholesale.","robots":{"index":"index","follow":"follow","max-snippet":"max-snippet:-1","max-image-preview":"max-image-preview:large","max-video-preview":"max-video-preview:-1"},"canonical":"https:\/\/midas.com.tr\/en\/forzentina-chain\/","og_locale":"en_US","og_type":"article","og_title":"Forzentina Chain","og_description":"Explore Midas Gold Forza Chain, available in both solid and hollow options, whether by the meter or as finished pieces, for wholesale.","og_url":"https:\/\/midas.com.tr\/en\/forzentina-chain\/","og_site_name":"M\u0130DAS - The Premier Gold Chain Manufacturer","article_modified_time":"2025-09-05T07:57:05+00:00","twitter_card":"summary_large_image","twitter_misc":{"Est. reading time":"3 minutes"},"schema":{"@context":"https:\/\/schema.org","@graph":[{"@type":"WebPage","@id":"https:\/\/midas.com.tr\/en\/forzentina-chain\/","url":"https:\/\/midas.com.tr\/en\/forzentina-chain\/","name":"Forzentina Chain - M\u0130DAS - The Premier Gold Chain Manufacturer","isPartOf":{"@id":"https:\/\/midas.com.tr\/en\/#website"},"primaryImageOfPage":{"@id":"https:\/\/midas.com.tr\/en\/forzentina-chain\/#primaryimage"},"image":{"@id":"https:\/\/midas.com.tr\/en\/forzentina-chain\/#primaryimage"},"thumbnailUrl":"https:\/\/midas.com.tr\/wp-content\/uploads\/2024\/11\/forse-yatay-min-scaled.avif","datePublished":"2024-10-17T08:16:06+00:00","dateModified":"2025-09-05T07:57:05+00:00","description":"Explore Midas Gold Forza Chain, available in both solid and hollow options, whether by the meter or as finished pieces, for wholesale.","breadcrumb":{"@id":"https:\/\/midas.com.tr\/en\/forzentina-chain\/#breadcrumb"},"inLanguage":"en-US","potentialAction":[{"@type":"ReadAction","target":["https:\/\/midas.com.tr\/en\/forzentina-chain\/"]}]},{"@type":"ImageObject","inLanguage":"en-US","@id":"https:\/\/midas.com.tr\/en\/forzentina-chain\/#primaryimage","url":"https:\/\/midas.com.tr\/wp-content\/uploads\/2024\/11\/forse-yatay-min-scaled.avif","contentUrl":"https:\/\/midas.com.tr\/wp-content\/uploads\/2024\/11\/forse-yatay-min-scaled.avif"},{"@type":"BreadcrumbList","@id":"https:\/\/midas.com.tr\/en\/forzentina-chain\/#breadcrumb","itemListElement":[{"@type":"ListItem","position":1,"name":"Home","item":"https:\/\/midas.com.tr\/en\/"},{"@type":"ListItem","position":2,"name":"Forzentina Chain"}]},{"@type":"WebSite","@id":"https:\/\/midas.com.tr\/en\/#website","url":"https:\/\/midas.com.tr\/en\/","name":"Midas - Birinci S\u0131n\u0131f Alt\u0131n M\u00fccevher ve Zincir \u00dcreticisi","description":"Premier Jewelry Company Midas Chain is a manufacturer from USA, with products under the category of fine Jewellery.","publisher":{"@id":"https:\/\/midas.com.tr\/en\/#organization"},"potentialAction":[{"@type":"SearchAction","target":{"@type":"EntryPoint","urlTemplate":"https:\/\/midas.com.tr\/en\/?s={search_term_string}"},"query-input":{"@type":"PropertyValueSpecification","valueRequired":true,"valueName":"search_term_string"}}],"inLanguage":"en-US"},{"@type":"Organization","@id":"https:\/\/midas.com.tr\/en\/#organization","name":"Midas -Birinci S\u0131n\u0131f Alt\u0131n M\u00fccevher ve Zincir \u00dcreticisi","url":"https:\/\/midas.com.tr\/en\/","logo":{"@type":"ImageObject","inLanguage":"en-US","@id":"https:\/\/midas.com.tr\/en\/#\/schema\/logo\/image\/","url":"https:\/\/midas.com.tr\/wp-content\/uploads\/2021\/12\/midas-logo.png","contentUrl":"https:\/\/midas.com.tr\/wp-content\/uploads\/2021\/12\/midas-logo.png","width":300,"height":106,"caption":"Midas -Birinci S\u0131n\u0131f Alt\u0131n M\u00fccevher ve Zincir \u00dcreticisi"},"image":{"@id":"https:\/\/midas.com.tr\/en\/#\/schema\/logo\/image\/"}}]}},"_links":{"self":[{"href":"https:\/\/midas.com.tr\/en\/wp-json\/wp\/v2\/pages\/21357","targetHints":{"allow":["GET"]}}],"collection":[{"href":"https:\/\/midas.com.tr\/en\/wp-json\/wp\/v2\/pages"}],"about":[{"href":"https:\/\/midas.com.tr\/en\/wp-json\/wp\/v2\/types\/page"}],"author":[{"embeddable":true,"href":"https:\/\/midas.com.tr\/en\/wp-json\/wp\/v2\/users\/4"}],"replies":[{"embeddable":true,"href":"https:\/\/midas.com.tr\/en\/wp-json\/wp\/v2\/comments?post=21357"}],"version-history":[{"count":12,"href":"https:\/\/midas.com.tr\/en\/wp-json\/wp\/v2\/pages\/21357\/revisions"}],"predecessor-version":[{"id":25163,"href":"https:\/\/midas.com.tr\/en\/wp-json\/wp\/v2\/pages\/21357\/revisions\/25163"}],"wp:attachment":[{"href":"https:\/\/midas.com.tr\/en\/wp-json\/wp\/v2\/media?parent=21357"}],"curies":[{"name":"wp","href":"https:\/\/api.w.org\/{rel}","templated":true}]}}