{"id":21524,"date":"2024-10-18T10:28:43","date_gmt":"2024-10-18T10:28:43","guid":{"rendered":"https:\/\/testmidas.com\/rolo-chain\/"},"modified":"2025-09-05T07:46:07","modified_gmt":"2025-09-05T07:46:07","slug":"rolo-chain","status":"publish","type":"page","link":"https:\/\/midas.com.tr\/en\/rolo-chain\/","title":{"rendered":"Rolo Chain"},"content":{"rendered":"\t\t<div data-elementor-type=\"wp-page\" data-elementor-id=\"21524\" class=\"elementor elementor-21524 elementor-21505\" data-elementor-post-type=\"page\">\n\t\t\t\t\t\t<section class=\"elementor-section elementor-top-section elementor-element elementor-element-3e4d379 elementor-section-boxed elementor-section-height-default elementor-section-height-default\" data-id=\"3e4d379\" data-element_type=\"section\">\r\n\t\t\t\t\t\t<div class=\"elementor-container elementor-column-gap-default jws_section_\" >\r\n\t\t\t\t<div class=\"elementor-column elementor-col-100 elementor-top-column elementor-element elementor-element-33615f8\" data-id=\"33615f8\" data-element_type=\"column\">\n\t\t\t<div class=\"elementor-widget-wrap elementor-element-populated\">\n\t\t\t\t\t\t<div class=\"elementor-element elementor-element-d8ff128 elementor-widget elementor-widget-heading\" data-id=\"d8ff128\" data-element_type=\"widget\" data-widget_type=\"heading.default\">\n\t\t\t\t<div class=\"elementor-widget-container\">\n\t\t\t<h1 class=\"elementor-heading-title elementor-size-default\">Rolo Chain<\/h1>\t\t<\/div>\n\t\t\t\t<\/div>\n\t\t\t\t\t<\/div>\n\t\t<\/div>\n\t\t\t\t      \r\n            \r\n              \r\n            \r\n            \t\r\n\t\t\t<\/div>\r\n\t\t<\/section>\r\n\t\t\t\t<section class=\"elementor-section elementor-top-section elementor-element elementor-element-bcc3523 elementor-section-boxed elementor-section-height-default elementor-section-height-default\" data-id=\"bcc3523\" data-element_type=\"section\">\r\n\t\t\t\t\t\t<div class=\"elementor-container elementor-column-gap-default jws_section_\" >\r\n\t\t\t\t<div class=\"elementor-column elementor-col-100 elementor-top-column elementor-element elementor-element-37632d7\" data-id=\"37632d7\" data-element_type=\"column\">\n\t\t\t<div class=\"elementor-widget-wrap elementor-element-populated\">\n\t\t\t\t\t\t<div class=\"elementor-element elementor-element-cf287ec elementor-widget elementor-widget-image\" data-id=\"cf287ec\" data-element_type=\"widget\" data-widget_type=\"image.default\">\n\t\t\t\t<div class=\"elementor-widget-container\">\n\t\t\t\t\t\t\t\t\t\t\t\t\t<img fetchpriority=\"high\" decoding=\"async\" width=\"2560\" height=\"800\" src=\"https:\/\/midas.com.tr\/wp-content\/uploads\/2024\/11\/Doc-20-kopyadrhhio-scaled.avif\" class=\"attachment-large size-large wp-image-22253\" alt=\"Rolo Chain Wholesaler\" srcset=\"https:\/\/midas.com.tr\/wp-content\/uploads\/2024\/11\/Doc-20-kopyadrhhio-scaled.avif 2560w, https:\/\/midas.com.tr\/wp-content\/uploads\/2024\/11\/Doc-20-kopyadrhhio-768x240.avif 768w, https:\/\/midas.com.tr\/wp-content\/uploads\/2024\/11\/Doc-20-kopyadrhhio-1536x480.avif 1536w, https:\/\/midas.com.tr\/wp-content\/uploads\/2024\/11\/Doc-20-kopyadrhhio-2048x640.avif 2048w, https:\/\/midas.com.tr\/wp-content\/uploads\/2024\/11\/Doc-20-kopyadrhhio-1568x490.avif 1568w\" sizes=\"(max-width: 2560px) 100vw, 2560px\" \/>\t\t\t\t\t\t\t\t\t\t\t\t\t<\/div>\n\t\t\t\t<\/div>\n\t\t\t\t\t<\/div>\n\t\t<\/div>\n\t\t\t\t      \r\n            \r\n              \r\n            \r\n            \t\r\n\t\t\t<\/div>\r\n\t\t<\/section>\r\n\t\t\t\t<section class=\"elementor-section elementor-top-section elementor-element elementor-element-d948c19 elementor-section-boxed elementor-section-height-default elementor-section-height-default\" data-id=\"d948c19\" data-element_type=\"section\">\r\n\t\t\t\t\t\t<div class=\"elementor-container elementor-column-gap-default jws_section_\" >\r\n\t\t\t\t<div class=\"elementor-column elementor-col-100 elementor-top-column elementor-element elementor-element-bc4afa1\" data-id=\"bc4afa1\" data-element_type=\"column\">\n\t\t\t<div class=\"elementor-widget-wrap elementor-element-populated\">\n\t\t\t\t\t\t<div class=\"elementor-element elementor-element-ca6e7f6 elementor-widget elementor-widget-text-editor\" data-id=\"ca6e7f6\" data-element_type=\"widget\" data-widget_type=\"text-editor.default\">\n\t\t\t\t<div class=\"elementor-widget-container\">\n\t\t\t\t\t\t\t<p>At <strong>Midas<\/strong>, we take pride in offering the Rolo Chain to wholesale jewelers, a product that seamlessly combines quality and aesthetics in the world of jewelry. The Rolo Chain stands out with its elegant design and superior craftsmanship, adding value to any jewelry collection. <\/p><p>Technical Details: The <strong>Rolo Chain<\/strong> is available in both hollow and solid models, offering various thickness options:<\/p>\t\t\t\t\t\t<\/div>\n\t\t\t\t<\/div>\n\t\t\t\t\t<\/div>\n\t\t<\/div>\n\t\t\t\t      \r\n            \r\n              \r\n            \r\n            \t\r\n\t\t\t<\/div>\r\n\t\t<\/section>\r\n\t\t\t\t<section class=\"elementor-section elementor-top-section elementor-element elementor-element-2aa1955 elementor-section-boxed elementor-section-height-default elementor-section-height-default\" data-id=\"2aa1955\" data-element_type=\"section\">\r\n\t\t\t\t\t\t<div class=\"elementor-container elementor-column-gap-default jws_section_\" >\r\n\t\t\t\t<div class=\"elementor-column elementor-col-50 elementor-top-column elementor-element elementor-element-9994a44\" data-id=\"9994a44\" data-element_type=\"column\">\n\t\t\t<div class=\"elementor-widget-wrap elementor-element-populated\">\n\t\t\t\t\t\t<div class=\"elementor-element elementor-element-3e0df97 elementor-widget elementor-widget-image\" data-id=\"3e0df97\" data-element_type=\"widget\" data-widget_type=\"image.default\">\n\t\t\t\t<div class=\"elementor-widget-container\">\n\t\t\t\t\t\t\t\t\t\t\t\t\t<img decoding=\"async\" width=\"1440\" height=\"1440\" src=\"https:\/\/midas.com.tr\/wp-content\/uploads\/2024\/11\/doczincir-kare-kopya-1-min.avif\" class=\"attachment-large size-large wp-image-22410\" alt=\"Doc Zincir - M\u0130DAS\" srcset=\"https:\/\/midas.com.tr\/wp-content\/uploads\/2024\/11\/doczincir-kare-kopya-1-min.avif 1440w, https:\/\/midas.com.tr\/wp-content\/uploads\/2024\/11\/doczincir-kare-kopya-1-min-768x768.avif 768w\" sizes=\"(max-width: 1440px) 100vw, 1440px\" \/>\t\t\t\t\t\t\t\t\t\t\t\t\t<\/div>\n\t\t\t\t<\/div>\n\t\t\t\t\t<\/div>\n\t\t<\/div>\n\t\t\t\t<div class=\"elementor-column elementor-col-50 elementor-top-column elementor-element elementor-element-0bbabb5\" data-id=\"0bbabb5\" data-element_type=\"column\">\n\t\t\t<div class=\"elementor-widget-wrap elementor-element-populated\">\n\t\t\t\t\t\t<div class=\"elementor-element elementor-element-1927e95 elementor-widget elementor-widget-text-editor\" data-id=\"1927e95\" data-element_type=\"widget\" data-widget_type=\"text-editor.default\">\n\t\t\t\t<div class=\"elementor-widget-container\">\n\t\t\t\t\t\t\t<ul><li><strong><a href=\"https:\/\/midasb2b.com\/cat\/gold-hollow-rolo\">Hollow Rolo Chain:<\/a><\/strong> Thickness ranges from 1.50 mm to 8.00 mm.<\/li><\/ul><div> <\/div><ul><li><strong><a href=\"https:\/\/midasb2b.com\/cat\/gold-rolo\">Solid Rolo Chain: <\/a><\/strong>Thickness ranges from 1.15 mm to 6.50 mm.<\/li><\/ul><p>This chain model can be produced in flat, engraved, and many various forms. It can be provided in any desired carat and size, or by the meter, allowing jewelers to offer a wide range of products to their customers. <\/p><p>Produced with <strong>Midas <\/strong>innovative technology and experienced craftsmanship, the <strong>Rolo Chain<\/strong> is the perfect choice for adding elegance and durability to jewelry designs. This product, offered exclusively to wholesale jewelers, aims to enhance our partners&#8217; competitive edge and maximize customer satisfaction. <\/p><p>You can view the full range of Midas\u2019 hollow and solid Rolo Chain models and place orders online at <span style=\"text-decoration-line: underline;\"><a style=\"transition-property: all;\" href=\"http:\/\/www.midasb2b.com\/\" target=\"_blank\" rel=\"noopener\">www.midasb2b.com<\/a><\/span>.<\/p>\t\t\t\t\t\t<\/div>\n\t\t\t\t<\/div>\n\t\t\t\t\t<\/div>\n\t\t<\/div>\n\t\t\t\t      \r\n            \r\n              \r\n            \r\n            \t\r\n\t\t\t<\/div>\r\n\t\t<\/section>\r\n\t\t\t\t<\/div>\n\t\t","protected":false},"excerpt":{"rendered":"<p>Rolo Chain At Midas, we take pride in offering the Rolo Chain to wholesale jewelers, a product that seamlessly combines quality and aesthetics in the world of jewelry. The Rolo Chain stands out with its elegant design and superior craftsmanship, adding value to any jewelry collection. Technical Details: The Rolo Chain is available in both [&hellip;]<\/p>\n","protected":false},"author":4,"featured_media":0,"parent":0,"menu_order":0,"comment_status":"closed","ping_status":"closed","template":"","meta":{"footnotes":""},"class_list":["post-21524","page","type-page","status-publish","hentry"],"yoast_head":"<!-- This site is optimized with the Yoast SEO Premium plugin v23.9 (Yoast SEO v26.8) - https:\/\/yoast.com\/product\/yoast-seo-premium-wordpress\/ -->\n<title>Rolo Chain - M\u0130DAS - The Premier Gold Chain Manufacturer<\/title>\n<meta name=\"description\" content=\"Explore Midas solid and hollow Gold Rolo Chain models, combining durability with timeless elegance in a classic design.\" \/>\n<meta name=\"robots\" content=\"index, follow, max-snippet:-1, max-image-preview:large, max-video-preview:-1\" \/>\n<link rel=\"canonical\" href=\"https:\/\/midas.com.tr\/en\/rolo-chain\/\" \/>\n<meta property=\"og:locale\" content=\"en_US\" \/>\n<meta property=\"og:type\" content=\"article\" \/>\n<meta property=\"og:title\" content=\"Rolo Chain\" \/>\n<meta property=\"og:description\" content=\"Explore Midas solid and hollow Gold Rolo Chain models, combining durability with timeless elegance in a classic design.\" \/>\n<meta property=\"og:url\" content=\"https:\/\/midas.com.tr\/en\/rolo-chain\/\" \/>\n<meta property=\"og:site_name\" content=\"M\u0130DAS - The Premier Gold Chain Manufacturer\" \/>\n<meta property=\"article:modified_time\" content=\"2025-09-05T07:46:07+00:00\" \/>\n<meta name=\"twitter:card\" content=\"summary_large_image\" \/>\n<meta name=\"twitter:label1\" content=\"Est. reading time\" \/>\n\t<meta name=\"twitter:data1\" content=\"2 minutes\" \/>\n<script type=\"application\/ld+json\" class=\"yoast-schema-graph\">{\"@context\":\"https:\/\/schema.org\",\"@graph\":[{\"@type\":\"WebPage\",\"@id\":\"https:\/\/midas.com.tr\/en\/rolo-chain\/\",\"url\":\"https:\/\/midas.com.tr\/en\/rolo-chain\/\",\"name\":\"Rolo Chain - M\u0130DAS - The Premier Gold Chain Manufacturer\",\"isPartOf\":{\"@id\":\"https:\/\/midas.com.tr\/en\/#website\"},\"primaryImageOfPage\":{\"@id\":\"https:\/\/midas.com.tr\/en\/rolo-chain\/#primaryimage\"},\"image\":{\"@id\":\"https:\/\/midas.com.tr\/en\/rolo-chain\/#primaryimage\"},\"thumbnailUrl\":\"https:\/\/midas.com.tr\/wp-content\/uploads\/2024\/11\/Doc-20-kopyadrhhio-scaled.avif\",\"datePublished\":\"2024-10-18T10:28:43+00:00\",\"dateModified\":\"2025-09-05T07:46:07+00:00\",\"description\":\"Explore Midas solid and hollow Gold Rolo Chain models, combining durability with timeless elegance in a classic design.\",\"breadcrumb\":{\"@id\":\"https:\/\/midas.com.tr\/en\/rolo-chain\/#breadcrumb\"},\"inLanguage\":\"en-US\",\"potentialAction\":[{\"@type\":\"ReadAction\",\"target\":[\"https:\/\/midas.com.tr\/en\/rolo-chain\/\"]}]},{\"@type\":\"ImageObject\",\"inLanguage\":\"en-US\",\"@id\":\"https:\/\/midas.com.tr\/en\/rolo-chain\/#primaryimage\",\"url\":\"https:\/\/midas.com.tr\/wp-content\/uploads\/2024\/11\/Doc-20-kopyadrhhio-scaled.avif\",\"contentUrl\":\"https:\/\/midas.com.tr\/wp-content\/uploads\/2024\/11\/Doc-20-kopyadrhhio-scaled.avif\"},{\"@type\":\"BreadcrumbList\",\"@id\":\"https:\/\/midas.com.tr\/en\/rolo-chain\/#breadcrumb\",\"itemListElement\":[{\"@type\":\"ListItem\",\"position\":1,\"name\":\"Home\",\"item\":\"https:\/\/midas.com.tr\/en\/\"},{\"@type\":\"ListItem\",\"position\":2,\"name\":\"Rolo Chain\"}]},{\"@type\":\"WebSite\",\"@id\":\"https:\/\/midas.com.tr\/en\/#website\",\"url\":\"https:\/\/midas.com.tr\/en\/\",\"name\":\"Midas - Birinci S\u0131n\u0131f Alt\u0131n M\u00fccevher ve Zincir \u00dcreticisi\",\"description\":\"Premier Jewelry Company Midas Chain is a manufacturer from USA, with products under the category of fine Jewellery.\",\"publisher\":{\"@id\":\"https:\/\/midas.com.tr\/en\/#organization\"},\"potentialAction\":[{\"@type\":\"SearchAction\",\"target\":{\"@type\":\"EntryPoint\",\"urlTemplate\":\"https:\/\/midas.com.tr\/en\/?s={search_term_string}\"},\"query-input\":{\"@type\":\"PropertyValueSpecification\",\"valueRequired\":true,\"valueName\":\"search_term_string\"}}],\"inLanguage\":\"en-US\"},{\"@type\":\"Organization\",\"@id\":\"https:\/\/midas.com.tr\/en\/#organization\",\"name\":\"Midas -Birinci S\u0131n\u0131f Alt\u0131n M\u00fccevher ve Zincir \u00dcreticisi\",\"url\":\"https:\/\/midas.com.tr\/en\/\",\"logo\":{\"@type\":\"ImageObject\",\"inLanguage\":\"en-US\",\"@id\":\"https:\/\/midas.com.tr\/en\/#\/schema\/logo\/image\/\",\"url\":\"https:\/\/midas.com.tr\/wp-content\/uploads\/2021\/12\/midas-logo.png\",\"contentUrl\":\"https:\/\/midas.com.tr\/wp-content\/uploads\/2021\/12\/midas-logo.png\",\"width\":300,\"height\":106,\"caption\":\"Midas -Birinci S\u0131n\u0131f Alt\u0131n M\u00fccevher ve Zincir \u00dcreticisi\"},\"image\":{\"@id\":\"https:\/\/midas.com.tr\/en\/#\/schema\/logo\/image\/\"}}]}<\/script>\n<!-- \/ Yoast SEO Premium plugin. -->","yoast_head_json":{"title":"Rolo Chain - M\u0130DAS - The Premier Gold Chain Manufacturer","description":"Explore Midas solid and hollow Gold Rolo Chain models, combining durability with timeless elegance in a classic design.","robots":{"index":"index","follow":"follow","max-snippet":"max-snippet:-1","max-image-preview":"max-image-preview:large","max-video-preview":"max-video-preview:-1"},"canonical":"https:\/\/midas.com.tr\/en\/rolo-chain\/","og_locale":"en_US","og_type":"article","og_title":"Rolo Chain","og_description":"Explore Midas solid and hollow Gold Rolo Chain models, combining durability with timeless elegance in a classic design.","og_url":"https:\/\/midas.com.tr\/en\/rolo-chain\/","og_site_name":"M\u0130DAS - The Premier Gold Chain Manufacturer","article_modified_time":"2025-09-05T07:46:07+00:00","twitter_card":"summary_large_image","twitter_misc":{"Est. reading time":"2 minutes"},"schema":{"@context":"https:\/\/schema.org","@graph":[{"@type":"WebPage","@id":"https:\/\/midas.com.tr\/en\/rolo-chain\/","url":"https:\/\/midas.com.tr\/en\/rolo-chain\/","name":"Rolo Chain - M\u0130DAS - The Premier Gold Chain Manufacturer","isPartOf":{"@id":"https:\/\/midas.com.tr\/en\/#website"},"primaryImageOfPage":{"@id":"https:\/\/midas.com.tr\/en\/rolo-chain\/#primaryimage"},"image":{"@id":"https:\/\/midas.com.tr\/en\/rolo-chain\/#primaryimage"},"thumbnailUrl":"https:\/\/midas.com.tr\/wp-content\/uploads\/2024\/11\/Doc-20-kopyadrhhio-scaled.avif","datePublished":"2024-10-18T10:28:43+00:00","dateModified":"2025-09-05T07:46:07+00:00","description":"Explore Midas solid and hollow Gold Rolo Chain models, combining durability with timeless elegance in a classic design.","breadcrumb":{"@id":"https:\/\/midas.com.tr\/en\/rolo-chain\/#breadcrumb"},"inLanguage":"en-US","potentialAction":[{"@type":"ReadAction","target":["https:\/\/midas.com.tr\/en\/rolo-chain\/"]}]},{"@type":"ImageObject","inLanguage":"en-US","@id":"https:\/\/midas.com.tr\/en\/rolo-chain\/#primaryimage","url":"https:\/\/midas.com.tr\/wp-content\/uploads\/2024\/11\/Doc-20-kopyadrhhio-scaled.avif","contentUrl":"https:\/\/midas.com.tr\/wp-content\/uploads\/2024\/11\/Doc-20-kopyadrhhio-scaled.avif"},{"@type":"BreadcrumbList","@id":"https:\/\/midas.com.tr\/en\/rolo-chain\/#breadcrumb","itemListElement":[{"@type":"ListItem","position":1,"name":"Home","item":"https:\/\/midas.com.tr\/en\/"},{"@type":"ListItem","position":2,"name":"Rolo Chain"}]},{"@type":"WebSite","@id":"https:\/\/midas.com.tr\/en\/#website","url":"https:\/\/midas.com.tr\/en\/","name":"Midas - Birinci S\u0131n\u0131f Alt\u0131n M\u00fccevher ve Zincir \u00dcreticisi","description":"Premier Jewelry Company Midas Chain is a manufacturer from USA, with products under the category of fine Jewellery.","publisher":{"@id":"https:\/\/midas.com.tr\/en\/#organization"},"potentialAction":[{"@type":"SearchAction","target":{"@type":"EntryPoint","urlTemplate":"https:\/\/midas.com.tr\/en\/?s={search_term_string}"},"query-input":{"@type":"PropertyValueSpecification","valueRequired":true,"valueName":"search_term_string"}}],"inLanguage":"en-US"},{"@type":"Organization","@id":"https:\/\/midas.com.tr\/en\/#organization","name":"Midas -Birinci S\u0131n\u0131f Alt\u0131n M\u00fccevher ve Zincir \u00dcreticisi","url":"https:\/\/midas.com.tr\/en\/","logo":{"@type":"ImageObject","inLanguage":"en-US","@id":"https:\/\/midas.com.tr\/en\/#\/schema\/logo\/image\/","url":"https:\/\/midas.com.tr\/wp-content\/uploads\/2021\/12\/midas-logo.png","contentUrl":"https:\/\/midas.com.tr\/wp-content\/uploads\/2021\/12\/midas-logo.png","width":300,"height":106,"caption":"Midas -Birinci S\u0131n\u0131f Alt\u0131n M\u00fccevher ve Zincir \u00dcreticisi"},"image":{"@id":"https:\/\/midas.com.tr\/en\/#\/schema\/logo\/image\/"}}]}},"_links":{"self":[{"href":"https:\/\/midas.com.tr\/en\/wp-json\/wp\/v2\/pages\/21524","targetHints":{"allow":["GET"]}}],"collection":[{"href":"https:\/\/midas.com.tr\/en\/wp-json\/wp\/v2\/pages"}],"about":[{"href":"https:\/\/midas.com.tr\/en\/wp-json\/wp\/v2\/types\/page"}],"author":[{"embeddable":true,"href":"https:\/\/midas.com.tr\/en\/wp-json\/wp\/v2\/users\/4"}],"replies":[{"embeddable":true,"href":"https:\/\/midas.com.tr\/en\/wp-json\/wp\/v2\/comments?post=21524"}],"version-history":[{"count":8,"href":"https:\/\/midas.com.tr\/en\/wp-json\/wp\/v2\/pages\/21524\/revisions"}],"predecessor-version":[{"id":25156,"href":"https:\/\/midas.com.tr\/en\/wp-json\/wp\/v2\/pages\/21524\/revisions\/25156"}],"wp:attachment":[{"href":"https:\/\/midas.com.tr\/en\/wp-json\/wp\/v2\/media?parent=21524"}],"curies":[{"name":"wp","href":"https:\/\/api.w.org\/{rel}","templated":true}]}}