{"id":21527,"date":"2024-10-18T08:22:30","date_gmt":"2024-10-18T08:22:30","guid":{"rendered":"https:\/\/testmidas.com\/gourmet-chain\/"},"modified":"2025-09-05T07:39:37","modified_gmt":"2025-09-05T07:39:37","slug":"gourmet-chain","status":"publish","type":"page","link":"https:\/\/midas.com.tr\/en\/gourmet-chain\/","title":{"rendered":"Curb (Gourmet) Chain"},"content":{"rendered":"\t\t<div data-elementor-type=\"wp-page\" data-elementor-id=\"21527\" class=\"elementor elementor-21527 elementor-21459\" data-elementor-post-type=\"page\">\n\t\t\t\t\t\t<section class=\"elementor-section elementor-top-section elementor-element elementor-element-e7ae8b5 elementor-section-boxed elementor-section-height-default elementor-section-height-default\" data-id=\"e7ae8b5\" data-element_type=\"section\">\r\n\t\t\t\t\t\t<div class=\"elementor-container elementor-column-gap-default jws_section_\" >\r\n\t\t\t\t<div class=\"elementor-column elementor-col-100 elementor-top-column elementor-element elementor-element-549fc5f\" data-id=\"549fc5f\" data-element_type=\"column\">\n\t\t\t<div class=\"elementor-widget-wrap elementor-element-populated\">\n\t\t\t\t\t\t<div class=\"elementor-element elementor-element-ef1c7a9 elementor-widget elementor-widget-heading\" data-id=\"ef1c7a9\" data-element_type=\"widget\" data-widget_type=\"heading.default\">\n\t\t\t\t<div class=\"elementor-widget-container\">\n\t\t\t<h1 class=\"elementor-heading-title elementor-size-default\">Curb (Gourmet) Chain<\/h1>\t\t<\/div>\n\t\t\t\t<\/div>\n\t\t\t\t\t<\/div>\n\t\t<\/div>\n\t\t\t\t      \r\n            \r\n              \r\n            \r\n            \t\r\n\t\t\t<\/div>\r\n\t\t<\/section>\r\n\t\t\t\t<section class=\"elementor-section elementor-top-section elementor-element elementor-element-af584d2 elementor-section-boxed elementor-section-height-default elementor-section-height-default\" data-id=\"af584d2\" data-element_type=\"section\">\r\n\t\t\t\t\t\t<div class=\"elementor-container elementor-column-gap-default jws_section_\" >\r\n\t\t\t\t<div class=\"elementor-column elementor-col-100 elementor-top-column elementor-element elementor-element-095c8e4\" data-id=\"095c8e4\" data-element_type=\"column\">\n\t\t\t<div class=\"elementor-widget-wrap elementor-element-populated\">\n\t\t\t\t\t\t<div class=\"elementor-element elementor-element-4fe08b1 elementor-widget elementor-widget-image\" data-id=\"4fe08b1\" data-element_type=\"widget\" data-widget_type=\"image.default\">\n\t\t\t\t<div class=\"elementor-widget-container\">\n\t\t\t\t\t\t\t\t\t\t\t\t\t<img fetchpriority=\"high\" decoding=\"async\" width=\"2560\" height=\"800\" src=\"https:\/\/midas.com.tr\/wp-content\/uploads\/2024\/11\/gurmet-yatay-min-scaled.jpg\" class=\"attachment-large size-large wp-image-22440\" alt=\"Gold Chain Wholesaler\" srcset=\"https:\/\/midas.com.tr\/wp-content\/uploads\/2024\/11\/gurmet-yatay-min-scaled.jpg 2560w, https:\/\/midas.com.tr\/wp-content\/uploads\/2024\/11\/gurmet-yatay-min-768x240.jpg 768w, https:\/\/midas.com.tr\/wp-content\/uploads\/2024\/11\/gurmet-yatay-min-1536x480.jpg 1536w, https:\/\/midas.com.tr\/wp-content\/uploads\/2024\/11\/gurmet-yatay-min-2048x640.jpg 2048w, https:\/\/midas.com.tr\/wp-content\/uploads\/2024\/11\/gurmet-yatay-min-1568x490.jpg 1568w\" sizes=\"(max-width: 2560px) 100vw, 2560px\" \/>\t\t\t\t\t\t\t\t\t\t\t\t\t<\/div>\n\t\t\t\t<\/div>\n\t\t\t\t\t<\/div>\n\t\t<\/div>\n\t\t\t\t      \r\n            \r\n              \r\n            \r\n            \t\r\n\t\t\t<\/div>\r\n\t\t<\/section>\r\n\t\t\t\t<section class=\"elementor-section elementor-top-section elementor-element elementor-element-fedb96c elementor-section-boxed elementor-section-height-default elementor-section-height-default\" data-id=\"fedb96c\" data-element_type=\"section\">\r\n\t\t\t\t\t\t<div class=\"elementor-container elementor-column-gap-default jws_section_\" >\r\n\t\t\t\t<div class=\"elementor-column elementor-col-100 elementor-top-column elementor-element elementor-element-696a668\" data-id=\"696a668\" data-element_type=\"column\">\n\t\t\t<div class=\"elementor-widget-wrap elementor-element-populated\">\n\t\t\t\t\t\t<div class=\"elementor-element elementor-element-638858b elementor-widget elementor-widget-text-editor\" data-id=\"638858b\" data-element_type=\"widget\" data-widget_type=\"text-editor.default\">\n\t\t\t\t<div class=\"elementor-widget-container\">\n\t\t\t\t\t\t\t<p><b>Midas<\/b>offers its wholesale partners a wide variety of Gourmet chains, a popular choice known for its versatility and timeless appeal. With different thicknesses and design options, our <strong>Gourmet chain<\/strong>s cater to all tastes, making them an ideal choice for supporting your wholesale business. Midas continues to add value to your operations with its high-quality Gourmet chains.  <\/p>\t\t\t\t\t\t<\/div>\n\t\t\t\t<\/div>\n\t\t\t\t\t<\/div>\n\t\t<\/div>\n\t\t\t\t      \r\n            \r\n              \r\n            \r\n            \t\r\n\t\t\t<\/div>\r\n\t\t<\/section>\r\n\t\t\t\t<section class=\"elementor-section elementor-top-section elementor-element elementor-element-318ed2e elementor-section-boxed elementor-section-height-default elementor-section-height-default\" data-id=\"318ed2e\" data-element_type=\"section\">\r\n\t\t\t\t\t\t<div class=\"elementor-container elementor-column-gap-default jws_section_\" >\r\n\t\t\t\t<div class=\"elementor-column elementor-col-33 elementor-top-column elementor-element elementor-element-3c5412e\" data-id=\"3c5412e\" data-element_type=\"column\">\n\t\t\t<div class=\"elementor-widget-wrap elementor-element-populated\">\n\t\t\t\t\t\t<div class=\"elementor-element elementor-element-a5e5ecb elementor-widget elementor-widget-image\" data-id=\"a5e5ecb\" data-element_type=\"widget\" data-widget_type=\"image.default\">\n\t\t\t\t<div class=\"elementor-widget-container\">\n\t\t\t\t\t\t\t\t\t\t\t\t\t<img decoding=\"async\" width=\"1440\" height=\"1440\" src=\"https:\/\/midas.com.tr\/wp-content\/uploads\/2024\/11\/gurmet-kare2-min.jpg\" class=\"attachment-large size-large wp-image-22442\" alt=\"Gourmet Chain\" srcset=\"https:\/\/midas.com.tr\/wp-content\/uploads\/2024\/11\/gurmet-kare2-min.jpg 1440w, https:\/\/midas.com.tr\/wp-content\/uploads\/2024\/11\/gurmet-kare2-min-768x768.jpg 768w\" sizes=\"(max-width: 1440px) 100vw, 1440px\" \/>\t\t\t\t\t\t\t\t\t\t\t\t\t<\/div>\n\t\t\t\t<\/div>\n\t\t\t\t\t<\/div>\n\t\t<\/div>\n\t\t\t\t<div class=\"elementor-column elementor-col-66 elementor-top-column elementor-element elementor-element-7e2d4c9\" data-id=\"7e2d4c9\" data-element_type=\"column\">\n\t\t\t<div class=\"elementor-widget-wrap elementor-element-populated\">\n\t\t\t\t\t\t<div class=\"elementor-element elementor-element-dee79b2 elementor-widget elementor-widget-text-editor\" data-id=\"dee79b2\" data-element_type=\"widget\" data-widget_type=\"text-editor.default\">\n\t\t\t\t<div class=\"elementor-widget-container\">\n\t\t\t\t\t\t\t<p><strong>Gourmet Chains: Production and Options<\/strong><\/p><p><strong>Gold Purity Options:<\/strong><\/p><ul><li><strong>Midas <\/strong>produces Gourmet chains in 9K, 10K, 14K, 18K, 21K, and 22K gold, offering a wide range of options that accommodate both aesthetic preferences and budget considerations. <br><br><\/li><\/ul><p><strong>Thickness Options:<\/strong><\/p><ul><li><strong>Hollow Gourmet Chain<\/strong>: Our hollow Gourmet chains are available in thicknesses ranging from 1.05 mm to 8.00 mm. These options provide both slim and thicker alternatives, making them suitable for different styles and uses. <br><br><\/li><li><strong>Solid Gourmed Chain<\/strong>: Solid Gourmet chains are crafted in thicknesses ranging from 0.70 mm to 11.00 mm. Offering thin, medium, and thick options, they cater to every preference and taste. <\/li><\/ul>\t\t\t\t\t\t<\/div>\n\t\t\t\t<\/div>\n\t\t\t\t\t<\/div>\n\t\t<\/div>\n\t\t\t\t      \r\n            \r\n              \r\n            \r\n            \t\r\n\t\t\t<\/div>\r\n\t\t<\/section>\r\n\t\t\t\t<section class=\"elementor-section elementor-top-section elementor-element elementor-element-3940fac elementor-section-boxed elementor-section-height-default elementor-section-height-default\" data-id=\"3940fac\" data-element_type=\"section\">\r\n\t\t\t\t\t\t<div class=\"elementor-container elementor-column-gap-default jws_section_\" >\r\n\t\t\t\t<div class=\"elementor-column elementor-col-100 elementor-top-column elementor-element elementor-element-9496408\" data-id=\"9496408\" data-element_type=\"column\">\n\t\t\t<div class=\"elementor-widget-wrap elementor-element-populated\">\n\t\t\t\t\t\t<div class=\"elementor-element elementor-element-a12e189 elementor-widget elementor-widget-text-editor\" data-id=\"a12e189\" data-element_type=\"widget\" data-widget_type=\"text-editor.default\">\n\t\t\t\t<div class=\"elementor-widget-container\">\n\t\t\t\t\t\t\t<p class=\"MsoNormal\">Explore the full range of <strong>M\u0130DAS <\/strong><strong>Gourmet chain<\/strong>s and place your order at <a href=\"http:\/\/www.midasb2b.com\/\">www.midasb2b.com<\/a>.<\/p>\t\t\t\t\t\t<\/div>\n\t\t\t\t<\/div>\n\t\t\t\t\t<\/div>\n\t\t<\/div>\n\t\t\t\t      \r\n            \r\n              \r\n            \r\n            \t\r\n\t\t\t<\/div>\r\n\t\t<\/section>\r\n\t\t\t\t<\/div>\n\t\t","protected":false},"excerpt":{"rendered":"<p>Curb (Gourmet) Chain Midasoffers its wholesale partners a wide variety of Gourmet chains, a popular choice known for its versatility and timeless appeal. With different thicknesses and design options, our Gourmet chains cater to all tastes, making them an ideal choice for supporting your wholesale business. Midas continues to add value to your operations with [&hellip;]<\/p>\n","protected":false},"author":4,"featured_media":0,"parent":0,"menu_order":0,"comment_status":"closed","ping_status":"closed","template":"","meta":{"footnotes":""},"class_list":["post-21527","page","type-page","status-publish","hentry"],"yoast_head":"<!-- This site is optimized with the Yoast SEO Premium plugin v23.9 (Yoast SEO v26.8) - https:\/\/yoast.com\/product\/yoast-seo-premium-wordpress\/ -->\n<title>Curb (Gourmet) Chain - M\u0130DAS - The Premier Gold Chain Manufacturer<\/title>\n<meta name=\"description\" content=\"Explore the elegance and strength of Midas Gold Gourmet Chain, available in classic solid and hollow styles.\" \/>\n<meta name=\"robots\" content=\"index, follow, max-snippet:-1, max-image-preview:large, max-video-preview:-1\" \/>\n<link rel=\"canonical\" href=\"https:\/\/midas.com.tr\/en\/gourmet-chain\/\" \/>\n<meta property=\"og:locale\" content=\"en_US\" \/>\n<meta property=\"og:type\" content=\"article\" \/>\n<meta property=\"og:title\" content=\"Curb (Gourmet) Chain\" \/>\n<meta property=\"og:description\" content=\"Explore the elegance and strength of Midas Gold Gourmet Chain, available in classic solid and hollow styles.\" \/>\n<meta property=\"og:url\" content=\"https:\/\/midas.com.tr\/en\/gourmet-chain\/\" \/>\n<meta property=\"og:site_name\" content=\"M\u0130DAS - The Premier Gold Chain Manufacturer\" \/>\n<meta property=\"article:modified_time\" content=\"2025-09-05T07:39:37+00:00\" \/>\n<meta property=\"og:image\" content=\"https:\/\/midas.com.tr\/wp-content\/uploads\/2024\/11\/gurmet-yatay-min-scaled.jpg\" \/>\n\t<meta property=\"og:image:width\" content=\"2560\" \/>\n\t<meta property=\"og:image:height\" content=\"800\" \/>\n\t<meta property=\"og:image:type\" content=\"image\/jpeg\" \/>\n<meta name=\"twitter:card\" content=\"summary_large_image\" \/>\n<meta name=\"twitter:label1\" content=\"Est. reading time\" \/>\n\t<meta name=\"twitter:data1\" content=\"2 minutes\" \/>\n<script type=\"application\/ld+json\" class=\"yoast-schema-graph\">{\"@context\":\"https:\/\/schema.org\",\"@graph\":[{\"@type\":\"WebPage\",\"@id\":\"https:\/\/midas.com.tr\/en\/gourmet-chain\/\",\"url\":\"https:\/\/midas.com.tr\/en\/gourmet-chain\/\",\"name\":\"Curb (Gourmet) Chain - M\u0130DAS - The Premier Gold Chain Manufacturer\",\"isPartOf\":{\"@id\":\"https:\/\/midas.com.tr\/en\/#website\"},\"primaryImageOfPage\":{\"@id\":\"https:\/\/midas.com.tr\/en\/gourmet-chain\/#primaryimage\"},\"image\":{\"@id\":\"https:\/\/midas.com.tr\/en\/gourmet-chain\/#primaryimage\"},\"thumbnailUrl\":\"https:\/\/midas.com.tr\/wp-content\/uploads\/2024\/11\/gurmet-yatay-min-scaled.jpg\",\"datePublished\":\"2024-10-18T08:22:30+00:00\",\"dateModified\":\"2025-09-05T07:39:37+00:00\",\"description\":\"Explore the elegance and strength of Midas Gold Gourmet Chain, available in classic solid and hollow styles.\",\"breadcrumb\":{\"@id\":\"https:\/\/midas.com.tr\/en\/gourmet-chain\/#breadcrumb\"},\"inLanguage\":\"en-US\",\"potentialAction\":[{\"@type\":\"ReadAction\",\"target\":[\"https:\/\/midas.com.tr\/en\/gourmet-chain\/\"]}]},{\"@type\":\"ImageObject\",\"inLanguage\":\"en-US\",\"@id\":\"https:\/\/midas.com.tr\/en\/gourmet-chain\/#primaryimage\",\"url\":\"https:\/\/midas.com.tr\/wp-content\/uploads\/2024\/11\/gurmet-yatay-min-scaled.jpg\",\"contentUrl\":\"https:\/\/midas.com.tr\/wp-content\/uploads\/2024\/11\/gurmet-yatay-min-scaled.jpg\"},{\"@type\":\"BreadcrumbList\",\"@id\":\"https:\/\/midas.com.tr\/en\/gourmet-chain\/#breadcrumb\",\"itemListElement\":[{\"@type\":\"ListItem\",\"position\":1,\"name\":\"Home\",\"item\":\"https:\/\/midas.com.tr\/en\/\"},{\"@type\":\"ListItem\",\"position\":2,\"name\":\"Curb (Gourmet) Chain\"}]},{\"@type\":\"WebSite\",\"@id\":\"https:\/\/midas.com.tr\/en\/#website\",\"url\":\"https:\/\/midas.com.tr\/en\/\",\"name\":\"Midas - Birinci S\u0131n\u0131f Alt\u0131n M\u00fccevher ve Zincir \u00dcreticisi\",\"description\":\"Premier Jewelry Company Midas Chain is a manufacturer from USA, with products under the category of fine Jewellery.\",\"publisher\":{\"@id\":\"https:\/\/midas.com.tr\/en\/#organization\"},\"potentialAction\":[{\"@type\":\"SearchAction\",\"target\":{\"@type\":\"EntryPoint\",\"urlTemplate\":\"https:\/\/midas.com.tr\/en\/?s={search_term_string}\"},\"query-input\":{\"@type\":\"PropertyValueSpecification\",\"valueRequired\":true,\"valueName\":\"search_term_string\"}}],\"inLanguage\":\"en-US\"},{\"@type\":\"Organization\",\"@id\":\"https:\/\/midas.com.tr\/en\/#organization\",\"name\":\"Midas -Birinci S\u0131n\u0131f Alt\u0131n M\u00fccevher ve Zincir \u00dcreticisi\",\"url\":\"https:\/\/midas.com.tr\/en\/\",\"logo\":{\"@type\":\"ImageObject\",\"inLanguage\":\"en-US\",\"@id\":\"https:\/\/midas.com.tr\/en\/#\/schema\/logo\/image\/\",\"url\":\"https:\/\/midas.com.tr\/wp-content\/uploads\/2021\/12\/midas-logo.png\",\"contentUrl\":\"https:\/\/midas.com.tr\/wp-content\/uploads\/2021\/12\/midas-logo.png\",\"width\":300,\"height\":106,\"caption\":\"Midas -Birinci S\u0131n\u0131f Alt\u0131n M\u00fccevher ve Zincir \u00dcreticisi\"},\"image\":{\"@id\":\"https:\/\/midas.com.tr\/en\/#\/schema\/logo\/image\/\"}}]}<\/script>\n<!-- \/ Yoast SEO Premium plugin. -->","yoast_head_json":{"title":"Curb (Gourmet) Chain - M\u0130DAS - The Premier Gold Chain Manufacturer","description":"Explore the elegance and strength of Midas Gold Gourmet Chain, available in classic solid and hollow styles.","robots":{"index":"index","follow":"follow","max-snippet":"max-snippet:-1","max-image-preview":"max-image-preview:large","max-video-preview":"max-video-preview:-1"},"canonical":"https:\/\/midas.com.tr\/en\/gourmet-chain\/","og_locale":"en_US","og_type":"article","og_title":"Curb (Gourmet) Chain","og_description":"Explore the elegance and strength of Midas Gold Gourmet Chain, available in classic solid and hollow styles.","og_url":"https:\/\/midas.com.tr\/en\/gourmet-chain\/","og_site_name":"M\u0130DAS - The Premier Gold Chain Manufacturer","article_modified_time":"2025-09-05T07:39:37+00:00","og_image":[{"width":2560,"height":800,"url":"https:\/\/midas.com.tr\/wp-content\/uploads\/2024\/11\/gurmet-yatay-min-scaled.jpg","type":"image\/jpeg"}],"twitter_card":"summary_large_image","twitter_misc":{"Est. reading time":"2 minutes"},"schema":{"@context":"https:\/\/schema.org","@graph":[{"@type":"WebPage","@id":"https:\/\/midas.com.tr\/en\/gourmet-chain\/","url":"https:\/\/midas.com.tr\/en\/gourmet-chain\/","name":"Curb (Gourmet) Chain - M\u0130DAS - The Premier Gold Chain Manufacturer","isPartOf":{"@id":"https:\/\/midas.com.tr\/en\/#website"},"primaryImageOfPage":{"@id":"https:\/\/midas.com.tr\/en\/gourmet-chain\/#primaryimage"},"image":{"@id":"https:\/\/midas.com.tr\/en\/gourmet-chain\/#primaryimage"},"thumbnailUrl":"https:\/\/midas.com.tr\/wp-content\/uploads\/2024\/11\/gurmet-yatay-min-scaled.jpg","datePublished":"2024-10-18T08:22:30+00:00","dateModified":"2025-09-05T07:39:37+00:00","description":"Explore the elegance and strength of Midas Gold Gourmet Chain, available in classic solid and hollow styles.","breadcrumb":{"@id":"https:\/\/midas.com.tr\/en\/gourmet-chain\/#breadcrumb"},"inLanguage":"en-US","potentialAction":[{"@type":"ReadAction","target":["https:\/\/midas.com.tr\/en\/gourmet-chain\/"]}]},{"@type":"ImageObject","inLanguage":"en-US","@id":"https:\/\/midas.com.tr\/en\/gourmet-chain\/#primaryimage","url":"https:\/\/midas.com.tr\/wp-content\/uploads\/2024\/11\/gurmet-yatay-min-scaled.jpg","contentUrl":"https:\/\/midas.com.tr\/wp-content\/uploads\/2024\/11\/gurmet-yatay-min-scaled.jpg"},{"@type":"BreadcrumbList","@id":"https:\/\/midas.com.tr\/en\/gourmet-chain\/#breadcrumb","itemListElement":[{"@type":"ListItem","position":1,"name":"Home","item":"https:\/\/midas.com.tr\/en\/"},{"@type":"ListItem","position":2,"name":"Curb (Gourmet) Chain"}]},{"@type":"WebSite","@id":"https:\/\/midas.com.tr\/en\/#website","url":"https:\/\/midas.com.tr\/en\/","name":"Midas - Birinci S\u0131n\u0131f Alt\u0131n M\u00fccevher ve Zincir \u00dcreticisi","description":"Premier Jewelry Company Midas Chain is a manufacturer from USA, with products under the category of fine Jewellery.","publisher":{"@id":"https:\/\/midas.com.tr\/en\/#organization"},"potentialAction":[{"@type":"SearchAction","target":{"@type":"EntryPoint","urlTemplate":"https:\/\/midas.com.tr\/en\/?s={search_term_string}"},"query-input":{"@type":"PropertyValueSpecification","valueRequired":true,"valueName":"search_term_string"}}],"inLanguage":"en-US"},{"@type":"Organization","@id":"https:\/\/midas.com.tr\/en\/#organization","name":"Midas -Birinci S\u0131n\u0131f Alt\u0131n M\u00fccevher ve Zincir \u00dcreticisi","url":"https:\/\/midas.com.tr\/en\/","logo":{"@type":"ImageObject","inLanguage":"en-US","@id":"https:\/\/midas.com.tr\/en\/#\/schema\/logo\/image\/","url":"https:\/\/midas.com.tr\/wp-content\/uploads\/2021\/12\/midas-logo.png","contentUrl":"https:\/\/midas.com.tr\/wp-content\/uploads\/2021\/12\/midas-logo.png","width":300,"height":106,"caption":"Midas -Birinci S\u0131n\u0131f Alt\u0131n M\u00fccevher ve Zincir \u00dcreticisi"},"image":{"@id":"https:\/\/midas.com.tr\/en\/#\/schema\/logo\/image\/"}}]}},"_links":{"self":[{"href":"https:\/\/midas.com.tr\/en\/wp-json\/wp\/v2\/pages\/21527","targetHints":{"allow":["GET"]}}],"collection":[{"href":"https:\/\/midas.com.tr\/en\/wp-json\/wp\/v2\/pages"}],"about":[{"href":"https:\/\/midas.com.tr\/en\/wp-json\/wp\/v2\/types\/page"}],"author":[{"embeddable":true,"href":"https:\/\/midas.com.tr\/en\/wp-json\/wp\/v2\/users\/4"}],"replies":[{"embeddable":true,"href":"https:\/\/midas.com.tr\/en\/wp-json\/wp\/v2\/comments?post=21527"}],"version-history":[{"count":5,"href":"https:\/\/midas.com.tr\/en\/wp-json\/wp\/v2\/pages\/21527\/revisions"}],"predecessor-version":[{"id":25150,"href":"https:\/\/midas.com.tr\/en\/wp-json\/wp\/v2\/pages\/21527\/revisions\/25150"}],"wp:attachment":[{"href":"https:\/\/midas.com.tr\/en\/wp-json\/wp\/v2\/media?parent=21527"}],"curies":[{"name":"wp","href":"https:\/\/api.w.org\/{rel}","templated":true}]}}