{"id":21529,"date":"2024-10-18T08:33:23","date_gmt":"2024-10-18T08:33:23","guid":{"rendered":"https:\/\/testmidas.com\/mirror-ropes-chain\/"},"modified":"2025-09-05T07:50:52","modified_gmt":"2025-09-05T07:50:52","slug":"mirror-ropes-chain","status":"publish","type":"page","link":"https:\/\/midas.com.tr\/en\/mirror-ropes-chain\/","title":{"rendered":"MIRROR ROPES CHAIN"},"content":{"rendered":"\t\t<div data-elementor-type=\"wp-page\" data-elementor-id=\"21529\" class=\"elementor elementor-21529 elementor-21473\" data-elementor-post-type=\"page\">\n\t\t\t\t\t\t<section class=\"elementor-section elementor-top-section elementor-element elementor-element-00bae39 elementor-section-boxed elementor-section-height-default elementor-section-height-default\" data-id=\"00bae39\" data-element_type=\"section\">\r\n\t\t\t\t\t\t<div class=\"elementor-container elementor-column-gap-default jws_section_\" >\r\n\t\t\t\t<div class=\"elementor-column elementor-col-100 elementor-top-column elementor-element elementor-element-65220fb\" data-id=\"65220fb\" data-element_type=\"column\">\n\t\t\t<div class=\"elementor-widget-wrap elementor-element-populated\">\n\t\t\t\t\t\t<div class=\"elementor-element elementor-element-17eede9 elementor-widget elementor-widget-heading\" data-id=\"17eede9\" data-element_type=\"widget\" data-widget_type=\"heading.default\">\n\t\t\t\t<div class=\"elementor-widget-container\">\n\t\t\t<h1 class=\"elementor-heading-title elementor-size-default\">MIRROR ROPES CHAIN<\/h1>\t\t<\/div>\n\t\t\t\t<\/div>\n\t\t\t\t\t<\/div>\n\t\t<\/div>\n\t\t\t\t      \r\n            \r\n              \r\n            \r\n            \t\r\n\t\t\t<\/div>\r\n\t\t<\/section>\r\n\t\t\t\t<section class=\"elementor-section elementor-top-section elementor-element elementor-element-3b1757b elementor-section-boxed elementor-section-height-default elementor-section-height-default\" data-id=\"3b1757b\" data-element_type=\"section\">\r\n\t\t\t\t\t\t<div class=\"elementor-container elementor-column-gap-default jws_section_\" >\r\n\t\t\t\t<div class=\"elementor-column elementor-col-100 elementor-top-column elementor-element elementor-element-7322eba\" data-id=\"7322eba\" data-element_type=\"column\">\n\t\t\t<div class=\"elementor-widget-wrap elementor-element-populated\">\n\t\t\t\t\t\t<div class=\"elementor-element elementor-element-94c5bf8 elementor-widget elementor-widget-image\" data-id=\"94c5bf8\" data-element_type=\"widget\" data-widget_type=\"image.default\">\n\t\t\t\t<div class=\"elementor-widget-container\">\n\t\t\t\t\t\t\t\t\t\t\t\t\t<img decoding=\"async\" src=\"https:\/\/midas.com.tr\/wp-content\/uploads\/2024\/11\/Pullu-45.avif\" title=\"\" alt=\"\" loading=\"lazy\" \/>\t\t\t\t\t\t\t\t\t\t\t\t\t<\/div>\n\t\t\t\t<\/div>\n\t\t\t\t\t<\/div>\n\t\t<\/div>\n\t\t\t\t      \r\n            \r\n              \r\n            \r\n            \t\r\n\t\t\t<\/div>\r\n\t\t<\/section>\r\n\t\t\t\t<section class=\"elementor-section elementor-top-section elementor-element elementor-element-0362ff3 elementor-section-boxed elementor-section-height-default elementor-section-height-default\" data-id=\"0362ff3\" data-element_type=\"section\">\r\n\t\t\t\t\t\t<div class=\"elementor-container elementor-column-gap-default jws_section_\" >\r\n\t\t\t\t<div class=\"elementor-column elementor-col-100 elementor-top-column elementor-element elementor-element-f76948e\" data-id=\"f76948e\" data-element_type=\"column\">\n\t\t\t<div class=\"elementor-widget-wrap elementor-element-populated\">\n\t\t\t\t\t\t<div class=\"elementor-element elementor-element-0a27308 elementor-widget elementor-widget-text-editor\" data-id=\"0a27308\" data-element_type=\"widget\" data-widget_type=\"text-editor.default\">\n\t\t\t\t<div class=\"elementor-widget-container\">\n\t\t\t\t\t\t\t<p data-pm-slice=\"1 1 []\">Mirror Ropes Chain model is a sophisticated piece that captures attention with its historical roots and elegant design. Inspired by ancient cultures, this chain reflects the rich cultural heritage of the Mediterranean and the Middle East. Its design features small plates arranged in a sequence, reminiscent of seashells, scales, or feathers, drawing from maritime traditions and the decorative use of seashells.   <\/p>\t\t\t\t\t\t<\/div>\n\t\t\t\t<\/div>\n\t\t\t\t\t<\/div>\n\t\t<\/div>\n\t\t\t\t      \r\n            \r\n              \r\n            \r\n            \t\r\n\t\t\t<\/div>\r\n\t\t<\/section>\r\n\t\t\t\t<section class=\"elementor-section elementor-top-section elementor-element elementor-element-979d5a1 elementor-section-boxed elementor-section-height-default elementor-section-height-default\" data-id=\"979d5a1\" data-element_type=\"section\">\r\n\t\t\t\t\t\t<div class=\"elementor-container elementor-column-gap-default jws_section_\" >\r\n\t\t\t\t<div class=\"elementor-column elementor-col-33 elementor-top-column elementor-element elementor-element-b3f10d5\" data-id=\"b3f10d5\" data-element_type=\"column\">\n\t\t\t<div class=\"elementor-widget-wrap elementor-element-populated\">\n\t\t\t\t\t\t<div class=\"elementor-element elementor-element-daa5533 elementor-widget elementor-widget-image\" data-id=\"daa5533\" data-element_type=\"widget\" data-widget_type=\"image.default\">\n\t\t\t\t<div class=\"elementor-widget-container\">\n\t\t\t\t\t\t\t\t\t\t\t\t\t<img fetchpriority=\"high\" decoding=\"async\" width=\"1620\" height=\"1620\" src=\"https:\/\/midas.com.tr\/wp-content\/uploads\/2024\/11\/PULLU-1-kopyagdfgh.avif\" class=\"attachment-large size-large wp-image-22240\" alt=\"Mirror Rope Chain\" srcset=\"https:\/\/midas.com.tr\/wp-content\/uploads\/2024\/11\/PULLU-1-kopyagdfgh.avif 1620w, https:\/\/midas.com.tr\/wp-content\/uploads\/2024\/11\/PULLU-1-kopyagdfgh-768x768.avif 768w, https:\/\/midas.com.tr\/wp-content\/uploads\/2024\/11\/PULLU-1-kopyagdfgh-1536x1536.avif 1536w, https:\/\/midas.com.tr\/wp-content\/uploads\/2024\/11\/PULLU-1-kopyagdfgh-1568x1568.avif 1568w\" sizes=\"(max-width: 1620px) 100vw, 1620px\" \/>\t\t\t\t\t\t\t\t\t\t\t\t\t<\/div>\n\t\t\t\t<\/div>\n\t\t\t\t\t<\/div>\n\t\t<\/div>\n\t\t\t\t<div class=\"elementor-column elementor-col-66 elementor-top-column elementor-element elementor-element-8cad302\" data-id=\"8cad302\" data-element_type=\"column\">\n\t\t\t<div class=\"elementor-widget-wrap elementor-element-populated\">\n\t\t\t\t\t\t<div class=\"elementor-element elementor-element-07fb20b elementor-widget__width-initial elementor-widget elementor-widget-text-editor\" data-id=\"07fb20b\" data-element_type=\"widget\" data-widget_type=\"text-editor.default\">\n\t\t\t\t<div class=\"elementor-widget-container\">\n\t\t\t\t\t\t\t<p data-pm-slice=\"1 1 []\">Throughout history, Mirror Ropes Chains have been symbols of wealth, protection, and strength. Today, this chain combines traditional elements with modern designs, symbolizing elegance in contemporary fashion. <\/p><p>At Midas, we revitalize this classic design with modern interpretations, offering a unique jewelry experience that merges cultural heritage with today\u2019s style.  <\/p><p>To view and order the Mirror Ropes Chain collection, visit <strong><a href=\"http:\/\/www.midasb2b.com\">www.midasb2b.com<\/a><\/strong>.<\/p>\t\t\t\t\t\t<\/div>\n\t\t\t\t<\/div>\n\t\t\t\t\t<\/div>\n\t\t<\/div>\n\t\t\t\t      \r\n            \r\n              \r\n            \r\n            \t\r\n\t\t\t<\/div>\r\n\t\t<\/section>\r\n\t\t\t\t<\/div>\n\t\t","protected":false},"excerpt":{"rendered":"<p>MIRROR ROPES CHAIN Mirror Ropes Chain model is a sophisticated piece that captures attention with its historical roots and elegant design. Inspired by ancient cultures, this chain reflects the rich cultural heritage of the Mediterranean and the Middle East. Its design features small plates arranged in a sequence, reminiscent of seashells, scales, or feathers, drawing [&hellip;]<\/p>\n","protected":false},"author":4,"featured_media":0,"parent":0,"menu_order":0,"comment_status":"closed","ping_status":"closed","template":"","meta":{"footnotes":""},"class_list":["post-21529","page","type-page","status-publish","hentry"],"yoast_head":"<!-- This site is optimized with the Yoast SEO Premium plugin v23.9 (Yoast SEO v26.8) - https:\/\/yoast.com\/product\/yoast-seo-premium-wordpress\/ -->\n<title>MIRROR ROPES CHAIN - M\u0130DAS - The Premier Gold Chain Manufacturer<\/title>\n<meta name=\"description\" content=\"Discover Midas\u2019 Gold Pullu Chain, also known as the Aleppo Chain, featuring a striking design with shimmering details that bring both elegance and versatility.\" \/>\n<meta name=\"robots\" content=\"index, follow, max-snippet:-1, max-image-preview:large, max-video-preview:-1\" \/>\n<link rel=\"canonical\" href=\"https:\/\/midas.com.tr\/en\/mirror-ropes-chain\/\" \/>\n<meta property=\"og:locale\" content=\"en_US\" \/>\n<meta property=\"og:type\" content=\"article\" \/>\n<meta property=\"og:title\" content=\"MIRROR ROPES CHAIN\" \/>\n<meta property=\"og:description\" content=\"Discover Midas\u2019 Gold Pullu Chain, also known as the Aleppo Chain, featuring a striking design with shimmering details that bring both elegance and versatility.\" \/>\n<meta property=\"og:url\" content=\"https:\/\/midas.com.tr\/en\/mirror-ropes-chain\/\" \/>\n<meta property=\"og:site_name\" content=\"M\u0130DAS - The Premier Gold Chain Manufacturer\" \/>\n<meta property=\"article:modified_time\" content=\"2025-09-05T07:50:52+00:00\" \/>\n<meta property=\"og:image\" content=\"https:\/\/midas.com.tr\/wp-content\/uploads\/2024\/11\/Pullu-45.avif\" \/>\n<meta name=\"twitter:card\" content=\"summary_large_image\" \/>\n<meta name=\"twitter:label1\" content=\"Est. reading time\" \/>\n\t<meta name=\"twitter:data1\" content=\"1 minute\" \/>\n<script type=\"application\/ld+json\" class=\"yoast-schema-graph\">{\"@context\":\"https:\/\/schema.org\",\"@graph\":[{\"@type\":\"WebPage\",\"@id\":\"https:\/\/midas.com.tr\/en\/mirror-ropes-chain\/\",\"url\":\"https:\/\/midas.com.tr\/en\/mirror-ropes-chain\/\",\"name\":\"MIRROR ROPES CHAIN - M\u0130DAS - The Premier Gold Chain Manufacturer\",\"isPartOf\":{\"@id\":\"https:\/\/midas.com.tr\/en\/#website\"},\"primaryImageOfPage\":{\"@id\":\"https:\/\/midas.com.tr\/en\/mirror-ropes-chain\/#primaryimage\"},\"image\":{\"@id\":\"https:\/\/midas.com.tr\/en\/mirror-ropes-chain\/#primaryimage\"},\"thumbnailUrl\":\"https:\/\/midas.com.tr\/wp-content\/uploads\/2024\/11\/Pullu-45.avif\",\"datePublished\":\"2024-10-18T08:33:23+00:00\",\"dateModified\":\"2025-09-05T07:50:52+00:00\",\"description\":\"Discover Midas\u2019 Gold Pullu Chain, also known as the Aleppo Chain, featuring a striking design with shimmering details that bring both elegance and versatility.\",\"breadcrumb\":{\"@id\":\"https:\/\/midas.com.tr\/en\/mirror-ropes-chain\/#breadcrumb\"},\"inLanguage\":\"en-US\",\"potentialAction\":[{\"@type\":\"ReadAction\",\"target\":[\"https:\/\/midas.com.tr\/en\/mirror-ropes-chain\/\"]}]},{\"@type\":\"ImageObject\",\"inLanguage\":\"en-US\",\"@id\":\"https:\/\/midas.com.tr\/en\/mirror-ropes-chain\/#primaryimage\",\"url\":\"https:\/\/midas.com.tr\/wp-content\/uploads\/2024\/11\/Pullu-45.avif\",\"contentUrl\":\"https:\/\/midas.com.tr\/wp-content\/uploads\/2024\/11\/Pullu-45.avif\"},{\"@type\":\"BreadcrumbList\",\"@id\":\"https:\/\/midas.com.tr\/en\/mirror-ropes-chain\/#breadcrumb\",\"itemListElement\":[{\"@type\":\"ListItem\",\"position\":1,\"name\":\"Home\",\"item\":\"https:\/\/midas.com.tr\/en\/\"},{\"@type\":\"ListItem\",\"position\":2,\"name\":\"MIRROR ROPES CHAIN\"}]},{\"@type\":\"WebSite\",\"@id\":\"https:\/\/midas.com.tr\/en\/#website\",\"url\":\"https:\/\/midas.com.tr\/en\/\",\"name\":\"Midas - Birinci S\u0131n\u0131f Alt\u0131n M\u00fccevher ve Zincir \u00dcreticisi\",\"description\":\"Premier Jewelry Company Midas Chain is a manufacturer from USA, with products under the category of fine Jewellery.\",\"publisher\":{\"@id\":\"https:\/\/midas.com.tr\/en\/#organization\"},\"potentialAction\":[{\"@type\":\"SearchAction\",\"target\":{\"@type\":\"EntryPoint\",\"urlTemplate\":\"https:\/\/midas.com.tr\/en\/?s={search_term_string}\"},\"query-input\":{\"@type\":\"PropertyValueSpecification\",\"valueRequired\":true,\"valueName\":\"search_term_string\"}}],\"inLanguage\":\"en-US\"},{\"@type\":\"Organization\",\"@id\":\"https:\/\/midas.com.tr\/en\/#organization\",\"name\":\"Midas -Birinci S\u0131n\u0131f Alt\u0131n M\u00fccevher ve Zincir \u00dcreticisi\",\"url\":\"https:\/\/midas.com.tr\/en\/\",\"logo\":{\"@type\":\"ImageObject\",\"inLanguage\":\"en-US\",\"@id\":\"https:\/\/midas.com.tr\/en\/#\/schema\/logo\/image\/\",\"url\":\"https:\/\/midas.com.tr\/wp-content\/uploads\/2021\/12\/midas-logo.png\",\"contentUrl\":\"https:\/\/midas.com.tr\/wp-content\/uploads\/2021\/12\/midas-logo.png\",\"width\":300,\"height\":106,\"caption\":\"Midas -Birinci S\u0131n\u0131f Alt\u0131n M\u00fccevher ve Zincir \u00dcreticisi\"},\"image\":{\"@id\":\"https:\/\/midas.com.tr\/en\/#\/schema\/logo\/image\/\"}}]}<\/script>\n<!-- \/ Yoast SEO Premium plugin. -->","yoast_head_json":{"title":"MIRROR ROPES CHAIN - M\u0130DAS - The Premier Gold Chain Manufacturer","description":"Discover Midas\u2019 Gold Pullu Chain, also known as the Aleppo Chain, featuring a striking design with shimmering details that bring both elegance and versatility.","robots":{"index":"index","follow":"follow","max-snippet":"max-snippet:-1","max-image-preview":"max-image-preview:large","max-video-preview":"max-video-preview:-1"},"canonical":"https:\/\/midas.com.tr\/en\/mirror-ropes-chain\/","og_locale":"en_US","og_type":"article","og_title":"MIRROR ROPES CHAIN","og_description":"Discover Midas\u2019 Gold Pullu Chain, also known as the Aleppo Chain, featuring a striking design with shimmering details that bring both elegance and versatility.","og_url":"https:\/\/midas.com.tr\/en\/mirror-ropes-chain\/","og_site_name":"M\u0130DAS - The Premier Gold Chain Manufacturer","article_modified_time":"2025-09-05T07:50:52+00:00","og_image":[{"url":"https:\/\/midas.com.tr\/wp-content\/uploads\/2024\/11\/Pullu-45.avif","type":"","width":"","height":""}],"twitter_card":"summary_large_image","twitter_misc":{"Est. reading time":"1 minute"},"schema":{"@context":"https:\/\/schema.org","@graph":[{"@type":"WebPage","@id":"https:\/\/midas.com.tr\/en\/mirror-ropes-chain\/","url":"https:\/\/midas.com.tr\/en\/mirror-ropes-chain\/","name":"MIRROR ROPES CHAIN - M\u0130DAS - The Premier Gold Chain Manufacturer","isPartOf":{"@id":"https:\/\/midas.com.tr\/en\/#website"},"primaryImageOfPage":{"@id":"https:\/\/midas.com.tr\/en\/mirror-ropes-chain\/#primaryimage"},"image":{"@id":"https:\/\/midas.com.tr\/en\/mirror-ropes-chain\/#primaryimage"},"thumbnailUrl":"https:\/\/midas.com.tr\/wp-content\/uploads\/2024\/11\/Pullu-45.avif","datePublished":"2024-10-18T08:33:23+00:00","dateModified":"2025-09-05T07:50:52+00:00","description":"Discover Midas\u2019 Gold Pullu Chain, also known as the Aleppo Chain, featuring a striking design with shimmering details that bring both elegance and versatility.","breadcrumb":{"@id":"https:\/\/midas.com.tr\/en\/mirror-ropes-chain\/#breadcrumb"},"inLanguage":"en-US","potentialAction":[{"@type":"ReadAction","target":["https:\/\/midas.com.tr\/en\/mirror-ropes-chain\/"]}]},{"@type":"ImageObject","inLanguage":"en-US","@id":"https:\/\/midas.com.tr\/en\/mirror-ropes-chain\/#primaryimage","url":"https:\/\/midas.com.tr\/wp-content\/uploads\/2024\/11\/Pullu-45.avif","contentUrl":"https:\/\/midas.com.tr\/wp-content\/uploads\/2024\/11\/Pullu-45.avif"},{"@type":"BreadcrumbList","@id":"https:\/\/midas.com.tr\/en\/mirror-ropes-chain\/#breadcrumb","itemListElement":[{"@type":"ListItem","position":1,"name":"Home","item":"https:\/\/midas.com.tr\/en\/"},{"@type":"ListItem","position":2,"name":"MIRROR ROPES CHAIN"}]},{"@type":"WebSite","@id":"https:\/\/midas.com.tr\/en\/#website","url":"https:\/\/midas.com.tr\/en\/","name":"Midas - Birinci S\u0131n\u0131f Alt\u0131n M\u00fccevher ve Zincir \u00dcreticisi","description":"Premier Jewelry Company Midas Chain is a manufacturer from USA, with products under the category of fine Jewellery.","publisher":{"@id":"https:\/\/midas.com.tr\/en\/#organization"},"potentialAction":[{"@type":"SearchAction","target":{"@type":"EntryPoint","urlTemplate":"https:\/\/midas.com.tr\/en\/?s={search_term_string}"},"query-input":{"@type":"PropertyValueSpecification","valueRequired":true,"valueName":"search_term_string"}}],"inLanguage":"en-US"},{"@type":"Organization","@id":"https:\/\/midas.com.tr\/en\/#organization","name":"Midas -Birinci S\u0131n\u0131f Alt\u0131n M\u00fccevher ve Zincir \u00dcreticisi","url":"https:\/\/midas.com.tr\/en\/","logo":{"@type":"ImageObject","inLanguage":"en-US","@id":"https:\/\/midas.com.tr\/en\/#\/schema\/logo\/image\/","url":"https:\/\/midas.com.tr\/wp-content\/uploads\/2021\/12\/midas-logo.png","contentUrl":"https:\/\/midas.com.tr\/wp-content\/uploads\/2021\/12\/midas-logo.png","width":300,"height":106,"caption":"Midas -Birinci S\u0131n\u0131f Alt\u0131n M\u00fccevher ve Zincir \u00dcreticisi"},"image":{"@id":"https:\/\/midas.com.tr\/en\/#\/schema\/logo\/image\/"}}]}},"_links":{"self":[{"href":"https:\/\/midas.com.tr\/en\/wp-json\/wp\/v2\/pages\/21529","targetHints":{"allow":["GET"]}}],"collection":[{"href":"https:\/\/midas.com.tr\/en\/wp-json\/wp\/v2\/pages"}],"about":[{"href":"https:\/\/midas.com.tr\/en\/wp-json\/wp\/v2\/types\/page"}],"author":[{"embeddable":true,"href":"https:\/\/midas.com.tr\/en\/wp-json\/wp\/v2\/users\/4"}],"replies":[{"embeddable":true,"href":"https:\/\/midas.com.tr\/en\/wp-json\/wp\/v2\/comments?post=21529"}],"version-history":[{"count":6,"href":"https:\/\/midas.com.tr\/en\/wp-json\/wp\/v2\/pages\/21529\/revisions"}],"predecessor-version":[{"id":25158,"href":"https:\/\/midas.com.tr\/en\/wp-json\/wp\/v2\/pages\/21529\/revisions\/25158"}],"wp:attachment":[{"href":"https:\/\/midas.com.tr\/en\/wp-json\/wp\/v2\/media?parent=21529"}],"curies":[{"name":"wp","href":"https:\/\/api.w.org\/{rel}","templated":true}]}}