{"id":21531,"date":"2024-10-18T08:58:04","date_gmt":"2024-10-18T08:58:04","guid":{"rendered":"https:\/\/testmidas.com\/bead-chain\/"},"modified":"2025-09-05T07:01:11","modified_gmt":"2025-09-05T07:01:11","slug":"bead-chain","status":"publish","type":"page","link":"https:\/\/midas.com.tr\/en\/bead-chain\/","title":{"rendered":"Bead Chain"},"content":{"rendered":"\t\t<div data-elementor-type=\"wp-page\" data-elementor-id=\"21531\" class=\"elementor elementor-21531 elementor-21486\" data-elementor-post-type=\"page\">\n\t\t\t\t\t\t<section class=\"elementor-section elementor-top-section elementor-element elementor-element-55cb929 elementor-section-boxed elementor-section-height-default elementor-section-height-default\" data-id=\"55cb929\" data-element_type=\"section\">\r\n\t\t\t\t\t\t<div class=\"elementor-container elementor-column-gap-default jws_section_\" >\r\n\t\t\t\t<div class=\"elementor-column elementor-col-100 elementor-top-column elementor-element elementor-element-4b7ea4d\" data-id=\"4b7ea4d\" data-element_type=\"column\">\n\t\t\t<div class=\"elementor-widget-wrap elementor-element-populated\">\n\t\t\t\t\t\t<div class=\"elementor-element elementor-element-1554c0b elementor-widget elementor-widget-heading\" data-id=\"1554c0b\" data-element_type=\"widget\" data-widget_type=\"heading.default\">\n\t\t\t\t<div class=\"elementor-widget-container\">\n\t\t\t<h1 class=\"elementor-heading-title elementor-size-default\">Bead Chain<\/h1>\t\t<\/div>\n\t\t\t\t<\/div>\n\t\t\t\t\t<\/div>\n\t\t<\/div>\n\t\t\t\t      \r\n            \r\n              \r\n            \r\n            \t\r\n\t\t\t<\/div>\r\n\t\t<\/section>\r\n\t\t\t\t<section class=\"elementor-section elementor-top-section elementor-element elementor-element-fbe62aa elementor-section-boxed elementor-section-height-default elementor-section-height-default\" data-id=\"fbe62aa\" data-element_type=\"section\">\r\n\t\t\t\t\t\t<div class=\"elementor-container elementor-column-gap-default jws_section_\" >\r\n\t\t\t\t<div class=\"elementor-column elementor-col-100 elementor-top-column elementor-element elementor-element-4256d6c\" data-id=\"4256d6c\" data-element_type=\"column\">\n\t\t\t<div class=\"elementor-widget-wrap elementor-element-populated\">\n\t\t\t\t\t\t<div class=\"elementor-element elementor-element-8b33809 elementor-widget elementor-widget-image\" data-id=\"8b33809\" data-element_type=\"widget\" data-widget_type=\"image.default\">\n\t\t\t\t<div class=\"elementor-widget-container\">\n\t\t\t\t\t\t\t\t\t\t\t\t\t<img fetchpriority=\"high\" decoding=\"async\" width=\"2560\" height=\"800\" src=\"https:\/\/midas.com.tr\/wp-content\/uploads\/2024\/11\/top-zincir-yatay-min-scaled.jpg\" class=\"attachment-large size-large wp-image-22433\" alt=\"Bead Chain\" srcset=\"https:\/\/midas.com.tr\/wp-content\/uploads\/2024\/11\/top-zincir-yatay-min-scaled.jpg 2560w, https:\/\/midas.com.tr\/wp-content\/uploads\/2024\/11\/top-zincir-yatay-min-768x240.jpg 768w, https:\/\/midas.com.tr\/wp-content\/uploads\/2024\/11\/top-zincir-yatay-min-1536x480.jpg 1536w, https:\/\/midas.com.tr\/wp-content\/uploads\/2024\/11\/top-zincir-yatay-min-2048x640.jpg 2048w, https:\/\/midas.com.tr\/wp-content\/uploads\/2024\/11\/top-zincir-yatay-min-1568x490.jpg 1568w\" sizes=\"(max-width: 2560px) 100vw, 2560px\" \/>\t\t\t\t\t\t\t\t\t\t\t\t\t<\/div>\n\t\t\t\t<\/div>\n\t\t\t\t\t<\/div>\n\t\t<\/div>\n\t\t\t\t      \r\n            \r\n              \r\n            \r\n            \t\r\n\t\t\t<\/div>\r\n\t\t<\/section>\r\n\t\t\t\t<section class=\"elementor-section elementor-top-section elementor-element elementor-element-9160650 elementor-section-boxed elementor-section-height-default elementor-section-height-default\" data-id=\"9160650\" data-element_type=\"section\">\r\n\t\t\t\t\t\t<div class=\"elementor-container elementor-column-gap-default jws_section_\" >\r\n\t\t\t\t<div class=\"elementor-column elementor-col-100 elementor-top-column elementor-element elementor-element-c4afff9\" data-id=\"c4afff9\" data-element_type=\"column\">\n\t\t\t<div class=\"elementor-widget-wrap elementor-element-populated\">\n\t\t\t\t\t\t<div class=\"elementor-element elementor-element-decd86d elementor-widget elementor-widget-text-editor\" data-id=\"decd86d\" data-element_type=\"widget\" data-widget_type=\"text-editor.default\">\n\t\t\t\t<div class=\"elementor-widget-container\">\n\t\t\t\t\t\t\t<p><strong>Midas<\/strong>, we bring together elegance and functionality in the world of jewelry with our meticulously crafted Bead Chain, designed to meet the highest industry standards. The <strong>Bead Chain<\/strong> is composed of carefully designed beads, known for both their durability and refined appearance.<\/p>\t\t\t\t\t\t<\/div>\n\t\t\t\t<\/div>\n\t\t\t\t\t<\/div>\n\t\t<\/div>\n\t\t\t\t      \r\n            \r\n              \r\n            \r\n            \t\r\n\t\t\t<\/div>\r\n\t\t<\/section>\r\n\t\t\t\t<section class=\"elementor-section elementor-top-section elementor-element elementor-element-e00d5aa elementor-section-boxed elementor-section-height-default elementor-section-height-default\" data-id=\"e00d5aa\" data-element_type=\"section\">\r\n\t\t\t\t\t\t<div class=\"elementor-container elementor-column-gap-default jws_section_\" >\r\n\t\t\t\t<div class=\"elementor-column elementor-col-50 elementor-top-column elementor-element elementor-element-cef9ac3\" data-id=\"cef9ac3\" data-element_type=\"column\">\n\t\t\t<div class=\"elementor-widget-wrap elementor-element-populated\">\n\t\t\t\t\t\t<div class=\"elementor-element elementor-element-05cd609 elementor-widget elementor-widget-image\" data-id=\"05cd609\" data-element_type=\"widget\" data-widget_type=\"image.default\">\n\t\t\t\t<div class=\"elementor-widget-container\">\n\t\t\t\t\t\t\t\t\t\t\t\t\t<img decoding=\"async\" width=\"1440\" height=\"1440\" src=\"https:\/\/midas.com.tr\/wp-content\/uploads\/2024\/11\/top-zincir-kare2-kopya-min.jpg\" class=\"attachment-large size-large wp-image-22435\" alt=\"Bead Chain\" srcset=\"https:\/\/midas.com.tr\/wp-content\/uploads\/2024\/11\/top-zincir-kare2-kopya-min.jpg 1440w, https:\/\/midas.com.tr\/wp-content\/uploads\/2024\/11\/top-zincir-kare2-kopya-min-768x768.jpg 768w\" sizes=\"(max-width: 1440px) 100vw, 1440px\" \/>\t\t\t\t\t\t\t\t\t\t\t\t\t<\/div>\n\t\t\t\t<\/div>\n\t\t\t\t\t<\/div>\n\t\t<\/div>\n\t\t\t\t<div class=\"elementor-column elementor-col-50 elementor-top-column elementor-element elementor-element-def91ce\" data-id=\"def91ce\" data-element_type=\"column\">\n\t\t\t<div class=\"elementor-widget-wrap elementor-element-populated\">\n\t\t\t\t\t\t<div class=\"elementor-element elementor-element-f2d754c elementor-widget elementor-widget-text-editor\" data-id=\"f2d754c\" data-element_type=\"widget\" data-widget_type=\"text-editor.default\">\n\t\t\t\t<div class=\"elementor-widget-container\">\n\t\t\t\t\t\t\t<p>Technical Details: The Bead Chain is available in various styles such as plain, engraved, bar, and more, tailored to suit the preferences of our wholesale clients. Each chain can be produced in the desired karat and length, or by the meter, allowing for creativity and personalization in jewelry design.  <\/p><p> <\/p><p><strong>Bead chain<\/strong> is offered in thicknesses ranging from 0.60 mm to 4.00 mm, catering to different design needs.<\/p><p> <\/p><p>The combination of its <strong>high-quality<\/strong> production process and diverse design options makes the <strong>Bead Chain<\/strong> ideal for both daily wear and special occasions. By blending modern technology with traditional craftsmanship, we ensure each chain is perfected to the highest standard. <\/p><p>With Midas extensive experience and innovative approach, the Bead Chain offers an elegant and contemporary design, making it the perfect choice to enhance any jewelry collection.<\/p>\t\t\t\t\t\t<\/div>\n\t\t\t\t<\/div>\n\t\t\t\t\t<\/div>\n\t\t<\/div>\n\t\t\t\t      \r\n            \r\n              \r\n            \r\n            \t\r\n\t\t\t<\/div>\r\n\t\t<\/section>\r\n\t\t\t\t<section class=\"elementor-section elementor-top-section elementor-element elementor-element-e70b2b0 elementor-section-boxed elementor-section-height-default elementor-section-height-default\" data-id=\"e70b2b0\" data-element_type=\"section\">\r\n\t\t\t\t\t\t<div class=\"elementor-container elementor-column-gap-default jws_section_\" >\r\n\t\t\t\t<div class=\"elementor-column elementor-col-100 elementor-top-column elementor-element elementor-element-7713a15\" data-id=\"7713a15\" data-element_type=\"column\">\n\t\t\t<div class=\"elementor-widget-wrap elementor-element-populated\">\n\t\t\t\t\t\t<div class=\"elementor-element elementor-element-37b1dc9 elementor-widget elementor-widget-text-editor\" data-id=\"37b1dc9\" data-element_type=\"widget\" data-widget_type=\"text-editor.default\">\n\t\t\t\t<div class=\"elementor-widget-container\">\n\t\t\t\t\t\t\t<p>To view the current stock of Midas Bead Chain collection and place an order, please visit <a style=\"background-color: #ffffff;\" href=\"https:\/\/midasb2b.com\/cat\/bead\" target=\"_blank\" rel=\"noopener\">www.midasb2b.com<\/a>.<\/p>\t\t\t\t\t\t<\/div>\n\t\t\t\t<\/div>\n\t\t\t\t\t<\/div>\n\t\t<\/div>\n\t\t\t\t      \r\n            \r\n              \r\n            \r\n            \t\r\n\t\t\t<\/div>\r\n\t\t<\/section>\r\n\t\t\t\t<\/div>\n\t\t","protected":false},"excerpt":{"rendered":"<p>Bead Chain Midas, we bring together elegance and functionality in the world of jewelry with our meticulously crafted Bead Chain, designed to meet the highest industry standards. The Bead Chain is composed of carefully designed beads, known for both their durability and refined appearance. Technical Details: The Bead Chain is available in various styles such [&hellip;]<\/p>\n","protected":false},"author":4,"featured_media":0,"parent":0,"menu_order":0,"comment_status":"closed","ping_status":"closed","template":"","meta":{"footnotes":""},"class_list":["post-21531","page","type-page","status-publish","hentry"],"yoast_head":"<!-- This site is optimized with the Yoast SEO Premium plugin v23.9 (Yoast SEO v26.8) - https:\/\/yoast.com\/product\/yoast-seo-premium-wordpress\/ -->\n<title>Bead Chain - M\u0130DAS - The Premier Gold Chain Manufacturer<\/title>\n<meta name=\"description\" content=\"Discover Midas\u2019 Gold Bead Chain, featuring smooth, spherical links that make a bold yet elegant addition to any jewelry collection.\" \/>\n<meta name=\"robots\" content=\"index, follow, max-snippet:-1, max-image-preview:large, max-video-preview:-1\" \/>\n<link rel=\"canonical\" href=\"https:\/\/midas.com.tr\/en\/bead-chain\/\" \/>\n<meta property=\"og:locale\" content=\"en_US\" \/>\n<meta property=\"og:type\" content=\"article\" \/>\n<meta property=\"og:title\" content=\"Bead Chain\" \/>\n<meta property=\"og:description\" content=\"Discover Midas\u2019 Gold Bead Chain, featuring smooth, spherical links that make a bold yet elegant addition to any jewelry collection.\" \/>\n<meta property=\"og:url\" content=\"https:\/\/midas.com.tr\/en\/bead-chain\/\" \/>\n<meta property=\"og:site_name\" content=\"M\u0130DAS - The Premier Gold Chain Manufacturer\" \/>\n<meta property=\"article:modified_time\" content=\"2025-09-05T07:01:11+00:00\" \/>\n<meta property=\"og:image\" content=\"https:\/\/midas.com.tr\/wp-content\/uploads\/2024\/11\/top-zincir-yatay-min-scaled.jpg\" \/>\n\t<meta property=\"og:image:width\" content=\"2560\" \/>\n\t<meta property=\"og:image:height\" content=\"800\" \/>\n\t<meta property=\"og:image:type\" content=\"image\/jpeg\" \/>\n<meta name=\"twitter:card\" content=\"summary_large_image\" \/>\n<meta name=\"twitter:label1\" content=\"Est. reading time\" \/>\n\t<meta name=\"twitter:data1\" content=\"2 minutes\" \/>\n<script type=\"application\/ld+json\" class=\"yoast-schema-graph\">{\"@context\":\"https:\/\/schema.org\",\"@graph\":[{\"@type\":\"WebPage\",\"@id\":\"https:\/\/midas.com.tr\/en\/bead-chain\/\",\"url\":\"https:\/\/midas.com.tr\/en\/bead-chain\/\",\"name\":\"Bead Chain - M\u0130DAS - The Premier Gold Chain Manufacturer\",\"isPartOf\":{\"@id\":\"https:\/\/midas.com.tr\/en\/#website\"},\"primaryImageOfPage\":{\"@id\":\"https:\/\/midas.com.tr\/en\/bead-chain\/#primaryimage\"},\"image\":{\"@id\":\"https:\/\/midas.com.tr\/en\/bead-chain\/#primaryimage\"},\"thumbnailUrl\":\"https:\/\/midas.com.tr\/wp-content\/uploads\/2024\/11\/top-zincir-yatay-min-scaled.jpg\",\"datePublished\":\"2024-10-18T08:58:04+00:00\",\"dateModified\":\"2025-09-05T07:01:11+00:00\",\"description\":\"Discover Midas\u2019 Gold Bead Chain, featuring smooth, spherical links that make a bold yet elegant addition to any jewelry collection.\",\"breadcrumb\":{\"@id\":\"https:\/\/midas.com.tr\/en\/bead-chain\/#breadcrumb\"},\"inLanguage\":\"en-US\",\"potentialAction\":[{\"@type\":\"ReadAction\",\"target\":[\"https:\/\/midas.com.tr\/en\/bead-chain\/\"]}]},{\"@type\":\"ImageObject\",\"inLanguage\":\"en-US\",\"@id\":\"https:\/\/midas.com.tr\/en\/bead-chain\/#primaryimage\",\"url\":\"https:\/\/midas.com.tr\/wp-content\/uploads\/2024\/11\/top-zincir-yatay-min-scaled.jpg\",\"contentUrl\":\"https:\/\/midas.com.tr\/wp-content\/uploads\/2024\/11\/top-zincir-yatay-min-scaled.jpg\"},{\"@type\":\"BreadcrumbList\",\"@id\":\"https:\/\/midas.com.tr\/en\/bead-chain\/#breadcrumb\",\"itemListElement\":[{\"@type\":\"ListItem\",\"position\":1,\"name\":\"Home\",\"item\":\"https:\/\/midas.com.tr\/en\/\"},{\"@type\":\"ListItem\",\"position\":2,\"name\":\"Bead Chain\"}]},{\"@type\":\"WebSite\",\"@id\":\"https:\/\/midas.com.tr\/en\/#website\",\"url\":\"https:\/\/midas.com.tr\/en\/\",\"name\":\"Midas - Birinci S\u0131n\u0131f Alt\u0131n M\u00fccevher ve Zincir \u00dcreticisi\",\"description\":\"Premier Jewelry Company Midas Chain is a manufacturer from USA, with products under the category of fine Jewellery.\",\"publisher\":{\"@id\":\"https:\/\/midas.com.tr\/en\/#organization\"},\"potentialAction\":[{\"@type\":\"SearchAction\",\"target\":{\"@type\":\"EntryPoint\",\"urlTemplate\":\"https:\/\/midas.com.tr\/en\/?s={search_term_string}\"},\"query-input\":{\"@type\":\"PropertyValueSpecification\",\"valueRequired\":true,\"valueName\":\"search_term_string\"}}],\"inLanguage\":\"en-US\"},{\"@type\":\"Organization\",\"@id\":\"https:\/\/midas.com.tr\/en\/#organization\",\"name\":\"Midas -Birinci S\u0131n\u0131f Alt\u0131n M\u00fccevher ve Zincir \u00dcreticisi\",\"url\":\"https:\/\/midas.com.tr\/en\/\",\"logo\":{\"@type\":\"ImageObject\",\"inLanguage\":\"en-US\",\"@id\":\"https:\/\/midas.com.tr\/en\/#\/schema\/logo\/image\/\",\"url\":\"https:\/\/midas.com.tr\/wp-content\/uploads\/2021\/12\/midas-logo.png\",\"contentUrl\":\"https:\/\/midas.com.tr\/wp-content\/uploads\/2021\/12\/midas-logo.png\",\"width\":300,\"height\":106,\"caption\":\"Midas -Birinci S\u0131n\u0131f Alt\u0131n M\u00fccevher ve Zincir \u00dcreticisi\"},\"image\":{\"@id\":\"https:\/\/midas.com.tr\/en\/#\/schema\/logo\/image\/\"}}]}<\/script>\n<!-- \/ Yoast SEO Premium plugin. -->","yoast_head_json":{"title":"Bead Chain - M\u0130DAS - The Premier Gold Chain Manufacturer","description":"Discover Midas\u2019 Gold Bead Chain, featuring smooth, spherical links that make a bold yet elegant addition to any jewelry collection.","robots":{"index":"index","follow":"follow","max-snippet":"max-snippet:-1","max-image-preview":"max-image-preview:large","max-video-preview":"max-video-preview:-1"},"canonical":"https:\/\/midas.com.tr\/en\/bead-chain\/","og_locale":"en_US","og_type":"article","og_title":"Bead Chain","og_description":"Discover Midas\u2019 Gold Bead Chain, featuring smooth, spherical links that make a bold yet elegant addition to any jewelry collection.","og_url":"https:\/\/midas.com.tr\/en\/bead-chain\/","og_site_name":"M\u0130DAS - The Premier Gold Chain Manufacturer","article_modified_time":"2025-09-05T07:01:11+00:00","og_image":[{"width":2560,"height":800,"url":"https:\/\/midas.com.tr\/wp-content\/uploads\/2024\/11\/top-zincir-yatay-min-scaled.jpg","type":"image\/jpeg"}],"twitter_card":"summary_large_image","twitter_misc":{"Est. reading time":"2 minutes"},"schema":{"@context":"https:\/\/schema.org","@graph":[{"@type":"WebPage","@id":"https:\/\/midas.com.tr\/en\/bead-chain\/","url":"https:\/\/midas.com.tr\/en\/bead-chain\/","name":"Bead Chain - M\u0130DAS - The Premier Gold Chain Manufacturer","isPartOf":{"@id":"https:\/\/midas.com.tr\/en\/#website"},"primaryImageOfPage":{"@id":"https:\/\/midas.com.tr\/en\/bead-chain\/#primaryimage"},"image":{"@id":"https:\/\/midas.com.tr\/en\/bead-chain\/#primaryimage"},"thumbnailUrl":"https:\/\/midas.com.tr\/wp-content\/uploads\/2024\/11\/top-zincir-yatay-min-scaled.jpg","datePublished":"2024-10-18T08:58:04+00:00","dateModified":"2025-09-05T07:01:11+00:00","description":"Discover Midas\u2019 Gold Bead Chain, featuring smooth, spherical links that make a bold yet elegant addition to any jewelry collection.","breadcrumb":{"@id":"https:\/\/midas.com.tr\/en\/bead-chain\/#breadcrumb"},"inLanguage":"en-US","potentialAction":[{"@type":"ReadAction","target":["https:\/\/midas.com.tr\/en\/bead-chain\/"]}]},{"@type":"ImageObject","inLanguage":"en-US","@id":"https:\/\/midas.com.tr\/en\/bead-chain\/#primaryimage","url":"https:\/\/midas.com.tr\/wp-content\/uploads\/2024\/11\/top-zincir-yatay-min-scaled.jpg","contentUrl":"https:\/\/midas.com.tr\/wp-content\/uploads\/2024\/11\/top-zincir-yatay-min-scaled.jpg"},{"@type":"BreadcrumbList","@id":"https:\/\/midas.com.tr\/en\/bead-chain\/#breadcrumb","itemListElement":[{"@type":"ListItem","position":1,"name":"Home","item":"https:\/\/midas.com.tr\/en\/"},{"@type":"ListItem","position":2,"name":"Bead Chain"}]},{"@type":"WebSite","@id":"https:\/\/midas.com.tr\/en\/#website","url":"https:\/\/midas.com.tr\/en\/","name":"Midas - Birinci S\u0131n\u0131f Alt\u0131n M\u00fccevher ve Zincir \u00dcreticisi","description":"Premier Jewelry Company Midas Chain is a manufacturer from USA, with products under the category of fine Jewellery.","publisher":{"@id":"https:\/\/midas.com.tr\/en\/#organization"},"potentialAction":[{"@type":"SearchAction","target":{"@type":"EntryPoint","urlTemplate":"https:\/\/midas.com.tr\/en\/?s={search_term_string}"},"query-input":{"@type":"PropertyValueSpecification","valueRequired":true,"valueName":"search_term_string"}}],"inLanguage":"en-US"},{"@type":"Organization","@id":"https:\/\/midas.com.tr\/en\/#organization","name":"Midas -Birinci S\u0131n\u0131f Alt\u0131n M\u00fccevher ve Zincir \u00dcreticisi","url":"https:\/\/midas.com.tr\/en\/","logo":{"@type":"ImageObject","inLanguage":"en-US","@id":"https:\/\/midas.com.tr\/en\/#\/schema\/logo\/image\/","url":"https:\/\/midas.com.tr\/wp-content\/uploads\/2021\/12\/midas-logo.png","contentUrl":"https:\/\/midas.com.tr\/wp-content\/uploads\/2021\/12\/midas-logo.png","width":300,"height":106,"caption":"Midas -Birinci S\u0131n\u0131f Alt\u0131n M\u00fccevher ve Zincir \u00dcreticisi"},"image":{"@id":"https:\/\/midas.com.tr\/en\/#\/schema\/logo\/image\/"}}]}},"_links":{"self":[{"href":"https:\/\/midas.com.tr\/en\/wp-json\/wp\/v2\/pages\/21531","targetHints":{"allow":["GET"]}}],"collection":[{"href":"https:\/\/midas.com.tr\/en\/wp-json\/wp\/v2\/pages"}],"about":[{"href":"https:\/\/midas.com.tr\/en\/wp-json\/wp\/v2\/types\/page"}],"author":[{"embeddable":true,"href":"https:\/\/midas.com.tr\/en\/wp-json\/wp\/v2\/users\/4"}],"replies":[{"embeddable":true,"href":"https:\/\/midas.com.tr\/en\/wp-json\/wp\/v2\/comments?post=21531"}],"version-history":[{"count":5,"href":"https:\/\/midas.com.tr\/en\/wp-json\/wp\/v2\/pages\/21531\/revisions"}],"predecessor-version":[{"id":25138,"href":"https:\/\/midas.com.tr\/en\/wp-json\/wp\/v2\/pages\/21531\/revisions\/25138"}],"wp:attachment":[{"href":"https:\/\/midas.com.tr\/en\/wp-json\/wp\/v2\/media?parent=21531"}],"curies":[{"name":"wp","href":"https:\/\/api.w.org\/{rel}","templated":true}]}}