{"id":23438,"date":"2024-12-18T11:28:56","date_gmt":"2024-12-18T11:28:56","guid":{"rendered":"https:\/\/midas.com.tr\/gold-anklet\/"},"modified":"2025-07-03T08:22:27","modified_gmt":"2025-07-03T08:22:27","slug":"gold-anklet","status":"publish","type":"page","link":"https:\/\/midas.com.tr\/en\/gold-anklet\/","title":{"rendered":"Gold Anklet"},"content":{"rendered":"\t\t<div data-elementor-type=\"wp-page\" data-elementor-id=\"23438\" class=\"elementor elementor-23438 elementor-23395\" data-elementor-post-type=\"page\">\n\t\t\t\t\t\t<section class=\"elementor-section elementor-top-section elementor-element elementor-element-e6be877 elementor-section-boxed elementor-section-height-default elementor-section-height-default\" data-id=\"e6be877\" data-element_type=\"section\">\r\n\t\t\t\t\t\t<div class=\"elementor-container elementor-column-gap-default jws_section_\" >\r\n\t\t\t\t<div class=\"elementor-column elementor-col-100 elementor-top-column elementor-element elementor-element-bcb7c69\" data-id=\"bcb7c69\" data-element_type=\"column\">\n\t\t\t<div class=\"elementor-widget-wrap elementor-element-populated\">\n\t\t\t\t\t\t<div class=\"elementor-element elementor-element-9b6d793 elementor-widget elementor-widget-image\" data-id=\"9b6d793\" data-element_type=\"widget\" data-widget_type=\"image.default\">\n\t\t\t\t<div class=\"elementor-widget-container\">\n\t\t\t\t\t\t\t\t\t\t\t\t\t<img fetchpriority=\"high\" decoding=\"async\" width=\"1216\" height=\"366\" src=\"https:\/\/midas.com.tr\/wp-content\/uploads\/2024\/12\/Altin-Halhal-1.avif\" class=\"attachment-large size-large wp-image-23403\" alt=\"\" srcset=\"https:\/\/midas.com.tr\/wp-content\/uploads\/2024\/12\/Altin-Halhal-1.avif 1216w, https:\/\/midas.com.tr\/wp-content\/uploads\/2024\/12\/Altin-Halhal-1-768x231.avif 768w\" sizes=\"(max-width: 1216px) 100vw, 1216px\" \/>\t\t\t\t\t\t\t\t\t\t\t\t\t<\/div>\n\t\t\t\t<\/div>\n\t\t\t\t\t<\/div>\n\t\t<\/div>\n\t\t\t\t      \r\n            \r\n              \r\n            \r\n            \t\r\n\t\t\t<\/div>\r\n\t\t<\/section>\r\n\t\t\t\t<section class=\"elementor-section elementor-top-section elementor-element elementor-element-d2c803c elementor-section-boxed elementor-section-height-default elementor-section-height-default\" data-id=\"d2c803c\" data-element_type=\"section\">\r\n\t\t\t\t\t\t<div class=\"elementor-container elementor-column-gap-default jws_section_\" >\r\n\t\t\t\t<div class=\"elementor-column elementor-col-100 elementor-top-column elementor-element elementor-element-c7e061c\" data-id=\"c7e061c\" data-element_type=\"column\">\n\t\t\t<div class=\"elementor-widget-wrap elementor-element-populated\">\n\t\t\t\t\t\t<div class=\"elementor-element elementor-element-350de85 elementor-widget elementor-widget-heading\" data-id=\"350de85\" data-element_type=\"widget\" data-widget_type=\"heading.default\">\n\t\t\t\t<div class=\"elementor-widget-container\">\n\t\t\t<h1 class=\"elementor-heading-title elementor-size-default\">Gold Anklet<\/h1>\t\t<\/div>\n\t\t\t\t<\/div>\n\t\t\t\t\t<\/div>\n\t\t<\/div>\n\t\t\t\t      \r\n            \r\n              \r\n            \r\n            \t\r\n\t\t\t<\/div>\r\n\t\t<\/section>\r\n\t\t\t\t<section class=\"elementor-section elementor-top-section elementor-element elementor-element-c5af279 elementor-section-boxed elementor-section-height-default elementor-section-height-default\" data-id=\"c5af279\" data-element_type=\"section\">\r\n\t\t\t\t\t\t<div class=\"elementor-container elementor-column-gap-default jws_section_\" >\r\n\t\t\t\t<div class=\"elementor-column elementor-col-100 elementor-top-column elementor-element elementor-element-fd47159\" data-id=\"fd47159\" data-element_type=\"column\">\n\t\t\t<div class=\"elementor-widget-wrap elementor-element-populated\">\n\t\t\t\t\t\t<div class=\"elementor-element elementor-element-f023e3a elementor-widget elementor-widget-heading\" data-id=\"f023e3a\" data-element_type=\"widget\" data-widget_type=\"heading.default\">\n\t\t\t\t<div class=\"elementor-widget-container\">\n\t\t\t<h2 class=\"elementor-heading-title elementor-size-default\">The Icon of Elegance and Elegance<\/h2>\t\t<\/div>\n\t\t\t\t<\/div>\n\t\t\t\t\t<\/div>\n\t\t<\/div>\n\t\t\t\t      \r\n            \r\n              \r\n            \r\n            \t\r\n\t\t\t<\/div>\r\n\t\t<\/section>\r\n\t\t\t\t<section class=\"elementor-section elementor-top-section elementor-element elementor-element-fbb066e elementor-section-boxed elementor-section-height-default elementor-section-height-default\" data-id=\"fbb066e\" data-element_type=\"section\">\r\n\t\t\t\t\t\t<div class=\"elementor-container elementor-column-gap-default jws_section_\" >\r\n\t\t\t\t<div class=\"elementor-column elementor-col-100 elementor-top-column elementor-element elementor-element-5e5597c0\" data-id=\"5e5597c0\" data-element_type=\"column\">\n\t\t\t<div class=\"elementor-widget-wrap elementor-element-populated\">\n\t\t\t\t\t\t<div class=\"elementor-element elementor-element-6108ebcd elementor-widget elementor-widget-text-editor\" data-id=\"6108ebcd\" data-element_type=\"widget\" data-widget_type=\"text-editor.default\">\n\t\t\t\t<div class=\"elementor-widget-container\">\n\t\t\t\t\t\t\t<p>At Midas, we take pride in presenting the finest examples of goldsmith craftsmanship with our meticulously designed gold anklet collection, bringing elegance to your ankles. As a <strong>gold jewelry manufacturer<\/strong>, we combine intricate craftsmanship with unique design in each of our anklet models, offering dazzling options to our business partners and their customers.<\/p><p>Our collection features <strong>gold anklet<\/strong> designs with charming pendants or stone embellishments, tailored to meet the needs of our business partners. These models are carefully crafted to enhance jewelry showcases as elegant accessories suitable for both everyday wear and special occasions. Each anklet is produced in compliance with the highest quality standards, enabling jewelers to present a blend of sophistication and style to their customers.  <\/p><p>The Midas <strong>gold anklet collection<\/strong> includes models adorned with dorika beads and tassels, perfect for those seeking distinctive and eye-catching designs. These anklets merge modern and classic styles to cater to diverse tastes. Every detail of our anklets reflects Midas commitment to quality and elegance.  <\/p><p>We offer our business partners gold anklets produced in 14K, 18K, 21K, and 22K variations, customized to meet specific customer preferences. Each piece is manufactured to the highest standards, ensuring exceptional quality and personalized options. At Midas, we aim to help our business partners enrich their showcases with these sophisticated accessories, enabling them to provide their customers with a broad selection of products.  <\/p><p>Midas <strong>wholesale gold anklet<\/strong> collection combines aesthetics and quality, reinforcing our position as a leader in the industry. Each anklet stands out with its durability and striking designs, making a lasting impression. <\/p><p>You can visit Midas&#8217; B2B platform to get detailed information and discover our wide range of products. <span style=\"text-decoration: underline;\"><a href=\"https:\/\/www.midasb2b.com\"><strong>Midas B2B Platform<\/strong><\/a><\/span> You can browse our products and place your orders safely.<\/p>\t\t\t\t\t\t<\/div>\n\t\t\t\t<\/div>\n\t\t\t\t\t<\/div>\n\t\t<\/div>\n\t\t\t\t      \r\n            \r\n              \r\n            \r\n            \t\r\n\t\t\t<\/div>\r\n\t\t<\/section>\r\n\t\t\t\t<\/div>\n\t\t","protected":false},"excerpt":{"rendered":"<p>Gold Anklet The Icon of Elegance and Elegance At Midas, we take pride in presenting the finest examples of goldsmith craftsmanship with our meticulously designed gold anklet collection, bringing elegance to your ankles. As a gold jewelry manufacturer, we combine intricate craftsmanship with unique design in each of our anklet models, offering dazzling options to [&hellip;]<\/p>\n","protected":false},"author":4,"featured_media":0,"parent":0,"menu_order":0,"comment_status":"closed","ping_status":"closed","template":"","meta":{"footnotes":""},"class_list":["post-23438","page","type-page","status-publish","hentry"],"yoast_head":"<!-- This site is optimized with the Yoast SEO Premium plugin v23.9 (Yoast SEO v26.8) - https:\/\/yoast.com\/product\/yoast-seo-premium-wordpress\/ -->\n<title>Gold Anklet - M\u0130DAS - The Premier Gold Chain Manufacturer<\/title>\n<meta name=\"robots\" content=\"index, follow, max-snippet:-1, max-image-preview:large, max-video-preview:-1\" \/>\n<link rel=\"canonical\" href=\"https:\/\/midas.com.tr\/en\/gold-anklet\/\" \/>\n<meta property=\"og:locale\" content=\"en_US\" \/>\n<meta property=\"og:type\" content=\"article\" \/>\n<meta property=\"og:title\" content=\"Gold Anklet\" \/>\n<meta property=\"og:description\" content=\"Gold Anklet The Icon of Elegance and Elegance At Midas, we take pride in presenting the finest examples of goldsmith craftsmanship with our meticulously designed gold anklet collection, bringing elegance to your ankles. As a gold jewelry manufacturer, we combine intricate craftsmanship with unique design in each of our anklet models, offering dazzling options to [&hellip;]\" \/>\n<meta property=\"og:url\" content=\"https:\/\/midas.com.tr\/en\/gold-anklet\/\" \/>\n<meta property=\"og:site_name\" content=\"M\u0130DAS - The Premier Gold Chain Manufacturer\" \/>\n<meta property=\"article:modified_time\" content=\"2025-07-03T08:22:27+00:00\" \/>\n<meta name=\"twitter:card\" content=\"summary_large_image\" \/>\n<meta name=\"twitter:label1\" content=\"Est. reading time\" \/>\n\t<meta name=\"twitter:data1\" content=\"2 minutes\" \/>\n<script type=\"application\/ld+json\" class=\"yoast-schema-graph\">{\"@context\":\"https:\/\/schema.org\",\"@graph\":[{\"@type\":\"WebPage\",\"@id\":\"https:\/\/midas.com.tr\/en\/gold-anklet\/\",\"url\":\"https:\/\/midas.com.tr\/en\/gold-anklet\/\",\"name\":\"Gold Anklet - M\u0130DAS - The Premier Gold Chain Manufacturer\",\"isPartOf\":{\"@id\":\"https:\/\/midas.com.tr\/en\/#website\"},\"primaryImageOfPage\":{\"@id\":\"https:\/\/midas.com.tr\/en\/gold-anklet\/#primaryimage\"},\"image\":{\"@id\":\"https:\/\/midas.com.tr\/en\/gold-anklet\/#primaryimage\"},\"thumbnailUrl\":\"https:\/\/midas.com.tr\/wp-content\/uploads\/2024\/12\/Altin-Halhal-1.avif\",\"datePublished\":\"2024-12-18T11:28:56+00:00\",\"dateModified\":\"2025-07-03T08:22:27+00:00\",\"breadcrumb\":{\"@id\":\"https:\/\/midas.com.tr\/en\/gold-anklet\/#breadcrumb\"},\"inLanguage\":\"en-US\",\"potentialAction\":[{\"@type\":\"ReadAction\",\"target\":[\"https:\/\/midas.com.tr\/en\/gold-anklet\/\"]}]},{\"@type\":\"ImageObject\",\"inLanguage\":\"en-US\",\"@id\":\"https:\/\/midas.com.tr\/en\/gold-anklet\/#primaryimage\",\"url\":\"https:\/\/midas.com.tr\/wp-content\/uploads\/2024\/12\/Altin-Halhal-1.avif\",\"contentUrl\":\"https:\/\/midas.com.tr\/wp-content\/uploads\/2024\/12\/Altin-Halhal-1.avif\"},{\"@type\":\"BreadcrumbList\",\"@id\":\"https:\/\/midas.com.tr\/en\/gold-anklet\/#breadcrumb\",\"itemListElement\":[{\"@type\":\"ListItem\",\"position\":1,\"name\":\"Home\",\"item\":\"https:\/\/midas.com.tr\/en\/\"},{\"@type\":\"ListItem\",\"position\":2,\"name\":\"Gold Anklet\"}]},{\"@type\":\"WebSite\",\"@id\":\"https:\/\/midas.com.tr\/en\/#website\",\"url\":\"https:\/\/midas.com.tr\/en\/\",\"name\":\"Midas - Birinci S\u0131n\u0131f Alt\u0131n M\u00fccevher ve Zincir \u00dcreticisi\",\"description\":\"Premier Jewelry Company Midas Chain is a manufacturer from USA, with products under the category of fine Jewellery.\",\"publisher\":{\"@id\":\"https:\/\/midas.com.tr\/en\/#organization\"},\"potentialAction\":[{\"@type\":\"SearchAction\",\"target\":{\"@type\":\"EntryPoint\",\"urlTemplate\":\"https:\/\/midas.com.tr\/en\/?s={search_term_string}\"},\"query-input\":{\"@type\":\"PropertyValueSpecification\",\"valueRequired\":true,\"valueName\":\"search_term_string\"}}],\"inLanguage\":\"en-US\"},{\"@type\":\"Organization\",\"@id\":\"https:\/\/midas.com.tr\/en\/#organization\",\"name\":\"Midas -Birinci S\u0131n\u0131f Alt\u0131n M\u00fccevher ve Zincir \u00dcreticisi\",\"url\":\"https:\/\/midas.com.tr\/en\/\",\"logo\":{\"@type\":\"ImageObject\",\"inLanguage\":\"en-US\",\"@id\":\"https:\/\/midas.com.tr\/en\/#\/schema\/logo\/image\/\",\"url\":\"https:\/\/midas.com.tr\/wp-content\/uploads\/2021\/12\/midas-logo.png\",\"contentUrl\":\"https:\/\/midas.com.tr\/wp-content\/uploads\/2021\/12\/midas-logo.png\",\"width\":300,\"height\":106,\"caption\":\"Midas -Birinci S\u0131n\u0131f Alt\u0131n M\u00fccevher ve Zincir \u00dcreticisi\"},\"image\":{\"@id\":\"https:\/\/midas.com.tr\/en\/#\/schema\/logo\/image\/\"}}]}<\/script>\n<!-- \/ Yoast SEO Premium plugin. -->","yoast_head_json":{"title":"Gold Anklet - M\u0130DAS - The Premier Gold Chain Manufacturer","robots":{"index":"index","follow":"follow","max-snippet":"max-snippet:-1","max-image-preview":"max-image-preview:large","max-video-preview":"max-video-preview:-1"},"canonical":"https:\/\/midas.com.tr\/en\/gold-anklet\/","og_locale":"en_US","og_type":"article","og_title":"Gold Anklet","og_description":"Gold Anklet The Icon of Elegance and Elegance At Midas, we take pride in presenting the finest examples of goldsmith craftsmanship with our meticulously designed gold anklet collection, bringing elegance to your ankles. As a gold jewelry manufacturer, we combine intricate craftsmanship with unique design in each of our anklet models, offering dazzling options to [&hellip;]","og_url":"https:\/\/midas.com.tr\/en\/gold-anklet\/","og_site_name":"M\u0130DAS - The Premier Gold Chain Manufacturer","article_modified_time":"2025-07-03T08:22:27+00:00","twitter_card":"summary_large_image","twitter_misc":{"Est. reading time":"2 minutes"},"schema":{"@context":"https:\/\/schema.org","@graph":[{"@type":"WebPage","@id":"https:\/\/midas.com.tr\/en\/gold-anklet\/","url":"https:\/\/midas.com.tr\/en\/gold-anklet\/","name":"Gold Anklet - M\u0130DAS - The Premier Gold Chain Manufacturer","isPartOf":{"@id":"https:\/\/midas.com.tr\/en\/#website"},"primaryImageOfPage":{"@id":"https:\/\/midas.com.tr\/en\/gold-anklet\/#primaryimage"},"image":{"@id":"https:\/\/midas.com.tr\/en\/gold-anklet\/#primaryimage"},"thumbnailUrl":"https:\/\/midas.com.tr\/wp-content\/uploads\/2024\/12\/Altin-Halhal-1.avif","datePublished":"2024-12-18T11:28:56+00:00","dateModified":"2025-07-03T08:22:27+00:00","breadcrumb":{"@id":"https:\/\/midas.com.tr\/en\/gold-anklet\/#breadcrumb"},"inLanguage":"en-US","potentialAction":[{"@type":"ReadAction","target":["https:\/\/midas.com.tr\/en\/gold-anklet\/"]}]},{"@type":"ImageObject","inLanguage":"en-US","@id":"https:\/\/midas.com.tr\/en\/gold-anklet\/#primaryimage","url":"https:\/\/midas.com.tr\/wp-content\/uploads\/2024\/12\/Altin-Halhal-1.avif","contentUrl":"https:\/\/midas.com.tr\/wp-content\/uploads\/2024\/12\/Altin-Halhal-1.avif"},{"@type":"BreadcrumbList","@id":"https:\/\/midas.com.tr\/en\/gold-anklet\/#breadcrumb","itemListElement":[{"@type":"ListItem","position":1,"name":"Home","item":"https:\/\/midas.com.tr\/en\/"},{"@type":"ListItem","position":2,"name":"Gold Anklet"}]},{"@type":"WebSite","@id":"https:\/\/midas.com.tr\/en\/#website","url":"https:\/\/midas.com.tr\/en\/","name":"Midas - Birinci S\u0131n\u0131f Alt\u0131n M\u00fccevher ve Zincir \u00dcreticisi","description":"Premier Jewelry Company Midas Chain is a manufacturer from USA, with products under the category of fine Jewellery.","publisher":{"@id":"https:\/\/midas.com.tr\/en\/#organization"},"potentialAction":[{"@type":"SearchAction","target":{"@type":"EntryPoint","urlTemplate":"https:\/\/midas.com.tr\/en\/?s={search_term_string}"},"query-input":{"@type":"PropertyValueSpecification","valueRequired":true,"valueName":"search_term_string"}}],"inLanguage":"en-US"},{"@type":"Organization","@id":"https:\/\/midas.com.tr\/en\/#organization","name":"Midas -Birinci S\u0131n\u0131f Alt\u0131n M\u00fccevher ve Zincir \u00dcreticisi","url":"https:\/\/midas.com.tr\/en\/","logo":{"@type":"ImageObject","inLanguage":"en-US","@id":"https:\/\/midas.com.tr\/en\/#\/schema\/logo\/image\/","url":"https:\/\/midas.com.tr\/wp-content\/uploads\/2021\/12\/midas-logo.png","contentUrl":"https:\/\/midas.com.tr\/wp-content\/uploads\/2021\/12\/midas-logo.png","width":300,"height":106,"caption":"Midas -Birinci S\u0131n\u0131f Alt\u0131n M\u00fccevher ve Zincir \u00dcreticisi"},"image":{"@id":"https:\/\/midas.com.tr\/en\/#\/schema\/logo\/image\/"}}]}},"_links":{"self":[{"href":"https:\/\/midas.com.tr\/en\/wp-json\/wp\/v2\/pages\/23438","targetHints":{"allow":["GET"]}}],"collection":[{"href":"https:\/\/midas.com.tr\/en\/wp-json\/wp\/v2\/pages"}],"about":[{"href":"https:\/\/midas.com.tr\/en\/wp-json\/wp\/v2\/types\/page"}],"author":[{"embeddable":true,"href":"https:\/\/midas.com.tr\/en\/wp-json\/wp\/v2\/users\/4"}],"replies":[{"embeddable":true,"href":"https:\/\/midas.com.tr\/en\/wp-json\/wp\/v2\/comments?post=23438"}],"version-history":[{"count":2,"href":"https:\/\/midas.com.tr\/en\/wp-json\/wp\/v2\/pages\/23438\/revisions"}],"predecessor-version":[{"id":24756,"href":"https:\/\/midas.com.tr\/en\/wp-json\/wp\/v2\/pages\/23438\/revisions\/24756"}],"wp:attachment":[{"href":"https:\/\/midas.com.tr\/en\/wp-json\/wp\/v2\/media?parent=23438"}],"curies":[{"name":"wp","href":"https:\/\/api.w.org\/{rel}","templated":true}]}}