{"id":23502,"date":"2024-12-25T10:44:23","date_gmt":"2024-12-25T10:44:23","guid":{"rendered":"https:\/\/midas.com.tr\/twist-singapore-chain\/"},"modified":"2025-09-05T06:56:32","modified_gmt":"2025-09-05T06:56:32","slug":"twist-singapore-chain","status":"publish","type":"page","link":"https:\/\/midas.com.tr\/en\/twist-singapore-chain\/","title":{"rendered":"TWIST (Singapore) Chain"},"content":{"rendered":"\t\t<div data-elementor-type=\"wp-page\" data-elementor-id=\"23502\" class=\"elementor elementor-23502 elementor-23484\" data-elementor-post-type=\"page\">\n\t\t\t\t\t\t<section class=\"elementor-section elementor-top-section elementor-element elementor-element-d87aa9a elementor-section-boxed elementor-section-height-default elementor-section-height-default\" data-id=\"d87aa9a\" data-element_type=\"section\">\r\n\t\t\t\t\t\t<div class=\"elementor-container elementor-column-gap-default jws_section_\" >\r\n\t\t\t\t<div class=\"elementor-column elementor-col-100 elementor-top-column elementor-element elementor-element-874e66b\" data-id=\"874e66b\" data-element_type=\"column\">\n\t\t\t<div class=\"elementor-widget-wrap elementor-element-populated\">\n\t\t\t\t\t\t<div class=\"elementor-element elementor-element-b6873e3 elementor-widget elementor-widget-heading\" data-id=\"b6873e3\" data-element_type=\"widget\" data-widget_type=\"heading.default\">\n\t\t\t\t<div class=\"elementor-widget-container\">\n\t\t\t<h1 class=\"elementor-heading-title elementor-size-default\">TWIST (Singapore) Chain<\/h1>\t\t<\/div>\n\t\t\t\t<\/div>\n\t\t\t\t\t<\/div>\n\t\t<\/div>\n\t\t\t\t      \r\n            \r\n              \r\n            \r\n            \t\r\n\t\t\t<\/div>\r\n\t\t<\/section>\r\n\t\t\t\t<section class=\"elementor-section elementor-top-section elementor-element elementor-element-2ec9ecb elementor-section-boxed elementor-section-height-default elementor-section-height-default\" data-id=\"2ec9ecb\" data-element_type=\"section\">\r\n\t\t\t\t\t\t<div class=\"elementor-container elementor-column-gap-default jws_section_\" >\r\n\t\t\t\t<div class=\"elementor-column elementor-col-100 elementor-top-column elementor-element elementor-element-55dda6e\" data-id=\"55dda6e\" data-element_type=\"column\">\n\t\t\t<div class=\"elementor-widget-wrap elementor-element-populated\">\n\t\t\t\t\t\t<div class=\"elementor-element elementor-element-456f3b2 elementor-widget elementor-widget-image\" data-id=\"456f3b2\" data-element_type=\"widget\" data-widget_type=\"image.default\">\n\t\t\t\t<div class=\"elementor-widget-container\">\n\t\t\t\t\t\t\t\t\t\t\t\t\t<img fetchpriority=\"high\" decoding=\"async\" width=\"2560\" height=\"800\" src=\"https:\/\/midas.com.tr\/wp-content\/uploads\/2024\/12\/twist-chain.jpg\" class=\"attachment-large size-large wp-image-23497\" alt=\"Singapur Zincir\" srcset=\"https:\/\/midas.com.tr\/wp-content\/uploads\/2024\/12\/twist-chain.jpg 2560w, https:\/\/midas.com.tr\/wp-content\/uploads\/2024\/12\/twist-chain-768x240.jpg 768w, https:\/\/midas.com.tr\/wp-content\/uploads\/2024\/12\/twist-chain-1536x480.jpg 1536w, https:\/\/midas.com.tr\/wp-content\/uploads\/2024\/12\/twist-chain-2048x640.jpg 2048w, https:\/\/midas.com.tr\/wp-content\/uploads\/2024\/12\/twist-chain-1568x490.jpg 1568w\" sizes=\"(max-width: 2560px) 100vw, 2560px\" \/>\t\t\t\t\t\t\t\t\t\t\t\t\t<\/div>\n\t\t\t\t<\/div>\n\t\t\t\t\t<\/div>\n\t\t<\/div>\n\t\t\t\t      \r\n            \r\n              \r\n            \r\n            \t\r\n\t\t\t<\/div>\r\n\t\t<\/section>\r\n\t\t\t\t<section class=\"elementor-section elementor-top-section elementor-element elementor-element-42822007 elementor-section-boxed elementor-section-height-default elementor-section-height-default\" data-id=\"42822007\" data-element_type=\"section\">\r\n\t\t\t\t\t\t<div class=\"elementor-container elementor-column-gap-default jws_section_\" >\r\n\t\t\t\t<div class=\"elementor-column elementor-col-100 elementor-top-column elementor-element elementor-element-116c3bf9\" data-id=\"116c3bf9\" data-element_type=\"column\">\n\t\t\t<div class=\"elementor-widget-wrap elementor-element-populated\">\n\t\t\t\t\t\t<div class=\"elementor-element elementor-element-682b2117 elementor-widget elementor-widget-text-editor\" data-id=\"682b2117\" data-element_type=\"widget\" data-widget_type=\"text-editor.default\">\n\t\t\t\t<div class=\"elementor-widget-container\">\n\t\t\t\t\t\t\t<p><strong>Twist Chain<\/strong>, also known as the Singapore Chain, is a unique and dynamic chain model that stands out with its distinctive design. The chain gets its name from the twisted shape formed by each link, giving it a captivating spiral appearance. This design adds movement and vibrancy to the chain, allowing light to dance on its surface and creating a dazzling sparkle. With its delicate and elegant structure, the Twist Chain is a perfect choice to add a refined touch to your style, whether for everyday wear or special occasions.<br>At Midas, we produce Twist Chains using the latest technology, offering various thicknesses, purities, and color options.    <\/p>\t\t\t\t\t\t<\/div>\n\t\t\t\t<\/div>\n\t\t\t\t\t<\/div>\n\t\t<\/div>\n\t\t\t\t      \r\n            \r\n              \r\n            \r\n            \t\r\n\t\t\t<\/div>\r\n\t\t<\/section>\r\n\t\t\t\t<section class=\"elementor-section elementor-top-section elementor-element elementor-element-41f9b8c elementor-section-boxed elementor-section-height-default elementor-section-height-default\" data-id=\"41f9b8c\" data-element_type=\"section\">\r\n\t\t\t\t\t\t<div class=\"elementor-container elementor-column-gap-default jws_section_\" >\r\n\t\t\t\t<div class=\"elementor-column elementor-col-50 elementor-top-column elementor-element elementor-element-38927ce\" data-id=\"38927ce\" data-element_type=\"column\">\n\t\t\t<div class=\"elementor-widget-wrap elementor-element-populated\">\n\t\t\t\t\t\t<div class=\"elementor-element elementor-element-5756c95 elementor-widget elementor-widget-image\" data-id=\"5756c95\" data-element_type=\"widget\" data-widget_type=\"image.default\">\n\t\t\t\t<div class=\"elementor-widget-container\">\n\t\t\t\t\t\t\t\t\t\t\t\t\t<img decoding=\"async\" width=\"1420\" height=\"1420\" src=\"https:\/\/midas.com.tr\/wp-content\/uploads\/2024\/12\/Singapur-Zincir.avif\" class=\"attachment-large size-large wp-image-23488\" alt=\"\" srcset=\"https:\/\/midas.com.tr\/wp-content\/uploads\/2024\/12\/Singapur-Zincir.avif 1420w, https:\/\/midas.com.tr\/wp-content\/uploads\/2024\/12\/Singapur-Zincir-768x768.avif 768w\" sizes=\"(max-width: 1420px) 100vw, 1420px\" \/>\t\t\t\t\t\t\t\t\t\t\t\t\t<\/div>\n\t\t\t\t<\/div>\n\t\t\t\t\t<\/div>\n\t\t<\/div>\n\t\t\t\t<div class=\"elementor-column elementor-col-50 elementor-top-column elementor-element elementor-element-17365ad\" data-id=\"17365ad\" data-element_type=\"column\">\n\t\t\t<div class=\"elementor-widget-wrap elementor-element-populated\">\n\t\t\t\t\t\t<div class=\"elementor-element elementor-element-0823296 elementor-widget elementor-widget-text-editor\" data-id=\"0823296\" data-element_type=\"widget\" data-widget_type=\"text-editor.default\">\n\t\t\t\t<div class=\"elementor-widget-container\">\n\t\t\t\t\t\t\t<p><strong><a href=\"https:\/\/midasb2b.com\/cat\/singapore\">Solid Twist Chain:<\/a><\/strong> Available in thicknesses ranging from 0.80 mm to 3.90 mm.<\/p><p> <\/p><p><strong><a href=\"https:\/\/midasb2b.com\/cat\/gold-hollow-singapore\">Hollow Twist Chain: <\/a><\/strong>Available in thicknesses ranging from 1.3 mm to 4.80 mm.<\/p><p> <\/p><p>The spiral patterns, with roots tracing back to ancient Greek and Roman cultures, symbolized infinity and continuous motion in these civilizations. In modern times, the Twist Chain blends this historical legacy with contemporary design, offering timeless elegance.<br>For more information about Twist Chains and to place an order, please visit <a href=\"http:\/\/www.midasb2b.com\">www.midasb2b.com<\/a>.  <\/p>\t\t\t\t\t\t<\/div>\n\t\t\t\t<\/div>\n\t\t\t\t\t<\/div>\n\t\t<\/div>\n\t\t\t\t      \r\n            \r\n              \r\n            \r\n            \t\r\n\t\t\t<\/div>\r\n\t\t<\/section>\r\n\t\t\t\t<\/div>\n\t\t","protected":false},"excerpt":{"rendered":"<p>TWIST (Singapore) Chain Twist Chain, also known as the Singapore Chain, is a unique and dynamic chain model that stands out with its distinctive design. The chain gets its name from the twisted shape formed by each link, giving it a captivating spiral appearance. This design adds movement and vibrancy to the chain, allowing light [&hellip;]<\/p>\n","protected":false},"author":4,"featured_media":0,"parent":0,"menu_order":0,"comment_status":"closed","ping_status":"closed","template":"","meta":{"footnotes":""},"class_list":["post-23502","page","type-page","status-publish","hentry"],"yoast_head":"<!-- This site is optimized with the Yoast SEO Premium plugin v23.9 (Yoast SEO v26.8) - https:\/\/yoast.com\/product\/yoast-seo-premium-wordpress\/ -->\n<title>TWIST (Singapore) Chain - M\u0130DAS - The Premier Gold Chain Manufacturer<\/title>\n<meta name=\"description\" content=\"Twist Chain (Singapore Chain) offers an elegant and eye-catching design with its twisted links that shine brilliantly. Add sparkle to your collections with a variety of thickness options!\" \/>\n<meta name=\"robots\" content=\"index, follow, max-snippet:-1, max-image-preview:large, max-video-preview:-1\" \/>\n<link rel=\"canonical\" href=\"https:\/\/midas.com.tr\/en\/twist-singapore-chain\/\" \/>\n<meta property=\"og:locale\" content=\"en_US\" \/>\n<meta property=\"og:type\" content=\"article\" \/>\n<meta property=\"og:title\" content=\"TWIST (Singapore) Chain\" \/>\n<meta property=\"og:description\" content=\"Twist Chain (Singapore Chain) offers an elegant and eye-catching design with its twisted links that shine brilliantly. Add sparkle to your collections with a variety of thickness options!\" \/>\n<meta property=\"og:url\" content=\"https:\/\/midas.com.tr\/en\/twist-singapore-chain\/\" \/>\n<meta property=\"og:site_name\" content=\"M\u0130DAS - The Premier Gold Chain Manufacturer\" \/>\n<meta property=\"article:modified_time\" content=\"2025-09-05T06:56:32+00:00\" \/>\n<meta property=\"og:image\" content=\"https:\/\/midas.com.tr\/wp-content\/uploads\/2024\/12\/twist-chain.jpg\" \/>\n\t<meta property=\"og:image:width\" content=\"2560\" \/>\n\t<meta property=\"og:image:height\" content=\"800\" \/>\n\t<meta property=\"og:image:type\" content=\"image\/jpeg\" \/>\n<meta name=\"twitter:card\" content=\"summary_large_image\" \/>\n<meta name=\"twitter:label1\" content=\"Est. reading time\" \/>\n\t<meta name=\"twitter:data1\" content=\"2 minutes\" \/>\n<script type=\"application\/ld+json\" class=\"yoast-schema-graph\">{\"@context\":\"https:\/\/schema.org\",\"@graph\":[{\"@type\":\"WebPage\",\"@id\":\"https:\/\/midas.com.tr\/en\/twist-singapore-chain\/\",\"url\":\"https:\/\/midas.com.tr\/en\/twist-singapore-chain\/\",\"name\":\"TWIST (Singapore) Chain - M\u0130DAS - The Premier Gold Chain Manufacturer\",\"isPartOf\":{\"@id\":\"https:\/\/midas.com.tr\/en\/#website\"},\"primaryImageOfPage\":{\"@id\":\"https:\/\/midas.com.tr\/en\/twist-singapore-chain\/#primaryimage\"},\"image\":{\"@id\":\"https:\/\/midas.com.tr\/en\/twist-singapore-chain\/#primaryimage\"},\"thumbnailUrl\":\"https:\/\/midas.com.tr\/wp-content\/uploads\/2024\/12\/twist-chain.jpg\",\"datePublished\":\"2024-12-25T10:44:23+00:00\",\"dateModified\":\"2025-09-05T06:56:32+00:00\",\"description\":\"Twist Chain (Singapore Chain) offers an elegant and eye-catching design with its twisted links that shine brilliantly. Add sparkle to your collections with a variety of thickness options!\",\"breadcrumb\":{\"@id\":\"https:\/\/midas.com.tr\/en\/twist-singapore-chain\/#breadcrumb\"},\"inLanguage\":\"en-US\",\"potentialAction\":[{\"@type\":\"ReadAction\",\"target\":[\"https:\/\/midas.com.tr\/en\/twist-singapore-chain\/\"]}]},{\"@type\":\"ImageObject\",\"inLanguage\":\"en-US\",\"@id\":\"https:\/\/midas.com.tr\/en\/twist-singapore-chain\/#primaryimage\",\"url\":\"https:\/\/midas.com.tr\/wp-content\/uploads\/2024\/12\/twist-chain.jpg\",\"contentUrl\":\"https:\/\/midas.com.tr\/wp-content\/uploads\/2024\/12\/twist-chain.jpg\"},{\"@type\":\"BreadcrumbList\",\"@id\":\"https:\/\/midas.com.tr\/en\/twist-singapore-chain\/#breadcrumb\",\"itemListElement\":[{\"@type\":\"ListItem\",\"position\":1,\"name\":\"Home\",\"item\":\"https:\/\/midas.com.tr\/en\/\"},{\"@type\":\"ListItem\",\"position\":2,\"name\":\"TWIST (Singapore) Chain\"}]},{\"@type\":\"WebSite\",\"@id\":\"https:\/\/midas.com.tr\/en\/#website\",\"url\":\"https:\/\/midas.com.tr\/en\/\",\"name\":\"Midas - Birinci S\u0131n\u0131f Alt\u0131n M\u00fccevher ve Zincir \u00dcreticisi\",\"description\":\"Premier Jewelry Company Midas Chain is a manufacturer from USA, with products under the category of fine Jewellery.\",\"publisher\":{\"@id\":\"https:\/\/midas.com.tr\/en\/#organization\"},\"potentialAction\":[{\"@type\":\"SearchAction\",\"target\":{\"@type\":\"EntryPoint\",\"urlTemplate\":\"https:\/\/midas.com.tr\/en\/?s={search_term_string}\"},\"query-input\":{\"@type\":\"PropertyValueSpecification\",\"valueRequired\":true,\"valueName\":\"search_term_string\"}}],\"inLanguage\":\"en-US\"},{\"@type\":\"Organization\",\"@id\":\"https:\/\/midas.com.tr\/en\/#organization\",\"name\":\"Midas -Birinci S\u0131n\u0131f Alt\u0131n M\u00fccevher ve Zincir \u00dcreticisi\",\"url\":\"https:\/\/midas.com.tr\/en\/\",\"logo\":{\"@type\":\"ImageObject\",\"inLanguage\":\"en-US\",\"@id\":\"https:\/\/midas.com.tr\/en\/#\/schema\/logo\/image\/\",\"url\":\"https:\/\/midas.com.tr\/wp-content\/uploads\/2021\/12\/midas-logo.png\",\"contentUrl\":\"https:\/\/midas.com.tr\/wp-content\/uploads\/2021\/12\/midas-logo.png\",\"width\":300,\"height\":106,\"caption\":\"Midas -Birinci S\u0131n\u0131f Alt\u0131n M\u00fccevher ve Zincir \u00dcreticisi\"},\"image\":{\"@id\":\"https:\/\/midas.com.tr\/en\/#\/schema\/logo\/image\/\"}}]}<\/script>\n<!-- \/ Yoast SEO Premium plugin. -->","yoast_head_json":{"title":"TWIST (Singapore) Chain - M\u0130DAS - The Premier Gold Chain Manufacturer","description":"Twist Chain (Singapore Chain) offers an elegant and eye-catching design with its twisted links that shine brilliantly. Add sparkle to your collections with a variety of thickness options!","robots":{"index":"index","follow":"follow","max-snippet":"max-snippet:-1","max-image-preview":"max-image-preview:large","max-video-preview":"max-video-preview:-1"},"canonical":"https:\/\/midas.com.tr\/en\/twist-singapore-chain\/","og_locale":"en_US","og_type":"article","og_title":"TWIST (Singapore) Chain","og_description":"Twist Chain (Singapore Chain) offers an elegant and eye-catching design with its twisted links that shine brilliantly. Add sparkle to your collections with a variety of thickness options!","og_url":"https:\/\/midas.com.tr\/en\/twist-singapore-chain\/","og_site_name":"M\u0130DAS - The Premier Gold Chain Manufacturer","article_modified_time":"2025-09-05T06:56:32+00:00","og_image":[{"width":2560,"height":800,"url":"https:\/\/midas.com.tr\/wp-content\/uploads\/2024\/12\/twist-chain.jpg","type":"image\/jpeg"}],"twitter_card":"summary_large_image","twitter_misc":{"Est. reading time":"2 minutes"},"schema":{"@context":"https:\/\/schema.org","@graph":[{"@type":"WebPage","@id":"https:\/\/midas.com.tr\/en\/twist-singapore-chain\/","url":"https:\/\/midas.com.tr\/en\/twist-singapore-chain\/","name":"TWIST (Singapore) Chain - M\u0130DAS - The Premier Gold Chain Manufacturer","isPartOf":{"@id":"https:\/\/midas.com.tr\/en\/#website"},"primaryImageOfPage":{"@id":"https:\/\/midas.com.tr\/en\/twist-singapore-chain\/#primaryimage"},"image":{"@id":"https:\/\/midas.com.tr\/en\/twist-singapore-chain\/#primaryimage"},"thumbnailUrl":"https:\/\/midas.com.tr\/wp-content\/uploads\/2024\/12\/twist-chain.jpg","datePublished":"2024-12-25T10:44:23+00:00","dateModified":"2025-09-05T06:56:32+00:00","description":"Twist Chain (Singapore Chain) offers an elegant and eye-catching design with its twisted links that shine brilliantly. Add sparkle to your collections with a variety of thickness options!","breadcrumb":{"@id":"https:\/\/midas.com.tr\/en\/twist-singapore-chain\/#breadcrumb"},"inLanguage":"en-US","potentialAction":[{"@type":"ReadAction","target":["https:\/\/midas.com.tr\/en\/twist-singapore-chain\/"]}]},{"@type":"ImageObject","inLanguage":"en-US","@id":"https:\/\/midas.com.tr\/en\/twist-singapore-chain\/#primaryimage","url":"https:\/\/midas.com.tr\/wp-content\/uploads\/2024\/12\/twist-chain.jpg","contentUrl":"https:\/\/midas.com.tr\/wp-content\/uploads\/2024\/12\/twist-chain.jpg"},{"@type":"BreadcrumbList","@id":"https:\/\/midas.com.tr\/en\/twist-singapore-chain\/#breadcrumb","itemListElement":[{"@type":"ListItem","position":1,"name":"Home","item":"https:\/\/midas.com.tr\/en\/"},{"@type":"ListItem","position":2,"name":"TWIST (Singapore) Chain"}]},{"@type":"WebSite","@id":"https:\/\/midas.com.tr\/en\/#website","url":"https:\/\/midas.com.tr\/en\/","name":"Midas - Birinci S\u0131n\u0131f Alt\u0131n M\u00fccevher ve Zincir \u00dcreticisi","description":"Premier Jewelry Company Midas Chain is a manufacturer from USA, with products under the category of fine Jewellery.","publisher":{"@id":"https:\/\/midas.com.tr\/en\/#organization"},"potentialAction":[{"@type":"SearchAction","target":{"@type":"EntryPoint","urlTemplate":"https:\/\/midas.com.tr\/en\/?s={search_term_string}"},"query-input":{"@type":"PropertyValueSpecification","valueRequired":true,"valueName":"search_term_string"}}],"inLanguage":"en-US"},{"@type":"Organization","@id":"https:\/\/midas.com.tr\/en\/#organization","name":"Midas -Birinci S\u0131n\u0131f Alt\u0131n M\u00fccevher ve Zincir \u00dcreticisi","url":"https:\/\/midas.com.tr\/en\/","logo":{"@type":"ImageObject","inLanguage":"en-US","@id":"https:\/\/midas.com.tr\/en\/#\/schema\/logo\/image\/","url":"https:\/\/midas.com.tr\/wp-content\/uploads\/2021\/12\/midas-logo.png","contentUrl":"https:\/\/midas.com.tr\/wp-content\/uploads\/2021\/12\/midas-logo.png","width":300,"height":106,"caption":"Midas -Birinci S\u0131n\u0131f Alt\u0131n M\u00fccevher ve Zincir \u00dcreticisi"},"image":{"@id":"https:\/\/midas.com.tr\/en\/#\/schema\/logo\/image\/"}}]}},"_links":{"self":[{"href":"https:\/\/midas.com.tr\/en\/wp-json\/wp\/v2\/pages\/23502","targetHints":{"allow":["GET"]}}],"collection":[{"href":"https:\/\/midas.com.tr\/en\/wp-json\/wp\/v2\/pages"}],"about":[{"href":"https:\/\/midas.com.tr\/en\/wp-json\/wp\/v2\/types\/page"}],"author":[{"embeddable":true,"href":"https:\/\/midas.com.tr\/en\/wp-json\/wp\/v2\/users\/4"}],"replies":[{"embeddable":true,"href":"https:\/\/midas.com.tr\/en\/wp-json\/wp\/v2\/comments?post=23502"}],"version-history":[{"count":13,"href":"https:\/\/midas.com.tr\/en\/wp-json\/wp\/v2\/pages\/23502\/revisions"}],"predecessor-version":[{"id":25136,"href":"https:\/\/midas.com.tr\/en\/wp-json\/wp\/v2\/pages\/23502\/revisions\/25136"}],"wp:attachment":[{"href":"https:\/\/midas.com.tr\/en\/wp-json\/wp\/v2\/media?parent=23502"}],"curies":[{"name":"wp","href":"https:\/\/api.w.org\/{rel}","templated":true}]}}