{"id":23761,"date":"2025-01-18T10:06:38","date_gmt":"2025-01-18T10:06:38","guid":{"rendered":"https:\/\/midas.com.tr\/midas-showroom\/"},"modified":"2025-09-05T09:02:17","modified_gmt":"2025-09-05T09:02:17","slug":"midas-showroom","status":"publish","type":"page","link":"https:\/\/midas.com.tr\/en\/midas-showroom\/","title":{"rendered":"Midas &#8211; Showroom"},"content":{"rendered":"\t\t<div data-elementor-type=\"wp-page\" data-elementor-id=\"23761\" class=\"elementor elementor-23761 elementor-23700\" data-elementor-post-type=\"page\">\n\t\t\t\t\t\t<section class=\"elementor-section elementor-top-section elementor-element elementor-element-3076aea elementor-section-boxed elementor-section-height-default elementor-section-height-default\" data-id=\"3076aea\" data-element_type=\"section\">\r\n\t\t\t\t\t\t<div class=\"elementor-container elementor-column-gap-default jws_section_\" >\r\n\t\t\t\t<div class=\"elementor-column elementor-col-100 elementor-top-column elementor-element elementor-element-5f1d135\" data-id=\"5f1d135\" data-element_type=\"column\">\n\t\t\t<div class=\"elementor-widget-wrap elementor-element-populated\">\n\t\t\t\t\t\t<div class=\"elementor-element elementor-element-6439c8e elementor-widget elementor-widget-heading\" data-id=\"6439c8e\" data-element_type=\"widget\" data-widget_type=\"heading.default\">\n\t\t\t\t<div class=\"elementor-widget-container\">\n\t\t\t<h1 class=\"elementor-heading-title elementor-size-default\">Midas - Showroom<\/h1>\t\t<\/div>\n\t\t\t\t<\/div>\n\t\t\t\t\t<\/div>\n\t\t<\/div>\n\t\t\t\t      \r\n            \r\n              \r\n            \r\n            \t\r\n\t\t\t<\/div>\r\n\t\t<\/section>\r\n\t\t\t\t<section class=\"elementor-section elementor-top-section elementor-element elementor-element-1752b47 elementor-section-boxed elementor-section-height-default elementor-section-height-default\" data-id=\"1752b47\" data-element_type=\"section\">\r\n\t\t\t\t\t\t<div class=\"elementor-container elementor-column-gap-default jws_section_\" >\r\n\t\t\t\t<div class=\"elementor-column elementor-col-100 elementor-top-column elementor-element elementor-element-e029a12\" data-id=\"e029a12\" data-element_type=\"column\">\n\t\t\t<div class=\"elementor-widget-wrap elementor-element-populated\">\n\t\t\t\t\t\t<div class=\"elementor-element elementor-element-5c74cdc elementor-widget elementor-widget-text-editor\" data-id=\"5c74cdc\" data-element_type=\"widget\" data-widget_type=\"text-editor.default\">\n\t\t\t\t<div class=\"elementor-widget-container\">\n\t\t\t\t\t\t\t<p><strong>Midas <\/strong>store, located in a four-story modern building right next to the Grand Bazaar in Fatih, the historical and commercial heart of Istanbul, proudly showcases its leading position in the industry to its visitors.<br>On the ground floor, we present our exclusive collections, where gold fantasy jewelry meets elegance and aesthetics. The second floor features a diverse selection of solid, hollow, and handcrafted chain models, meticulously crafted to high-quality standards and available in various karat options to suit different preferences.   <\/p>\t\t\t\t\t\t<\/div>\n\t\t\t\t<\/div>\n\t\t\t\t\t<\/div>\n\t\t<\/div>\n\t\t\t\t      \r\n            \r\n              \r\n            \r\n            \t\r\n\t\t\t<\/div>\r\n\t\t<\/section>\r\n\t\t\t\t<section class=\"elementor-section elementor-top-section elementor-element elementor-element-efa5d2d elementor-section-boxed elementor-section-height-default elementor-section-height-default\" data-id=\"efa5d2d\" data-element_type=\"section\">\r\n\t\t\t\t\t\t<div class=\"elementor-container elementor-column-gap-default jws_section_\" >\r\n\t\t\t\t<div class=\"elementor-column elementor-col-33 elementor-top-column elementor-element elementor-element-b237fae\" data-id=\"b237fae\" data-element_type=\"column\">\n\t\t\t<div class=\"elementor-widget-wrap elementor-element-populated\">\n\t\t\t\t\t\t<div class=\"elementor-element elementor-element-9e53196 elementor-widget__width-initial elementor-widget-tablet__width-initial elementor-widget-mobile__width-initial elementor-invisible elementor-widget elementor-widget-image\" data-id=\"9e53196\" data-element_type=\"widget\" data-settings=\"{&quot;_animation&quot;:&quot;fadeInRight&quot;}\" data-widget_type=\"image.default\">\n\t\t\t\t<div class=\"elementor-widget-container\">\n\t\t\t\t\t\t\t\t\t\t\t\t\t<img fetchpriority=\"high\" decoding=\"async\" width=\"1080\" height=\"1518\" src=\"https:\/\/midas.com.tr\/wp-content\/uploads\/2025\/01\/Dis-.jpg\" class=\"attachment-large size-large wp-image-23684\" alt=\"\" srcset=\"https:\/\/midas.com.tr\/wp-content\/uploads\/2025\/01\/Dis-.jpg 1080w, https:\/\/midas.com.tr\/wp-content\/uploads\/2025\/01\/Dis--768x1079.jpg 768w\" sizes=\"(max-width: 1080px) 100vw, 1080px\" \/>\t\t\t\t\t\t\t\t\t\t\t\t\t<\/div>\n\t\t\t\t<\/div>\n\t\t\t\t\t<\/div>\n\t\t<\/div>\n\t\t\t\t<div class=\"elementor-column elementor-col-33 elementor-top-column elementor-element elementor-element-1ab762b\" data-id=\"1ab762b\" data-element_type=\"column\">\n\t\t\t<div class=\"elementor-widget-wrap elementor-element-populated\">\n\t\t\t\t\t\t<div class=\"elementor-element elementor-element-e7563f2 elementor-widget-tablet__width-initial elementor-widget-mobile__width-initial elementor-widget elementor-widget-text-editor\" data-id=\"e7563f2\" data-element_type=\"widget\" data-widget_type=\"text-editor.default\">\n\t\t\t\t<div class=\"elementor-widget-container\">\n\t\t\t\t\t\t\t<p><strong>Midas<\/strong> stands out with its extensive variety of 14K and 22K <strong>gold chains<\/strong> and <strong>fantasy jewelry<\/strong>. Our wide range of products caters to different tastes and styles, ensuring that customers always find alternatives that match their needs. By maintaining a rich inventory, we promptly meet customer demands. Each piece, produced by combining traditional craftsmanship with modern technology, reflects Midas&#8217; expertise and meticulous attention to detail.  <\/p><p>Since 1983, we have been offering our guests not just a shopping experience but a journey built on decades of expertise and trust. With our innovative vision, trendsetting designs, and commitment to customer satisfaction, <strong>Midas <\/strong>continues to deliver excellence in the global jewelry industry. <\/p><p class=\"MsoNormal\"> <\/p>\t\t\t\t\t\t<\/div>\n\t\t\t\t<\/div>\n\t\t\t\t\t<\/div>\n\t\t<\/div>\n\t\t\t\t<div class=\"elementor-column elementor-col-33 elementor-top-column elementor-element elementor-element-b1ad6e9\" data-id=\"b1ad6e9\" data-element_type=\"column\">\n\t\t\t<div class=\"elementor-widget-wrap elementor-element-populated\">\n\t\t\t\t\t\t<div class=\"elementor-element elementor-element-cdeb7a8 elementor-widget__width-initial elementor-widget-tablet__width-initial elementor-widget-mobile__width-initial elementor-invisible elementor-widget elementor-widget-image\" data-id=\"cdeb7a8\" data-element_type=\"widget\" data-settings=\"{&quot;_animation&quot;:&quot;fadeInLeft&quot;}\" data-widget_type=\"image.default\">\n\t\t\t\t<div class=\"elementor-widget-container\">\n\t\t\t\t\t\t\t\t\t\t\t\t\t<img decoding=\"async\" width=\"1080\" height=\"1440\" src=\"https:\/\/midas.com.tr\/wp-content\/uploads\/2022\/01\/Zincir-Giris.avif\" class=\"attachment-large size-large wp-image-23707\" alt=\"\" srcset=\"https:\/\/midas.com.tr\/wp-content\/uploads\/2022\/01\/Zincir-Giris.avif 1080w, https:\/\/midas.com.tr\/wp-content\/uploads\/2022\/01\/Zincir-Giris-768x1024.avif 768w\" sizes=\"(max-width: 1080px) 100vw, 1080px\" \/>\t\t\t\t\t\t\t\t\t\t\t\t\t<\/div>\n\t\t\t\t<\/div>\n\t\t\t\t\t<\/div>\n\t\t<\/div>\n\t\t\t\t      \r\n            \r\n              \r\n            \r\n            \t\r\n\t\t\t<\/div>\r\n\t\t<\/section>\r\n\t\t\t\t<section class=\"elementor-section elementor-top-section elementor-element elementor-element-70ed3fe elementor-section-boxed elementor-section-height-default elementor-section-height-default\" data-id=\"70ed3fe\" data-element_type=\"section\">\r\n\t\t\t\t\t\t<div class=\"elementor-container elementor-column-gap-default jws_section_\" >\r\n\t\t\t\t<div class=\"elementor-column elementor-col-100 elementor-top-column elementor-element elementor-element-ef5e864\" data-id=\"ef5e864\" data-element_type=\"column\">\n\t\t\t<div class=\"elementor-widget-wrap elementor-element-populated\">\n\t\t\t\t\t\t<div class=\"elementor-element elementor-element-ea26bdd elementor-widget elementor-widget-text-editor\" data-id=\"ea26bdd\" data-element_type=\"widget\" data-widget_type=\"text-editor.default\">\n\t\t\t\t<div class=\"elementor-widget-container\">\n\t\t\t\t\t\t\t<p>You can visit our contact page by <a href=\"https:\/\/midas.com.tr\/en\/communication\/\"><b>clicking here<\/b><\/a> to find our store\u2019s full address and contact information.<\/p>\t\t\t\t\t\t<\/div>\n\t\t\t\t<\/div>\n\t\t\t\t\t<\/div>\n\t\t<\/div>\n\t\t\t\t      \r\n            \r\n              \r\n            \r\n            \t\r\n\t\t\t<\/div>\r\n\t\t<\/section>\r\n\t\t\t\t<section class=\"elementor-section elementor-top-section elementor-element elementor-element-a6285d4 elementor-section-boxed elementor-section-height-default elementor-section-height-default\" data-id=\"a6285d4\" data-element_type=\"section\">\r\n\t\t\t\t\t\t<div class=\"elementor-container elementor-column-gap-default jws_section_\" >\r\n\t\t\t\t<div class=\"elementor-column elementor-col-100 elementor-top-column elementor-element elementor-element-b603e69\" data-id=\"b603e69\" data-element_type=\"column\">\n\t\t\t<div class=\"elementor-widget-wrap elementor-element-populated\">\n\t\t\t\t\t\t<div class=\"elementor-element elementor-element-dd2a583 elementor-invisible elementor-widget elementor-widget-gallery\" data-id=\"dd2a583\" data-element_type=\"widget\" data-settings=\"{&quot;gap&quot;:{&quot;unit&quot;:&quot;px&quot;,&quot;size&quot;:7,&quot;sizes&quot;:[]},&quot;_animation&quot;:&quot;slideInUp&quot;,&quot;_animation_mobile&quot;:&quot;none&quot;,&quot;lazyload&quot;:&quot;yes&quot;,&quot;gallery_layout&quot;:&quot;grid&quot;,&quot;columns&quot;:4,&quot;columns_tablet&quot;:2,&quot;columns_mobile&quot;:1,&quot;gap_tablet&quot;:{&quot;unit&quot;:&quot;px&quot;,&quot;size&quot;:10,&quot;sizes&quot;:[]},&quot;gap_mobile&quot;:{&quot;unit&quot;:&quot;px&quot;,&quot;size&quot;:10,&quot;sizes&quot;:[]},&quot;link_to&quot;:&quot;file&quot;,&quot;aspect_ratio&quot;:&quot;3:2&quot;,&quot;overlay_background&quot;:&quot;yes&quot;,&quot;content_hover_animation&quot;:&quot;fade-in&quot;}\" data-widget_type=\"gallery.default\">\n\t\t\t\t<div class=\"elementor-widget-container\">\n\t\t\t\t\t<div class=\"elementor-gallery__container\">\n\t\t\t\t\t\t\t<a class=\"e-gallery-item elementor-gallery-item elementor-animated-content\" href=\"https:\/\/midas.com.tr\/wp-content\/uploads\/2022\/01\/Fantezi-3.avif\" data-elementor-open-lightbox=\"yes\" data-elementor-lightbox-slideshow=\"dd2a583\" data-elementor-lightbox-title=\"Fantezi 3\" data-e-action-hash=\"#elementor-action%3Aaction%3Dlightbox%26settings%3DeyJpZCI6MjM3MDMsInVybCI6Imh0dHBzOlwvXC9taWRhcy5jb20udHJcL3dwLWNvbnRlbnRcL3VwbG9hZHNcLzIwMjJcLzAxXC9GYW50ZXppLTMuYXZpZiIsInNsaWRlc2hvdyI6ImRkMmE1ODMifQ%3D%3D\">\n\t\t\t\t\t<div class=\"e-gallery-image elementor-gallery-item__image\" data-thumbnail=\"https:\/\/midas.com.tr\/wp-content\/uploads\/2022\/01\/Fantezi-3.avif\" data-width=\"1440\" data-height=\"1080\" aria-label=\"\" role=\"img\" ><\/div>\n\t\t\t\t\t\t\t\t\t\t\t<div class=\"elementor-gallery-item__overlay\"><\/div>\n\t\t\t\t\t\t\t\t\t\t\t\t\t\t<\/a>\n\t\t\t\t\t\t\t<a class=\"e-gallery-item elementor-gallery-item elementor-animated-content\" href=\"https:\/\/midas.com.tr\/wp-content\/uploads\/2025\/01\/Vitrin.jpg\" data-elementor-open-lightbox=\"yes\" data-elementor-lightbox-slideshow=\"dd2a583\" data-elementor-lightbox-title=\"Vitrin\" data-e-action-hash=\"#elementor-action%3Aaction%3Dlightbox%26settings%3DeyJpZCI6MjM2ODYsInVybCI6Imh0dHBzOlwvXC9taWRhcy5jb20udHJcL3dwLWNvbnRlbnRcL3VwbG9hZHNcLzIwMjVcLzAxXC9WaXRyaW4uanBnIiwic2xpZGVzaG93IjoiZGQyYTU4MyJ9\">\n\t\t\t\t\t<div class=\"e-gallery-image elementor-gallery-item__image\" data-thumbnail=\"https:\/\/midas.com.tr\/wp-content\/uploads\/2025\/01\/Vitrin.jpg\" data-width=\"1080\" data-height=\"1440\" aria-label=\"\" role=\"img\" ><\/div>\n\t\t\t\t\t\t\t\t\t\t\t<div class=\"elementor-gallery-item__overlay\"><\/div>\n\t\t\t\t\t\t\t\t\t\t\t\t\t\t<\/a>\n\t\t\t\t\t\t\t<a class=\"e-gallery-item elementor-gallery-item elementor-animated-content\" href=\"https:\/\/midas.com.tr\/wp-content\/uploads\/2022\/01\/Zincir-5.avif\" data-elementor-open-lightbox=\"yes\" data-elementor-lightbox-slideshow=\"dd2a583\" data-elementor-lightbox-title=\"Zincir 5\" data-elementor-lightbox-description=\"Midas - Gold Chain Wholesaler\" data-e-action-hash=\"#elementor-action%3Aaction%3Dlightbox%26settings%3DeyJpZCI6MjM3MDUsInVybCI6Imh0dHBzOlwvXC9taWRhcy5jb20udHJcL3dwLWNvbnRlbnRcL3VwbG9hZHNcLzIwMjJcLzAxXC9aaW5jaXItNS5hdmlmIiwic2xpZGVzaG93IjoiZGQyYTU4MyJ9\">\n\t\t\t\t\t<div class=\"e-gallery-image elementor-gallery-item__image\" data-thumbnail=\"https:\/\/midas.com.tr\/wp-content\/uploads\/2022\/01\/Zincir-5.avif\" data-width=\"1440\" data-height=\"1080\" aria-label=\"Gold Chain Wholesaler\" role=\"img\" ><\/div>\n\t\t\t\t\t\t\t\t\t\t\t<div class=\"elementor-gallery-item__overlay\"><\/div>\n\t\t\t\t\t\t\t\t\t\t\t\t\t\t<\/a>\n\t\t\t\t\t\t\t<a class=\"e-gallery-item elementor-gallery-item elementor-animated-content\" href=\"https:\/\/midas.com.tr\/wp-content\/uploads\/2025\/01\/Fantezi-2.avif\" data-elementor-open-lightbox=\"yes\" data-elementor-lightbox-slideshow=\"dd2a583\" data-elementor-lightbox-title=\"Fantezi 2\" data-e-action-hash=\"#elementor-action%3Aaction%3Dlightbox%26settings%3DeyJpZCI6MjM3MzEsInVybCI6Imh0dHBzOlwvXC9taWRhcy5jb20udHJcL3dwLWNvbnRlbnRcL3VwbG9hZHNcLzIwMjVcLzAxXC9GYW50ZXppLTIuYXZpZiIsInNsaWRlc2hvdyI6ImRkMmE1ODMifQ%3D%3D\">\n\t\t\t\t\t<div class=\"e-gallery-image elementor-gallery-item__image\" data-thumbnail=\"https:\/\/midas.com.tr\/wp-content\/uploads\/2025\/01\/Fantezi-2.avif\" data-width=\"1440\" data-height=\"1080\" aria-label=\"\" role=\"img\" ><\/div>\n\t\t\t\t\t\t\t\t\t\t\t<div class=\"elementor-gallery-item__overlay\"><\/div>\n\t\t\t\t\t\t\t\t\t\t\t\t\t\t<\/a>\n\t\t\t\t\t<\/div>\n\t\t\t<\/div>\n\t\t\t\t<\/div>\n\t\t\t\t\t<\/div>\n\t\t<\/div>\n\t\t\t\t      \r\n            \r\n              \r\n            \r\n            \t\r\n\t\t\t<\/div>\r\n\t\t<\/section>\r\n\t\t\t\t<section class=\"elementor-section elementor-top-section elementor-element elementor-element-eae1838 elementor-section-boxed elementor-section-height-default elementor-section-height-default\" data-id=\"eae1838\" data-element_type=\"section\">\r\n\t\t\t\t\t\t<div class=\"elementor-container elementor-column-gap-default jws_section_\" >\r\n\t\t\t\t<div class=\"elementor-column elementor-col-100 elementor-top-column elementor-element elementor-element-9a1eb01\" data-id=\"9a1eb01\" data-element_type=\"column\">\n\t\t\t<div class=\"elementor-widget-wrap elementor-element-populated\">\n\t\t\t\t\t\t<div class=\"elementor-element elementor-element-c029cbc elementor-invisible elementor-widget elementor-widget-image\" data-id=\"c029cbc\" data-element_type=\"widget\" data-settings=\"{&quot;_animation&quot;:&quot;fadeInUp&quot;}\" data-widget_type=\"image.default\">\n\t\t\t\t<div class=\"elementor-widget-container\">\n\t\t\t\t\t\t\t\t\t\t\t\t\t<img decoding=\"async\" width=\"1363\" height=\"609\" src=\"https:\/\/midas.com.tr\/wp-content\/uploads\/2025\/01\/Vitrin-1-kopya.jpg\" class=\"attachment-large size-large wp-image-23711\" alt=\"\" srcset=\"https:\/\/midas.com.tr\/wp-content\/uploads\/2025\/01\/Vitrin-1-kopya.jpg 1363w, https:\/\/midas.com.tr\/wp-content\/uploads\/2025\/01\/Vitrin-1-kopya-768x343.jpg 768w\" sizes=\"(max-width: 1363px) 100vw, 1363px\" \/>\t\t\t\t\t\t\t\t\t\t\t\t\t<\/div>\n\t\t\t\t<\/div>\n\t\t\t\t\t<\/div>\n\t\t<\/div>\n\t\t\t\t      \r\n            \r\n              \r\n            \r\n            \t\r\n\t\t\t<\/div>\r\n\t\t<\/section>\r\n\t\t\t\t<\/div>\n\t\t","protected":false},"excerpt":{"rendered":"<p>Midas &#8211; Showroom Midas store, located in a four-story modern building right next to the Grand Bazaar in Fatih, the historical and commercial heart of Istanbul, proudly showcases its leading position in the industry to its visitors.On the ground floor, we present our exclusive collections, where gold fantasy jewelry meets elegance and aesthetics. The second [&hellip;]<\/p>\n","protected":false},"author":4,"featured_media":0,"parent":0,"menu_order":0,"comment_status":"closed","ping_status":"closed","template":"","meta":{"footnotes":""},"class_list":["post-23761","page","type-page","status-publish","hentry"],"yoast_head":"<!-- This site is optimized with the Yoast SEO Premium plugin v23.9 (Yoast SEO v26.8) - https:\/\/yoast.com\/product\/yoast-seo-premium-wordpress\/ -->\n<title>Midas - Showroom - M\u0130DAS - The Premier Gold Chain Manufacturer<\/title>\n<meta name=\"description\" content=\"Midas wholesale store, located next to the Grand Bazaar, is a leading name in the industry offering 14K and 22K gold chains as well as fantasy jewelry.\" \/>\n<meta name=\"robots\" content=\"index, follow, max-snippet:-1, max-image-preview:large, max-video-preview:-1\" \/>\n<link rel=\"canonical\" href=\"https:\/\/midas.com.tr\/en\/midas-showroom\/\" \/>\n<meta property=\"og:locale\" content=\"en_US\" \/>\n<meta property=\"og:type\" content=\"article\" \/>\n<meta property=\"og:title\" content=\"Midas - Showroom\" \/>\n<meta property=\"og:description\" content=\"Midas wholesale store, located next to the Grand Bazaar, is a leading name in the industry offering 14K and 22K gold chains as well as fantasy jewelry.\" \/>\n<meta property=\"og:url\" content=\"https:\/\/midas.com.tr\/en\/midas-showroom\/\" \/>\n<meta property=\"og:site_name\" content=\"M\u0130DAS - The Premier Gold Chain Manufacturer\" \/>\n<meta property=\"article:modified_time\" content=\"2025-09-05T09:02:17+00:00\" \/>\n<meta property=\"og:image\" content=\"https:\/\/midas.com.tr\/wp-content\/uploads\/2025\/01\/Dis-.jpg\" \/>\n\t<meta property=\"og:image:width\" content=\"1080\" \/>\n\t<meta property=\"og:image:height\" content=\"1518\" \/>\n\t<meta property=\"og:image:type\" content=\"image\/jpeg\" \/>\n<meta name=\"twitter:card\" content=\"summary_large_image\" \/>\n<meta name=\"twitter:label1\" content=\"Est. reading time\" \/>\n\t<meta name=\"twitter:data1\" content=\"2 minutes\" \/>\n<script type=\"application\/ld+json\" class=\"yoast-schema-graph\">{\"@context\":\"https:\/\/schema.org\",\"@graph\":[{\"@type\":\"WebPage\",\"@id\":\"https:\/\/midas.com.tr\/en\/midas-showroom\/\",\"url\":\"https:\/\/midas.com.tr\/en\/midas-showroom\/\",\"name\":\"Midas - Showroom - M\u0130DAS - The Premier Gold Chain Manufacturer\",\"isPartOf\":{\"@id\":\"https:\/\/midas.com.tr\/en\/#website\"},\"primaryImageOfPage\":{\"@id\":\"https:\/\/midas.com.tr\/en\/midas-showroom\/#primaryimage\"},\"image\":{\"@id\":\"https:\/\/midas.com.tr\/en\/midas-showroom\/#primaryimage\"},\"thumbnailUrl\":\"https:\/\/midas.com.tr\/wp-content\/uploads\/2025\/01\/Dis-.jpg\",\"datePublished\":\"2025-01-18T10:06:38+00:00\",\"dateModified\":\"2025-09-05T09:02:17+00:00\",\"description\":\"Midas wholesale store, located next to the Grand Bazaar, is a leading name in the industry offering 14K and 22K gold chains as well as fantasy jewelry.\",\"breadcrumb\":{\"@id\":\"https:\/\/midas.com.tr\/en\/midas-showroom\/#breadcrumb\"},\"inLanguage\":\"en-US\",\"potentialAction\":[{\"@type\":\"ReadAction\",\"target\":[\"https:\/\/midas.com.tr\/en\/midas-showroom\/\"]}]},{\"@type\":\"ImageObject\",\"inLanguage\":\"en-US\",\"@id\":\"https:\/\/midas.com.tr\/en\/midas-showroom\/#primaryimage\",\"url\":\"https:\/\/midas.com.tr\/wp-content\/uploads\/2025\/01\/Dis-.jpg\",\"contentUrl\":\"https:\/\/midas.com.tr\/wp-content\/uploads\/2025\/01\/Dis-.jpg\"},{\"@type\":\"BreadcrumbList\",\"@id\":\"https:\/\/midas.com.tr\/en\/midas-showroom\/#breadcrumb\",\"itemListElement\":[{\"@type\":\"ListItem\",\"position\":1,\"name\":\"Home\",\"item\":\"https:\/\/midas.com.tr\/en\/\"},{\"@type\":\"ListItem\",\"position\":2,\"name\":\"Midas &#8211; Showroom\"}]},{\"@type\":\"WebSite\",\"@id\":\"https:\/\/midas.com.tr\/en\/#website\",\"url\":\"https:\/\/midas.com.tr\/en\/\",\"name\":\"Midas - Birinci S\u0131n\u0131f Alt\u0131n M\u00fccevher ve Zincir \u00dcreticisi\",\"description\":\"Premier Jewelry Company Midas Chain is a manufacturer from USA, with products under the category of fine Jewellery.\",\"publisher\":{\"@id\":\"https:\/\/midas.com.tr\/en\/#organization\"},\"potentialAction\":[{\"@type\":\"SearchAction\",\"target\":{\"@type\":\"EntryPoint\",\"urlTemplate\":\"https:\/\/midas.com.tr\/en\/?s={search_term_string}\"},\"query-input\":{\"@type\":\"PropertyValueSpecification\",\"valueRequired\":true,\"valueName\":\"search_term_string\"}}],\"inLanguage\":\"en-US\"},{\"@type\":\"Organization\",\"@id\":\"https:\/\/midas.com.tr\/en\/#organization\",\"name\":\"Midas -Birinci S\u0131n\u0131f Alt\u0131n M\u00fccevher ve Zincir \u00dcreticisi\",\"url\":\"https:\/\/midas.com.tr\/en\/\",\"logo\":{\"@type\":\"ImageObject\",\"inLanguage\":\"en-US\",\"@id\":\"https:\/\/midas.com.tr\/en\/#\/schema\/logo\/image\/\",\"url\":\"https:\/\/midas.com.tr\/wp-content\/uploads\/2021\/12\/midas-logo.png\",\"contentUrl\":\"https:\/\/midas.com.tr\/wp-content\/uploads\/2021\/12\/midas-logo.png\",\"width\":300,\"height\":106,\"caption\":\"Midas -Birinci S\u0131n\u0131f Alt\u0131n M\u00fccevher ve Zincir \u00dcreticisi\"},\"image\":{\"@id\":\"https:\/\/midas.com.tr\/en\/#\/schema\/logo\/image\/\"}}]}<\/script>\n<!-- \/ Yoast SEO Premium plugin. -->","yoast_head_json":{"title":"Midas - Showroom - M\u0130DAS - The Premier Gold Chain Manufacturer","description":"Midas wholesale store, located next to the Grand Bazaar, is a leading name in the industry offering 14K and 22K gold chains as well as fantasy jewelry.","robots":{"index":"index","follow":"follow","max-snippet":"max-snippet:-1","max-image-preview":"max-image-preview:large","max-video-preview":"max-video-preview:-1"},"canonical":"https:\/\/midas.com.tr\/en\/midas-showroom\/","og_locale":"en_US","og_type":"article","og_title":"Midas - Showroom","og_description":"Midas wholesale store, located next to the Grand Bazaar, is a leading name in the industry offering 14K and 22K gold chains as well as fantasy jewelry.","og_url":"https:\/\/midas.com.tr\/en\/midas-showroom\/","og_site_name":"M\u0130DAS - The Premier Gold Chain Manufacturer","article_modified_time":"2025-09-05T09:02:17+00:00","og_image":[{"width":1080,"height":1518,"url":"https:\/\/midas.com.tr\/wp-content\/uploads\/2025\/01\/Dis-.jpg","type":"image\/jpeg"}],"twitter_card":"summary_large_image","twitter_misc":{"Est. reading time":"2 minutes"},"schema":{"@context":"https:\/\/schema.org","@graph":[{"@type":"WebPage","@id":"https:\/\/midas.com.tr\/en\/midas-showroom\/","url":"https:\/\/midas.com.tr\/en\/midas-showroom\/","name":"Midas - Showroom - M\u0130DAS - The Premier Gold Chain Manufacturer","isPartOf":{"@id":"https:\/\/midas.com.tr\/en\/#website"},"primaryImageOfPage":{"@id":"https:\/\/midas.com.tr\/en\/midas-showroom\/#primaryimage"},"image":{"@id":"https:\/\/midas.com.tr\/en\/midas-showroom\/#primaryimage"},"thumbnailUrl":"https:\/\/midas.com.tr\/wp-content\/uploads\/2025\/01\/Dis-.jpg","datePublished":"2025-01-18T10:06:38+00:00","dateModified":"2025-09-05T09:02:17+00:00","description":"Midas wholesale store, located next to the Grand Bazaar, is a leading name in the industry offering 14K and 22K gold chains as well as fantasy jewelry.","breadcrumb":{"@id":"https:\/\/midas.com.tr\/en\/midas-showroom\/#breadcrumb"},"inLanguage":"en-US","potentialAction":[{"@type":"ReadAction","target":["https:\/\/midas.com.tr\/en\/midas-showroom\/"]}]},{"@type":"ImageObject","inLanguage":"en-US","@id":"https:\/\/midas.com.tr\/en\/midas-showroom\/#primaryimage","url":"https:\/\/midas.com.tr\/wp-content\/uploads\/2025\/01\/Dis-.jpg","contentUrl":"https:\/\/midas.com.tr\/wp-content\/uploads\/2025\/01\/Dis-.jpg"},{"@type":"BreadcrumbList","@id":"https:\/\/midas.com.tr\/en\/midas-showroom\/#breadcrumb","itemListElement":[{"@type":"ListItem","position":1,"name":"Home","item":"https:\/\/midas.com.tr\/en\/"},{"@type":"ListItem","position":2,"name":"Midas &#8211; Showroom"}]},{"@type":"WebSite","@id":"https:\/\/midas.com.tr\/en\/#website","url":"https:\/\/midas.com.tr\/en\/","name":"Midas - Birinci S\u0131n\u0131f Alt\u0131n M\u00fccevher ve Zincir \u00dcreticisi","description":"Premier Jewelry Company Midas Chain is a manufacturer from USA, with products under the category of fine Jewellery.","publisher":{"@id":"https:\/\/midas.com.tr\/en\/#organization"},"potentialAction":[{"@type":"SearchAction","target":{"@type":"EntryPoint","urlTemplate":"https:\/\/midas.com.tr\/en\/?s={search_term_string}"},"query-input":{"@type":"PropertyValueSpecification","valueRequired":true,"valueName":"search_term_string"}}],"inLanguage":"en-US"},{"@type":"Organization","@id":"https:\/\/midas.com.tr\/en\/#organization","name":"Midas -Birinci S\u0131n\u0131f Alt\u0131n M\u00fccevher ve Zincir \u00dcreticisi","url":"https:\/\/midas.com.tr\/en\/","logo":{"@type":"ImageObject","inLanguage":"en-US","@id":"https:\/\/midas.com.tr\/en\/#\/schema\/logo\/image\/","url":"https:\/\/midas.com.tr\/wp-content\/uploads\/2021\/12\/midas-logo.png","contentUrl":"https:\/\/midas.com.tr\/wp-content\/uploads\/2021\/12\/midas-logo.png","width":300,"height":106,"caption":"Midas -Birinci S\u0131n\u0131f Alt\u0131n M\u00fccevher ve Zincir \u00dcreticisi"},"image":{"@id":"https:\/\/midas.com.tr\/en\/#\/schema\/logo\/image\/"}}]}},"_links":{"self":[{"href":"https:\/\/midas.com.tr\/en\/wp-json\/wp\/v2\/pages\/23761","targetHints":{"allow":["GET"]}}],"collection":[{"href":"https:\/\/midas.com.tr\/en\/wp-json\/wp\/v2\/pages"}],"about":[{"href":"https:\/\/midas.com.tr\/en\/wp-json\/wp\/v2\/types\/page"}],"author":[{"embeddable":true,"href":"https:\/\/midas.com.tr\/en\/wp-json\/wp\/v2\/users\/4"}],"replies":[{"embeddable":true,"href":"https:\/\/midas.com.tr\/en\/wp-json\/wp\/v2\/comments?post=23761"}],"version-history":[{"count":4,"href":"https:\/\/midas.com.tr\/en\/wp-json\/wp\/v2\/pages\/23761\/revisions"}],"predecessor-version":[{"id":25186,"href":"https:\/\/midas.com.tr\/en\/wp-json\/wp\/v2\/pages\/23761\/revisions\/25186"}],"wp:attachment":[{"href":"https:\/\/midas.com.tr\/en\/wp-json\/wp\/v2\/media?parent=23761"}],"curies":[{"name":"wp","href":"https:\/\/api.w.org\/{rel}","templated":true}]}}