{"id":24123,"date":"2025-03-07T08:32:18","date_gmt":"2025-03-07T08:32:18","guid":{"rendered":"https:\/\/midas.com.tr\/gold-box-chain\/"},"modified":"2025-09-05T07:54:21","modified_gmt":"2025-09-05T07:54:21","slug":"gold-box-chain","status":"publish","type":"page","link":"https:\/\/midas.com.tr\/en\/gold-box-chain\/","title":{"rendered":"Gold Box Chain"},"content":{"rendered":"\t\t<div data-elementor-type=\"wp-page\" data-elementor-id=\"24123\" class=\"elementor elementor-24123 elementor-24103\" data-elementor-post-type=\"page\">\n\t\t\t\t\t\t<section class=\"elementor-section elementor-top-section elementor-element elementor-element-7d0f632 elementor-section-boxed elementor-section-height-default elementor-section-height-default\" data-id=\"7d0f632\" data-element_type=\"section\">\r\n\t\t\t\t\t\t<div class=\"elementor-container elementor-column-gap-default jws_section_\" >\r\n\t\t\t\t<div class=\"elementor-column elementor-col-100 elementor-top-column elementor-element elementor-element-a3d5c24\" data-id=\"a3d5c24\" data-element_type=\"column\">\n\t\t\t<div class=\"elementor-widget-wrap elementor-element-populated\">\n\t\t\t\t\t\t<div class=\"elementor-element elementor-element-dee818a elementor-widget elementor-widget-heading\" data-id=\"dee818a\" data-element_type=\"widget\" data-widget_type=\"heading.default\">\n\t\t\t\t<div class=\"elementor-widget-container\">\n\t\t\t<h1 class=\"elementor-heading-title elementor-size-default\">Gold Box Chain<\/h1>\t\t<\/div>\n\t\t\t\t<\/div>\n\t\t\t\t\t<\/div>\n\t\t<\/div>\n\t\t\t\t      \r\n            \r\n              \r\n            \r\n            \t\r\n\t\t\t<\/div>\r\n\t\t<\/section>\r\n\t\t\t\t<section class=\"elementor-section elementor-top-section elementor-element elementor-element-71b4e62 elementor-section-boxed elementor-section-height-default elementor-section-height-default\" data-id=\"71b4e62\" data-element_type=\"section\">\r\n\t\t\t\t\t\t<div class=\"elementor-container elementor-column-gap-default jws_section_\" >\r\n\t\t\t\t<div class=\"elementor-column elementor-col-100 elementor-top-column elementor-element elementor-element-bcf0dce\" data-id=\"bcf0dce\" data-element_type=\"column\">\n\t\t\t<div class=\"elementor-widget-wrap elementor-element-populated\">\n\t\t\t\t\t\t<div class=\"elementor-element elementor-element-ef126e8 elementor-widget elementor-widget-image\" data-id=\"ef126e8\" data-element_type=\"widget\" data-widget_type=\"image.default\">\n\t\t\t\t<div class=\"elementor-widget-container\">\n\t\t\t\t\t\t\t\t\t\t\t\t\t<img fetchpriority=\"high\" decoding=\"async\" width=\"1376\" height=\"430\" src=\"https:\/\/midas.com.tr\/wp-content\/uploads\/2025\/03\/Kup-Zincir.avif\" class=\"attachment-large size-large wp-image-24108\" alt=\"Premier Gold Jewelry and Chain Manufacturer\" srcset=\"https:\/\/midas.com.tr\/wp-content\/uploads\/2025\/03\/Kup-Zincir.avif 1376w, https:\/\/midas.com.tr\/wp-content\/uploads\/2025\/03\/Kup-Zincir-768x240.avif 768w\" sizes=\"(max-width: 1376px) 100vw, 1376px\" \/>\t\t\t\t\t\t\t\t\t\t\t\t\t<\/div>\n\t\t\t\t<\/div>\n\t\t\t\t\t<\/div>\n\t\t<\/div>\n\t\t\t\t      \r\n            \r\n              \r\n            \r\n            \t\r\n\t\t\t<\/div>\r\n\t\t<\/section>\r\n\t\t\t\t<section class=\"elementor-section elementor-top-section elementor-element elementor-element-438e343 elementor-section-boxed elementor-section-height-default elementor-section-height-default\" data-id=\"438e343\" data-element_type=\"section\">\r\n\t\t\t\t\t\t<div class=\"elementor-container elementor-column-gap-default jws_section_\" >\r\n\t\t\t\t<div class=\"elementor-column elementor-col-100 elementor-top-column elementor-element elementor-element-923307f\" data-id=\"923307f\" data-element_type=\"column\">\n\t\t\t<div class=\"elementor-widget-wrap elementor-element-populated\">\n\t\t\t\t\t\t<div class=\"elementor-element elementor-element-bbe9ba3 elementor-widget elementor-widget-text-editor\" data-id=\"bbe9ba3\" data-element_type=\"widget\" data-widget_type=\"text-editor.default\">\n\t\t\t\t<div class=\"elementor-widget-container\">\n\t\t\t\t\t\t\t<p class=\"MsoNormal\">The <b>Box Chain<\/b> is a perfect example of modern and geometric design. As the name suggests, each link is box-shaped, giving the chain a unique three-dimensional appearance. With its sharp lines and symmetrical structure, this model reflects minimalism and modern aesthetics. Combining elegance and simplicity, the <b>Box Chain<\/b> stands out as a stylish choice for both everyday wear and special occasions.<br>From a design perspective, the Box Chain represents a fusion of past and present. Throughout history, box and square shapes have symbolized admiration for geometry and order. Today, these historical inspirations are reinterpreted in modern jewelry design, creating a contemporary touch.     <\/p>\t\t\t\t\t\t<\/div>\n\t\t\t\t<\/div>\n\t\t\t\t\t<\/div>\n\t\t<\/div>\n\t\t\t\t      \r\n            \r\n              \r\n            \r\n            \t\r\n\t\t\t<\/div>\r\n\t\t<\/section>\r\n\t\t\t\t<section class=\"elementor-section elementor-top-section elementor-element elementor-element-8d80ec7 elementor-section-boxed elementor-section-height-default elementor-section-height-default\" data-id=\"8d80ec7\" data-element_type=\"section\">\r\n\t\t\t\t\t\t<div class=\"elementor-container elementor-column-gap-default jws_section_\" >\r\n\t\t\t\t<div class=\"elementor-column elementor-col-50 elementor-top-column elementor-element elementor-element-b81d87f\" data-id=\"b81d87f\" data-element_type=\"column\">\n\t\t\t<div class=\"elementor-widget-wrap elementor-element-populated\">\n\t\t\t\t\t\t<div class=\"elementor-element elementor-element-7047bfb elementor-widget elementor-widget-image\" data-id=\"7047bfb\" data-element_type=\"widget\" data-widget_type=\"image.default\">\n\t\t\t\t<div class=\"elementor-widget-container\">\n\t\t\t\t\t\t\t\t\t\t\t\t\t<img decoding=\"async\" width=\"1080\" height=\"1080\" src=\"https:\/\/midas.com.tr\/wp-content\/uploads\/2025\/03\/Altin-Kup-Zincir.avif\" class=\"attachment-large size-large wp-image-24110\" alt=\"Gold Box Chain - Premier Gold Jewelry and Chain Manufacturer\" srcset=\"https:\/\/midas.com.tr\/wp-content\/uploads\/2025\/03\/Altin-Kup-Zincir.avif 1080w, https:\/\/midas.com.tr\/wp-content\/uploads\/2025\/03\/Altin-Kup-Zincir-768x768.avif 768w\" sizes=\"(max-width: 1080px) 100vw, 1080px\" \/>\t\t\t\t\t\t\t\t\t\t\t\t\t<\/div>\n\t\t\t\t<\/div>\n\t\t\t\t\t<\/div>\n\t\t<\/div>\n\t\t\t\t<div class=\"elementor-column elementor-col-50 elementor-top-column elementor-element elementor-element-d220c62\" data-id=\"d220c62\" data-element_type=\"column\">\n\t\t\t<div class=\"elementor-widget-wrap elementor-element-populated\">\n\t\t\t\t\t\t<div class=\"elementor-element elementor-element-2f3b064 elementor-widget elementor-widget-text-editor\" data-id=\"2f3b064\" data-element_type=\"widget\" data-widget_type=\"text-editor.default\">\n\t\t\t\t<div class=\"elementor-widget-container\">\n\t\t\t\t\t\t\t<p><strong>The Box Chain<\/strong> is available in both hollow and solid models, offering a variety of thicknesses and lengths. It can be produced in any desired karat and size, either as a finished product or by the meter.<\/p><p> <\/p><ul><li><a href=\"https:\/\/midasb2b.com\/cat\/gold-hollow-box\"><strong>Hollow Cube Chain:<\/strong><\/a> Different thickness options from 1.00 mm to 5.00 mm.<\/li><\/ul><p> <\/p><ul><li><a href=\"https:\/\/midasb2b.com\/cat\/gold-box\"><strong>Solid Cube Chain:<\/strong><\/a> Different thickness options from 0.42 mm to 4.95 mm.<\/li><\/ul><p> <\/p><p>At Midas, we produce B<b>ox Chains<\/b> with the highest craftsmanship in the requested karat and color options. With its elegant and innovative design, the Box Chain is an ideal choice for wholesale partners looking for a sophisticated and modern touch.<br>To explore our full range of Box Chain models and collaborate with us, we invite wholesale businesses to visit our B2B platform: <a href=\"http:\/\/www.midasb2b.com\">www.midasb2b.com<\/a>.  <\/p>\t\t\t\t\t\t<\/div>\n\t\t\t\t<\/div>\n\t\t\t\t\t<\/div>\n\t\t<\/div>\n\t\t\t\t      \r\n            \r\n              \r\n            \r\n            \t\r\n\t\t\t<\/div>\r\n\t\t<\/section>\r\n\t\t\t\t<\/div>\n\t\t","protected":false},"excerpt":{"rendered":"<p>Gold Box Chain The Box Chain is a perfect example of modern and geometric design. As the name suggests, each link is box-shaped, giving the chain a unique three-dimensional appearance. With its sharp lines and symmetrical structure, this model reflects minimalism and modern aesthetics. Combining elegance and simplicity, the Box Chain stands out as a [&hellip;]<\/p>\n","protected":false},"author":4,"featured_media":0,"parent":0,"menu_order":0,"comment_status":"closed","ping_status":"closed","template":"","meta":{"footnotes":""},"class_list":["post-24123","page","type-page","status-publish","hentry"],"yoast_head":"<!-- This site is optimized with the Yoast SEO Premium plugin v23.9 (Yoast SEO v26.8) - https:\/\/yoast.com\/product\/yoast-seo-premium-wordpress\/ -->\n<title>Gold Box Chain - M\u0130DAS - The Premier Gold Chain Manufacturer<\/title>\n<meta name=\"description\" content=\"Gold Herringbone Chain offers a sleek and flexible design with a refined structure and a radiant finish. Available in various thicknesses, lengths, and colors, it is an ideal choice for jewelers.\" \/>\n<meta name=\"robots\" content=\"index, follow, max-snippet:-1, max-image-preview:large, max-video-preview:-1\" \/>\n<link rel=\"canonical\" href=\"https:\/\/midas.com.tr\/en\/gold-box-chain\/\" \/>\n<meta property=\"og:locale\" content=\"en_US\" \/>\n<meta property=\"og:type\" content=\"article\" \/>\n<meta property=\"og:title\" content=\"Gold Box Chain\" \/>\n<meta property=\"og:description\" content=\"Gold Herringbone Chain offers a sleek and flexible design with a refined structure and a radiant finish. Available in various thicknesses, lengths, and colors, it is an ideal choice for jewelers.\" \/>\n<meta property=\"og:url\" content=\"https:\/\/midas.com.tr\/en\/gold-box-chain\/\" \/>\n<meta property=\"og:site_name\" content=\"M\u0130DAS - The Premier Gold Chain Manufacturer\" \/>\n<meta property=\"article:modified_time\" content=\"2025-09-05T07:54:21+00:00\" \/>\n<meta name=\"twitter:card\" content=\"summary_large_image\" \/>\n<meta name=\"twitter:label1\" content=\"Est. reading time\" \/>\n\t<meta name=\"twitter:data1\" content=\"2 minutes\" \/>\n<script type=\"application\/ld+json\" class=\"yoast-schema-graph\">{\"@context\":\"https:\/\/schema.org\",\"@graph\":[{\"@type\":\"WebPage\",\"@id\":\"https:\/\/midas.com.tr\/en\/gold-box-chain\/\",\"url\":\"https:\/\/midas.com.tr\/en\/gold-box-chain\/\",\"name\":\"Gold Box Chain - M\u0130DAS - The Premier Gold Chain Manufacturer\",\"isPartOf\":{\"@id\":\"https:\/\/midas.com.tr\/en\/#website\"},\"primaryImageOfPage\":{\"@id\":\"https:\/\/midas.com.tr\/en\/gold-box-chain\/#primaryimage\"},\"image\":{\"@id\":\"https:\/\/midas.com.tr\/en\/gold-box-chain\/#primaryimage\"},\"thumbnailUrl\":\"https:\/\/midas.com.tr\/wp-content\/uploads\/2025\/03\/Kup-Zincir.avif\",\"datePublished\":\"2025-03-07T08:32:18+00:00\",\"dateModified\":\"2025-09-05T07:54:21+00:00\",\"description\":\"Gold Herringbone Chain offers a sleek and flexible design with a refined structure and a radiant finish. Available in various thicknesses, lengths, and colors, it is an ideal choice for jewelers.\",\"breadcrumb\":{\"@id\":\"https:\/\/midas.com.tr\/en\/gold-box-chain\/#breadcrumb\"},\"inLanguage\":\"en-US\",\"potentialAction\":[{\"@type\":\"ReadAction\",\"target\":[\"https:\/\/midas.com.tr\/en\/gold-box-chain\/\"]}]},{\"@type\":\"ImageObject\",\"inLanguage\":\"en-US\",\"@id\":\"https:\/\/midas.com.tr\/en\/gold-box-chain\/#primaryimage\",\"url\":\"https:\/\/midas.com.tr\/wp-content\/uploads\/2025\/03\/Kup-Zincir.avif\",\"contentUrl\":\"https:\/\/midas.com.tr\/wp-content\/uploads\/2025\/03\/Kup-Zincir.avif\"},{\"@type\":\"BreadcrumbList\",\"@id\":\"https:\/\/midas.com.tr\/en\/gold-box-chain\/#breadcrumb\",\"itemListElement\":[{\"@type\":\"ListItem\",\"position\":1,\"name\":\"Home\",\"item\":\"https:\/\/midas.com.tr\/en\/\"},{\"@type\":\"ListItem\",\"position\":2,\"name\":\"Gold Box Chain\"}]},{\"@type\":\"WebSite\",\"@id\":\"https:\/\/midas.com.tr\/en\/#website\",\"url\":\"https:\/\/midas.com.tr\/en\/\",\"name\":\"Midas - Birinci S\u0131n\u0131f Alt\u0131n M\u00fccevher ve Zincir \u00dcreticisi\",\"description\":\"Premier Jewelry Company Midas Chain is a manufacturer from USA, with products under the category of fine Jewellery.\",\"publisher\":{\"@id\":\"https:\/\/midas.com.tr\/en\/#organization\"},\"potentialAction\":[{\"@type\":\"SearchAction\",\"target\":{\"@type\":\"EntryPoint\",\"urlTemplate\":\"https:\/\/midas.com.tr\/en\/?s={search_term_string}\"},\"query-input\":{\"@type\":\"PropertyValueSpecification\",\"valueRequired\":true,\"valueName\":\"search_term_string\"}}],\"inLanguage\":\"en-US\"},{\"@type\":\"Organization\",\"@id\":\"https:\/\/midas.com.tr\/en\/#organization\",\"name\":\"Midas -Birinci S\u0131n\u0131f Alt\u0131n M\u00fccevher ve Zincir \u00dcreticisi\",\"url\":\"https:\/\/midas.com.tr\/en\/\",\"logo\":{\"@type\":\"ImageObject\",\"inLanguage\":\"en-US\",\"@id\":\"https:\/\/midas.com.tr\/en\/#\/schema\/logo\/image\/\",\"url\":\"https:\/\/midas.com.tr\/wp-content\/uploads\/2021\/12\/midas-logo.png\",\"contentUrl\":\"https:\/\/midas.com.tr\/wp-content\/uploads\/2021\/12\/midas-logo.png\",\"width\":300,\"height\":106,\"caption\":\"Midas -Birinci S\u0131n\u0131f Alt\u0131n M\u00fccevher ve Zincir \u00dcreticisi\"},\"image\":{\"@id\":\"https:\/\/midas.com.tr\/en\/#\/schema\/logo\/image\/\"}}]}<\/script>\n<!-- \/ Yoast SEO Premium plugin. -->","yoast_head_json":{"title":"Gold Box Chain - M\u0130DAS - The Premier Gold Chain Manufacturer","description":"Gold Herringbone Chain offers a sleek and flexible design with a refined structure and a radiant finish. Available in various thicknesses, lengths, and colors, it is an ideal choice for jewelers.","robots":{"index":"index","follow":"follow","max-snippet":"max-snippet:-1","max-image-preview":"max-image-preview:large","max-video-preview":"max-video-preview:-1"},"canonical":"https:\/\/midas.com.tr\/en\/gold-box-chain\/","og_locale":"en_US","og_type":"article","og_title":"Gold Box Chain","og_description":"Gold Herringbone Chain offers a sleek and flexible design with a refined structure and a radiant finish. Available in various thicknesses, lengths, and colors, it is an ideal choice for jewelers.","og_url":"https:\/\/midas.com.tr\/en\/gold-box-chain\/","og_site_name":"M\u0130DAS - The Premier Gold Chain Manufacturer","article_modified_time":"2025-09-05T07:54:21+00:00","twitter_card":"summary_large_image","twitter_misc":{"Est. reading time":"2 minutes"},"schema":{"@context":"https:\/\/schema.org","@graph":[{"@type":"WebPage","@id":"https:\/\/midas.com.tr\/en\/gold-box-chain\/","url":"https:\/\/midas.com.tr\/en\/gold-box-chain\/","name":"Gold Box Chain - M\u0130DAS - The Premier Gold Chain Manufacturer","isPartOf":{"@id":"https:\/\/midas.com.tr\/en\/#website"},"primaryImageOfPage":{"@id":"https:\/\/midas.com.tr\/en\/gold-box-chain\/#primaryimage"},"image":{"@id":"https:\/\/midas.com.tr\/en\/gold-box-chain\/#primaryimage"},"thumbnailUrl":"https:\/\/midas.com.tr\/wp-content\/uploads\/2025\/03\/Kup-Zincir.avif","datePublished":"2025-03-07T08:32:18+00:00","dateModified":"2025-09-05T07:54:21+00:00","description":"Gold Herringbone Chain offers a sleek and flexible design with a refined structure and a radiant finish. Available in various thicknesses, lengths, and colors, it is an ideal choice for jewelers.","breadcrumb":{"@id":"https:\/\/midas.com.tr\/en\/gold-box-chain\/#breadcrumb"},"inLanguage":"en-US","potentialAction":[{"@type":"ReadAction","target":["https:\/\/midas.com.tr\/en\/gold-box-chain\/"]}]},{"@type":"ImageObject","inLanguage":"en-US","@id":"https:\/\/midas.com.tr\/en\/gold-box-chain\/#primaryimage","url":"https:\/\/midas.com.tr\/wp-content\/uploads\/2025\/03\/Kup-Zincir.avif","contentUrl":"https:\/\/midas.com.tr\/wp-content\/uploads\/2025\/03\/Kup-Zincir.avif"},{"@type":"BreadcrumbList","@id":"https:\/\/midas.com.tr\/en\/gold-box-chain\/#breadcrumb","itemListElement":[{"@type":"ListItem","position":1,"name":"Home","item":"https:\/\/midas.com.tr\/en\/"},{"@type":"ListItem","position":2,"name":"Gold Box Chain"}]},{"@type":"WebSite","@id":"https:\/\/midas.com.tr\/en\/#website","url":"https:\/\/midas.com.tr\/en\/","name":"Midas - Birinci S\u0131n\u0131f Alt\u0131n M\u00fccevher ve Zincir \u00dcreticisi","description":"Premier Jewelry Company Midas Chain is a manufacturer from USA, with products under the category of fine Jewellery.","publisher":{"@id":"https:\/\/midas.com.tr\/en\/#organization"},"potentialAction":[{"@type":"SearchAction","target":{"@type":"EntryPoint","urlTemplate":"https:\/\/midas.com.tr\/en\/?s={search_term_string}"},"query-input":{"@type":"PropertyValueSpecification","valueRequired":true,"valueName":"search_term_string"}}],"inLanguage":"en-US"},{"@type":"Organization","@id":"https:\/\/midas.com.tr\/en\/#organization","name":"Midas -Birinci S\u0131n\u0131f Alt\u0131n M\u00fccevher ve Zincir \u00dcreticisi","url":"https:\/\/midas.com.tr\/en\/","logo":{"@type":"ImageObject","inLanguage":"en-US","@id":"https:\/\/midas.com.tr\/en\/#\/schema\/logo\/image\/","url":"https:\/\/midas.com.tr\/wp-content\/uploads\/2021\/12\/midas-logo.png","contentUrl":"https:\/\/midas.com.tr\/wp-content\/uploads\/2021\/12\/midas-logo.png","width":300,"height":106,"caption":"Midas -Birinci S\u0131n\u0131f Alt\u0131n M\u00fccevher ve Zincir \u00dcreticisi"},"image":{"@id":"https:\/\/midas.com.tr\/en\/#\/schema\/logo\/image\/"}}]}},"_links":{"self":[{"href":"https:\/\/midas.com.tr\/en\/wp-json\/wp\/v2\/pages\/24123","targetHints":{"allow":["GET"]}}],"collection":[{"href":"https:\/\/midas.com.tr\/en\/wp-json\/wp\/v2\/pages"}],"about":[{"href":"https:\/\/midas.com.tr\/en\/wp-json\/wp\/v2\/types\/page"}],"author":[{"embeddable":true,"href":"https:\/\/midas.com.tr\/en\/wp-json\/wp\/v2\/users\/4"}],"replies":[{"embeddable":true,"href":"https:\/\/midas.com.tr\/en\/wp-json\/wp\/v2\/comments?post=24123"}],"version-history":[{"count":9,"href":"https:\/\/midas.com.tr\/en\/wp-json\/wp\/v2\/pages\/24123\/revisions"}],"predecessor-version":[{"id":25159,"href":"https:\/\/midas.com.tr\/en\/wp-json\/wp\/v2\/pages\/24123\/revisions\/25159"}],"wp:attachment":[{"href":"https:\/\/midas.com.tr\/en\/wp-json\/wp\/v2\/media?parent=24123"}],"curies":[{"name":"wp","href":"https:\/\/api.w.org\/{rel}","templated":true}]}}