{"id":24292,"date":"2025-03-19T08:55:28","date_gmt":"2025-03-19T08:55:28","guid":{"rendered":"https:\/\/midas.com.tr\/herringbone-chain\/"},"modified":"2026-03-05T09:11:34","modified_gmt":"2026-03-05T09:11:34","slug":"herringbone-chain","status":"publish","type":"page","link":"https:\/\/midas.com.tr\/en\/herringbone-chain\/","title":{"rendered":"Herringbone Chain"},"content":{"rendered":"\t\t<div data-elementor-type=\"wp-page\" data-elementor-id=\"24292\" class=\"elementor elementor-24292 elementor-24255\" data-elementor-post-type=\"page\">\n\t\t\t\t\t\t<section class=\"elementor-section elementor-top-section elementor-element elementor-element-1b074f3 elementor-section-boxed elementor-section-height-default elementor-section-height-default\" data-id=\"1b074f3\" data-element_type=\"section\">\r\n\t\t\t\t\t\t<div class=\"elementor-container elementor-column-gap-default jws_section_\" >\r\n\t\t\t\t<div class=\"elementor-column elementor-col-100 elementor-top-column elementor-element elementor-element-bd54c85\" data-id=\"bd54c85\" data-element_type=\"column\">\n\t\t\t<div class=\"elementor-widget-wrap elementor-element-populated\">\n\t\t\t\t\t\t<div class=\"elementor-element elementor-element-b514d23 elementor-widget elementor-widget-heading\" data-id=\"b514d23\" data-element_type=\"widget\" data-widget_type=\"heading.default\">\n\t\t\t\t<div class=\"elementor-widget-container\">\n\t\t\t<h1 class=\"elementor-heading-title elementor-size-default\">Herringbone Chain<\/h1>\t\t<\/div>\n\t\t\t\t<\/div>\n\t\t\t\t\t<\/div>\n\t\t<\/div>\n\t\t\t\t      \r\n            \r\n              \r\n            \r\n            \t\r\n\t\t\t<\/div>\r\n\t\t<\/section>\r\n\t\t\t\t<section class=\"elementor-section elementor-top-section elementor-element elementor-element-64f80e8 elementor-section-boxed elementor-section-height-default elementor-section-height-default\" data-id=\"64f80e8\" data-element_type=\"section\">\r\n\t\t\t\t\t\t<div class=\"elementor-container elementor-column-gap-default jws_section_\" >\r\n\t\t\t\t<div class=\"elementor-column elementor-col-100 elementor-top-column elementor-element elementor-element-00b9e2c\" data-id=\"00b9e2c\" data-element_type=\"column\">\n\t\t\t<div class=\"elementor-widget-wrap elementor-element-populated\">\n\t\t\t\t\t\t<div class=\"elementor-element elementor-element-8d4ea7f elementor-widget elementor-widget-image\" data-id=\"8d4ea7f\" data-element_type=\"widget\" data-widget_type=\"image.default\">\n\t\t\t\t<div class=\"elementor-widget-container\">\n\t\t\t\t\t\t\t\t\t\t\t\t\t<img fetchpriority=\"high\" decoding=\"async\" width=\"1376\" height=\"430\" src=\"https:\/\/midas.com.tr\/wp-content\/uploads\/2025\/03\/Gold-Flex-Chain.avif\" class=\"attachment-large size-large wp-image-24286\" alt=\"14K Herringbone Chain\" srcset=\"https:\/\/midas.com.tr\/wp-content\/uploads\/2025\/03\/Gold-Flex-Chain.avif 1376w, https:\/\/midas.com.tr\/wp-content\/uploads\/2025\/03\/Gold-Flex-Chain-768x240.avif 768w\" sizes=\"(max-width: 1376px) 100vw, 1376px\" \/>\t\t\t\t\t\t\t\t\t\t\t\t\t<\/div>\n\t\t\t\t<\/div>\n\t\t\t\t\t<\/div>\n\t\t<\/div>\n\t\t\t\t      \r\n            \r\n              \r\n            \r\n            \t\r\n\t\t\t<\/div>\r\n\t\t<\/section>\r\n\t\t\t\t<section class=\"elementor-section elementor-top-section elementor-element elementor-element-0bf51af elementor-section-boxed elementor-section-height-default elementor-section-height-default\" data-id=\"0bf51af\" data-element_type=\"section\">\r\n\t\t\t\t\t\t<div class=\"elementor-container elementor-column-gap-default jws_section_\" >\r\n\t\t\t\t<div class=\"elementor-column elementor-col-100 elementor-top-column elementor-element elementor-element-3ca2d5e\" data-id=\"3ca2d5e\" data-element_type=\"column\">\n\t\t\t<div class=\"elementor-widget-wrap elementor-element-populated\">\n\t\t\t\t\t\t<div class=\"elementor-element elementor-element-3706c89 elementor-widget elementor-widget-text-editor\" data-id=\"3706c89\" data-element_type=\"widget\" data-widget_type=\"text-editor.default\">\n\t\t\t\t<div class=\"elementor-widget-container\">\n\t\t\t\t\t\t\t<p><strong data-start=\"136\" data-end=\"151\">Midas <\/strong>presents the <strong data-start=\"166\" data-end=\"187\">Herringbone Chain<\/strong>, a distinctive jewelry piece that combines flexibility, durability, and refined aesthetics. Crafted with precision, this chain\u2019s unique structure offers a smooth, fluid movement, making it a sought-after choice in the <strong>jewelry <\/strong>industry <\/p>\t\t\t\t\t\t<\/div>\n\t\t\t\t<\/div>\n\t\t\t\t\t<\/div>\n\t\t<\/div>\n\t\t\t\t      \r\n            \r\n              \r\n            \r\n            \t\r\n\t\t\t<\/div>\r\n\t\t<\/section>\r\n\t\t\t\t<section class=\"elementor-section elementor-top-section elementor-element elementor-element-fadb881 elementor-section-boxed elementor-section-height-default elementor-section-height-default\" data-id=\"fadb881\" data-element_type=\"section\">\r\n\t\t\t\t\t\t<div class=\"elementor-container elementor-column-gap-default jws_section_\" >\r\n\t\t\t\t<div class=\"elementor-column elementor-col-50 elementor-top-column elementor-element elementor-element-1f53a3a\" data-id=\"1f53a3a\" data-element_type=\"column\">\n\t\t\t<div class=\"elementor-widget-wrap elementor-element-populated\">\n\t\t\t\t\t\t<div class=\"elementor-element elementor-element-b91ad72 elementor-widget elementor-widget-image\" data-id=\"b91ad72\" data-element_type=\"widget\" data-widget_type=\"image.default\">\n\t\t\t\t<div class=\"elementor-widget-container\">\n\t\t\t\t\t\t\t\t\t\t\t\t\t<img decoding=\"async\" width=\"1080\" height=\"1080\" src=\"https:\/\/midas.com.tr\/wp-content\/uploads\/2025\/03\/Gold-Flex-Chain-1.avif\" class=\"attachment-large size-large wp-image-24288\" alt=\"14K Herringbone Chain\" srcset=\"https:\/\/midas.com.tr\/wp-content\/uploads\/2025\/03\/Gold-Flex-Chain-1.avif 1080w, https:\/\/midas.com.tr\/wp-content\/uploads\/2025\/03\/Gold-Flex-Chain-1-768x768.avif 768w\" sizes=\"(max-width: 1080px) 100vw, 1080px\" \/>\t\t\t\t\t\t\t\t\t\t\t\t\t<\/div>\n\t\t\t\t<\/div>\n\t\t\t\t\t<\/div>\n\t\t<\/div>\n\t\t\t\t<div class=\"elementor-column elementor-col-50 elementor-top-column elementor-element elementor-element-e67e3dc\" data-id=\"e67e3dc\" data-element_type=\"column\">\n\t\t\t<div class=\"elementor-widget-wrap elementor-element-populated\">\n\t\t\t\t\t\t<div class=\"elementor-element elementor-element-c5b4596 elementor-widget elementor-widget-text-editor\" data-id=\"c5b4596\" data-element_type=\"widget\" data-widget_type=\"text-editor.default\">\n\t\t\t\t<div class=\"elementor-widget-container\">\n\t\t\t\t\t\t\t<h5 data-start=\"430\" data-end=\"479\"><strong data-start=\"434\" data-end=\"477\">Technical Specifications and Variety<\/strong><\/h5><p data-start=\"480\" data-end=\"790\">The <strong>Herringbone Chain<\/strong> is available in thicknesses ranging from 1.70 mm to 7.00 mm, catering to various design preferences. Midas produces this exquisite chain in multiple gold purities, including 9K, 10K, 14K, 18K, 21K, and 22K, and offers a wide selection of colors such as yellow gold, white gold, rose gold, and green gold. <\/p><p data-start=\"792\" data-end=\"1064\">One of its most remarkable features is its sleek, polished surface and radiant shine. Unlike traditional chain styles, the Herringbone Chain\u2019s smooth and fluid structure ensures a comfortable and elegant look, making it an excellent choice for both bracelets and necklaces. <\/p><p data-start=\"792\" data-end=\"1064\"> <\/p><h5 data-start=\"1066\" data-end=\"1108\"><strong data-start=\"1070\" data-end=\"1106\">Unique Structure and Versatile Applications<\/strong><\/h5><p data-start=\"1109\" data-end=\"1450\">The <strong>Herringbone Chain\u2019s<\/strong> strength and flexibility make it an essential component for jewelers seeking a blend of sophistication and durability. Its single-directional flexibility allows for a modern and seamless aesthetic, making it ideal for various necklaces, bracelets, and other fine jewelry designs.  <\/p><p data-start=\"1452\" data-end=\"1747\">Advanced manufacturing techniques and meticulous craftsmanship ensure that the Herringbone Chain is both lightweight and resilient. Available in thin and thick variations, it is a popular choice among jewelers looking for versatile and high-demand jewelry components. <\/p>\t\t\t\t\t\t<\/div>\n\t\t\t\t<\/div>\n\t\t\t\t\t<\/div>\n\t\t<\/div>\n\t\t\t\t      \r\n            \r\n              \r\n            \r\n            \t\r\n\t\t\t<\/div>\r\n\t\t<\/section>\r\n\t\t\t\t<section class=\"elementor-section elementor-top-section elementor-element elementor-element-08c81df elementor-section-boxed elementor-section-height-default elementor-section-height-default\" data-id=\"08c81df\" data-element_type=\"section\">\r\n\t\t\t\t\t\t<div class=\"elementor-container elementor-column-gap-default jws_section_\" >\r\n\t\t\t\t<div class=\"elementor-column elementor-col-100 elementor-top-column elementor-element elementor-element-b7dfec6\" data-id=\"b7dfec6\" data-element_type=\"column\">\n\t\t\t<div class=\"elementor-widget-wrap elementor-element-populated\">\n\t\t\t\t\t\t<div class=\"elementor-element elementor-element-6f027cd elementor-widget elementor-widget-text-editor\" data-id=\"6f027cd\" data-element_type=\"widget\" data-widget_type=\"text-editor.default\">\n\t\t\t\t<div class=\"elementor-widget-container\">\n\t\t\t\t\t\t\t<h5 data-start=\"1749\" data-end=\"1792\"><strong data-start=\"1753\" data-end=\"1790\">Wholesale Production with Midas Expertise<\/strong><\/h5><p data-start=\"1793\" data-end=\"2094\">Backed by years of experience and cutting-edge technology, Midas offers the Herringbone Chain for <strong data-start=\"1881\" data-end=\"1897\">wholesale purchase<\/strong>, catering exclusively to jewelry professionals. With customization options and flexible production capabilities, this chain model meets the diverse demands of the industry. <\/p><p data-start=\"2096\" data-end=\"2191\" data-is-last-node=\"\" data-is-only-node=\"\">To explore the full range of <strong>Herringbone Chain<\/strong> models and partner with us, we invite wholesale buyers to visit our <strong>B2B platform<\/strong>: <a href=\"http:\/\/www.midasb2b.com\">www.midasb2b.com<\/a>.<\/p>\t\t\t\t\t\t<\/div>\n\t\t\t\t<\/div>\n\t\t\t\t\t<\/div>\n\t\t<\/div>\n\t\t\t\t      \r\n            \r\n              \r\n            \r\n            \t\r\n\t\t\t<\/div>\r\n\t\t<\/section>\r\n\t\t\t\t<\/div>\n\t\t","protected":false},"excerpt":{"rendered":"<p>Herringbone Chain Midas presents the Herringbone Chain, a distinctive jewelry piece that combines flexibility, durability, and refined aesthetics. Crafted with precision, this chain\u2019s unique structure offers a smooth, fluid movement, making it a sought-after choice in the jewelry industry Technical Specifications and Variety The Herringbone Chain is available in thicknesses ranging from 1.70 mm to [&hellip;]<\/p>\n","protected":false},"author":4,"featured_media":0,"parent":0,"menu_order":0,"comment_status":"closed","ping_status":"closed","template":"","meta":{"footnotes":""},"class_list":["post-24292","page","type-page","status-publish","hentry"],"yoast_head":"<!-- This site is optimized with the Yoast SEO Premium plugin v23.9 (Yoast SEO v26.8) - https:\/\/yoast.com\/product\/yoast-seo-premium-wordpress\/ -->\n<title>Herringbone Chain - M\u0130DAS - The Premier Gold Chain Manufacturer<\/title>\n<meta name=\"description\" content=\"Flex Chain is an elegant model that stands out with its smooth texture and glossy surface. Available in various thicknesses, lengths, and colors at Midas.\" \/>\n<meta name=\"robots\" content=\"index, follow, max-snippet:-1, max-image-preview:large, max-video-preview:-1\" \/>\n<link rel=\"canonical\" href=\"https:\/\/midas.com.tr\/en\/herringbone-chain\/\" \/>\n<meta property=\"og:locale\" content=\"en_US\" \/>\n<meta property=\"og:type\" content=\"article\" \/>\n<meta property=\"og:title\" content=\"Herringbone Chain\" \/>\n<meta property=\"og:description\" content=\"Flex Chain is an elegant model that stands out with its smooth texture and glossy surface. Available in various thicknesses, lengths, and colors at Midas.\" \/>\n<meta property=\"og:url\" content=\"https:\/\/midas.com.tr\/en\/herringbone-chain\/\" \/>\n<meta property=\"og:site_name\" content=\"M\u0130DAS - The Premier Gold Chain Manufacturer\" \/>\n<meta property=\"article:modified_time\" content=\"2026-03-05T09:11:34+00:00\" \/>\n<meta name=\"twitter:card\" content=\"summary_large_image\" \/>\n<meta name=\"twitter:label1\" content=\"Est. reading time\" \/>\n\t<meta name=\"twitter:data1\" content=\"2 minutes\" \/>\n<script type=\"application\/ld+json\" class=\"yoast-schema-graph\">{\"@context\":\"https:\/\/schema.org\",\"@graph\":[{\"@type\":\"WebPage\",\"@id\":\"https:\/\/midas.com.tr\/en\/herringbone-chain\/\",\"url\":\"https:\/\/midas.com.tr\/en\/herringbone-chain\/\",\"name\":\"Herringbone Chain - M\u0130DAS - The Premier Gold Chain Manufacturer\",\"isPartOf\":{\"@id\":\"https:\/\/midas.com.tr\/en\/#website\"},\"primaryImageOfPage\":{\"@id\":\"https:\/\/midas.com.tr\/en\/herringbone-chain\/#primaryimage\"},\"image\":{\"@id\":\"https:\/\/midas.com.tr\/en\/herringbone-chain\/#primaryimage\"},\"thumbnailUrl\":\"https:\/\/midas.com.tr\/wp-content\/uploads\/2025\/03\/Gold-Flex-Chain.avif\",\"datePublished\":\"2025-03-19T08:55:28+00:00\",\"dateModified\":\"2026-03-05T09:11:34+00:00\",\"description\":\"Flex Chain is an elegant model that stands out with its smooth texture and glossy surface. Available in various thicknesses, lengths, and colors at Midas.\",\"breadcrumb\":{\"@id\":\"https:\/\/midas.com.tr\/en\/herringbone-chain\/#breadcrumb\"},\"inLanguage\":\"en-US\",\"potentialAction\":[{\"@type\":\"ReadAction\",\"target\":[\"https:\/\/midas.com.tr\/en\/herringbone-chain\/\"]}]},{\"@type\":\"ImageObject\",\"inLanguage\":\"en-US\",\"@id\":\"https:\/\/midas.com.tr\/en\/herringbone-chain\/#primaryimage\",\"url\":\"https:\/\/midas.com.tr\/wp-content\/uploads\/2025\/03\/Gold-Flex-Chain.avif\",\"contentUrl\":\"https:\/\/midas.com.tr\/wp-content\/uploads\/2025\/03\/Gold-Flex-Chain.avif\"},{\"@type\":\"BreadcrumbList\",\"@id\":\"https:\/\/midas.com.tr\/en\/herringbone-chain\/#breadcrumb\",\"itemListElement\":[{\"@type\":\"ListItem\",\"position\":1,\"name\":\"Home\",\"item\":\"https:\/\/midas.com.tr\/en\/\"},{\"@type\":\"ListItem\",\"position\":2,\"name\":\"Herringbone Chain\"}]},{\"@type\":\"WebSite\",\"@id\":\"https:\/\/midas.com.tr\/en\/#website\",\"url\":\"https:\/\/midas.com.tr\/en\/\",\"name\":\"Midas - Birinci S\u0131n\u0131f Alt\u0131n M\u00fccevher ve Zincir \u00dcreticisi\",\"description\":\"Premier Jewelry Company Midas Chain is a manufacturer from USA, with products under the category of fine Jewellery.\",\"publisher\":{\"@id\":\"https:\/\/midas.com.tr\/en\/#organization\"},\"potentialAction\":[{\"@type\":\"SearchAction\",\"target\":{\"@type\":\"EntryPoint\",\"urlTemplate\":\"https:\/\/midas.com.tr\/en\/?s={search_term_string}\"},\"query-input\":{\"@type\":\"PropertyValueSpecification\",\"valueRequired\":true,\"valueName\":\"search_term_string\"}}],\"inLanguage\":\"en-US\"},{\"@type\":\"Organization\",\"@id\":\"https:\/\/midas.com.tr\/en\/#organization\",\"name\":\"Midas -Birinci S\u0131n\u0131f Alt\u0131n M\u00fccevher ve Zincir \u00dcreticisi\",\"url\":\"https:\/\/midas.com.tr\/en\/\",\"logo\":{\"@type\":\"ImageObject\",\"inLanguage\":\"en-US\",\"@id\":\"https:\/\/midas.com.tr\/en\/#\/schema\/logo\/image\/\",\"url\":\"https:\/\/midas.com.tr\/wp-content\/uploads\/2021\/12\/midas-logo.png\",\"contentUrl\":\"https:\/\/midas.com.tr\/wp-content\/uploads\/2021\/12\/midas-logo.png\",\"width\":300,\"height\":106,\"caption\":\"Midas -Birinci S\u0131n\u0131f Alt\u0131n M\u00fccevher ve Zincir \u00dcreticisi\"},\"image\":{\"@id\":\"https:\/\/midas.com.tr\/en\/#\/schema\/logo\/image\/\"}}]}<\/script>\n<!-- \/ Yoast SEO Premium plugin. -->","yoast_head_json":{"title":"Herringbone Chain - M\u0130DAS - The Premier Gold Chain Manufacturer","description":"Flex Chain is an elegant model that stands out with its smooth texture and glossy surface. Available in various thicknesses, lengths, and colors at Midas.","robots":{"index":"index","follow":"follow","max-snippet":"max-snippet:-1","max-image-preview":"max-image-preview:large","max-video-preview":"max-video-preview:-1"},"canonical":"https:\/\/midas.com.tr\/en\/herringbone-chain\/","og_locale":"en_US","og_type":"article","og_title":"Herringbone Chain","og_description":"Flex Chain is an elegant model that stands out with its smooth texture and glossy surface. Available in various thicknesses, lengths, and colors at Midas.","og_url":"https:\/\/midas.com.tr\/en\/herringbone-chain\/","og_site_name":"M\u0130DAS - The Premier Gold Chain Manufacturer","article_modified_time":"2026-03-05T09:11:34+00:00","twitter_card":"summary_large_image","twitter_misc":{"Est. reading time":"2 minutes"},"schema":{"@context":"https:\/\/schema.org","@graph":[{"@type":"WebPage","@id":"https:\/\/midas.com.tr\/en\/herringbone-chain\/","url":"https:\/\/midas.com.tr\/en\/herringbone-chain\/","name":"Herringbone Chain - M\u0130DAS - The Premier Gold Chain Manufacturer","isPartOf":{"@id":"https:\/\/midas.com.tr\/en\/#website"},"primaryImageOfPage":{"@id":"https:\/\/midas.com.tr\/en\/herringbone-chain\/#primaryimage"},"image":{"@id":"https:\/\/midas.com.tr\/en\/herringbone-chain\/#primaryimage"},"thumbnailUrl":"https:\/\/midas.com.tr\/wp-content\/uploads\/2025\/03\/Gold-Flex-Chain.avif","datePublished":"2025-03-19T08:55:28+00:00","dateModified":"2026-03-05T09:11:34+00:00","description":"Flex Chain is an elegant model that stands out with its smooth texture and glossy surface. Available in various thicknesses, lengths, and colors at Midas.","breadcrumb":{"@id":"https:\/\/midas.com.tr\/en\/herringbone-chain\/#breadcrumb"},"inLanguage":"en-US","potentialAction":[{"@type":"ReadAction","target":["https:\/\/midas.com.tr\/en\/herringbone-chain\/"]}]},{"@type":"ImageObject","inLanguage":"en-US","@id":"https:\/\/midas.com.tr\/en\/herringbone-chain\/#primaryimage","url":"https:\/\/midas.com.tr\/wp-content\/uploads\/2025\/03\/Gold-Flex-Chain.avif","contentUrl":"https:\/\/midas.com.tr\/wp-content\/uploads\/2025\/03\/Gold-Flex-Chain.avif"},{"@type":"BreadcrumbList","@id":"https:\/\/midas.com.tr\/en\/herringbone-chain\/#breadcrumb","itemListElement":[{"@type":"ListItem","position":1,"name":"Home","item":"https:\/\/midas.com.tr\/en\/"},{"@type":"ListItem","position":2,"name":"Herringbone Chain"}]},{"@type":"WebSite","@id":"https:\/\/midas.com.tr\/en\/#website","url":"https:\/\/midas.com.tr\/en\/","name":"Midas - Birinci S\u0131n\u0131f Alt\u0131n M\u00fccevher ve Zincir \u00dcreticisi","description":"Premier Jewelry Company Midas Chain is a manufacturer from USA, with products under the category of fine Jewellery.","publisher":{"@id":"https:\/\/midas.com.tr\/en\/#organization"},"potentialAction":[{"@type":"SearchAction","target":{"@type":"EntryPoint","urlTemplate":"https:\/\/midas.com.tr\/en\/?s={search_term_string}"},"query-input":{"@type":"PropertyValueSpecification","valueRequired":true,"valueName":"search_term_string"}}],"inLanguage":"en-US"},{"@type":"Organization","@id":"https:\/\/midas.com.tr\/en\/#organization","name":"Midas -Birinci S\u0131n\u0131f Alt\u0131n M\u00fccevher ve Zincir \u00dcreticisi","url":"https:\/\/midas.com.tr\/en\/","logo":{"@type":"ImageObject","inLanguage":"en-US","@id":"https:\/\/midas.com.tr\/en\/#\/schema\/logo\/image\/","url":"https:\/\/midas.com.tr\/wp-content\/uploads\/2021\/12\/midas-logo.png","contentUrl":"https:\/\/midas.com.tr\/wp-content\/uploads\/2021\/12\/midas-logo.png","width":300,"height":106,"caption":"Midas -Birinci S\u0131n\u0131f Alt\u0131n M\u00fccevher ve Zincir \u00dcreticisi"},"image":{"@id":"https:\/\/midas.com.tr\/en\/#\/schema\/logo\/image\/"}}]}},"_links":{"self":[{"href":"https:\/\/midas.com.tr\/en\/wp-json\/wp\/v2\/pages\/24292","targetHints":{"allow":["GET"]}}],"collection":[{"href":"https:\/\/midas.com.tr\/en\/wp-json\/wp\/v2\/pages"}],"about":[{"href":"https:\/\/midas.com.tr\/en\/wp-json\/wp\/v2\/types\/page"}],"author":[{"embeddable":true,"href":"https:\/\/midas.com.tr\/en\/wp-json\/wp\/v2\/users\/4"}],"replies":[{"embeddable":true,"href":"https:\/\/midas.com.tr\/en\/wp-json\/wp\/v2\/comments?post=24292"}],"version-history":[{"count":8,"href":"https:\/\/midas.com.tr\/en\/wp-json\/wp\/v2\/pages\/24292\/revisions"}],"predecessor-version":[{"id":25404,"href":"https:\/\/midas.com.tr\/en\/wp-json\/wp\/v2\/pages\/24292\/revisions\/25404"}],"wp:attachment":[{"href":"https:\/\/midas.com.tr\/en\/wp-json\/wp\/v2\/media?parent=24292"}],"curies":[{"name":"wp","href":"https:\/\/api.w.org\/{rel}","templated":true}]}}