{"id":24503,"date":"2025-04-23T06:47:01","date_gmt":"2025-04-23T06:47:01","guid":{"rendered":"https:\/\/midas.com.tr\/gold-chain-wholesaler\/"},"modified":"2025-05-01T06:38:18","modified_gmt":"2025-05-01T06:38:18","slug":"gold-chain-wholesaler","status":"publish","type":"page","link":"https:\/\/midas.com.tr\/en\/gold-chain-wholesaler\/","title":{"rendered":"Gold Chain Wholesaler"},"content":{"rendered":"\t\t<div data-elementor-type=\"wp-page\" data-elementor-id=\"24503\" class=\"elementor elementor-24503 elementor-24451\" data-elementor-post-type=\"page\">\n\t\t\t\t\t\t<section class=\"elementor-section elementor-top-section elementor-element elementor-element-4c0c259 elementor-section-boxed elementor-section-height-default elementor-section-height-default\" data-id=\"4c0c259\" data-element_type=\"section\">\r\n\t\t\t\t\t\t<div class=\"elementor-container elementor-column-gap-default jws_section_\" >\r\n\t\t\t\t<div class=\"elementor-column elementor-col-100 elementor-top-column elementor-element elementor-element-93ea307\" data-id=\"93ea307\" data-element_type=\"column\">\n\t\t\t<div class=\"elementor-widget-wrap elementor-element-populated\">\n\t\t\t\t\t\t<div class=\"elementor-element elementor-element-35f4cd2 elementor-widget elementor-widget-heading\" data-id=\"35f4cd2\" data-element_type=\"widget\" data-widget_type=\"heading.default\">\n\t\t\t\t<div class=\"elementor-widget-container\">\n\t\t\t<h2 class=\"elementor-heading-title elementor-size-default\">Gold Chain Wholesaler<\/h2>\t\t<\/div>\n\t\t\t\t<\/div>\n\t\t\t\t\t<\/div>\n\t\t<\/div>\n\t\t\t\t      \r\n            \r\n              \r\n            \r\n            \t\r\n\t\t\t<\/div>\r\n\t\t<\/section>\r\n\t\t\t\t<section class=\"elementor-section elementor-top-section elementor-element elementor-element-1c263144 elementor-section-boxed elementor-section-height-default elementor-section-height-default\" data-id=\"1c263144\" data-element_type=\"section\">\r\n\t\t\t\t\t\t<div class=\"elementor-container elementor-column-gap-default jws_section_\" >\r\n\t\t\t\t<div class=\"elementor-column elementor-col-100 elementor-top-column elementor-element elementor-element-599f3bad\" data-id=\"599f3bad\" data-element_type=\"column\">\n\t\t\t<div class=\"elementor-widget-wrap elementor-element-populated\">\n\t\t\t\t\t\t<div class=\"elementor-element elementor-element-520985b2 elementor-widget elementor-widget-text-editor\" data-id=\"520985b2\" data-element_type=\"widget\" data-widget_type=\"text-editor.default\">\n\t\t\t\t<div class=\"elementor-widget-container\">\n\t\t\t\t\t\t\t<p>With over 40 years of experience, <strong>M\u0130DAS <\/strong>is recognized as one of the<strong> world\u2019s leading gold chain wholesalers and manufacturers<\/strong>. Our wholesale showroom, located in the heart of Istanbul\u2019s historic Grand Bazaar, features an extensive selection of both <strong>hollow and solid gold chain models<\/strong>, alongside hundreds of fantasy jewelry designs including <strong>necklaces, bracelets, and earrings<\/strong>. <\/p>\n<p><\/p>\n<p>Our collections range from sleek, minimalist pieces to bold, statement-making designs with contemporary lines and ornate details\u2014making them the preferred choice of wholesale partners from across the globe. At MIDAS, we don\u2019t just deliver products\u2014we deliver trust, quality, and consistency. <\/p>\n<p><\/p>\n<h5 id=\"h-amerika-daki-toptan-magazamiz\" class=\"wp-block-heading\"> <\/h5>\n<p><\/p>\t\t\t\t\t\t<\/div>\n\t\t\t\t<\/div>\n\t\t\t\t\t<\/div>\n\t\t<\/div>\n\t\t\t\t      \r\n            \r\n              \r\n            \r\n            \t\r\n\t\t\t<\/div>\r\n\t\t<\/section>\r\n\t\t\t\t<section class=\"elementor-section elementor-top-section elementor-element elementor-element-f9b2511 elementor-section-boxed elementor-section-height-default elementor-section-height-default\" data-id=\"f9b2511\" data-element_type=\"section\">\r\n\t\t\t\t\t\t<div class=\"elementor-container elementor-column-gap-default jws_section_\" >\r\n\t\t\t\t<div class=\"elementor-column elementor-col-50 elementor-top-column elementor-element elementor-element-e5f07ed\" data-id=\"e5f07ed\" data-element_type=\"column\">\n\t\t\t<div class=\"elementor-widget-wrap elementor-element-populated\">\n\t\t\t\t\t\t<div class=\"elementor-element elementor-element-9937dd5 elementor-widget elementor-widget-image\" data-id=\"9937dd5\" data-element_type=\"widget\" data-widget_type=\"image.default\">\n\t\t\t\t<div class=\"elementor-widget-container\">\n\t\t\t\t\t\t\t\t\t\t\t\t\t<img fetchpriority=\"high\" decoding=\"async\" width=\"1440\" height=\"720\" src=\"https:\/\/midas.com.tr\/wp-content\/uploads\/2025\/04\/Zincir-5-kopya.avif\" class=\"attachment-large size-large wp-image-24456\" alt=\"\" srcset=\"https:\/\/midas.com.tr\/wp-content\/uploads\/2025\/04\/Zincir-5-kopya.avif 1440w, https:\/\/midas.com.tr\/wp-content\/uploads\/2025\/04\/Zincir-5-kopya-768x384.avif 768w\" sizes=\"(max-width: 1440px) 100vw, 1440px\" \/>\t\t\t\t\t\t\t\t\t\t\t\t\t<\/div>\n\t\t\t\t<\/div>\n\t\t\t\t\t<\/div>\n\t\t<\/div>\n\t\t\t\t<div class=\"elementor-column elementor-col-50 elementor-top-column elementor-element elementor-element-c39c1ea\" data-id=\"c39c1ea\" data-element_type=\"column\">\n\t\t\t<div class=\"elementor-widget-wrap elementor-element-populated\">\n\t\t\t\t\t\t<div class=\"elementor-element elementor-element-6e43760 elementor-widget elementor-widget-text-editor\" data-id=\"6e43760\" data-element_type=\"widget\" data-widget_type=\"text-editor.default\">\n\t\t\t\t<div class=\"elementor-widget-container\">\n\t\t\t\t\t\t\t<h5 id=\"h-uluslararasi-varligimiz\" class=\"wp-block-heading\"><strong>Our International Presence<\/strong><\/h5>\n<p><\/p>\n<p>Constantly evolving to strengthen its well-established foundation, MIDAS actively participates in major international jewelry exhibitions to maintain its dynamic presence in the global market.<br>These fairs offer us the opportunity to connect with business partners from around the world, expand our commercial network, and showcase our latest, trend-setting collections on a global stage.<\/p>\n<p><\/p>\n<p><strong>You can find our upcoming international trade show schedule <\/strong><a href=\"https:\/\/midas.com.tr\/en\/fairs\/\"><strong>[Here].<\/strong><\/a><\/p>\n<p><\/p>\n<h5 id=\"h-amerika-daki-toptan-magazamiz\" class=\"wp-block-heading\"> <\/h5>\t\t\t\t\t\t<\/div>\n\t\t\t\t<\/div>\n\t\t\t\t\t<\/div>\n\t\t<\/div>\n\t\t\t\t      \r\n            \r\n              \r\n            \r\n            \t\r\n\t\t\t<\/div>\r\n\t\t<\/section>\r\n\t\t\t\t<section class=\"elementor-section elementor-top-section elementor-element elementor-element-6bd1f7d elementor-section-boxed elementor-section-height-default elementor-section-height-default\" data-id=\"6bd1f7d\" data-element_type=\"section\">\r\n\t\t\t\t\t\t<div class=\"elementor-container elementor-column-gap-default jws_section_\" >\r\n\t\t\t\t<div class=\"elementor-column elementor-col-50 elementor-top-column elementor-element elementor-element-377a73f\" data-id=\"377a73f\" data-element_type=\"column\">\n\t\t\t<div class=\"elementor-widget-wrap elementor-element-populated\">\n\t\t\t\t\t\t<div class=\"elementor-element elementor-element-37ef4b3 elementor-widget elementor-widget-text-editor\" data-id=\"37ef4b3\" data-element_type=\"widget\" data-widget_type=\"text-editor.default\">\n\t\t\t\t<div class=\"elementor-widget-container\">\n\t\t\t\t\t\t\t<h5 id=\"h-amerika-daki-toptan-magazamiz\" class=\"wp-block-heading\"><strong>Our Wholesale Store in the United States<\/strong><\/h5><p>In addition to our headquarters in the Grand Bazaar, <strong>M\u0130DAS <\/strong>also operates a wholesale store in New Jersey, providing dedicated service to our partners in the United States. This allows us to offer faster, closer, and more efficient communication and distribution channels to our American clientele. <\/p><h5 id=\"h-midas-b2b-online-toptan-magaza\" class=\"wp-block-heading\"><strong>MIDAS B2B \u2013 Online Wholesale Platform<\/strong><\/h5><p>In today\u2019s fast-paced business landscape, <strong>M\u0130DAS B2B<\/strong> eliminates time constraints by offering a 24\/7 online platform accessible to wholesale jewelers around the world. Through our platform, you can browse our wide product range, explore designs in detail, and place orders anytime, anywhere. <br>Visit <a href=\"http:\/\/www.midasb2b.com\/\"><strong>www.midasb2b.com<\/strong><\/a> to <strong>explore <\/strong>the <strong>M\u0130DASB2B platform<\/strong>.<\/p><p> <\/p><p>At M\u0130DAS, we prioritize accessibility, high-quality production, and trust-based partnerships. We invite you to become part of our global network and experience the strength of a truly international brand. <\/p>\t\t\t\t\t\t<\/div>\n\t\t\t\t<\/div>\n\t\t\t\t\t<\/div>\n\t\t<\/div>\n\t\t\t\t<div class=\"elementor-column elementor-col-50 elementor-top-column elementor-element elementor-element-2fc71fd\" data-id=\"2fc71fd\" data-element_type=\"column\">\n\t\t\t<div class=\"elementor-widget-wrap elementor-element-populated\">\n\t\t\t\t\t\t<div class=\"elementor-element elementor-element-46fb33e elementor-widget__width-initial elementor-widget elementor-widget-image\" data-id=\"46fb33e\" data-element_type=\"widget\" data-widget_type=\"image.default\">\n\t\t\t\t<div class=\"elementor-widget-container\">\n\t\t\t\t\t\t\t\t\t\t\t\t\t<img decoding=\"async\" width=\"1080\" height=\"1440\" src=\"https:\/\/midas.com.tr\/wp-content\/uploads\/2022\/01\/Zincir-Giris.avif\" class=\"attachment-large size-large wp-image-23707\" alt=\"\" srcset=\"https:\/\/midas.com.tr\/wp-content\/uploads\/2022\/01\/Zincir-Giris.avif 1080w, https:\/\/midas.com.tr\/wp-content\/uploads\/2022\/01\/Zincir-Giris-768x1024.avif 768w\" sizes=\"(max-width: 1080px) 100vw, 1080px\" \/>\t\t\t\t\t\t\t\t\t\t\t\t\t<\/div>\n\t\t\t\t<\/div>\n\t\t\t\t\t<\/div>\n\t\t<\/div>\n\t\t\t\t      \r\n            \r\n              \r\n            \r\n            \t\r\n\t\t\t<\/div>\r\n\t\t<\/section>\r\n\t\t\t\t<\/div>\n\t\t","protected":false},"excerpt":{"rendered":"<p>Gold Chain Wholesaler With over 40 years of experience, M\u0130DAS is recognized as one of the world\u2019s leading gold chain wholesalers and manufacturers. Our wholesale showroom, located in the heart of Istanbul\u2019s historic Grand Bazaar, features an extensive selection of both hollow and solid gold chain models, alongside hundreds of fantasy jewelry designs including necklaces, [&hellip;]<\/p>\n","protected":false},"author":4,"featured_media":0,"parent":0,"menu_order":0,"comment_status":"closed","ping_status":"closed","template":"","meta":{"footnotes":""},"class_list":["post-24503","page","type-page","status-publish","hentry"],"yoast_head":"<!-- This site is optimized with the Yoast SEO Premium plugin v23.9 (Yoast SEO v26.8) - https:\/\/yoast.com\/product\/yoast-seo-premium-wordpress\/ -->\n<title>Gold Chain Wholesaler - M\u0130DAS - The Premier Gold Chain Manufacturer<\/title>\n<meta name=\"description\" content=\"Gold Chain Wholesaler M\u0130DAS offers solid and hollow gold chains, as well as a wide range of wholesale jewelry from Istanbul and New Jersey. Visit midas.com.tr and midasb2b.com.\" \/>\n<meta name=\"robots\" content=\"index, follow, max-snippet:-1, max-image-preview:large, max-video-preview:-1\" \/>\n<link rel=\"canonical\" href=\"https:\/\/midas.com.tr\/en\/gold-chain-wholesaler\/\" \/>\n<meta property=\"og:locale\" content=\"en_US\" \/>\n<meta property=\"og:type\" content=\"article\" \/>\n<meta property=\"og:title\" content=\"Gold Chain Wholesaler\" \/>\n<meta property=\"og:description\" content=\"Gold Chain Wholesaler M\u0130DAS offers solid and hollow gold chains, as well as a wide range of wholesale jewelry from Istanbul and New Jersey. Visit midas.com.tr and midasb2b.com.\" \/>\n<meta property=\"og:url\" content=\"https:\/\/midas.com.tr\/en\/gold-chain-wholesaler\/\" \/>\n<meta property=\"og:site_name\" content=\"M\u0130DAS - The Premier Gold Chain Manufacturer\" \/>\n<meta property=\"article:modified_time\" content=\"2025-05-01T06:38:18+00:00\" \/>\n<meta property=\"og:image\" content=\"https:\/\/midas.com.tr\/wp-content\/uploads\/2025\/04\/Zincir-5-kopya.avif\" \/>\n<meta name=\"twitter:card\" content=\"summary_large_image\" \/>\n<meta name=\"twitter:label1\" content=\"Est. reading time\" \/>\n\t<meta name=\"twitter:data1\" content=\"3 minutes\" \/>\n<script type=\"application\/ld+json\" class=\"yoast-schema-graph\">{\"@context\":\"https:\/\/schema.org\",\"@graph\":[{\"@type\":\"WebPage\",\"@id\":\"https:\/\/midas.com.tr\/en\/gold-chain-wholesaler\/\",\"url\":\"https:\/\/midas.com.tr\/en\/gold-chain-wholesaler\/\",\"name\":\"Gold Chain Wholesaler - M\u0130DAS - The Premier Gold Chain Manufacturer\",\"isPartOf\":{\"@id\":\"https:\/\/midas.com.tr\/en\/#website\"},\"primaryImageOfPage\":{\"@id\":\"https:\/\/midas.com.tr\/en\/gold-chain-wholesaler\/#primaryimage\"},\"image\":{\"@id\":\"https:\/\/midas.com.tr\/en\/gold-chain-wholesaler\/#primaryimage\"},\"thumbnailUrl\":\"https:\/\/midas.com.tr\/wp-content\/uploads\/2025\/04\/Zincir-5-kopya.avif\",\"datePublished\":\"2025-04-23T06:47:01+00:00\",\"dateModified\":\"2025-05-01T06:38:18+00:00\",\"description\":\"Gold Chain Wholesaler M\u0130DAS offers solid and hollow gold chains, as well as a wide range of wholesale jewelry from Istanbul and New Jersey. Visit midas.com.tr and midasb2b.com.\",\"breadcrumb\":{\"@id\":\"https:\/\/midas.com.tr\/en\/gold-chain-wholesaler\/#breadcrumb\"},\"inLanguage\":\"en-US\",\"potentialAction\":[{\"@type\":\"ReadAction\",\"target\":[\"https:\/\/midas.com.tr\/en\/gold-chain-wholesaler\/\"]}]},{\"@type\":\"ImageObject\",\"inLanguage\":\"en-US\",\"@id\":\"https:\/\/midas.com.tr\/en\/gold-chain-wholesaler\/#primaryimage\",\"url\":\"https:\/\/midas.com.tr\/wp-content\/uploads\/2025\/04\/Zincir-5-kopya.avif\",\"contentUrl\":\"https:\/\/midas.com.tr\/wp-content\/uploads\/2025\/04\/Zincir-5-kopya.avif\"},{\"@type\":\"BreadcrumbList\",\"@id\":\"https:\/\/midas.com.tr\/en\/gold-chain-wholesaler\/#breadcrumb\",\"itemListElement\":[{\"@type\":\"ListItem\",\"position\":1,\"name\":\"Home\",\"item\":\"https:\/\/midas.com.tr\/en\/\"},{\"@type\":\"ListItem\",\"position\":2,\"name\":\"Gold Chain Wholesaler\"}]},{\"@type\":\"WebSite\",\"@id\":\"https:\/\/midas.com.tr\/en\/#website\",\"url\":\"https:\/\/midas.com.tr\/en\/\",\"name\":\"Midas - Birinci S\u0131n\u0131f Alt\u0131n M\u00fccevher ve Zincir \u00dcreticisi\",\"description\":\"Premier Jewelry Company Midas Chain is a manufacturer from USA, with products under the category of fine Jewellery.\",\"publisher\":{\"@id\":\"https:\/\/midas.com.tr\/en\/#organization\"},\"potentialAction\":[{\"@type\":\"SearchAction\",\"target\":{\"@type\":\"EntryPoint\",\"urlTemplate\":\"https:\/\/midas.com.tr\/en\/?s={search_term_string}\"},\"query-input\":{\"@type\":\"PropertyValueSpecification\",\"valueRequired\":true,\"valueName\":\"search_term_string\"}}],\"inLanguage\":\"en-US\"},{\"@type\":\"Organization\",\"@id\":\"https:\/\/midas.com.tr\/en\/#organization\",\"name\":\"Midas -Birinci S\u0131n\u0131f Alt\u0131n M\u00fccevher ve Zincir \u00dcreticisi\",\"url\":\"https:\/\/midas.com.tr\/en\/\",\"logo\":{\"@type\":\"ImageObject\",\"inLanguage\":\"en-US\",\"@id\":\"https:\/\/midas.com.tr\/en\/#\/schema\/logo\/image\/\",\"url\":\"https:\/\/midas.com.tr\/wp-content\/uploads\/2021\/12\/midas-logo.png\",\"contentUrl\":\"https:\/\/midas.com.tr\/wp-content\/uploads\/2021\/12\/midas-logo.png\",\"width\":300,\"height\":106,\"caption\":\"Midas -Birinci S\u0131n\u0131f Alt\u0131n M\u00fccevher ve Zincir \u00dcreticisi\"},\"image\":{\"@id\":\"https:\/\/midas.com.tr\/en\/#\/schema\/logo\/image\/\"}}]}<\/script>\n<!-- \/ Yoast SEO Premium plugin. -->","yoast_head_json":{"title":"Gold Chain Wholesaler - M\u0130DAS - The Premier Gold Chain Manufacturer","description":"Gold Chain Wholesaler M\u0130DAS offers solid and hollow gold chains, as well as a wide range of wholesale jewelry from Istanbul and New Jersey. Visit midas.com.tr and midasb2b.com.","robots":{"index":"index","follow":"follow","max-snippet":"max-snippet:-1","max-image-preview":"max-image-preview:large","max-video-preview":"max-video-preview:-1"},"canonical":"https:\/\/midas.com.tr\/en\/gold-chain-wholesaler\/","og_locale":"en_US","og_type":"article","og_title":"Gold Chain Wholesaler","og_description":"Gold Chain Wholesaler M\u0130DAS offers solid and hollow gold chains, as well as a wide range of wholesale jewelry from Istanbul and New Jersey. Visit midas.com.tr and midasb2b.com.","og_url":"https:\/\/midas.com.tr\/en\/gold-chain-wholesaler\/","og_site_name":"M\u0130DAS - The Premier Gold Chain Manufacturer","article_modified_time":"2025-05-01T06:38:18+00:00","og_image":[{"url":"https:\/\/midas.com.tr\/wp-content\/uploads\/2025\/04\/Zincir-5-kopya.avif","type":"","width":"","height":""}],"twitter_card":"summary_large_image","twitter_misc":{"Est. reading time":"3 minutes"},"schema":{"@context":"https:\/\/schema.org","@graph":[{"@type":"WebPage","@id":"https:\/\/midas.com.tr\/en\/gold-chain-wholesaler\/","url":"https:\/\/midas.com.tr\/en\/gold-chain-wholesaler\/","name":"Gold Chain Wholesaler - M\u0130DAS - The Premier Gold Chain Manufacturer","isPartOf":{"@id":"https:\/\/midas.com.tr\/en\/#website"},"primaryImageOfPage":{"@id":"https:\/\/midas.com.tr\/en\/gold-chain-wholesaler\/#primaryimage"},"image":{"@id":"https:\/\/midas.com.tr\/en\/gold-chain-wholesaler\/#primaryimage"},"thumbnailUrl":"https:\/\/midas.com.tr\/wp-content\/uploads\/2025\/04\/Zincir-5-kopya.avif","datePublished":"2025-04-23T06:47:01+00:00","dateModified":"2025-05-01T06:38:18+00:00","description":"Gold Chain Wholesaler M\u0130DAS offers solid and hollow gold chains, as well as a wide range of wholesale jewelry from Istanbul and New Jersey. Visit midas.com.tr and midasb2b.com.","breadcrumb":{"@id":"https:\/\/midas.com.tr\/en\/gold-chain-wholesaler\/#breadcrumb"},"inLanguage":"en-US","potentialAction":[{"@type":"ReadAction","target":["https:\/\/midas.com.tr\/en\/gold-chain-wholesaler\/"]}]},{"@type":"ImageObject","inLanguage":"en-US","@id":"https:\/\/midas.com.tr\/en\/gold-chain-wholesaler\/#primaryimage","url":"https:\/\/midas.com.tr\/wp-content\/uploads\/2025\/04\/Zincir-5-kopya.avif","contentUrl":"https:\/\/midas.com.tr\/wp-content\/uploads\/2025\/04\/Zincir-5-kopya.avif"},{"@type":"BreadcrumbList","@id":"https:\/\/midas.com.tr\/en\/gold-chain-wholesaler\/#breadcrumb","itemListElement":[{"@type":"ListItem","position":1,"name":"Home","item":"https:\/\/midas.com.tr\/en\/"},{"@type":"ListItem","position":2,"name":"Gold Chain Wholesaler"}]},{"@type":"WebSite","@id":"https:\/\/midas.com.tr\/en\/#website","url":"https:\/\/midas.com.tr\/en\/","name":"Midas - Birinci S\u0131n\u0131f Alt\u0131n M\u00fccevher ve Zincir \u00dcreticisi","description":"Premier Jewelry Company Midas Chain is a manufacturer from USA, with products under the category of fine Jewellery.","publisher":{"@id":"https:\/\/midas.com.tr\/en\/#organization"},"potentialAction":[{"@type":"SearchAction","target":{"@type":"EntryPoint","urlTemplate":"https:\/\/midas.com.tr\/en\/?s={search_term_string}"},"query-input":{"@type":"PropertyValueSpecification","valueRequired":true,"valueName":"search_term_string"}}],"inLanguage":"en-US"},{"@type":"Organization","@id":"https:\/\/midas.com.tr\/en\/#organization","name":"Midas -Birinci S\u0131n\u0131f Alt\u0131n M\u00fccevher ve Zincir \u00dcreticisi","url":"https:\/\/midas.com.tr\/en\/","logo":{"@type":"ImageObject","inLanguage":"en-US","@id":"https:\/\/midas.com.tr\/en\/#\/schema\/logo\/image\/","url":"https:\/\/midas.com.tr\/wp-content\/uploads\/2021\/12\/midas-logo.png","contentUrl":"https:\/\/midas.com.tr\/wp-content\/uploads\/2021\/12\/midas-logo.png","width":300,"height":106,"caption":"Midas -Birinci S\u0131n\u0131f Alt\u0131n M\u00fccevher ve Zincir \u00dcreticisi"},"image":{"@id":"https:\/\/midas.com.tr\/en\/#\/schema\/logo\/image\/"}}]}},"_links":{"self":[{"href":"https:\/\/midas.com.tr\/en\/wp-json\/wp\/v2\/pages\/24503","targetHints":{"allow":["GET"]}}],"collection":[{"href":"https:\/\/midas.com.tr\/en\/wp-json\/wp\/v2\/pages"}],"about":[{"href":"https:\/\/midas.com.tr\/en\/wp-json\/wp\/v2\/types\/page"}],"author":[{"embeddable":true,"href":"https:\/\/midas.com.tr\/en\/wp-json\/wp\/v2\/users\/4"}],"replies":[{"embeddable":true,"href":"https:\/\/midas.com.tr\/en\/wp-json\/wp\/v2\/comments?post=24503"}],"version-history":[{"count":2,"href":"https:\/\/midas.com.tr\/en\/wp-json\/wp\/v2\/pages\/24503\/revisions"}],"predecessor-version":[{"id":24506,"href":"https:\/\/midas.com.tr\/en\/wp-json\/wp\/v2\/pages\/24503\/revisions\/24506"}],"wp:attachment":[{"href":"https:\/\/midas.com.tr\/en\/wp-json\/wp\/v2\/media?parent=24503"}],"curies":[{"name":"wp","href":"https:\/\/api.w.org\/{rel}","templated":true}]}}